{"id":1084,"date":"2022-12-05T09:27:14","date_gmt":"2022-12-05T08:27:14","guid":{"rendered":"https:\/\/demo.vg-mauern.de\/gammelsdorf\/?page_id=1084"},"modified":"2024-06-26T10:24:48","modified_gmt":"2024-06-26T08:24:48","slug":"gewerbeflaechen","status":"publish","type":"page","link":"https:\/\/vg-mauern.de\/gammelsdorf\/bauland\/gewerbeflaechen\/","title":{"rendered":"Gewerbefl\u00e4chen"},"content":{"rendered":"<h1>Gewerbefl\u00e4chen Gammelsdorf<\/h1>\n<div>\n<div class=\"uk-width-3-4@m uk-flex-first@m uk-first-column\">\n<div class=\"uk-panel uk-margin\">\n<p>Aktuell findet keine Ausschreibung von Gewerbefl\u00e4chen statt. Sollten Sie trotzdem Interesse an einem Gewerbegrundst\u00fcck in der Gemeinde Gammelsdorf haben, melden Sie sich gerne einfach bei uns.<\/p>\n<p>Haben Sie Fragen zum Thema Verkauf von Gewerbefl\u00e4chen? Falls ja, k\u00f6nnen Sie sich gerne mit Frau Engl in Verbindung setzen (Tel.: 08764\/89-67, <a href=\"mailto:engl@mauern-verwaltung.de\">engl@mauern-verwaltung.de<\/a>).<\/p>\n<\/div>\n<\/div>\n<\/div>\n<p><!--more--><br \/>\n<!-- {\"type\":\"layout\",\"children\":[{\"type\":\"section\",\"props\":{\"id\":\"gewerbegebiet\",\"image_position\":\"center-center\",\"style\":\"default\",\"title_breakpoint\":\"xl\",\"title_position\":\"top-left\",\"title_rotation\":\"left\",\"vertical_align\":\"\",\"width\":\"default\"},\"children\":[{\"type\":\"row\",\"children\":[{\"type\":\"column\",\"props\":{\"image_position\":\"center-center\",\"position_sticky_breakpoint\":\"m\"},\"children\":[{\"type\":\"headline\",\"props\":{\"content\":\"Gewerbefl\\u00e4chen Gammelsdorf\",\"title_color\":\"primary\",\"title_element\":\"h1\",\"title_style\":\"heading-small\"}}]}]},{\"type\":\"row\",\"props\":{\"layout\":\"1-4,3-4\"},\"children\":[{\"type\":\"column\",\"props\":{\"image_position\":\"center-center\",\"position_sticky_breakpoint\":\"m\",\"width_medium\":\"1-4\"}},{\"type\":\"column\",\"props\":{\"image_position\":\"center-center\",\"order_first\":\"m\",\"position_sticky_breakpoint\":\"m\",\"width_medium\":\"3-4\"},\"children\":[{\"type\":\"text\",\"props\":{\"column_breakpoint\":\"m\",\"content\":\"\n\n<div class=\\\"uk-width-3-4@m uk-flex-first@m uk-first-column\\\">\\n\n\n<div class=\\\"uk-panel uk-margin\\\">\\n\n\n<p>Aktuell findet keine Ausschreibung von Gewerbefl\\u00e4chen statt. Sollten Sie trotzdem Interesse an einem Gewerbegrundst\\u00fcck in der Gemeinde Gammelsdorf haben, melden Sie sich gerne einfach bei uns.<\\\/p>\\n\n\n<p>Haben Sie Fragen zum Thema Verkauf von Gewerbefl\\u00e4chen? Falls ja, k\\u00f6nnen Sie sich gerne mit Frau Engl in Verbindung setzen (Tel.: 08764\\\/89-67, <a href=\\\"mailto:engl@mauern-verwaltung.de\\\">engl@mauern-verwaltung.de<\\\/a>).<\\\/p>\\n<\\\/div>\\n<\\\/div>\",\"margin\":\"default\"}}]}]}],\"name\":\"Gewerbegebiet_Gammelsdorf\"}],\"version\":\"4.4.4\"} --><\/p>\n","protected":false},"excerpt":{"rendered":"<p>Gewerbefl\u00e4chen Gammelsdorf Aktuell findet keine Ausschreibung von Gewerbefl\u00e4chen statt. Sollten Sie trotzdem Interesse an einem Gewerbegrundst\u00fcck in der Gemeinde Gammelsdorf haben, melden Sie sich gerne einfach bei uns. Haben Sie Fragen zum Thema Verkauf von Gewerbefl\u00e4chen? Falls ja, k\u00f6nnen Sie sich gerne mit Frau Engl in Verbindung setzen (Tel.: 08764\/89-67, engl@mauern-verwaltung.de).<\/p>\n","protected":false},"author":1,"featured_media":0,"parent":77,"menu_order":0,"comment_status":"closed","ping_status":"closed","template":"","meta":{"footnotes":""},"class_list":["post-1084","page","type-page","status-publish","hentry"],"publishpress_future_action":{"enabled":false,"date":"2026-04-22 12:39:57","action":"change-status","newStatus":"draft","terms":[],"taxonomy":"","extraData":[]},"publishpress_future_workflow_manual_trigger":{"enabledWorkflows":[]},"_links":{"self":[{"href":"https:\/\/vg-mauern.de\/gammelsdorf\/wp-json\/wp\/v2\/pages\/1084","targetHints":{"allow":["GET"]}}],"collection":[{"href":"https:\/\/vg-mauern.de\/gammelsdorf\/wp-json\/wp\/v2\/pages"}],"about":[{"href":"https:\/\/vg-mauern.de\/gammelsdorf\/wp-json\/wp\/v2\/types\/page"}],"author":[{"embeddable":true,"href":"https:\/\/vg-mauern.de\/gammelsdorf\/wp-json\/wp\/v2\/users\/1"}],"replies":[{"embeddable":true,"href":"https:\/\/vg-mauern.de\/gammelsdorf\/wp-json\/wp\/v2\/comments?post=1084"}],"version-history":[{"count":6,"href":"https:\/\/vg-mauern.de\/gammelsdorf\/wp-json\/wp\/v2\/pages\/1084\/revisions"}],"predecessor-version":[{"id":2011,"href":"https:\/\/vg-mauern.de\/gammelsdorf\/wp-json\/wp\/v2\/pages\/1084\/revisions\/2011"}],"up":[{"embeddable":true,"href":"https:\/\/vg-mauern.de\/gammelsdorf\/wp-json\/wp\/v2\/pages\/77"}],"wp:attachment":[{"href":"https:\/\/vg-mauern.de\/gammelsdorf\/wp-json\/wp\/v2\/media?parent=1084"}],"curies":[{"name":"wp","href":"https:\/\/api.w.org\/{rel}","templated":true}]}}