{"id":1230,"date":"2023-01-09T13:16:52","date_gmt":"2023-01-09T12:16:52","guid":{"rendered":"https:\/\/demo.vg-mauern.de\/gammelsdorf\/?page_id=1230"},"modified":"2025-01-20T10:12:52","modified_gmt":"2025-01-20T09:12:52","slug":"energie","status":"publish","type":"page","link":"https:\/\/vg-mauern.de\/gammelsdorf\/gemeinde\/energie\/","title":{"rendered":"Energie"},"content":{"rendered":"<h1>\n<p class=\"uk-article-title\">Energie<\/p>\n<\/h1>\n<h1>\n<p><span>1. Nationale Klimaschutzinitiative<\/span><\/p>\n<\/h1>\n<div>\n<p><span>Mit der Nationalen Klimaschutzinitiative initiiert und f\u00f6rdert das Bundesumweltministerium seit 2008 zahlreiche Projekte, die einen Beitrag zur Senkung der Treibhausgasemissionen leisten. Ihre Programme und Projekte decken ein breites Spektrum an Klimaschutzaktivit\u00e4ten ab: Von der Entwicklung langfristiger Strategien bis hin zu konkreten Hilfestellungen und investiven F\u00f6rderma\u00dfnahmen. Diese Vielfalt ist Garant f\u00fcr gute Ideen. Die Nationale Klimaschutzinitiative tr\u00e4gt zu einer Verankerung des Klimaschutzes vor Ort bei. Von ihr profitieren Verbraucherinnen und Verbraucher ebenso wie Unternehmen, Kommunen oder Bildungseinrichtungen<\/span>.<\/p>\n<ul>\n<li>Umr\u00fcstung der Stra\u00dfenbeleuchtung auf LED &#8211; Gemeinde Gammelsdorf<\/li>\n<li>Vorhaben: im Jahr 2022<\/li>\n<li>Beteiligte Partner: Bayernwerk Netz GmbH, SWM Infrastruktur GmbH Co.KG<\/li>\n<li>Durch die Umstellung der Stra\u00dfenbeleuchtung auf LED spart die Gemeinde Gammelsdorf 76 % ihres bisherigen Strombedarfs und leistet so einen Beitrag zum Klimaschutz.<\/li>\n<\/ul>\n<p>N\u00e4here Informationen zum kommunalen Klimaschutz finden Sie auch unter <a href=\"https:\/\/www.klimaschutz.de\/de\/foerderung\/foerderprogramme\/kommunalrichtlinie-bis-november-2024\">www.klimaschutz.de\/kommunalrichtlinie<\/a><\/p>\n<\/p>\n<\/div>\n<p><img decoding=\"async\" src=\"\/gammelsdorf\/wp-content\/uploads\/sites\/4\/2023\/01\/BMWK_NKI_Gefoerdert_RGB_DE_2022_quer.png\" alt=\"\"><\/p>\n<h1>\n<p><span>2. Umr\u00fcstung der Stra\u00dfenbeleuchtung auf LED in der Gemeinde Gammelsdorf<br \/><\/span><\/p>\n<\/h1>\n<div>\n<p>Durch die Umstellung auf LED-Beleuchtung spart die Gemeinde 76 % ihres bisherigen Strombedarfs und leistet so einen Beitrag zum Klimaschutz. Das Vorhaben wird vom Bayerischen Staatsministerium f\u00fcr Umwelt und Verbraucherschutz gef\u00f6rdert (F\u00f6rderkennzeichen: 67K19608)<\/p>\n<p><img loading=\"lazy\" decoding=\"async\" src=\"https:\/\/vg-mauern.de\/gammelsdorf\/wp-content\/uploads\/sites\/5\/2025\/01\/firmierung_logo-1-3ded5e87-300x75.webp\" alt=\"\" width=\"300\" height=\"75\" class=\"alignnone size-medium wp-image-2294\" srcset=\"https:\/\/vg-mauern.de\/gammelsdorf\/wp-content\/uploads\/sites\/5\/2025\/01\/firmierung_logo-1-3ded5e87-300x75.webp 300w, https:\/\/vg-mauern.de\/gammelsdorf\/wp-content\/uploads\/sites\/5\/2025\/01\/firmierung_logo-1-3ded5e87.webp 768w\" sizes=\"auto, (max-width: 300px) 100vw, 300px\" \/><\/p>\n<\/div>\n<p><!--more--><br \/>\n<!-- {\"type\":\"layout\",\"children\":[{\"type\":\"section\",\"props\":{\"image_position\":\"center-center\",\"padding\":\"small\",\"padding_remove_bottom\":true,\"style\":\"default\",\"title_breakpoint\":\"xl\",\"title_position\":\"top-left\",\"title_rotation\":\"left\",\"vertical_align\":\"\",\"width\":\"default\"},\"children\":[{\"type\":\"row\",\"children\":[{\"type\":\"column\",\"props\":{\"image_position\":\"center-center\",\"position_sticky_breakpoint\":\"m\",\"width_medium\":\"1-1\"},\"children\":[{\"type\":\"breadcrumbs\",\"props\":{\"show_current\":true,\"show_home\":true}}]}]}]},{\"type\":\"section\",\"props\":{\"image_position\":\"center-center\",\"padding\":\"xsmall\",\"padding_remove_top\":false,\"style\":\"default\",\"title_breakpoint\":\"xl\",\"title_position\":\"top-left\",\"title_rotation\":\"left\",\"vertical_align\":\"\",\"width\":\"default\"},\"children\":[{\"type\":\"row\",\"children\":[{\"type\":\"column\",\"props\":{\"image_position\":\"center-center\",\"position_sticky_breakpoint\":\"m\"},\"children\":[{\"type\":\"headline\",\"props\":{\"content\":\"\n\n<p class=\\\"uk-article-title\\\">Energie<\\\/p>\",\"margin\":\"large\",\"margin_remove_bottom\":true,\"title_element\":\"h1\"},\"name\":\"\\u00dcberschrift\"},{\"type\":\"headline\",\"props\":{\"content\":\"\n\n<p><span>1. Nationale Klimaschutzinitiative<\\\/span><\\\/p>\",\"margin\":\"remove-vertical\",\"title_color\":\"primary\",\"title_element\":\"h1\",\"title_style\":\"h3\"},\"name\":\"Unter\\u00fcberschrift\"}]}]},{\"type\":\"row\",\"props\":{\"divider\":true,\"layout\":\"3-5,2-5\",\"margin_remove_top\":true},\"children\":[{\"type\":\"column\",\"props\":{\"image_position\":\"center-center\",\"position_sticky_breakpoint\":\"m\",\"width_medium\":\"3-5\"},\"children\":[{\"type\":\"text\",\"props\":{\"column_breakpoint\":\"m\",\"content\":\"\n\n<p><span>Mit der Nationalen Klimaschutzinitiative initiiert und f\\u00f6rdert das Bundesumweltministerium seit 2008 zahlreiche Projekte, die einen Beitrag zur Senkung der Treibhausgasemissionen leisten. Ihre Programme und Projekte decken ein breites Spektrum an Klimaschutzaktivit\\u00e4ten ab: Von der Entwicklung langfristiger Strategien bis hin zu konkreten Hilfestellungen und investiven F\\u00f6rderma\\u00dfnahmen. Diese Vielfalt ist Garant f\\u00fcr gute Ideen. Die Nationale Klimaschutzinitiative tr\\u00e4gt zu einer Verankerung des Klimaschutzes vor Ort bei. Von ihr profitieren Verbraucherinnen und Verbraucher ebenso wie Unternehmen, Kommunen oder Bildungseinrichtungen<\\\/span>.<\\\/p>\\n\n\n<ul>\\n\n\n<li>Umr\\u00fcstung der Stra\\u00dfenbeleuchtung auf LED - Gemeinde Gammelsdorf<\\\/li>\\n\n\n<li>Vorhaben: im Jahr 2022<\\\/li>\\n\n\n<li>Beteiligte Partner: Bayernwerk Netz GmbH, SWM Infrastruktur GmbH Co.KG<\\\/li>\\n\n\n<li>Durch die Umstellung der Stra\\u00dfenbeleuchtung auf LED spart die Gemeinde Gammelsdorf 76 % ihres bisherigen Strombedarfs und leistet so einen Beitrag zum Klimaschutz.<\\\/li>\\n<\\\/ul>\\n\n\n<p>N\\u00e4here Informationen zum kommunalen Klimaschutz finden Sie auch unter <a href=\\\"https:\\\/\\\/www.klimaschutz.de\\\/de\\\/foerderung\\\/foerderprogramme\\\/kommunalrichtlinie-bis-november-2024\\\">www.klimaschutz.de\\\/kommunalrichtlinie<\\\/a><\\\/p>\\n\n\n<p><\\\/p>\",\"margin\":\"default\"}}]},{\"type\":\"column\",\"props\":{\"image_position\":\"center-center\",\"position_sticky_breakpoint\":\"m\",\"width_medium\":\"2-5\"},\"children\":[{\"type\":\"image\",\"props\":{\"image\":\"wp-content\\\/uploads\\\/sites\\\/4\\\/2023\\\/01\\\/BMWK_NKI_Gefoerdert_RGB_DE_2022_quer.png\",\"image_svg_color\":\"emphasis\",\"image_width\":\"400\",\"margin\":\"default\"}}]}]},{\"type\":\"row\",\"children\":[{\"type\":\"column\",\"props\":{\"image_position\":\"center-center\",\"position_sticky_breakpoint\":\"m\"},\"children\":[{\"type\":\"headline\",\"props\":{\"content\":\"\n\n<p><span>2. Umr\\u00fcstung der Stra\\u00dfenbeleuchtung auf LED in der Gemeinde Gammelsdorf<br \\\/><\\\/span><\\\/p>\",\"margin\":\"remove-vertical\",\"title_color\":\"primary\",\"title_element\":\"h1\",\"title_style\":\"h3\"},\"name\":\"Unter\\u00fcberschrift\"},{\"type\":\"text\",\"props\":{\"column_breakpoint\":\"m\",\"content\":\"\n\n<p>Durch die Umstellung auf LED-Beleuchtung spart die Gemeinde 76 % ihres bisherigen Strombedarfs und leistet so einen Beitrag zum Klimaschutz. Das Vorhaben wird vom Bayerischen Staatsministerium f\\u00fcr Umwelt und Verbraucherschutz gef\\u00f6rdert (F\\u00f6rderkennzeichen: 67K19608)<\\\/p>\\n\n\n<p><img src=\\\"https:\\\/\\\/vg-mauern.de\\\/gammelsdorf\\\/wp-content\\\/uploads\\\/sites\\\/5\\\/2025\\\/01\\\/firmierung_logo-1-3ded5e87-300x75.webp\\\" alt=\\\"\\\" width=\\\"300\\\" height=\\\"75\\\" class=\\\"alignnone size-medium wp-image-2294\\\" \\\/><\\\/p>\",\"margin\":\"default\"}}]}]}],\"name\":\"Beitragsinhalt\"}],\"version\":\"4.4.16\"} --><\/p>\n","protected":false},"excerpt":{"rendered":"<p>Energie 1. Nationale Klimaschutzinitiative Mit der Nationalen Klimaschutzinitiative initiiert und f\u00f6rdert das Bundesumweltministerium seit 2008 zahlreiche Projekte, die einen Beitrag zur Senkung der Treibhausgasemissionen leisten. Ihre Programme und Projekte decken ein breites Spektrum an Klimaschutzaktivit\u00e4ten ab: Von der Entwicklung langfristiger Strategien bis hin zu konkreten Hilfestellungen und investiven F\u00f6rderma\u00dfnahmen. Diese Vielfalt ist Garant f\u00fcr gute [&hellip;]<\/p>\n","protected":false},"author":1,"featured_media":0,"parent":140,"menu_order":0,"comment_status":"closed","ping_status":"closed","template":"","meta":{"footnotes":""},"class_list":["post-1230","page","type-page","status-publish","hentry"],"publishpress_future_action":{"enabled":false,"date":"2026-04-24 12:16:19","action":"change-status","newStatus":"draft","terms":[],"taxonomy":"","extraData":[]},"publishpress_future_workflow_manual_trigger":{"enabledWorkflows":[]},"_links":{"self":[{"href":"https:\/\/vg-mauern.de\/gammelsdorf\/wp-json\/wp\/v2\/pages\/1230","targetHints":{"allow":["GET"]}}],"collection":[{"href":"https:\/\/vg-mauern.de\/gammelsdorf\/wp-json\/wp\/v2\/pages"}],"about":[{"href":"https:\/\/vg-mauern.de\/gammelsdorf\/wp-json\/wp\/v2\/types\/page"}],"author":[{"embeddable":true,"href":"https:\/\/vg-mauern.de\/gammelsdorf\/wp-json\/wp\/v2\/users\/1"}],"replies":[{"embeddable":true,"href":"https:\/\/vg-mauern.de\/gammelsdorf\/wp-json\/wp\/v2\/comments?post=1230"}],"version-history":[{"count":8,"href":"https:\/\/vg-mauern.de\/gammelsdorf\/wp-json\/wp\/v2\/pages\/1230\/revisions"}],"predecessor-version":[{"id":2295,"href":"https:\/\/vg-mauern.de\/gammelsdorf\/wp-json\/wp\/v2\/pages\/1230\/revisions\/2295"}],"up":[{"embeddable":true,"href":"https:\/\/vg-mauern.de\/gammelsdorf\/wp-json\/wp\/v2\/pages\/140"}],"wp:attachment":[{"href":"https:\/\/vg-mauern.de\/gammelsdorf\/wp-json\/wp\/v2\/media?parent=1230"}],"curies":[{"name":"wp","href":"https:\/\/api.w.org\/{rel}","templated":true}]}}