{"id":150,"date":"2022-03-21T16:00:41","date_gmt":"2022-03-21T15:00:41","guid":{"rendered":"https:\/\/demo.vg-mauern.de\/gammelsdorf\/?page_id=150"},"modified":"2025-10-06T10:15:36","modified_gmt":"2025-10-06T08:15:36","slug":"satzung","status":"publish","type":"page","link":"https:\/\/vg-mauern.de\/gammelsdorf\/gemeinde\/satzung\/","title":{"rendered":"Satzung"},"content":{"rendered":"<h1>Satzung<\/h1>\n<ul>\n<li>\n<p><a href=\"\/gammelsdorf\/wp-content\/uploads\/sites\/5\/2025\/10\/Stellplatzsatzung-Gammelsdorf.pdf\">Stellplatzsatzung der Gemeinde Gammelsdorf &#8211; g\u00fcltig ab 01.10.2025<\/a><\/p>\n<\/li>\n<li>\n<p><a href=\"\/gammelsdorf\/wp-content\/uploads\/sites\/5\/2025\/05\/Satzung-mit-Lageplan-rechtsverbindlich-ab-05.05.2025.pdf\">Satzung \u00fcber die f\u00f6rmliche Festlegung eines <br \/>Sanierungsgebietes &#8222;Ortsmitte&#8220; der Gemeinde Gammelsdorf &#8211; rechtsg\u00fcltig ab 05.05.2025<\/a><\/p>\n<\/li>\n<li>\n<div>\n<p><a href=\"\/gammelsdorf\/wp-content\/uploads\/sites\/5\/2022\/03\/verordnung_reinhaltung_reinigung.pdf\" tatget=\"_blanke\">Verordnung \u00fcber die Reinhaltung und Reinigung der \u00f6ffentlichen Stra\u00dfen und die Sicherung der Gehbahnen im Winter<\/a> \u2013 g\u00fcltig ab M\u00e4rz 2021<\/p>\n<\/div>\n<\/li>\n<li>\n<div>\n<p><a href=\"\/gammelsdorf\/wp-content\/uploads\/sites\/5\/2022\/03\/bgs_ews_gammelsdorf_2019.pdf\" target=\"_blanke\">Beitrags- und Geb\u00fchrensatzung zur Entw\u00e4sserungssatzung (BGS-EWS) der Gemeinde Gammelsdorf<\/a> \u2013 g\u00fcltig ab 01.01.2019<\/p>\n<\/div>\n<\/li>\n<li>\n<p><a href=\"\/gammelsdorf\/wp-content\/uploads\/sites\/5\/2023\/12\/BGS-EWS-Gammelsdorf-1.-Aenderung-ab-01.01.2024.pdf\"><\/p>\n<p>Erste Satzung zur \u00c4nderung der Beitrags- und Geb\u00fchrensatzung zur Entw\u00e4sserungssatzung\u00a0 (BGS-EWS) &#8211; g\u00fcltig ab 01.01.2024<\/p>\n<p><\/a><\/p>\n<\/li>\n<li>\n<div>\n<p><a href=\"\/gammelsdorf\/wp-content\/uploads\/sites\/5\/2022\/03\/ews_gammelsdorf_2019.pdf\" target=\"_blanke\">Satzung f\u00fcr die \u00f6ffentliche Entw\u00e4sserungsanlage der Gemeinde Gammelsdorf (EWS)<\/a> &#8211; g\u00fcltig ab 01.01.2019<\/p>\n<\/div>\n<\/li>\n<li>\n<p><a href=\"\/gammelsdorf\/wp-content\/uploads\/sites\/5\/2022\/03\/kostensatzung_gammelsdorf.pdf\">Satzung \u00fcber die Erhebung von Verwaltungskosten f\u00fcr Amtshandlungen im eigenen Wirkungskreis der Gemeinde Gammelsdorf<\/a><\/p>\n<\/li>\n<li>\n<p><a href=\"\/gammelsdorf\/wp-content\/uploads\/sites\/5\/2022\/03\/kostenerstattungsbetragssatzung_gammelsdorf_oeko.pdf\">Satzung zur Erhebung von Kostenerstattungsbetr\u00e4gen nach \u00a7\u00a7 135 a &#8211; 135 c BauGB<\/a><\/p>\n<\/li>\n<li>\n<div>\n<p><a href=\"\/gammelsdorf\/wp-content\/uploads\/sites\/5\/2022\/03\/hundesteuersatzung_gammelsdorf.pdf\" target=\"_blanke\">Satzung der Gemeinde Gammelsdorf f\u00fcr die Erhebung einer Hundesteuer (Hundesteuersatzung)<\/a> \u2013 g\u00fcltig ab 01.01.2021<\/p>\n<\/div>\n<\/li>\n<li>\n<div>\n<p><a href=\"\/gammelsdorf\/wp-content\/uploads\/sites\/5\/2022\/03\/gestaltungssatzung_gammelsdorf.pdf\" target=\"_blanke\">Satzung der Gemeinde Gammelsdorf \u00fcber die Anforderungen an die \u00e4u\u00dfere Gestaltung der Stellpl\u00e4tze f\u00fcr Kraftfahrzeuge und Garagen im Gemeindegebiet Gammelsdorf<\/a> \u2013 g\u00fcltig ab 01.01.2021<\/p>\n<\/div>\n<\/li>\n<li>\n<p><a href=\"\/gammelsdorf\/wp-content\/uploads\/sites\/5\/2023\/01\/Satzung_Entsorgung_Bauschutt_Gruengut_Haeckselgut.pdf\"><\/p>\n<p>Satzung \u00fcber die Entsorgung von Bauschutt, Gr\u00fcngut und H\u00e4ckselgut in der Gemeinde Gammelsdorf (Benutzungssatzung) &#8211; g\u00fcltig ab 01.01.2023<\/p>\n<p><\/a><\/p>\n<\/li>\n<li>\n<p><a href=\"\/gammelsdorf\/wp-content\/uploads\/sites\/5\/2023\/01\/Gebuehrensatzung_Entsorgung_Bauschutt_Gruengut_Haeckselgut.pdf\"><\/p>\n<p>Geb\u00fchrensatzung zur Satzung \u00fcber die Entsorgung von Bauschutt, Gr\u00fcngut und H\u00e4ckselgut in der Gemeinde Gammelsdorf &#8211; g\u00fcltig ab 01.01.2023<\/p>\n<p><\/a><\/p>\n<\/li>\n<li>\n<p><a href=\"\/gammelsdorf\/wp-content\/uploads\/sites\/5\/2024\/07\/HeimatpflegerS-mit-Unterschrift-und-Siegel.pdf\"><\/p>\n<p>Satzung der Gemeinde Gammelsdorf f\u00fcr die Bestellung und Entsch\u00e4digung eines gemeindlichen Heimatpflegers (HeimatpflegerS) &#8211; g\u00fcltig ab 01.07.2024<\/p>\n<p><\/a><\/p>\n<\/li>\n<li>\n<p><a href=\"\/gammelsdorf\/wp-content\/uploads\/sites\/5\/2024\/08\/Gebuehrensatzung-Mittagsbetreuung-Gammelsdorf-2024-gueltig-ab-01.09.2024.pdf\">Satzung \u00fcber die Erhebung von Geb\u00fchren f\u00fcr die Mittagsbetreuung an der Grundschule Gammelsdorf &#8211; g\u00fcltig ab 01.09.2024<\/a><\/p>\n<\/li>\n<\/ul>\n<p><!--more--><br \/>\n<!-- {\"type\":\"layout\",\"children\":[{\"type\":\"section\",\"props\":{\"image_position\":\"center-center\",\"padding\":\"small\",\"padding_remove_bottom\":true,\"style\":\"default\",\"title_breakpoint\":\"xl\",\"title_position\":\"top-left\",\"title_rotation\":\"left\",\"vertical_align\":\"\",\"width\":\"default\"},\"children\":[{\"type\":\"row\",\"children\":[{\"type\":\"column\",\"props\":{\"image_position\":\"center-center\",\"position_sticky_breakpoint\":\"m\"},\"children\":[{\"type\":\"breadcrumbs\",\"props\":{\"show_current\":true,\"show_home\":true}}]}]}]},{\"type\":\"section\",\"props\":{\"image_position\":\"center-center\",\"style\":\"default\",\"title_breakpoint\":\"xl\",\"title_position\":\"top-left\",\"title_rotation\":\"left\",\"vertical_align\":\"\",\"width\":\"default\"},\"children\":[{\"type\":\"row\",\"children\":[{\"type\":\"column\",\"props\":{\"image_position\":\"center-center\",\"position_sticky_breakpoint\":\"m\"},\"children\":[{\"type\":\"headline\",\"props\":{\"content\":\"Satzung\",\"title_element\":\"h1\",\"title_style\":\"heading-small\"}}]}]},{\"type\":\"row\",\"children\":[{\"type\":\"column\",\"props\":{\"image_position\":\"center-center\",\"position_sticky_breakpoint\":\"m\"},\"children\":[{\"type\":\"list\",\"props\":{\"column_breakpoint\":\"m\",\"icon\":\"arrow-right\",\"icon_color\":\"primary\",\"image_align\":\"left\",\"image_svg_color\":\"emphasis\",\"image_vertical_align\":false,\"list_element\":\"ul\",\"list_horizontal_separator\":\", \",\"list_style\":\"divider\",\"list_type\":\"vertical\",\"show_image\":true,\"show_link\":true},\"children\":[{\"type\":\"list_item\",\"props\":{\"content\":\"Stellplatzsatzung der Gemeinde Gammelsdorf - g\\u00fcltig ab 01.10.2025\",\"link\":\"wp-content\\\/uploads\\\/sites\\\/5\\\/2025\\\/10\\\/Stellplatzsatzung-Gammelsdorf.pdf\",\"link_target\":true}},{\"type\":\"list_item\",\"props\":{\"content\":\"Satzung \\u00fcber die f\\u00f6rmliche Festlegung eines <br \\\/>Sanierungsgebietes \\\"Ortsmitte\\\" der Gemeinde Gammelsdorf - rechtsg\\u00fcltig ab 05.05.2025\",\"link\":\"wp-content\\\/uploads\\\/sites\\\/5\\\/2025\\\/05\\\/Satzung-mit-Lageplan-rechtsverbindlich-ab-05.05.2025.pdf\",\"link_target\":true}},{\"type\":\"list_item\",\"props\":{\"content\":\"\n\n<p><a href=\\\"wp-content\\\/uploads\\\/sites\\\/5\\\/2022\\\/03\\\/verordnung_reinhaltung_reinigung.pdf\\\" tatget=\\\"_blanke\\\">Verordnung \\u00fcber die Reinhaltung und Reinigung der \\u00f6ffentlichen Stra\\u00dfen und die Sicherung der Gehbahnen im Winter<\\\/a> \\u2013 g\\u00fcltig ab M\\u00e4rz 2021<\\\/p>\",\"link_target\":true}},{\"type\":\"list_item\",\"props\":{\"content\":\"\n\n<p><a href=\\\"wp-content\\\/uploads\\\/sites\\\/5\\\/2022\\\/03\\\/bgs_ews_gammelsdorf_2019.pdf\\\" target=\\\"_blanke\\\">Beitrags- und Geb\\u00fchrensatzung zur Entw\\u00e4sserungssatzung (BGS-EWS) der Gemeinde Gammelsdorf<\\\/a> \\u2013 g\\u00fcltig ab 01.01.2019<\\\/p>\",\"link_target\":true}},{\"type\":\"list_item\",\"props\":{\"content\":\"\n\n<p>Erste Satzung zur \\u00c4nderung der Beitrags- und Geb\\u00fchrensatzung zur Entw\\u00e4sserungssatzung\\u00a0 (BGS-EWS) - g\\u00fcltig ab 01.01.2024<\\\/p>\",\"link\":\"wp-content\\\/uploads\\\/sites\\\/5\\\/2023\\\/12\\\/BGS-EWS-Gammelsdorf-1.-Aenderung-ab-01.01.2024.pdf\",\"link_target\":true}},{\"type\":\"list_item\",\"props\":{\"content\":\"\n\n<p><a href=\\\"wp-content\\\/uploads\\\/sites\\\/5\\\/2022\\\/03\\\/ews_gammelsdorf_2019.pdf\\\" target=\\\"_blanke\\\">Satzung f\\u00fcr die \\u00f6ffentliche Entw\\u00e4sserungsanlage der Gemeinde Gammelsdorf (EWS)<\\\/a> - g\\u00fcltig ab 01.01.2019<\\\/p>\",\"link_target\":true}},{\"type\":\"list_item\",\"props\":{\"content\":\"Satzung \\u00fcber die Erhebung von Verwaltungskosten f\\u00fcr Amtshandlungen im eigenen Wirkungskreis der Gemeinde Gammelsdorf\",\"link\":\"wp-content\\\/uploads\\\/sites\\\/5\\\/2022\\\/03\\\/kostensatzung_gammelsdorf.pdf\"}},{\"type\":\"list_item\",\"props\":{\"content\":\"Satzung zur Erhebung von Kostenerstattungsbetr\\u00e4gen nach \\u00a7\\u00a7 135 a - 135 c BauGB\",\"link\":\"wp-content\\\/uploads\\\/sites\\\/5\\\/2022\\\/03\\\/kostenerstattungsbetragssatzung_gammelsdorf_oeko.pdf\",\"link_target\":true}},{\"type\":\"list_item\",\"props\":{\"content\":\"\n\n<p><a href=\\\"wp-content\\\/uploads\\\/sites\\\/5\\\/2022\\\/03\\\/hundesteuersatzung_gammelsdorf.pdf\\\" target=\\\"_blanke\\\">Satzung der Gemeinde Gammelsdorf f\\u00fcr die Erhebung einer Hundesteuer (Hundesteuersatzung)<\\\/a> \\u2013 g\\u00fcltig ab 01.01.2021<\\\/p>\",\"link_target\":true}},{\"type\":\"list_item\",\"props\":{\"content\":\"\n\n<p><a href=\\\"wp-content\\\/uploads\\\/sites\\\/5\\\/2022\\\/03\\\/gestaltungssatzung_gammelsdorf.pdf\\\" target=\\\"_blanke\\\">Satzung der Gemeinde Gammelsdorf \\u00fcber die Anforderungen an die \\u00e4u\\u00dfere Gestaltung der Stellpl\\u00e4tze f\\u00fcr Kraftfahrzeuge und Garagen im Gemeindegebiet Gammelsdorf<\\\/a> \\u2013 g\\u00fcltig ab 01.01.2021<\\\/p>\",\"link_target\":false}},{\"type\":\"list_item\",\"props\":{\"content\":\"\n\n<p>Satzung \\u00fcber die Entsorgung von Bauschutt, Gr\\u00fcngut und H\\u00e4ckselgut in der Gemeinde Gammelsdorf (Benutzungssatzung) - g\\u00fcltig ab 01.01.2023<\\\/p>\",\"link\":\"wp-content\\\/uploads\\\/sites\\\/5\\\/2023\\\/01\\\/Satzung_Entsorgung_Bauschutt_Gruengut_Haeckselgut.pdf\",\"link_target\":true}},{\"type\":\"list_item\",\"props\":{\"content\":\"\n\n<p>Geb\\u00fchrensatzung zur Satzung \\u00fcber die Entsorgung von Bauschutt, Gr\\u00fcngut und H\\u00e4ckselgut in der Gemeinde Gammelsdorf - g\\u00fcltig ab 01.01.2023<\\\/p>\",\"link\":\"wp-content\\\/uploads\\\/sites\\\/5\\\/2023\\\/01\\\/Gebuehrensatzung_Entsorgung_Bauschutt_Gruengut_Haeckselgut.pdf\",\"link_target\":true}},{\"type\":\"list_item\",\"props\":{\"content\":\"\n\n<p>Satzung der Gemeinde Gammelsdorf f\\u00fcr die Bestellung und Entsch\\u00e4digung eines gemeindlichen Heimatpflegers (HeimatpflegerS) - g\\u00fcltig ab 01.07.2024<\\\/p>\",\"link\":\"wp-content\\\/uploads\\\/sites\\\/5\\\/2024\\\/07\\\/HeimatpflegerS-mit-Unterschrift-und-Siegel.pdf\",\"link_target\":true}},{\"type\":\"list_item\",\"props\":{\"content\":\"Satzung \\u00fcber die Erhebung von Geb\\u00fchren f\\u00fcr die Mittagsbetreuung an der Grundschule Gammelsdorf - g\\u00fcltig ab 01.09.2024\",\"link\":\"wp-content\\\/uploads\\\/sites\\\/5\\\/2024\\\/08\\\/Gebuehrensatzung-Mittagsbetreuung-Gammelsdorf-2024-gueltig-ab-01.09.2024.pdf\",\"link_target\":true}},{\"type\":\"list_item\",\"props\":{\"content\":\"Erste Satzung zur \\u00c4nderung der Satzung der Gemeinde Gammelsdorf \\u00fcber die Zahl der Stellpl\\u00e4tze f\\u00fcr Kraftfahrzeuge vom 09.02.1994 - g\\u00fcltig ab 01.01.2002\",\"link\":\"wp-content\\\/uploads\\\/sites\\\/5\\\/2024\\\/09\\\/Stellplatzsatzung-Gammelsdorf.pdf\",\"status\":\"disabled\"}}]}]}]}]}],\"version\":\"4.4.16\"} --><\/p>\n","protected":false},"excerpt":{"rendered":"<p>Satzung Stellplatzsatzung der Gemeinde Gammelsdorf &#8211; g\u00fcltig ab 01.10.2025 Satzung \u00fcber die f\u00f6rmliche Festlegung eines Sanierungsgebietes &#8222;Ortsmitte&#8220; der Gemeinde Gammelsdorf &#8211; rechtsg\u00fcltig ab 05.05.2025 Verordnung \u00fcber die Reinhaltung und Reinigung der \u00f6ffentlichen Stra\u00dfen und die Sicherung der Gehbahnen im Winter \u2013 g\u00fcltig ab M\u00e4rz 2021 Beitrags- und Geb\u00fchrensatzung zur Entw\u00e4sserungssatzung (BGS-EWS) der Gemeinde Gammelsdorf \u2013 [&hellip;]<\/p>\n","protected":false},"author":1,"featured_media":0,"parent":140,"menu_order":0,"comment_status":"closed","ping_status":"closed","template":"","meta":{"footnotes":""},"class_list":["post-150","page","type-page","status-publish","hentry"],"publishpress_future_action":{"enabled":false,"date":"2026-04-21 11:10:15","action":"change-status","newStatus":"draft","terms":[],"taxonomy":"","extraData":[]},"publishpress_future_workflow_manual_trigger":{"enabledWorkflows":[]},"_links":{"self":[{"href":"https:\/\/vg-mauern.de\/gammelsdorf\/wp-json\/wp\/v2\/pages\/150","targetHints":{"allow":["GET"]}}],"collection":[{"href":"https:\/\/vg-mauern.de\/gammelsdorf\/wp-json\/wp\/v2\/pages"}],"about":[{"href":"https:\/\/vg-mauern.de\/gammelsdorf\/wp-json\/wp\/v2\/types\/page"}],"author":[{"embeddable":true,"href":"https:\/\/vg-mauern.de\/gammelsdorf\/wp-json\/wp\/v2\/users\/1"}],"replies":[{"embeddable":true,"href":"https:\/\/vg-mauern.de\/gammelsdorf\/wp-json\/wp\/v2\/comments?post=150"}],"version-history":[{"count":10,"href":"https:\/\/vg-mauern.de\/gammelsdorf\/wp-json\/wp\/v2\/pages\/150\/revisions"}],"predecessor-version":[{"id":2672,"href":"https:\/\/vg-mauern.de\/gammelsdorf\/wp-json\/wp\/v2\/pages\/150\/revisions\/2672"}],"up":[{"embeddable":true,"href":"https:\/\/vg-mauern.de\/gammelsdorf\/wp-json\/wp\/v2\/pages\/140"}],"wp:attachment":[{"href":"https:\/\/vg-mauern.de\/gammelsdorf\/wp-json\/wp\/v2\/media?parent=150"}],"curies":[{"name":"wp","href":"https:\/\/api.w.org\/{rel}","templated":true}]}}