{"id":468,"date":"2022-03-22T15:24:13","date_gmt":"2022-03-22T14:24:13","guid":{"rendered":"https:\/\/demo.vg-mauern.de\/gammelsdorf\/?page_id=468"},"modified":"2022-03-22T16:34:32","modified_gmt":"2022-03-22T15:34:32","slug":"kaminkehrer","status":"publish","type":"page","link":"https:\/\/vg-mauern.de\/gammelsdorf\/buergerservice\/kaminkehrer\/","title":{"rendered":"Kaminkehrer"},"content":{"rendered":"<h1>Kaminkehrer<\/h1>\n<ul>\n<li>\n<div>\n<p>Bevollm\u00e4chtigter Bezirksschornsteinfeger<br \/>Herr J\u00fcrgen Schwaiger<\/p>\n<\/div>\n<\/li>\n<li>\n<div>\n<p>Roiderstra\u00dfe 27<br \/>85406 Zolling<\/p>\n<\/div>\n<\/li>\n<li>\n<div>\n<p>Tel. 08167 325075<\/p>\n<\/div>\n<\/li>\n<li>\n<div>\n<p>E-Mail: <a href=\"mailto:info@kaminkehrer-schwaiger.de\">info@kaminkehrer-schwaiger.de<\/a><\/p>\n<\/div>\n<\/li>\n<li>\n<p><a href=\"https:\/\/www.kaminkehrer-schwaiger.de\/\"><\/p>\n<p>www.kaminkehrer-schwaiger.de<\/p>\n<p><\/a><\/p>\n<\/li>\n<\/ul>\n<p><!--more--><br \/>\n<!-- {\"type\":\"layout\",\"children\":[{\"type\":\"section\",\"props\":{\"style\":\"default\",\"width\":\"default\",\"vertical_align\":\"middle\",\"title_position\":\"top-left\",\"title_rotation\":\"left\",\"title_breakpoint\":\"xl\",\"image_position\":\"center-center\",\"padding\":\"small\",\"padding_remove_bottom\":true},\"children\":[{\"type\":\"row\",\"children\":[{\"type\":\"column\",\"props\":{\"position_sticky_breakpoint\":\"m\",\"image_position\":\"center-center\",\"media_overlay_gradient\":\"\"},\"children\":[{\"type\":\"breadcrumbs\",\"props\":{\"show_home\":true,\"show_current\":true}}]}]}]},{\"type\":\"section\",\"props\":{\"style\":\"default\",\"width\":\"default\",\"vertical_align\":\"middle\",\"title_position\":\"top-left\",\"title_rotation\":\"left\",\"title_breakpoint\":\"xl\",\"image_position\":\"center-center\"},\"children\":[{\"type\":\"row\",\"children\":[{\"type\":\"column\",\"props\":{\"position_sticky_breakpoint\":\"m\",\"image_position\":\"center-center\",\"media_overlay_gradient\":\"\"},\"children\":[{\"type\":\"headline\",\"props\":{\"title_element\":\"h1\",\"content\":\"Kaminkehrer\",\"title_style\":\"heading-small\"}},{\"type\":\"list\",\"props\":{\"show_image\":true,\"show_link\":true,\"list_type\":\"vertical\",\"list_element\":\"ul\",\"list_horizontal_separator\":\", \",\"column_breakpoint\":\"m\",\"image_svg_color\":\"emphasis\",\"image_align\":\"left\",\"image_vertical_align\":false,\"icon_color\":\"primary\"},\"children\":[{\"type\":\"list_item\",\"props\":{\"content\":\"\n\n<p>Bevollm\\u00e4chtigter Bezirksschornsteinfeger<br \\\/>Herr J\\u00fcrgen Schwaiger<\\\/p>\",\"icon\":\"user\"}},{\"type\":\"list_item\",\"props\":{\"content\":\"\n\n<p>Roiderstra\\u00dfe 27<br \\\/>85406 Zolling<\\\/p>\",\"icon\":\"location\"}},{\"type\":\"list_item\",\"props\":{\"content\":\"\n\n<p>Tel. 08167 325075<\\\/p>\",\"icon\":\"receiver\"}},{\"type\":\"list_item\",\"props\":{\"content\":\"\n\n<p>E-Mail: <a href=\\\"mailto:info@kaminkehrer-schwaiger.de\\\">info@kaminkehrer-schwaiger.de<\\\/a><\\\/p>\",\"icon\":\"mail\"}},{\"type\":\"list_item\",\"props\":{\"content\":\"\n\n<p>www.kaminkehrer-schwaiger.de<\\\/p>\",\"link\":\"https:\\\/\\\/www.kaminkehrer-schwaiger.de\\\/\",\"link_target\":true,\"icon\":\"world\"}}]}]}]}]}],\"version\":\"2.7.20\"} --><\/p>\n","protected":false},"excerpt":{"rendered":"<p>Kaminkehrer Bevollm\u00e4chtigter BezirksschornsteinfegerHerr J\u00fcrgen Schwaiger Roiderstra\u00dfe 2785406 Zolling Tel. 08167 325075 E-Mail: info@kaminkehrer-schwaiger.de www.kaminkehrer-schwaiger.de<\/p>\n","protected":false},"author":1,"featured_media":0,"parent":458,"menu_order":0,"comment_status":"closed","ping_status":"closed","template":"","meta":{"footnotes":""},"class_list":["post-468","page","type-page","status-publish","hentry"],"publishpress_future_action":{"enabled":false,"date":"2026-04-19 01:18:22","action":"change-status","newStatus":"draft","terms":[],"taxonomy":"","extraData":[]},"publishpress_future_workflow_manual_trigger":{"enabledWorkflows":[]},"_links":{"self":[{"href":"https:\/\/vg-mauern.de\/gammelsdorf\/wp-json\/wp\/v2\/pages\/468","targetHints":{"allow":["GET"]}}],"collection":[{"href":"https:\/\/vg-mauern.de\/gammelsdorf\/wp-json\/wp\/v2\/pages"}],"about":[{"href":"https:\/\/vg-mauern.de\/gammelsdorf\/wp-json\/wp\/v2\/types\/page"}],"author":[{"embeddable":true,"href":"https:\/\/vg-mauern.de\/gammelsdorf\/wp-json\/wp\/v2\/users\/1"}],"replies":[{"embeddable":true,"href":"https:\/\/vg-mauern.de\/gammelsdorf\/wp-json\/wp\/v2\/comments?post=468"}],"version-history":[{"count":6,"href":"https:\/\/vg-mauern.de\/gammelsdorf\/wp-json\/wp\/v2\/pages\/468\/revisions"}],"predecessor-version":[{"id":526,"href":"https:\/\/vg-mauern.de\/gammelsdorf\/wp-json\/wp\/v2\/pages\/468\/revisions\/526"}],"up":[{"embeddable":true,"href":"https:\/\/vg-mauern.de\/gammelsdorf\/wp-json\/wp\/v2\/pages\/458"}],"wp:attachment":[{"href":"https:\/\/vg-mauern.de\/gammelsdorf\/wp-json\/wp\/v2\/media?parent=468"}],"curies":[{"name":"wp","href":"https:\/\/api.w.org\/{rel}","templated":true}]}}