{"id":532,"date":"2022-03-22T16:41:37","date_gmt":"2022-03-22T15:41:37","guid":{"rendered":"https:\/\/demo.vg-mauern.de\/gammelsdorf\/?page_id=532"},"modified":"2026-04-24T10:31:55","modified_gmt":"2026-04-24T08:31:55","slug":"grundschule","status":"publish","type":"page","link":"https:\/\/vg-mauern.de\/gammelsdorf\/bildung-und-kultur\/grundschule\/","title":{"rendered":"Grundschule"},"content":{"rendered":"<h1>Grundschule<\/h1>\n<div>\n<h4>Grundschule Gammelsdorf<\/h4>\n<div>\n<p>Kirchenweg 1<br \/>85408 Gammelsdorf<\/p>\n<p>Tel. 08766 543<br \/>E-Mail: <a href=\"mailto:info@grundschule-gammelsdorf.de\">info@grundschule-gammelsdorf.de<\/a><br \/><a href=\"https:\/\/grundschule-gammelsdorf.de\/\" target=\"_blank\" rel=\"noopener\">www.grundschule-gammelsdorf.de<\/a><\/p>\n<\/div>\n<\/div>\n<div>\n<p>Der Schulverband Gammelsdorf hat folgende beiden Satzungen f\u00fcr die Mittagsbetreuung an der Grundschule Gammelsdorf erlassen:<\/p>\n<\/div>\n<ul>\n<li>\n<p><a href=\"\/gammelsdorf\/wp-content\/uploads\/sites\/5\/2024\/08\/Gebuehrensatzung-Mittagsbetreuung-Gammelsdorf-2024-gueltig-ab-01.09.2024.pdf\">Satzung \u00fcber die Erhebung von Geb\u00fchren f\u00fcr die Mittagsbetreuung an der Grundschule Gammelsdorf &#8211; g\u00fcltig ab 01.09.2024<\/a><\/p>\n<\/li>\n<li>\n<p><a href=\"\/gammelsdorf\/wp-content\/uploads\/sites\/5\/2025\/09\/Benutzungssatzung-Mittagsbetreuung-Gammelsdorf-2014.pdf\">Satzung des Schulverbandes Gammelsdorf zur Mittagsbetreuung an der Grundschule Gammelsdorf &#8211; g\u00fcltig ab 01.09.2014<\/a><\/p>\n<\/li>\n<\/ul>\n<h1>\n<h2>Berichte der Schulverbandssitzungen<\/h2>\n<\/h1>\n<h2>\n<h4>2026<\/h4>\n<\/h2>\n<div>\n<p><a href=\"\/gammelsdorf\/wp-content\/uploads\/sites\/5\/2026\/04\/2026_04_23.pdf\">Bericht von der \u00f6ffentlichen Schulsverbandssitzung vom 23.04.2026<\/a><\/p>\n<\/div>\n<h2>\n<h4>2025<\/h4>\n<\/h2>\n<div>\n<p><a href=\"\/gammelsdorf\/wp-content\/uploads\/sites\/5\/2025\/12\/2025_12_02.pdf\">Bericht von der \u00f6ffentlichen Schulsverbandssitzung vom 02.12.2025<\/a><\/p>\n<\/div>\n<h2>\n<h4>2024<\/h4>\n<\/h2>\n<ul>\n<li>\n<p><a href=\"\/gammelsdorf\/wp-content\/uploads\/sites\/5\/2026\/01\/2024_12_19.pdf\">Bericht von der \u00f6ffentlichen Schulsverbandssitzung vom 09.12.2024<\/a><\/p>\n<\/li>\n<li>\n<p><a href=\"\/gammelsdorf\/wp-content\/uploads\/sites\/5\/2026\/01\/2024_05_16.pdf\">Bericht von der \u00f6ffentlichen Schulsverbandssitzung vom 16.05.2024<\/a><\/p>\n<\/li>\n<\/ul>\n<p><!--more--><br \/>\n<!-- {\"name\":\"schulen\",\"type\":\"layout\",\"children\":[{\"type\":\"section\",\"props\":{\"image_position\":\"center-center\",\"padding\":\"small\",\"padding_remove_bottom\":true,\"style\":\"default\",\"title_breakpoint\":\"xl\",\"title_position\":\"top-left\",\"title_rotation\":\"left\",\"vertical_align\":\"\",\"width\":\"default\"},\"children\":[{\"type\":\"row\",\"children\":[{\"type\":\"column\",\"props\":{\"image_position\":\"center-center\",\"position_sticky_breakpoint\":\"m\",\"width_medium\":\"1-1\"},\"children\":[{\"type\":\"breadcrumbs\",\"props\":{\"show_current\":true,\"show_home\":true}}]}]}]},{\"type\":\"section\",\"props\":{\"image_position\":\"center-center\",\"padding_remove_bottom\":false,\"style\":\"default\",\"title_breakpoint\":\"xl\",\"title_position\":\"top-left\",\"title_rotation\":\"left\",\"vertical_align\":\"\",\"width\":\"default\"},\"children\":[{\"type\":\"row\",\"children\":[{\"type\":\"column\",\"props\":{\"image_position\":\"center-center\",\"position_sticky_breakpoint\":\"m\",\"width_medium\":\"1-1\"},\"children\":[{\"type\":\"headline\",\"props\":{\"content\":\"Grundschule\",\"title_element\":\"h1\",\"title_style\":\"heading-small\"}}]}]},{\"type\":\"row\",\"children\":[{\"type\":\"column\",\"props\":{\"image_position\":\"center-center\",\"position_sticky_breakpoint\":\"m\"},\"children\":[{\"type\":\"grid\",\"props\":{\"animation\":true,\"content_column_breakpoint\":\"m\",\"filter_align\":\"left\",\"filter_all\":true,\"filter_grid_breakpoint\":\"m\",\"filter_grid_width\":\"auto\",\"filter_position\":\"top\",\"filter_style\":\"tab\",\"grid_default\":\"1\",\"grid_divider\":true,\"grid_medium\":\"2\",\"icon_width\":80,\"image_align\":\"top\",\"image_grid_breakpoint\":\"m\",\"image_grid_width\":\"1-2\",\"image_svg_color\":\"emphasis\",\"item_animation\":true,\"link_style\":\"default\",\"link_text\":\"Read more\",\"margin\":\"default\",\"meta_align\":\"below-title\",\"meta_color\":\"success\",\"meta_element\":\"div\",\"meta_style\":\"h5\",\"parallax_easing\":\"1\",\"show_content\":true,\"show_image\":true,\"show_link\":true,\"show_meta\":true,\"show_title\":true,\"title_align\":\"top\",\"title_element\":\"h4\",\"title_grid_breakpoint\":\"m\",\"title_grid_width\":\"1-2\",\"title_hover_style\":\"reset\"},\"children\":[{\"type\":\"grid_item\",\"props\":{\"content\":\"\n\n<p>Kirchenweg 1<br \\\/>85408 Gammelsdorf<\\\/p>\\n\n\n<p>Tel. 08766 543<br \\\/>E-Mail: <a href=\\\"mailto:info@grundschule-gammelsdorf.de\\\">info@grundschule-gammelsdorf.de<\\\/a><br \\\/><a href=\\\"https:\\\/\\\/grundschule-gammelsdorf.de\\\/\\\" target=\\\"_blank\\\" rel=\\\"noopener\\\">www.grundschule-gammelsdorf.de<\\\/a><\\\/p>\",\"meta\":\"\",\"title\":\"Grundschule Gammelsdorf\"}}]},{\"type\":\"text\",\"props\":{\"column_breakpoint\":\"m\",\"content\":\"\n\n<p>Der Schulverband Gammelsdorf hat folgende beiden Satzungen f\\u00fcr die Mittagsbetreuung an der Grundschule Gammelsdorf erlassen:<\\\/p>\",\"margin\":\"default\"}},{\"type\":\"list\",\"props\":{\"column_breakpoint\":\"m\",\"image_align\":\"left\",\"image_svg_color\":\"emphasis\",\"image_vertical_align\":true,\"list_element\":\"ul\",\"list_horizontal_separator\":\", \",\"list_type\":\"vertical\",\"show_image\":true,\"show_link\":true},\"children\":[{\"type\":\"list_item\",\"props\":{\"content\":\"Satzung \\u00fcber die Erhebung von Geb\\u00fchren f\\u00fcr die Mittagsbetreuung an der Grundschule Gammelsdorf - g\\u00fcltig ab 01.09.2024\",\"link\":\"wp-content\\\/uploads\\\/sites\\\/5\\\/2024\\\/08\\\/Gebuehrensatzung-Mittagsbetreuung-Gammelsdorf-2024-gueltig-ab-01.09.2024.pdf\",\"link_target\":true}},{\"type\":\"list_item\",\"props\":{\"content\":\"Satzung des Schulverbandes Gammelsdorf zur Mittagsbetreuung an der Grundschule Gammelsdorf - g\\u00fcltig ab 01.09.2014\",\"link\":\"wp-content\\\/uploads\\\/sites\\\/5\\\/2025\\\/09\\\/Benutzungssatzung-Mittagsbetreuung-Gammelsdorf-2014.pdf\"}}]}]}]}]},{\"type\":\"section\",\"props\":{\"image_position\":\"center-center\",\"style\":\"default\",\"title_breakpoint\":\"xl\",\"title_position\":\"top-left\",\"title_rotation\":\"left\",\"vertical_align\":\"middle\",\"width\":\"default\"},\"children\":[{\"type\":\"row\",\"children\":[{\"type\":\"column\",\"props\":{\"image_position\":\"center-center\",\"position_sticky_breakpoint\":\"m\"},\"children\":[{\"type\":\"headline\",\"props\":{\"content\":\"\n\n<h2>Berichte der Schulverbandssitzungen<\\\/h2>\",\"title_element\":\"h1\"}},{\"type\":\"headline\",\"props\":{\"content\":\"\n\n<h4>2026<\\\/h4>\",\"title_color\":\"primary\",\"title_element\":\"h2\"}},{\"type\":\"list\",\"props\":{\"column_breakpoint\":\"m\",\"image_align\":\"left\",\"image_svg_color\":\"emphasis\",\"image_vertical_align\":true,\"list_element\":\"ul\",\"list_horizontal_separator\":\", \",\"list_type\":\"vertical\",\"show_image\":true,\"show_link\":true},\"children\":[{\"type\":\"list_item\",\"props\":{\"content\":\"Bericht von der \\u00f6ffentlichen Schulsverbandssitzung vom 23.04.2026\",\"icon\":\"arrow-right\",\"link\":\"wp-content\\\/uploads\\\/sites\\\/5\\\/2026\\\/04\\\/2026_04_23.pdf\",\"link_target\":true}}]},{\"type\":\"headline\",\"props\":{\"content\":\"\n\n<h4>2025<\\\/h4>\",\"title_color\":\"primary\",\"title_element\":\"h2\"}},{\"type\":\"list\",\"props\":{\"column_breakpoint\":\"m\",\"image_align\":\"left\",\"image_svg_color\":\"emphasis\",\"image_vertical_align\":true,\"list_element\":\"ul\",\"list_horizontal_separator\":\", \",\"list_type\":\"vertical\",\"show_image\":true,\"show_link\":true},\"children\":[{\"type\":\"list_item\",\"props\":{\"content\":\"Bericht von der \\u00f6ffentlichen Schulsverbandssitzung vom 02.12.2025\",\"icon\":\"arrow-right\",\"link\":\"wp-content\\\/uploads\\\/sites\\\/5\\\/2025\\\/12\\\/2025_12_02.pdf\",\"link_target\":true}}]},{\"type\":\"headline\",\"props\":{\"content\":\"\n\n<h4>2024<\\\/h4>\",\"title_color\":\"primary\",\"title_element\":\"h2\"}},{\"type\":\"list\",\"props\":{\"column_breakpoint\":\"m\",\"image_align\":\"left\",\"image_svg_color\":\"emphasis\",\"image_vertical_align\":true,\"list_element\":\"ul\",\"list_horizontal_separator\":\", \",\"list_type\":\"vertical\",\"show_image\":true,\"show_link\":true},\"children\":[{\"type\":\"list_item\",\"props\":{\"content\":\"Bericht von der \\u00f6ffentlichen Schulsverbandssitzung vom 09.12.2024\",\"icon\":\"arrow-right\",\"link\":\"wp-content\\\/uploads\\\/sites\\\/5\\\/2026\\\/01\\\/2024_12_19.pdf\",\"link_target\":true}},{\"type\":\"list_item\",\"props\":{\"content\":\"Bericht von der \\u00f6ffentlichen Schulsverbandssitzung vom 16.05.2024\",\"icon\":\"arrow-right\",\"link\":\"wp-content\\\/uploads\\\/sites\\\/5\\\/2026\\\/01\\\/2024_05_16.pdf\",\"link_target\":true}}]}]}]}]}],\"version\":\"4.4.16\"} --><\/p>\n","protected":false},"excerpt":{"rendered":"<p>Grundschule Grundschule Gammelsdorf Kirchenweg 185408 Gammelsdorf Tel. 08766 543E-Mail: info@grundschule-gammelsdorf.dewww.grundschule-gammelsdorf.de Der Schulverband Gammelsdorf hat folgende beiden Satzungen f\u00fcr die Mittagsbetreuung an der Grundschule Gammelsdorf erlassen: Satzung \u00fcber die Erhebung von Geb\u00fchren f\u00fcr die Mittagsbetreuung an der Grundschule Gammelsdorf &#8211; g\u00fcltig ab 01.09.2024 Satzung des Schulverbandes Gammelsdorf zur Mittagsbetreuung an der Grundschule Gammelsdorf &#8211; g\u00fcltig ab [&hellip;]<\/p>\n","protected":false},"author":1,"featured_media":0,"parent":528,"menu_order":0,"comment_status":"closed","ping_status":"closed","template":"","meta":{"footnotes":""},"class_list":["post-532","page","type-page","status-publish","hentry"],"publishpress_future_action":{"enabled":false,"date":"2026-05-20 20:48:10","action":"change-status","newStatus":"draft","terms":[],"taxonomy":"","extraData":[]},"publishpress_future_workflow_manual_trigger":{"enabledWorkflows":[]},"_links":{"self":[{"href":"https:\/\/vg-mauern.de\/gammelsdorf\/wp-json\/wp\/v2\/pages\/532","targetHints":{"allow":["GET"]}}],"collection":[{"href":"https:\/\/vg-mauern.de\/gammelsdorf\/wp-json\/wp\/v2\/pages"}],"about":[{"href":"https:\/\/vg-mauern.de\/gammelsdorf\/wp-json\/wp\/v2\/types\/page"}],"author":[{"embeddable":true,"href":"https:\/\/vg-mauern.de\/gammelsdorf\/wp-json\/wp\/v2\/users\/1"}],"replies":[{"embeddable":true,"href":"https:\/\/vg-mauern.de\/gammelsdorf\/wp-json\/wp\/v2\/comments?post=532"}],"version-history":[{"count":10,"href":"https:\/\/vg-mauern.de\/gammelsdorf\/wp-json\/wp\/v2\/pages\/532\/revisions"}],"predecessor-version":[{"id":3291,"href":"https:\/\/vg-mauern.de\/gammelsdorf\/wp-json\/wp\/v2\/pages\/532\/revisions\/3291"}],"up":[{"embeddable":true,"href":"https:\/\/vg-mauern.de\/gammelsdorf\/wp-json\/wp\/v2\/pages\/528"}],"wp:attachment":[{"href":"https:\/\/vg-mauern.de\/gammelsdorf\/wp-json\/wp\/v2\/media?parent=532"}],"curies":[{"name":"wp","href":"https:\/\/api.w.org\/{rel}","templated":true}]}}