{"id":581,"date":"2022-03-23T10:18:47","date_gmt":"2022-03-23T09:18:47","guid":{"rendered":"https:\/\/demo.vg-mauern.de\/gammelsdorf\/?page_id=581"},"modified":"2025-03-26T12:38:56","modified_gmt":"2025-03-26T11:38:56","slug":"firmen-und-gastronomie","status":"publish","type":"page","link":"https:\/\/vg-mauern.de\/gammelsdorf\/freizeit-und-sport\/firmen-und-gastronomie\/","title":{"rendered":"Firmen und Gastronomie"},"content":{"rendered":"<h1>Firmen und Gastronomie<\/h1>\n<ul>\n<li>\n        <a href=\"#firmen\">Firmen<\/a>\n    <\/li>\n<li>\n        <a href=\"#gastronomie\">Gastronomie<\/a>\n    <\/li>\n<\/ul>\n<h2>Wichtige Informationen f\u00fcr Existenzgr\u00fcnder bei Gewerbeanmeldung<\/h2>\n<div>\n<p>Seit dem 01. Januar 2021 sind Existenzgr\u00fcnder, die in Form eines Einzelunternehmens, einer Kapitalgesellschaft\/Genossenschaft oder Personengesellschaft\/-gemeinschaft t\u00e4tig werden, gesetzlich verpflichtet, den Fragebogen zur steuerlichen Erfassung elektronisch an das Finanzamt zu \u00fcbermitteln. Hierzu k\u00f6nnen sie sich kostenlos vor Aufnahme Ihrer unternehmerischen T\u00e4tigkeit im Dienstleistungsportal der Steuerverwaltung &#8222;ELSTER &#8211; Ihr Online-Finanzamt&#8220; registrieren. Nach Abschluss des Registrierungsvorgangs besteht die M\u00f6glichkeit unter <a href=\"http:\/\/www.elster.de\">www.elster.de<\/a> in der Rubrik &#8222;Formulare &amp; Leistungen &gt; Alle Formulare&#8220; den &#8222;Fragebogen zur steuerlichen Erfassung&#8220; auszuf\u00fcllen und elektronisch an das Finanzamt zu \u00fcbermitteln. Das Verfahren zur Erteilung einer Steuernummer wird durch diese effiziente \u00dcbermittlungsm\u00f6glichkeit beschleunigt.<\/p>\n<p>Weitere n\u00fctzliche und wichtige Informationen finden sie unter:<br \/><a href=\"https:\/\/www.lfst.bayern.de\/steuerinfos\/zielgruppen\/existenzgruender\">https:\/\/www.lfst.bayern.de\/steuerinfos\/zielgruppen\/existenzgruender<\/a><\/p>\n<\/div>\n<h2>Firmen<\/h2>\n<ul>\n<li>\n<h4>Annette Beisert<\/h4>\n<div>\n<p>Kreuzholzen 3<br \/>85408 Gammelsdorf<\/p>\n<p>Tel. 08766 1246<br \/>E-Mail: <a href=\"mailto:info@mein-gartenjahr.de\">info@mein-gartenjahr.de<\/a><br \/><a href=\"https:\/\/www.mein-gartenjahr.de\/\" target=\"_blanke\">www.mein-gartenjahr.de<\/a><\/p>\n<\/div>\n<\/li>\n<li>\n<h4>Archus Neumeier GmbH &#038; Co. KG<\/h4>\n<div>\n<p>Friedrichstra\u00dfe 15<br \/>85408 Gammelsdorf<\/p>\n<p>Tel. 08766 9325-0<br \/>E-Mail: <a href=\"mailto:info@archus-neumeier.de\">info@archus-neumeier.de<\/a><br \/><a href=\"https:\/\/www.archus-neumeier.de\/\" target=\"_blanke\">www.archus-neumeier.de<\/a><\/p>\n<\/div>\n<\/li>\n<li>\n<h4>Autohaus Zellner<\/h4>\n<div>\n<p>Kothingried 2<br \/>85408 Gammelsdorf<\/p>\n<p>Tel. 08766 920380<br \/>E-Mail: <a href=\"mailto:info@autozellner.de\">info@autozellner.de<\/a><br \/><a href=\"https:\/\/www.autozellner.de\/\" target=\"_blanke\">www.autozellner.de<\/a><\/p>\n<\/div>\n<\/li>\n<li>\n<h4>B\u00e4ckerei-Konditorei G\u00fcnthner<\/h4>\n<div>\n<p>Hauptstra\u00dfe 8<br \/>85408 Gammelsdorf<\/p>\n<p>Tel. 08766 866<br \/>E-Mail: <a href=\"mailto:info@baeckerei-guenthner.de\">info@baeckerei-guenthner.de<\/a><br \/><a href=\"https:\/\/www.baeckerei-guenthner.de\/\">www.baeckerei-guenthner.de<\/a><\/p>\n<\/div>\n<\/li>\n<li>\n<h4>Bayern-Laden<\/h4>\n<div>\n<p>Priel 20<br \/>85408 Gammelsdorf<\/p>\n<p>Tel. 08766 939889<br \/>E-Mail: <a href=\"mailto:upenner@t-online.de\">upenner@t-online.de<\/a><br \/><a href=\"https:\/\/bayern-laden.eshop.t-online.de\/epages\/Shop46863.sf\/de_DE\/?ObjectPath=\/Shops\/Shop46863\/Categories\" target=\"_blanke\">www.bayern-laden.de<\/a><\/p>\n<\/div>\n<\/li>\n<li>\n<h4>Christbaum Finsterh\u00f6lzl <\/h4>\n<div>\n<p>Eichenweg 10<br \/>85408 Gammelsdorf<\/p>\n<p>Tel. 08766 808<br \/>E-Mail: <a href=\"mailto:christbaum@finsterhoelzl.de\">christbaum@finsterhoelzl.de<\/a> <a href=\"https:\/\/finsterhoelzl.de\/\" target=\"_blanke\">www.finsterhoelzl.de<\/a><\/p>\n<\/div>\n<\/li>\n<li>\n<h4>FLUG WERK GmbH<\/h4>\n<div>\n<p>Kothingried 4<br \/>85408 Gammelsdorf<\/p>\n<p>Tel. 08766 939878<\/p>\n<\/div>\n<\/li>\n<li>\n<h4>Halbinger Versicherungsmakler GmbH<\/h4>\n<div>\n<p>Hauptstr. 17<br \/>85408Gammelsdorf<\/p>\n<p>Tel. 08766 827<br \/>E-Mail: <a href=\"mailto:herbert@vfm-halbinger.de\">herbert@vfm-halbinger.de<\/a><br \/><a href=\"https:\/\/vfm-makler.de\/halbinger\/\" target=\"_blanke\">www.vfm-makler.de<\/a><\/p>\n<\/div>\n<\/li>\n<li>\n<h4>Hauser Metall<\/h4>\n<div>\n<p>Kothingried 5<br \/>85408 Gammelsdorf<\/p>\n<p>Tel. 08766 939563<br \/>E-Mail: <a href=\"mailto:info@hauser-metall.de\">info@hauser-metall.de<\/a><br \/><a href=\"https:\/\/www.hauser-metall.de\/index.php\" target=\"_blanke\">www.hauser-metall.de<\/a><\/p>\n<\/div>\n<\/li>\n<li>\n<h4>Holz Bauer<\/h4>\n<div>\n<p>Osterbachstr. 3 + 16<br \/>85408 Gammelsdorf<\/p>\n<p>Tel.: 08766 417<br \/>E-Mail: <a href=\"mailto:holz.bauer@t-online.de\">holz.bauer@t-online.de<\/a><br \/><a href=\"https:\/\/www.holzbauer-gammelsdorf.de\/index.php\" target=\"_blanke\">www.holzbauer-gammelsdorf.de<\/a><\/p>\n<\/div>\n<\/li>\n<li>\n<h4>HSc-Informatik<\/h4>\n<div>\n<p>B\u00fcrgermeister-Kiermeier-Stra\u00dfe 11<br \/>85408 Gammelsdorf<\/p>\n<p>Tel. 08766 939760<br \/>E-Mail: <a href=\"mailto:info@hsc-informatik.de\">info@hsc-informatik.de<\/a><br \/><a href=\"https:\/\/hsc-informatik.chayns.net\/\" target=\"_blanke\">www.hsc-informatik.chayns.net<\/a><\/p>\n<\/div>\n<\/li>\n<li>\n<h4>Konzertb\u00fcro Uwe Penner<\/h4>\n<div>\n<p>Priel 20<br \/>85408 Gammelsdorf<\/p>\n<p>Tel. 08766 939866<br \/>E-Mail: <a href=\"mailto:upenner@t-online.de\">upenner@t-online.de<\/a><br \/><a href=\"https:\/\/www.uwekonzerte.de\/index.html\" target=\"_blanke\">www.uwekonzerte.de<\/a><\/p>\n<\/div>\n<\/li>\n<li>\n<h4> Landmetzgerei &#038; Partyservice<\/h4>\n<div>\n<p>Priel 21<br \/>85408 Gammelsdorf<\/p>\n<p>Tel. 08766 920914<br \/>E-Mail: <a href=\"mailto:info@metzgerei-stanglmaier.de\">info@metzgerei-stanglmaier.de<\/a><br \/><a href=\"https:\/\/www.metzgerei-stanglmaier-priel.de\/\">www.metzgerei-stanglmaier-priel.de<\/a><\/p>\n<\/div>\n<\/li>\n<li>\n<h4>Logop\u00e4dische Praxis<\/h4>\n<div>\n<p>Am Anger 3<br \/>85408 Gammelsdorf<\/p>\n<p>Tel. 08766 939421<\/p>\n<\/div>\n<\/li>\n<li>\n<h4>Schreinerei Mittermeier<\/h4>\n<div>\n<p>Hauptstra\u00dfe 5a<br \/>85408 Gammelsdorf<\/p>\n<p>Tel. 08766 296<br \/>E-Mail: <a href=\"mailto:sebastian.mittermeier@t-online.de\">sebastian.mittermeier@t-online.de<\/a><br \/><a href=\"https:\/\/www.schreinerei-mittermeier.com\/\" target=\"_blanke\">www.schreinerei-mittermeier.com<\/a><\/p>\n<\/div>\n<\/li>\n<li>\n<h4>Raiffeisenbank Landshut Land, SB Gesch\u00e4ftsstelle Gammelsdorf<\/h4>\n<div>\n<p>Hauptstr. 11a<br \/>85408 Gammelsdorf<\/p>\n<p>Tel. 0871 973170<br \/>www.rb-lala.de<\/p>\n<\/div>\n<\/li>\n<li>\n<h4>Ramona`s Bildfang<\/h4>\n<div>\n<p>Hauptstr. 11a<br \/>85408 Gammelsdorf<\/p>\n<p>Tel. 08766 9394648<br \/>E-Mail: ramona.freilinger@t-online.de<\/p>\n<\/div>\n<\/li>\n<li>\n<h4>Theresia Pfl\u00fcgler \u2013 Wilde Kr\u00e4uterei<\/h4>\n<div>\n<p>H\u00e4ringschwaig 1<br \/>85408 Gammelsdorf<\/p>\n<p>Tel. 08766 9399889<br \/>E-Mail: <a href=\"mailto:wilde-kraeuterei@t-online.de\">wilde-kraeuterei@t-online.de<\/a><br \/><a href=\"https:\/\/www.wilde-kraeuterei.de\/\" target=\"_blanke\">www.wilde-kraeuterei.de<\/a><\/p>\n<\/div>\n<\/li>\n<li>\n<h4>WICK Verleih<\/h4>\n<div>\n<p>Hauptstra\u00dfe 25<br \/>85408 Gammelsdorf<\/p>\n<p>Tel. 08766 9394647<br \/>E-Mail: <a href=\"mailto:wick-g@t-online.de\">wick-g@t-online.de<\/a><br \/><a href=\"https:\/\/wick-verleih.de\/\" target=\"_blanke\">www.wick-verleih.de<\/a><\/p>\n<\/div>\n<\/li>\n<li>\n<h4>Zimmerei Ostermeier<\/h4>\n<div>\n<p>Landersdorf 3<br \/>85408 Gammelsdorf<\/p>\n<p>Tel. 08766 833<br \/>E-Mail: <a href=\"mailto:siegfried@zimmerei-ostermeier.de\">siegfried@zimmerei-ostermeier.de<\/a><br \/><a href=\"http:\/\/www.zimmerei-ostermeier.de\/index.html\" target=\"_blanke\">www.zimmerei-ostermeier.de<\/a><\/p>\n<\/div>\n<\/li>\n<\/ul>\n<h2>Gastronomie<\/h2>\n<p><!--more--><br \/>\n<!-- {\"name\":\"gastromomie\",\"type\":\"layout\",\"children\":[{\"type\":\"section\",\"props\":{\"image_position\":\"center-center\",\"padding\":\"small\",\"padding_remove_bottom\":true,\"style\":\"default\",\"title_breakpoint\":\"xl\",\"title_position\":\"top-left\",\"title_rotation\":\"left\",\"vertical_align\":\"\",\"width\":\"default\"},\"children\":[{\"type\":\"row\",\"children\":[{\"type\":\"column\",\"props\":{\"image_position\":\"center-center\",\"position_sticky_breakpoint\":\"m\"},\"children\":[{\"type\":\"breadcrumbs\",\"props\":{\"show_current\":true,\"show_home\":true}}]}]}]},{\"type\":\"section\",\"props\":{\"image_position\":\"center-center\",\"style\":\"default\",\"title_breakpoint\":\"xl\",\"title_position\":\"top-left\",\"title_rotation\":\"left\",\"vertical_align\":\"\",\"width\":\"default\"},\"children\":[{\"type\":\"row\",\"children\":[{\"type\":\"column\",\"props\":{\"image_position\":\"center-center\",\"position_sticky_breakpoint\":\"m\"},\"children\":[{\"type\":\"headline\",\"props\":{\"content\":\"Firmen und Gastronomie\",\"title_element\":\"h1\",\"title_style\":\"heading-small\"}},{\"type\":\"subnav\",\"props\":{\"subnav_style\":\"pill\"},\"children\":[{\"type\":\"subnav_item\",\"props\":{\"content\":\"Firmen\",\"link\":\"#firmen\"}},{\"type\":\"subnav_item\",\"props\":{\"content\":\"Gastronomie\",\"link\":\"#gastronomie\"}}]}]}]}]},{\"type\":\"section\",\"props\":{\"id\":\"firmen\",\"image_position\":\"center-center\",\"padding_remove_top\":true,\"style\":\"default\",\"title_breakpoint\":\"xl\",\"title_position\":\"top-left\",\"title_rotation\":\"left\",\"vertical_align\":\"\",\"width\":\"default\"},\"children\":[{\"type\":\"row\",\"children\":[{\"type\":\"column\",\"props\":{\"image_position\":\"center-center\",\"position_sticky_breakpoint\":\"m\"},\"children\":[{\"type\":\"headline\",\"props\":{\"content\":\"Wichtige Informationen f\\u00fcr Existenzgr\\u00fcnder bei Gewerbeanmeldung\",\"title_color\":\"primary\",\"title_element\":\"h2\"}},{\"type\":\"text\",\"props\":{\"column_breakpoint\":\"m\",\"content\":\"\n\n<p>Seit dem 01. Januar 2021 sind Existenzgr\\u00fcnder, die in Form eines Einzelunternehmens, einer Kapitalgesellschaft\\\/Genossenschaft oder Personengesellschaft\\\/-gemeinschaft t\\u00e4tig werden, gesetzlich verpflichtet, den Fragebogen zur steuerlichen Erfassung elektronisch an das Finanzamt zu \\u00fcbermitteln. Hierzu k\\u00f6nnen sie sich kostenlos vor Aufnahme Ihrer unternehmerischen T\\u00e4tigkeit im Dienstleistungsportal der Steuerverwaltung \\\"ELSTER - Ihr Online-Finanzamt\\\" registrieren. Nach Abschluss des Registrierungsvorgangs besteht die M\\u00f6glichkeit unter <a href=\\\"http:\\\/\\\/www.elster.de\\\">www.elster.de<\\\/a> in der Rubrik \\\"Formulare &amp; Leistungen &gt; Alle Formulare\\\" den \\\"Fragebogen zur steuerlichen Erfassung\\\" auszuf\\u00fcllen und elektronisch an das Finanzamt zu \\u00fcbermitteln. Das Verfahren zur Erteilung einer Steuernummer wird durch diese effiziente \\u00dcbermittlungsm\\u00f6glichkeit beschleunigt.<\\\/p>\\n\n\n<p>Weitere n\\u00fctzliche und wichtige Informationen finden sie unter:<br \\\/><a href=\\\"https:\\\/\\\/www.lfst.bayern.de\\\/steuerinfos\\\/zielgruppen\\\/existenzgruender\\\">https:\\\/\\\/www.lfst.bayern.de\\\/steuerinfos\\\/zielgruppen\\\/existenzgruender<\\\/a><\\\/p>\",\"margin\":\"default\"}},{\"type\":\"headline\",\"props\":{\"content\":\"Firmen\",\"title_color\":\"primary\",\"title_element\":\"h2\"}}]}]},{\"type\":\"row\",\"children\":[{\"type\":\"column\",\"props\":{\"image_position\":\"center-center\",\"position_sticky_breakpoint\":\"m\"},\"children\":[{\"type\":\"grid\",\"props\":{\"content_column_breakpoint\":\"m\",\"filter\":true,\"filter_align\":\"left\",\"filter_all\":true,\"filter_all_label\":\"Alle\",\"filter_grid_breakpoint\":\"m\",\"filter_grid_width\":\"auto\",\"filter_position\":\"top\",\"filter_style\":\"subnav-pill\",\"grid_default\":\"1\",\"grid_divider\":true,\"grid_medium\":\"3\",\"icon_width\":80,\"image_align\":\"top\",\"image_grid_breakpoint\":\"m\",\"image_grid_width\":\"1-2\",\"image_svg_color\":\"emphasis\",\"item_animation\":true,\"link_style\":\"default\",\"link_text\":\"Read more\",\"margin\":\"default\",\"meta_align\":\"below-title\",\"meta_element\":\"div\",\"meta_style\":\"text-meta\",\"parallax_easing\":\"1\",\"show_content\":true,\"show_image\":true,\"show_link\":true,\"show_meta\":true,\"show_title\":true,\"title_align\":\"top\",\"title_element\":\"h4\",\"title_grid_breakpoint\":\"m\",\"title_grid_width\":\"1-2\",\"title_hover_style\":\"reset\"},\"children\":[{\"type\":\"grid_item\",\"props\":{\"content\":\"\n\n<p>Kreuzholzen 3<br \\\/>85408 Gammelsdorf<\\\/p>\\n\n\n<p>Tel. 08766 1246<br \\\/>E-Mail: <a href=\\\"mailto:info@mein-gartenjahr.de\\\">info@mein-gartenjahr.de<\\\/a><br \\\/><a href=\\\"https:\\\/\\\/www.mein-gartenjahr.de\\\/\\\" target=\\\"_blanke\\\">www.mein-gartenjahr.de<\\\/a><\\\/p>\",\"tags\":\"A\",\"title\":\"Annette Beisert\"}},{\"type\":\"grid_item\",\"props\":{\"content\":\"\n\n<p>Friedrichstra\\u00dfe 15<br \\\/>85408 Gammelsdorf<\\\/p>\\n\n\n<p>Tel. 08766 9325-0<br \\\/>E-Mail: <a href=\\\"mailto:info@archus-neumeier.de\\\">info@archus-neumeier.de<\\\/a><br \\\/><a href=\\\"https:\\\/\\\/www.archus-neumeier.de\\\/\\\" target=\\\"_blanke\\\">www.archus-neumeier.de<\\\/a><\\\/p>\",\"tags\":\"A\",\"title\":\"Archus Neumeier GmbH & Co. KG\"}},{\"type\":\"grid_item\",\"props\":{\"content\":\"\n\n<p>Kothingried 2<br \\\/>85408 Gammelsdorf<\\\/p>\\n\n\n<p>Tel. 08766 920380<br \\\/>E-Mail: <a href=\\\"mailto:info@autozellner.de\\\">info@autozellner.de<\\\/a><br \\\/><a href=\\\"https:\\\/\\\/www.autozellner.de\\\/\\\" target=\\\"_blanke\\\">www.autozellner.de<\\\/a><\\\/p>\",\"tags\":\"A\",\"title\":\"Autohaus Zellner\"}},{\"type\":\"grid_item\",\"props\":{\"content\":\"\n\n<p>Hauptstra\\u00dfe 8<br \\\/>85408 Gammelsdorf<\\\/p>\\n\n\n<p>Tel. 08766 866<br \\\/>E-Mail: <a href=\\\"mailto:info@baeckerei-guenthner.de\\\">info@baeckerei-guenthner.de<\\\/a><br \\\/><a href=\\\"https:\\\/\\\/www.baeckerei-guenthner.de\\\/\\\">www.baeckerei-guenthner.de<\\\/a><\\\/p>\",\"tags\":\"B\",\"title\":\"B\\u00e4ckerei-Konditorei G\\u00fcnthner\"}},{\"type\":\"grid_item\",\"props\":{\"content\":\"\n\n<p>Priel 20<br \\\/>85408 Gammelsdorf<\\\/p>\\n\n\n<p>Tel. 08766 939889<br \\\/>E-Mail: <a href=\\\"mailto:upenner@t-online.de\\\">upenner@t-online.de<\\\/a><br \\\/><a href=\\\"https:\\\/\\\/bayern-laden.eshop.t-online.de\\\/epages\\\/Shop46863.sf\\\/de_DE\\\/?ObjectPath=\\\/Shops\\\/Shop46863\\\/Categories\\\" target=\\\"_blanke\\\">www.bayern-laden.de<\\\/a><\\\/p>\",\"tags\":\"B\",\"title\":\"Bayern-Laden\"}},{\"type\":\"grid_item\",\"props\":{\"content\":\"\n\n<p>Eichenweg 10<br \\\/>85408 Gammelsdorf<\\\/p>\\n\n\n<p>Tel. 08766 808<br \\\/>E-Mail: <a href=\\\"mailto:christbaum@finsterhoelzl.de\\\">christbaum@finsterhoelzl.de<\\\/a> <a href=\\\"https:\\\/\\\/finsterhoelzl.de\\\/\\\" target=\\\"_blanke\\\">www.finsterhoelzl.de<\\\/a><\\\/p>\",\"tags\":\"C\",\"title\":\"Christbaum Finsterh\\u00f6lzl \"}},{\"type\":\"grid_item\",\"props\":{\"content\":\"\n\n<p>Kothingried 4<br \\\/>85408 Gammelsdorf<\\\/p>\\n\n\n<p>Tel. 08766 939878<\\\/p>\",\"tags\":\"F\",\"title\":\"FLUG WERK GmbH\"}},{\"type\":\"grid_item\",\"props\":{\"content\":\"\n\n<p>Hauptstr. 17<br \\\/>85408Gammelsdorf<\\\/p>\\n\n\n<p>Tel. 08766 827<br \\\/>E-Mail: <a href=\\\"mailto:herbert@vfm-halbinger.de\\\">herbert@vfm-halbinger.de<\\\/a><br \\\/><a href=\\\"https:\\\/\\\/vfm-makler.de\\\/halbinger\\\/\\\" target=\\\"_blanke\\\">www.vfm-makler.de<\\\/a><\\\/p>\",\"tags\":\"H\",\"title\":\"Halbinger Versicherungsmakler GmbH\"}},{\"type\":\"grid_item\",\"props\":{\"content\":\"\n\n<p>Kothingried 5<br \\\/>85408 Gammelsdorf<\\\/p>\\n\n\n<p>Tel. 08766 939563<br \\\/>E-Mail: <a href=\\\"mailto:info@hauser-metall.de\\\">info@hauser-metall.de<\\\/a><br \\\/><a href=\\\"https:\\\/\\\/www.hauser-metall.de\\\/index.php\\\" target=\\\"_blanke\\\">www.hauser-metall.de<\\\/a><\\\/p>\",\"tags\":\"H\",\"title\":\"Hauser Metall\"}},{\"type\":\"grid_item\",\"props\":{\"content\":\"\n\n<p>Osterbachstr. 3 + 16<br \\\/>85408 Gammelsdorf<\\\/p>\\n\n\n<p>Tel.: 08766 417<br \\\/>E-Mail: <a href=\\\"mailto:holz.bauer@t-online.de\\\">holz.bauer@t-online.de<\\\/a><br \\\/><a href=\\\"https:\\\/\\\/www.holzbauer-gammelsdorf.de\\\/index.php\\\" target=\\\"_blanke\\\">www.holzbauer-gammelsdorf.de<\\\/a><\\\/p>\",\"tags\":\"H\",\"title\":\"Holz Bauer\"}},{\"type\":\"grid_item\",\"props\":{\"content\":\"\n\n<p>B\\u00fcrgermeister-Kiermeier-Stra\\u00dfe 11<br \\\/>85408 Gammelsdorf<\\\/p>\\n\n\n<p>Tel. 08766 939760<br \\\/>E-Mail: <a href=\\\"mailto:info@hsc-informatik.de\\\">info@hsc-informatik.de<\\\/a><br \\\/><a href=\\\"https:\\\/\\\/hsc-informatik.chayns.net\\\/\\\" target=\\\"_blanke\\\">www.hsc-informatik.chayns.net<\\\/a><\\\/p>\",\"tags\":\"H\",\"title\":\"HSc-Informatik\"}},{\"type\":\"grid_item\",\"props\":{\"content\":\"\n\n<p>Priel 20<br \\\/>85408 Gammelsdorf<\\\/p>\\n\n\n<p>Tel. 08766 939866<br \\\/>E-Mail: <a href=\\\"mailto:upenner@t-online.de\\\">upenner@t-online.de<\\\/a><br \\\/><a href=\\\"https:\\\/\\\/www.uwekonzerte.de\\\/index.html\\\" target=\\\"_blanke\\\">www.uwekonzerte.de<\\\/a><\\\/p>\",\"tags\":\"K\",\"title\":\"Konzertb\\u00fcro Uwe Penner\"}},{\"type\":\"grid_item\",\"props\":{\"content\":\"\n\n<p>Priel 21<br \\\/>85408 Gammelsdorf<\\\/p>\\n\n\n<p>Tel. 08766 920914<br \\\/>E-Mail: <a href=\\\"mailto:info@metzgerei-stanglmaier.de\\\">info@metzgerei-stanglmaier.de<\\\/a><br \\\/><a href=\\\"https:\\\/\\\/www.metzgerei-stanglmaier-priel.de\\\/\\\">www.metzgerei-stanglmaier-priel.de<\\\/a><\\\/p>\",\"tags\":\"L\",\"title\":\" Landmetzgerei & Partyservice\"}},{\"type\":\"grid_item\",\"props\":{\"content\":\"\n\n<p>Am Anger 3<br \\\/>85408 Gammelsdorf<\\\/p>\\n\n\n<p>Tel. 08766 939421<\\\/p>\",\"tags\":\"L\",\"title\":\"Logop\\u00e4dische Praxis\"}},{\"type\":\"grid_item\",\"props\":{\"content\":\"\n\n<p>Hauptstra\\u00dfe 5a<br \\\/>85408 Gammelsdorf<\\\/p>\\n\n\n<p>Tel. 08766 296<br \\\/>E-Mail: <a href=\\\"mailto:sebastian.mittermeier@t-online.de\\\">sebastian.mittermeier@t-online.de<\\\/a><br \\\/><a href=\\\"https:\\\/\\\/www.schreinerei-mittermeier.com\\\/\\\" target=\\\"_blanke\\\">www.schreinerei-mittermeier.com<\\\/a><\\\/p>\",\"tags\":\"S\",\"title\":\"Schreinerei Mittermeier\"}},{\"type\":\"grid_item\",\"props\":{\"content\":\"\n\n<p>Hauptstr. 11a<br \\\/>85408 Gammelsdorf<\\\/p>\\n\n\n<p>Tel. 0871 973170<br \\\/>www.rb-lala.de<\\\/p>\",\"tags\":\"S\",\"title\":\"Raiffeisenbank Landshut Land, SB Gesch\\u00e4ftsstelle Gammelsdorf\"}},{\"type\":\"grid_item\",\"props\":{\"content\":\"\n\n<p>Hauptstr. 11a<br \\\/>85408 Gammelsdorf<\\\/p>\\n\n\n<p>Tel. 08766 9394648<br \\\/>E-Mail: ramona.freilinger@t-online.de<\\\/p>\",\"tags\":\"S\",\"title\":\"Ramona`s Bildfang\"}},{\"type\":\"grid_item\",\"props\":{\"content\":\"\n\n<p>H\\u00e4ringschwaig 1<br \\\/>85408 Gammelsdorf<\\\/p>\\n\n\n<p>Tel. 08766 9399889<br \\\/>E-Mail: <a href=\\\"mailto:wilde-kraeuterei@t-online.de\\\">wilde-kraeuterei@t-online.de<\\\/a><br \\\/><a href=\\\"https:\\\/\\\/www.wilde-kraeuterei.de\\\/\\\" target=\\\"_blanke\\\">www.wilde-kraeuterei.de<\\\/a><\\\/p>\",\"tags\":\"T\",\"title\":\"Theresia Pfl\\u00fcgler \\u2013 Wilde Kr\\u00e4uterei\"}},{\"type\":\"grid_item\",\"props\":{\"content\":\"\n\n<p>Hauptstra\\u00dfe 25<br \\\/>85408 Gammelsdorf<\\\/p>\\n\n\n<p>Tel. 08766 9394647<br \\\/>E-Mail: <a href=\\\"mailto:wick-g@t-online.de\\\">wick-g@t-online.de<\\\/a><br \\\/><a href=\\\"https:\\\/\\\/wick-verleih.de\\\/\\\" target=\\\"_blanke\\\">www.wick-verleih.de<\\\/a><\\\/p>\",\"tags\":\"W\",\"title\":\"WICK Verleih\"}},{\"type\":\"grid_item\",\"props\":{\"content\":\"\n\n<p>Landersdorf 3<br \\\/>85408 Gammelsdorf<\\\/p>\\n\n\n<p>Tel. 08766 833<br \\\/>E-Mail: <a href=\\\"mailto:siegfried@zimmerei-ostermeier.de\\\">siegfried@zimmerei-ostermeier.de<\\\/a><br \\\/><a href=\\\"http:\\\/\\\/www.zimmerei-ostermeier.de\\\/index.html\\\" target=\\\"_blanke\\\">www.zimmerei-ostermeier.de<\\\/a><\\\/p>\",\"tags\":\"Z\",\"title\":\"Zimmerei Ostermeier\"}}],\"name\":\"Firmen\"}]}]}],\"name\":\"Firmen\"},{\"type\":\"section\",\"props\":{\"id\":\"gastronomie\",\"image_position\":\"center-center\",\"padding_remove_top\":false,\"style\":\"default\",\"title_breakpoint\":\"xl\",\"title_position\":\"top-left\",\"title_rotation\":\"left\",\"vertical_align\":\"\",\"width\":\"default\"},\"children\":[{\"type\":\"row\",\"children\":[{\"type\":\"column\",\"props\":{\"image_position\":\"center-center\",\"position_sticky_breakpoint\":\"m\"},\"children\":[{\"type\":\"headline\",\"props\":{\"content\":\"Gastronomie\",\"title_color\":\"primary\",\"title_element\":\"h2\"}}]}]},{\"type\":\"row\",\"children\":[{\"type\":\"column\",\"props\":{\"image_position\":\"center-center\",\"position_sticky_breakpoint\":\"m\"}}]}],\"name\":\"Gastronomie\"}],\"version\":\"4.4.16\"} --><\/p>\n","protected":false},"excerpt":{"rendered":"<p>Firmen und Gastronomie Firmen Gastronomie Wichtige Informationen f\u00fcr Existenzgr\u00fcnder bei Gewerbeanmeldung Seit dem 01. Januar 2021 sind Existenzgr\u00fcnder, die in Form eines Einzelunternehmens, einer Kapitalgesellschaft\/Genossenschaft oder Personengesellschaft\/-gemeinschaft t\u00e4tig werden, gesetzlich verpflichtet, den Fragebogen zur steuerlichen Erfassung elektronisch an das Finanzamt zu \u00fcbermitteln. Hierzu k\u00f6nnen sie sich kostenlos vor Aufnahme Ihrer unternehmerischen T\u00e4tigkeit im Dienstleistungsportal der [&hellip;]<\/p>\n","protected":false},"author":1,"featured_media":0,"parent":579,"menu_order":0,"comment_status":"closed","ping_status":"closed","template":"","meta":{"footnotes":""},"class_list":["post-581","page","type-page","status-publish","hentry"],"publishpress_future_action":{"enabled":false,"date":"2026-04-19 01:22:32","action":"change-status","newStatus":"draft","terms":[],"taxonomy":"","extraData":[]},"publishpress_future_workflow_manual_trigger":{"enabledWorkflows":[]},"_links":{"self":[{"href":"https:\/\/vg-mauern.de\/gammelsdorf\/wp-json\/wp\/v2\/pages\/581","targetHints":{"allow":["GET"]}}],"collection":[{"href":"https:\/\/vg-mauern.de\/gammelsdorf\/wp-json\/wp\/v2\/pages"}],"about":[{"href":"https:\/\/vg-mauern.de\/gammelsdorf\/wp-json\/wp\/v2\/types\/page"}],"author":[{"embeddable":true,"href":"https:\/\/vg-mauern.de\/gammelsdorf\/wp-json\/wp\/v2\/users\/1"}],"replies":[{"embeddable":true,"href":"https:\/\/vg-mauern.de\/gammelsdorf\/wp-json\/wp\/v2\/comments?post=581"}],"version-history":[{"count":10,"href":"https:\/\/vg-mauern.de\/gammelsdorf\/wp-json\/wp\/v2\/pages\/581\/revisions"}],"predecessor-version":[{"id":2381,"href":"https:\/\/vg-mauern.de\/gammelsdorf\/wp-json\/wp\/v2\/pages\/581\/revisions\/2381"}],"up":[{"embeddable":true,"href":"https:\/\/vg-mauern.de\/gammelsdorf\/wp-json\/wp\/v2\/pages\/579"}],"wp:attachment":[{"href":"https:\/\/vg-mauern.de\/gammelsdorf\/wp-json\/wp\/v2\/media?parent=581"}],"curies":[{"name":"wp","href":"https:\/\/api.w.org\/{rel}","templated":true}]}}