{"id":583,"date":"2022-03-23T10:19:03","date_gmt":"2022-03-23T09:19:03","guid":{"rendered":"https:\/\/demo.vg-mauern.de\/gammelsdorf\/?page_id=583"},"modified":"2025-07-14T09:20:09","modified_gmt":"2025-07-14T07:20:09","slug":"vereine","status":"publish","type":"page","link":"https:\/\/vg-mauern.de\/gammelsdorf\/freizeit-und-sport\/vereine\/","title":{"rendered":"Vereine"},"content":{"rendered":"<h1><a href=\"\/gammelsdorf\/wp-content\/uploads\/sites\/5\/2024\/01\/Leitfaden-fuer-Vereinsfeiern-2024.pdf\">Leitfaden f\u00fcr Vereinsfeiern<\/a><\/h1>\n<h1>GEMA-Gratisticket f\u00fcr Vereine<\/h1>\n<div>\n<p>Der Freistaat Bayern \u00fcbernimmt k\u00fcnftig die GEMA-Geb\u00fchren f\u00fcr zwei Veranstaltungen pro Verein und pro Jahr.<\/p>\n<\/div>\n<p>\n    <a href=\"\/gammelsdorf\/wp-content\/uploads\/sites\/5\/2023\/05\/GEMA-Gratisticket-fuer-Vereine.pdf\">N\u00e4heres dar\u00fcber erfahren Sie hier<\/a>\n<\/p>\n<h1>Vereine<\/h1>\n<ul>\n<li>\n<h4>Fuchzgerl-Fuchser Reichersdorf<\/h4>\n<div>\n<p><a href=\"https:\/\/www.facebook.com\/Theatergruppe-Fuchzgerl-Fuchser-Reichersdorf-1852790201440850\/\" target=\"_blanke\">www.facebook.com<\/a><\/p>\n<\/div>\n<\/li>\n<li>\n<h4>FFW Enghausen-Priel<\/h4>\n<div>\n<p>Priel 9<br \/>85408 Gammelsdorf<\/p>\n<p>Tel. 08766 93 99 064<br \/>E-Mail: <a href=\"mailto:strejc.flo@web.de\">strejc.flo@web.de<\/a><br \/><a href=\"https:\/\/kfv-freising.de\/inspektion\/feuerwehren?tx_kfvfsfeuerwehren_gemeinden%5Baction%5D=show&amp;tx_kfvfsfeuerwehren_gemeinden%5Bcontroller%5D=Gemeinde&amp;tx_kfvfsfeuerwehren_gemeinden%5Bgemeinde%5D=8&amp;cHash=5abd571dba1e8b4464e37554f2be6adc\" target=\"_blanke\">www.kfv-freising.de<\/a><\/p>\n<\/div>\n<\/li>\n<li>\n<h4>FFW Gammelsdorf<\/h4>\n<div>\n<p>Am Bachberg 4<br \/>85408 Gammelsdorf<\/p>\n<\/div>\n<\/li>\n<li>\n<h4>FFW Reichersdorf<\/h4>\n<\/li>\n<li>\n<h4>FVgg Gammelsdorf<\/h4>\n<div>\n<p>Friedrichstra\u00dfe 1<br \/>85408 Gammelsdorf<\/p>\n<p>E-Mail: <a href=\"mailto:info@fvgg.de\">info@fvgg.de<\/a><br \/><a href=\"https:\/\/fvgg.de\/index.php\" target=\"_blanke\">www.fvgg.de<\/a><\/p>\n<\/div>\n<\/li>\n<li>\n<h4>LSV Albatros e.V.<\/h4>\n<div>\n<p>H\u00e4ringschwaig 2<br \/>85408 Gammelsdorf<\/p>\n<p>E-Mail: <a href=\"mailto:info@lsv-albatros.de\">info@lsv-albatros.de<\/a><br \/><a href=\"https:\/\/www.lsv-albatros.de\/\" target=\"_blanke\">www.lsv-albatros.de<\/a><\/p>\n<\/div>\n<\/li>\n<li>\n<h4>Theatergruppe Priel<\/h4>\n<div>\n<p>E-Mail: <a href=\"mailto:nachricht-an@theatergruppe-priel.de\">nachricht-an@theatergruppe-priel.de<\/a><br \/><a href=\"https:\/\/www.facebook.com\/TheatergruppePriel\/\" target=\"_blanke\">www.theatergruppe-priel.de<\/a><\/p>\n<\/div>\n<\/li>\n<li>\n<h4>Sch\u00fctzenverein &#8222;Ludwig der Bayer&#8220; e.V.<\/h4>\n<div>\n<p>Hauptstra\u00dfe 7<br \/>85408 Gammelsdorf<\/p>\n<p>E-Mail: <a href=\"mailto:mail@ldb-gammelsdorf.de\">mail@ldb-gammelsdorf.de<\/a><br \/><a href=\"https:\/\/www.ldb-gammelsdorf.de\/index.html\" target=\"_blanke\">www.ldb-gammelsdorf.de<\/a><\/p>\n<\/div>\n<\/li>\n<li>\n<h4>Narrhalla Gammelsdorf<\/h4>\n<div>\n<p>Friedrichstr. 1<br \/>85408 Gammelsdorf<\/p>\n<p>E-Mail: <a href=\"mailto:narrhalla-gammelsdorf@web.de\">narrhalla-gammelsdorf@web.de<\/a><br \/><a href=\"http:\/\/www.narrhalla-gammelsdorf.de\/index.php?load=start\">www.narrhalla-gammelsdorf.de<\/a><\/p>\n<\/div>\n<\/li>\n<li>\n<h4>Islandpferdehof Buchenthal<\/h4>\n<div>\n<p>Reichersdorf 26<br \/>85408 Gammelsdorf<\/p>\n<p>Tel. 08766 920948<br \/>E-Mail: <a href=\"mailto:christinafranz1@gmx.de\">christinafranz1@gmx.de<\/a><br \/><a href=\"https:\/\/www.islandpferdehof-buchenthal.de\/\" target=\"_blanke\">www.islandpferdehof-buchenthal.de<\/a><\/p>\n<\/div>\n<\/li>\n<\/ul>\n<p><!--more--><br \/>\n<!-- {\"children\":[{\"type\":\"section\",\"props\":{\"image_position\":\"center-center\",\"padding\":\"small\",\"padding_remove_bottom\":true,\"style\":\"default\",\"title_breakpoint\":\"xl\",\"title_position\":\"top-left\",\"title_rotation\":\"left\",\"vertical_align\":\"\",\"width\":\"default\"},\"children\":[{\"type\":\"row\",\"children\":[{\"type\":\"column\",\"props\":{\"image_position\":\"center-center\",\"position_sticky_breakpoint\":\"m\",\"width_medium\":\"1-1\"},\"children\":[{\"type\":\"breadcrumbs\",\"props\":{\"show_current\":true,\"show_home\":true}}]}]}]},{\"type\":\"section\",\"props\":{\"image_position\":\"center-center\",\"style\":\"default\",\"title_breakpoint\":\"xl\",\"title_position\":\"top-left\",\"title_rotation\":\"left\",\"vertical_align\":\"\",\"width\":\"default\"},\"children\":[{\"type\":\"row\",\"children\":[{\"type\":\"column\",\"props\":{\"image_position\":\"center-center\",\"position_sticky_breakpoint\":\"m\",\"width_medium\":\"1-1\"},\"children\":[{\"type\":\"headline\",\"props\":{\"content\":\"Leitfaden f\\u00fcr Vereinsfeiern\",\"link\":\"wp-content\\\/uploads\\\/sites\\\/5\\\/2024\\\/01\\\/Leitfaden-fuer-Vereinsfeiern-2024.pdf\",\"link_target\":true,\"title_element\":\"h1\",\"title_style\":\"heading-small\"}},{\"type\":\"headline\",\"props\":{\"content\":\"GEMA-Gratisticket f\\u00fcr Vereine\",\"title_element\":\"h1\",\"title_style\":\"heading-small\"}},{\"type\":\"text\",\"props\":{\"column_breakpoint\":\"m\",\"content\":\"\n\n<p>Der Freistaat Bayern \\u00fcbernimmt k\\u00fcnftig die GEMA-Geb\\u00fchren f\\u00fcr zwei Veranstaltungen pro Verein und pro Jahr.<\\\/p>\",\"margin\":\"default\"}},{\"type\":\"button\",\"props\":{\"grid_column_gap\":\"small\",\"grid_row_gap\":\"small\",\"margin\":\"default\"},\"children\":[{\"type\":\"button_item\",\"props\":{\"button_style\":\"default\",\"content\":\"N\\u00e4heres dar\\u00fcber erfahren Sie hier\",\"icon_align\":\"left\",\"link\":\"wp-content\\\/uploads\\\/sites\\\/5\\\/2023\\\/05\\\/GEMA-Gratisticket-fuer-Vereine.pdf\",\"link_target\":\"blank\"}}]},{\"type\":\"headline\",\"props\":{\"content\":\"Vereine\",\"title_element\":\"h1\",\"title_style\":\"heading-small\"}}]}]}]},{\"type\":\"section\",\"props\":{\"id\":\"firmen\",\"image_position\":\"center-center\",\"padding_remove_top\":true,\"style\":\"default\",\"title_breakpoint\":\"xl\",\"title_position\":\"top-left\",\"title_rotation\":\"left\",\"vertical_align\":\"\",\"width\":\"default\"},\"children\":[{\"type\":\"row\",\"children\":[{\"type\":\"column\",\"props\":{\"image_position\":\"center-center\",\"position_sticky_breakpoint\":\"m\",\"width_medium\":\"1-1\"},\"children\":[{\"type\":\"grid\",\"props\":{\"animation\":true,\"content_column_breakpoint\":\"m\",\"filter\":true,\"filter_align\":\"left\",\"filter_all\":true,\"filter_all_label\":\"Alle\",\"filter_grid_breakpoint\":\"m\",\"filter_grid_width\":\"auto\",\"filter_position\":\"top\",\"filter_style\":\"subnav-pill\",\"grid_default\":\"1\",\"grid_divider\":true,\"grid_medium\":\"3\",\"icon_width\":80,\"image_align\":\"top\",\"image_grid_breakpoint\":\"m\",\"image_grid_width\":\"1-2\",\"image_svg_color\":\"emphasis\",\"item_animation\":true,\"link_style\":\"default\",\"link_text\":\"Read more\",\"margin\":\"default\",\"meta_align\":\"below-title\",\"meta_element\":\"div\",\"meta_style\":\"text-meta\",\"parallax_easing\":\"1\",\"show_content\":true,\"show_image\":true,\"show_link\":true,\"show_meta\":true,\"show_title\":true,\"title_align\":\"top\",\"title_element\":\"h4\",\"title_grid_breakpoint\":\"m\",\"title_grid_width\":\"1-2\",\"title_hover_style\":\"reset\"},\"children\":[{\"type\":\"grid_item\",\"props\":{\"content\":\"\n\n<p><a href=\\\"https:\\\/\\\/www.facebook.com\\\/Theatergruppe-Fuchzgerl-Fuchser-Reichersdorf-1852790201440850\\\/\\\" target=\\\"_blanke\\\">www.facebook.com<\\\/a><\\\/p>\",\"tags\":\"F\",\"title\":\"Fuchzgerl-Fuchser Reichersdorf\"}},{\"type\":\"grid_item\",\"props\":{\"content\":\"\n\n<p>Priel 9<br \\\/>85408 Gammelsdorf<\\\/p>\\n\n\n<p>Tel. 08766 93 99 064<br \\\/>E-Mail: <a href=\\\"mailto:strejc.flo@web.de\\\">strejc.flo@web.de<\\\/a><br \\\/><a href=\\\"https:\\\/\\\/kfv-freising.de\\\/inspektion\\\/feuerwehren?tx_kfvfsfeuerwehren_gemeinden%5Baction%5D=show&amp;tx_kfvfsfeuerwehren_gemeinden%5Bcontroller%5D=Gemeinde&amp;tx_kfvfsfeuerwehren_gemeinden%5Bgemeinde%5D=8&amp;cHash=5abd571dba1e8b4464e37554f2be6adc\\\" target=\\\"_blanke\\\">www.kfv-freising.de<\\\/a><\\\/p>\",\"tags\":\"F\",\"title\":\"FFW Enghausen-Priel\"}},{\"type\":\"grid_item\",\"props\":{\"content\":\"\n\n<p>Am Bachberg 4<br \\\/>85408 Gammelsdorf<\\\/p>\",\"tags\":\"F\",\"title\":\"FFW Gammelsdorf\"}},{\"type\":\"grid_item\",\"props\":{\"content\":\"\",\"tags\":\"F\",\"title\":\"FFW Reichersdorf\"}},{\"type\":\"grid_item\",\"props\":{\"content\":\"\n\n<p>Friedrichstra\\u00dfe 1<br \\\/>85408 Gammelsdorf<\\\/p>\\n\n\n<p>E-Mail: <a href=\\\"mailto:info@fvgg.de\\\">info@fvgg.de<\\\/a><br \\\/><a href=\\\"https:\\\/\\\/fvgg.de\\\/index.php\\\" target=\\\"_blanke\\\">www.fvgg.de<\\\/a><\\\/p>\",\"tags\":\"F\",\"title\":\"FVgg Gammelsdorf\"}},{\"type\":\"grid_item\",\"props\":{\"content\":\"\n\n<p>H\\u00e4ringschwaig 2<br \\\/>85408 Gammelsdorf<\\\/p>\\n\n\n<p>E-Mail: <a href=\\\"mailto:info@lsv-albatros.de\\\">info@lsv-albatros.de<\\\/a><br \\\/><a href=\\\"https:\\\/\\\/www.lsv-albatros.de\\\/\\\" target=\\\"_blanke\\\">www.lsv-albatros.de<\\\/a><\\\/p>\",\"tags\":\"L\",\"title\":\"LSV Albatros e.V.\"}},{\"type\":\"grid_item\",\"props\":{\"content\":\"\n\n<p>E-Mail: <a href=\\\"mailto:nachricht-an@theatergruppe-priel.de\\\">nachricht-an@theatergruppe-priel.de<\\\/a><br \\\/><a href=\\\"https:\\\/\\\/www.facebook.com\\\/TheatergruppePriel\\\/\\\" target=\\\"_blanke\\\">www.theatergruppe-priel.de<\\\/a><\\\/p>\",\"tags\":\"T\",\"title\":\"Theatergruppe Priel\"}},{\"type\":\"grid_item\",\"props\":{\"content\":\"\n\n<p>Hauptstra\\u00dfe 7<br \\\/>85408 Gammelsdorf<\\\/p>\\n\n\n<p>E-Mail: <a href=\\\"mailto:mail@ldb-gammelsdorf.de\\\">mail@ldb-gammelsdorf.de<\\\/a><br \\\/><a href=\\\"https:\\\/\\\/www.ldb-gammelsdorf.de\\\/index.html\\\" target=\\\"_blanke\\\">www.ldb-gammelsdorf.de<\\\/a><\\\/p>\",\"tags\":\"S\",\"title\":\"Sch\\u00fctzenverein \\\"Ludwig der Bayer\\\" e.V.\"}},{\"type\":\"grid_item\",\"props\":{\"content\":\"\n\n<p>Friedrichstr. 1<br \\\/>85408 Gammelsdorf<\\\/p>\\n\n\n<p>E-Mail: <a href=\\\"mailto:narrhalla-gammelsdorf@web.de\\\">narrhalla-gammelsdorf@web.de<\\\/a><br \\\/><a href=\\\"http:\\\/\\\/www.narrhalla-gammelsdorf.de\\\/index.php?load=start\\\">www.narrhalla-gammelsdorf.de<\\\/a><\\\/p>\",\"tags\":\"N\",\"title\":\"Narrhalla Gammelsdorf\"}},{\"type\":\"grid_item\",\"props\":{\"content\":\"\n\n<p>Reichersdorf 26<br \\\/>85408 Gammelsdorf<\\\/p>\\n\n\n<p>Tel. 08766 920948<br \\\/>E-Mail: <a href=\\\"mailto:christinafranz1@gmx.de\\\">christinafranz1@gmx.de<\\\/a><br \\\/><a href=\\\"https:\\\/\\\/www.islandpferdehof-buchenthal.de\\\/\\\" target=\\\"_blanke\\\">www.islandpferdehof-buchenthal.de<\\\/a><\\\/p>\",\"tags\":\"I\",\"title\":\"Islandpferdehof Buchenthal\"}}],\"name\":\"Vereine\"}]}]}],\"name\":\"Vereine\"}],\"type\":\"layout\",\"version\":\"4.4.16\"} --><\/p>\n","protected":false},"excerpt":{"rendered":"<p>Leitfaden f\u00fcr Vereinsfeiern GEMA-Gratisticket f\u00fcr Vereine Der Freistaat Bayern \u00fcbernimmt k\u00fcnftig die GEMA-Geb\u00fchren f\u00fcr zwei Veranstaltungen pro Verein und pro Jahr. N\u00e4heres dar\u00fcber erfahren Sie hier Vereine Fuchzgerl-Fuchser Reichersdorf www.facebook.com FFW Enghausen-Priel Priel 985408 Gammelsdorf Tel. 08766 93 99 064E-Mail: strejc.flo@web.dewww.kfv-freising.de FFW Gammelsdorf Am Bachberg 485408 Gammelsdorf FFW Reichersdorf FVgg Gammelsdorf Friedrichstra\u00dfe 185408 Gammelsdorf E-Mail: [&hellip;]<\/p>\n","protected":false},"author":1,"featured_media":0,"parent":579,"menu_order":0,"comment_status":"closed","ping_status":"closed","template":"","meta":{"footnotes":""},"class_list":["post-583","page","type-page","status-publish","hentry"],"publishpress_future_action":{"enabled":false,"date":"2026-04-28 15:53:34","action":"change-status","newStatus":"draft","terms":[],"taxonomy":"","extraData":[]},"publishpress_future_workflow_manual_trigger":{"enabledWorkflows":[]},"_links":{"self":[{"href":"https:\/\/vg-mauern.de\/gammelsdorf\/wp-json\/wp\/v2\/pages\/583","targetHints":{"allow":["GET"]}}],"collection":[{"href":"https:\/\/vg-mauern.de\/gammelsdorf\/wp-json\/wp\/v2\/pages"}],"about":[{"href":"https:\/\/vg-mauern.de\/gammelsdorf\/wp-json\/wp\/v2\/types\/page"}],"author":[{"embeddable":true,"href":"https:\/\/vg-mauern.de\/gammelsdorf\/wp-json\/wp\/v2\/users\/1"}],"replies":[{"embeddable":true,"href":"https:\/\/vg-mauern.de\/gammelsdorf\/wp-json\/wp\/v2\/comments?post=583"}],"version-history":[{"count":10,"href":"https:\/\/vg-mauern.de\/gammelsdorf\/wp-json\/wp\/v2\/pages\/583\/revisions"}],"predecessor-version":[{"id":2524,"href":"https:\/\/vg-mauern.de\/gammelsdorf\/wp-json\/wp\/v2\/pages\/583\/revisions\/2524"}],"up":[{"embeddable":true,"href":"https:\/\/vg-mauern.de\/gammelsdorf\/wp-json\/wp\/v2\/pages\/579"}],"wp:attachment":[{"href":"https:\/\/vg-mauern.de\/gammelsdorf\/wp-json\/wp\/v2\/media?parent=583"}],"curies":[{"name":"wp","href":"https:\/\/api.w.org\/{rel}","templated":true}]}}