{"id":1064,"date":"2023-01-09T13:11:44","date_gmt":"2023-01-09T12:11:44","guid":{"rendered":"https:\/\/demo.vg-mauern.de\/hoergertshausen\/?page_id=1064"},"modified":"2025-03-19T12:10:14","modified_gmt":"2025-03-19T11:10:14","slug":"energie","status":"publish","type":"page","link":"https:\/\/vg-mauern.de\/hoergertshausen\/gemeinde\/energie\/","title":{"rendered":"Energie"},"content":{"rendered":"<h1>\n<p class=\"uk-article-title\">Energie<\/p>\n<\/h1>\n<h1>\n<p><span>In H\u00f6rgertshausen geht die 34. B\u00fcrger-Ladestation in Betrieb <\/span><\/p>\n<\/h1>\n<div>\n<p>Ausbau der B\u00fcrger-Lades\u00e4ulen im Landkreis Freising &#8211; erste \u00f6ffentliche Ladestation in H\u00f6rgertshausen.<\/p>\n<\/div>\n<p>\n    <a href=\"\/hoergertshausen\/wp-content\/uploads\/sites\/4\/2025\/03\/Inbetriebnahme-Buerger-Ladestation-Hoergertshausen.pdf\">N\u00e4heres dar\u00fcber erfahren Sie hier<\/a>\n<\/p>\n<div>\n<div>\n<p><img loading=\"lazy\" decoding=\"async\" src=\"https:\/\/vg-mauern.de\/hoergertshausen\/wp-content\/uploads\/sites\/4\/2025\/03\/Inbetriebnahme-Buerger-Ladestation-2-300x200.jpg\" alt=\"\" width=\"300\" height=\"200\" class=\"alignnone size-medium wp-image-2255\" srcset=\"https:\/\/vg-mauern.de\/hoergertshausen\/wp-content\/uploads\/sites\/4\/2025\/03\/Inbetriebnahme-Buerger-Ladestation-2-300x200.jpg 300w, https:\/\/vg-mauern.de\/hoergertshausen\/wp-content\/uploads\/sites\/4\/2025\/03\/Inbetriebnahme-Buerger-Ladestation-2-1024x683.jpg 1024w, https:\/\/vg-mauern.de\/hoergertshausen\/wp-content\/uploads\/sites\/4\/2025\/03\/Inbetriebnahme-Buerger-Ladestation-2-768x512.jpg 768w, https:\/\/vg-mauern.de\/hoergertshausen\/wp-content\/uploads\/sites\/4\/2025\/03\/Inbetriebnahme-Buerger-Ladestation-2-1536x1024.jpg 1536w, https:\/\/vg-mauern.de\/hoergertshausen\/wp-content\/uploads\/sites\/4\/2025\/03\/Inbetriebnahme-Buerger-Ladestation-2-2048x1365.jpg 2048w\" sizes=\"auto, (max-width: 300px) 100vw, 300px\" \/><\/p>\n<\/div>\n<\/div>\n<div>\n<p>Das B\u00fcrger-Ladenetz beschleunigt ma\u00dfgeblich die lokale Verkehrswende hin zur Elektromobilit\u00e4t. Das B\u00fcrger-Ladenetz wird auch mit B\u00fcrger-Strom aus Wind- und Sonnenenergie aus dem Landkreis versorgt und verbindet lokale Erzeugung mit lokalem Verbrauch. Weitere Informationen finden sie hier: <a href=\"https:\/\/beg-fs.de\/buerger-ladenetz\/\">https:\/\/beg-fs.de\/buerger-ladenetz\/<\/a><\/p>\n<\/div>\n<div>\n<p>_______________________________________________________________________________________________________________________________<\/p>\n<\/div>\n<h1>\n<p><span>1.<\/span> Nationale<span> Klimaschutzinitiative<\/span><\/p>\n<\/h1>\n<div>\n<p><span>Mit der Nationalen Klimaschutzinitiative initiiert und f\u00f6rdert das Bundesumweltministerium seit 2008 zahlreiche Projekte, die einen Beitrag zur Senkung der Treibhausgasemissionen leisten. Ihre Programme und Projekte decken ein breites Spektrum an Klimaschutzaktivit\u00e4ten ab: Von der Entwicklung langfristiger Strategien bis hin zu konkreten Hilfestellungen und investiven F\u00f6rderma\u00dfnahmen. Diese Vielfalt ist Garant f\u00fcr gute Ideen. Die Nationale Klimaschutzinitiative tr\u00e4gt zu einer Verankerung des Klimaschutzes vor Ort bei. Von ihr profitieren Verbraucherinnen und Verbraucher ebenso wie Unternehmen, Kommunen oder Bildungseinrichtungen<\/span>.<\/p>\n<ul>\n<li>Umr\u00fcstung der Stra\u00dfenbeleuchtung auf LED &#8211; Gemeinde H\u00f6rgertshausen<\/li>\n<li>Vorhaben: im Jahr 2022<\/li>\n<li>Beteiligte Partner: Bayernwerk Netz GmbH<\/li>\n<li>Durch die Umstellung der Stra\u00dfenbeleuchtung auf LED spart die Gemeinde H\u00f6rgertshausen 76 % ihres bisherigen Strombedarfs und leistet so einen Beitrag zum Klimaschutz<\/li>\n<\/ul>\n<p>N\u00e4here Informationen zum kommunalen Klimaschutz finden Sie auch unter:<\/p>\n<p><a href=\"https:\/\/www.klimaschutz.de\/de\/foerderung\/foerderprogramme\/kommunalrichtlinie-bis-november-2024\">www.klimaschutz.de\/kommunalrichtlinie<\/a><\/p>\n<\/div>\n<p><img decoding=\"async\" src=\"\/hoergertshausen\/wp-content\/uploads\/sites\/4\/2023\/01\/BMWK_NKI_Gefoerdert_RGB_DE_2022_quer.png\" alt=\"\"><\/p>\n<h1>\n<p><span>2.<\/span> Umr\u00fcstung der Stra\u00dfenbeleuchtung auf LED in der Gemeinde H\u00f6rgertshausen<\/p>\n<\/h1>\n<div>\n<p>Durch die Umstellung auf LED-Beleuchtung spart die Gemeinde 76 % ihres bisherigen Strombedarfs und leistet so einen Beitrag zum Klimaschutz. Das Vorhaben wird vom Bayerischen Staatsministerium f\u00fcr Umwelt und Verbraucherschutz gef\u00f6rdert (F\u00f6rderkennzeichen: 67K19610)<\/p>\n<p><img loading=\"lazy\" decoding=\"async\" src=\"https:\/\/vg-mauern.de\/hoergertshausen\/wp-content\/uploads\/sites\/4\/2025\/01\/firmierung_logo-1-3ded5e87-300x75.webp\" alt=\"\" width=\"300\" height=\"75\" class=\"alignnone size-medium wp-image-2199\" srcset=\"https:\/\/vg-mauern.de\/hoergertshausen\/wp-content\/uploads\/sites\/4\/2025\/01\/firmierung_logo-1-3ded5e87-300x75.webp 300w, https:\/\/vg-mauern.de\/hoergertshausen\/wp-content\/uploads\/sites\/4\/2025\/01\/firmierung_logo-1-3ded5e87.webp 768w\" sizes=\"auto, (max-width: 300px) 100vw, 300px\" \/><\/p>\n<\/div>\n<p><!--more--><br \/>\n<!-- {\"type\":\"layout\",\"children\":[{\"type\":\"section\",\"props\":{\"image_position\":\"center-center\",\"padding\":\"small\",\"padding_remove_bottom\":true,\"style\":\"default\",\"title_breakpoint\":\"xl\",\"title_position\":\"top-left\",\"title_rotation\":\"left\",\"vertical_align\":\"\",\"width\":\"default\"},\"children\":[{\"type\":\"row\",\"children\":[{\"type\":\"column\",\"props\":{\"image_position\":\"center-center\",\"position_sticky_breakpoint\":\"m\",\"width_medium\":\"1-1\"},\"children\":[{\"type\":\"breadcrumbs\",\"props\":{\"show_current\":true,\"show_home\":true}}]}]}]},{\"type\":\"section\",\"props\":{\"image_position\":\"center-center\",\"padding\":\"xsmall\",\"padding_remove_top\":false,\"style\":\"default\",\"title_breakpoint\":\"xl\",\"title_position\":\"top-left\",\"title_rotation\":\"left\",\"vertical_align\":\"\",\"width\":\"default\"},\"children\":[{\"type\":\"row\",\"children\":[{\"type\":\"column\",\"props\":{\"image_position\":\"center-center\",\"position_sticky_breakpoint\":\"m\"},\"children\":[{\"type\":\"headline\",\"props\":{\"content\":\"\n\n<p class=\\\"uk-article-title\\\">Energie<\\\/p>\",\"margin\":\"large\",\"margin_remove_bottom\":true,\"title_element\":\"h1\"},\"name\":\"\\u00dcberschrift\"},{\"type\":\"headline\",\"props\":{\"content\":\"\n\n<p><span>In H\\u00f6rgertshausen geht die 34. B\\u00fcrger-Ladestation in Betrieb <\\\/span><\\\/p>\",\"margin\":\"remove-vertical\",\"title_color\":\"primary\",\"title_element\":\"h1\",\"title_style\":\"h3\"},\"name\":\"Unter\\u00fcberschrift\"},{\"type\":\"text\",\"props\":{\"column_breakpoint\":\"m\",\"content\":\"\n\n<p>Ausbau der B\\u00fcrger-Lades\\u00e4ulen im Landkreis Freising - erste \\u00f6ffentliche Ladestation in H\\u00f6rgertshausen.<\\\/p>\",\"margin\":\"default\"}},{\"type\":\"button\",\"props\":{\"grid_column_gap\":\"small\",\"grid_row_gap\":\"small\",\"margin\":\"default\"},\"children\":[{\"type\":\"button_item\",\"props\":{\"button_style\":\"default\",\"content\":\"N\\u00e4heres dar\\u00fcber erfahren Sie hier\",\"icon_align\":\"left\",\"link\":\"wp-content\\\/uploads\\\/sites\\\/4\\\/2025\\\/03\\\/Inbetriebnahme-Buerger-Ladestation-Hoergertshausen.pdf\",\"link_target\":\"blank\"}}]},{\"type\":\"grid\",\"props\":{\"content_column_breakpoint\":\"m\",\"filter_align\":\"left\",\"filter_all\":true,\"filter_grid_breakpoint\":\"m\",\"filter_grid_width\":\"auto\",\"filter_position\":\"top\",\"filter_style\":\"tab\",\"grid_default\":\"1\",\"grid_medium\":\"3\",\"icon_width\":80,\"image_align\":\"top\",\"image_grid_breakpoint\":\"m\",\"image_grid_width\":\"1-2\",\"image_svg_color\":\"emphasis\",\"item_animation\":true,\"link_style\":\"default\",\"link_text\":\"Read more\",\"margin\":\"default\",\"meta_align\":\"below-title\",\"meta_element\":\"div\",\"meta_style\":\"text-meta\",\"show_content\":true,\"show_image\":true,\"show_link\":true,\"show_meta\":true,\"show_title\":true,\"title_align\":\"top\",\"title_element\":\"h3\",\"title_grid_breakpoint\":\"m\",\"title_grid_width\":\"1-2\",\"title_hover_style\":\"reset\"},\"children\":[{\"type\":\"grid_item\",\"props\":{\"content\":\"\n\n<p><img src=\\\"https:\\\/\\\/vg-mauern.de\\\/hoergertshausen\\\/wp-content\\\/uploads\\\/sites\\\/4\\\/2025\\\/03\\\/Inbetriebnahme-Buerger-Ladestation-2-300x200.jpg\\\" alt=\\\"\\\" width=\\\"300\\\" height=\\\"200\\\" class=\\\"alignnone size-medium wp-image-2255\\\" \\\/><\\\/p>\",\"title\":\"\"}}]},{\"type\":\"text\",\"props\":{\"column_breakpoint\":\"m\",\"content\":\"\n\n<p>Das B\\u00fcrger-Ladenetz beschleunigt ma\\u00dfgeblich die lokale Verkehrswende hin zur Elektromobilit\\u00e4t. Das B\\u00fcrger-Ladenetz wird auch mit B\\u00fcrger-Strom aus Wind- und Sonnenenergie aus dem Landkreis versorgt und verbindet lokale Erzeugung mit lokalem Verbrauch. Weitere Informationen finden sie hier: <a href=\\\"https:\\\/\\\/beg-fs.de\\\/buerger-ladenetz\\\/\\\">https:\\\/\\\/beg-fs.de\\\/buerger-ladenetz\\\/<\\\/a><\\\/p>\",\"margin\":\"default\"}},{\"type\":\"text\",\"props\":{\"column_breakpoint\":\"m\",\"content\":\"\n\n<p>_______________________________________________________________________________________________________________________________<\\\/p>\",\"margin\":\"default\"}},{\"type\":\"headline\",\"props\":{\"content\":\"\n\n<p><span>1.<\\\/span> Nationale<span> Klimaschutzinitiative<\\\/span><\\\/p>\",\"margin\":\"remove-vertical\",\"title_color\":\"primary\",\"title_element\":\"h1\",\"title_style\":\"h3\"},\"name\":\"Unter\\u00fcberschrift\"}]}]},{\"type\":\"row\",\"props\":{\"divider\":true,\"layout\":\"3-5,2-5\",\"margin_remove_top\":true},\"children\":[{\"type\":\"column\",\"props\":{\"image_position\":\"center-center\",\"position_sticky_breakpoint\":\"m\",\"width_medium\":\"3-5\"},\"children\":[{\"type\":\"text\",\"props\":{\"column_breakpoint\":\"m\",\"content\":\"\n\n<p><span>Mit der Nationalen Klimaschutzinitiative initiiert und f\\u00f6rdert das Bundesumweltministerium seit 2008 zahlreiche Projekte, die einen Beitrag zur Senkung der Treibhausgasemissionen leisten. Ihre Programme und Projekte decken ein breites Spektrum an Klimaschutzaktivit\\u00e4ten ab: Von der Entwicklung langfristiger Strategien bis hin zu konkreten Hilfestellungen und investiven F\\u00f6rderma\\u00dfnahmen. Diese Vielfalt ist Garant f\\u00fcr gute Ideen. Die Nationale Klimaschutzinitiative tr\\u00e4gt zu einer Verankerung des Klimaschutzes vor Ort bei. Von ihr profitieren Verbraucherinnen und Verbraucher ebenso wie Unternehmen, Kommunen oder Bildungseinrichtungen<\\\/span>.<\\\/p>\\n\n\n<ul>\\n\n\n<li>Umr\\u00fcstung der Stra\\u00dfenbeleuchtung auf LED - Gemeinde H\\u00f6rgertshausen<\\\/li>\\n\n\n<li>Vorhaben: im Jahr 2022<\\\/li>\\n\n\n<li>Beteiligte Partner: Bayernwerk Netz GmbH<\\\/li>\\n\n\n<li>Durch die Umstellung der Stra\\u00dfenbeleuchtung auf LED spart die Gemeinde H\\u00f6rgertshausen 76 % ihres bisherigen Strombedarfs und leistet so einen Beitrag zum Klimaschutz<\\\/li>\\n<\\\/ul>\\n\n\n<p>N\\u00e4here Informationen zum kommunalen Klimaschutz finden Sie auch unter:<\\\/p>\\n\n\n<p><a href=\\\"https:\\\/\\\/www.klimaschutz.de\\\/de\\\/foerderung\\\/foerderprogramme\\\/kommunalrichtlinie-bis-november-2024\\\">www.klimaschutz.de\\\/kommunalrichtlinie<\\\/a><\\\/p>\",\"margin\":\"default\"}}]},{\"type\":\"column\",\"props\":{\"image_position\":\"center-center\",\"position_sticky_breakpoint\":\"m\",\"width_medium\":\"2-5\"},\"children\":[{\"type\":\"image\",\"props\":{\"image\":\"wp-content\\\/uploads\\\/sites\\\/4\\\/2023\\\/01\\\/BMWK_NKI_Gefoerdert_RGB_DE_2022_quer.png\",\"image_svg_color\":\"emphasis\",\"image_width\":\"400\",\"margin\":\"default\"}}]}]},{\"type\":\"row\",\"children\":[{\"type\":\"column\",\"props\":{\"image_position\":\"center-center\",\"position_sticky_breakpoint\":\"m\"},\"children\":[{\"type\":\"headline\",\"props\":{\"content\":\"\n\n<p><span>2.<\\\/span> Umr\\u00fcstung der Stra\\u00dfenbeleuchtung auf LED in der Gemeinde H\\u00f6rgertshausen<\\\/p>\",\"margin\":\"remove-vertical\",\"title_color\":\"primary\",\"title_element\":\"h1\",\"title_style\":\"h3\"},\"name\":\"Unter\\u00fcberschrift\"},{\"type\":\"text\",\"props\":{\"column_breakpoint\":\"m\",\"content\":\"\n\n<p>Durch die Umstellung auf LED-Beleuchtung spart die Gemeinde 76 % ihres bisherigen Strombedarfs und leistet so einen Beitrag zum Klimaschutz. Das Vorhaben wird vom Bayerischen Staatsministerium f\\u00fcr Umwelt und Verbraucherschutz gef\\u00f6rdert (F\\u00f6rderkennzeichen: 67K19610)<\\\/p>\\n\n\n<p><img src=\\\"https:\\\/\\\/vg-mauern.de\\\/hoergertshausen\\\/wp-content\\\/uploads\\\/sites\\\/4\\\/2025\\\/01\\\/firmierung_logo-1-3ded5e87-300x75.webp\\\" alt=\\\"\\\" width=\\\"300\\\" height=\\\"75\\\" class=\\\"alignnone size-medium wp-image-2199\\\" \\\/><\\\/p>\",\"margin\":\"default\"}}]}]}],\"name\":\"Beitragsinhalt\"}],\"version\":\"4.4.16\"} --><\/p>\n","protected":false},"excerpt":{"rendered":"<p>Energie In H\u00f6rgertshausen geht die 34. B\u00fcrger-Ladestation in Betrieb Ausbau der B\u00fcrger-Lades\u00e4ulen im Landkreis Freising &#8211; erste \u00f6ffentliche Ladestation in H\u00f6rgertshausen. N\u00e4heres dar\u00fcber erfahren Sie hier Das B\u00fcrger-Ladenetz beschleunigt ma\u00dfgeblich die lokale Verkehrswende hin zur Elektromobilit\u00e4t. Das B\u00fcrger-Ladenetz wird auch mit B\u00fcrger-Strom aus Wind- und Sonnenenergie aus dem Landkreis versorgt und verbindet lokale Erzeugung mit [&hellip;]<\/p>\n","protected":false},"author":1,"featured_media":0,"parent":130,"menu_order":0,"comment_status":"closed","ping_status":"closed","template":"","meta":{"footnotes":""},"class_list":["post-1064","page","type-page","status-publish","hentry"],"publishpress_future_action":{"enabled":false,"date":"2026-04-19 13:22:43","action":"change-status","newStatus":"draft","terms":[],"taxonomy":"","extraData":[]},"publishpress_future_workflow_manual_trigger":{"enabledWorkflows":[]},"_links":{"self":[{"href":"https:\/\/vg-mauern.de\/hoergertshausen\/wp-json\/wp\/v2\/pages\/1064","targetHints":{"allow":["GET"]}}],"collection":[{"href":"https:\/\/vg-mauern.de\/hoergertshausen\/wp-json\/wp\/v2\/pages"}],"about":[{"href":"https:\/\/vg-mauern.de\/hoergertshausen\/wp-json\/wp\/v2\/types\/page"}],"author":[{"embeddable":true,"href":"https:\/\/vg-mauern.de\/hoergertshausen\/wp-json\/wp\/v2\/users\/1"}],"replies":[{"embeddable":true,"href":"https:\/\/vg-mauern.de\/hoergertshausen\/wp-json\/wp\/v2\/comments?post=1064"}],"version-history":[{"count":10,"href":"https:\/\/vg-mauern.de\/hoergertshausen\/wp-json\/wp\/v2\/pages\/1064\/revisions"}],"predecessor-version":[{"id":2266,"href":"https:\/\/vg-mauern.de\/hoergertshausen\/wp-json\/wp\/v2\/pages\/1064\/revisions\/2266"}],"up":[{"embeddable":true,"href":"https:\/\/vg-mauern.de\/hoergertshausen\/wp-json\/wp\/v2\/pages\/130"}],"wp:attachment":[{"href":"https:\/\/vg-mauern.de\/hoergertshausen\/wp-json\/wp\/v2\/media?parent=1064"}],"curies":[{"name":"wp","href":"https:\/\/api.w.org\/{rel}","templated":true}]}}