{"id":130,"date":"2022-03-18T11:34:39","date_gmt":"2022-03-18T10:34:39","guid":{"rendered":"https:\/\/demo.vg-mauern.de\/hoergertshausen\/?page_id=130"},"modified":"2022-03-18T12:28:48","modified_gmt":"2022-03-18T11:28:48","slug":"gemeinde","status":"publish","type":"page","link":"https:\/\/vg-mauern.de\/hoergertshausen\/gemeinde\/","title":{"rendered":"Gemeinde"},"content":{"rendered":"<h1>\u00dcber die Gemeinde<\/h1>\n<ul>\n<li>\n        <a href=\"#ortsteile\">Ortsteile<\/a>\n    <\/li>\n<li>\n        <a href=\"#zahlen_daten\">Zahlen und Daten<\/a>\n    <\/li>\n<li>\n        <a href=\"#wappen\">Wappen<\/a>\n    <\/li>\n<\/ul>\n<h2>Ortsteile der Gemeinde Mauern<\/h2>\n<ul>\n<li>\n<div>\n<p>Ammersberg<\/p>\n<\/div>\n<\/li>\n<li>\n<div>Bergmartl<\/div>\n<\/li>\n<li>\n<div> Doidorf<\/div>\n<\/li>\n<li>\n<div> Eckelsberg<\/div>\n<\/li>\n<li>\n<div> Fuchswinkel<\/div>\n<\/li>\n<li>\n<div> Goglhof<\/div>\n<\/li>\n<li>\n<div>Gr\u00f6ben<\/div>\n<\/li>\n<li>\n<div>G\u00fctersberg<\/div>\n<\/li>\n<li>\n<div>Haider<\/div>\n<\/li>\n<li>\n<div>Haslreuth<\/div>\n<\/li>\n<li>\n<div>Hinterschlag<\/div>\n<\/li>\n<li>\n<div>H\u00f6fl<\/div>\n<\/li>\n<li>\n<div>Holzhaus<\/div>\n<\/li>\n<\/ul>\n<ul>\n<li>\n<div>Holzh\u00e4useln<\/div>\n<\/li>\n<li>\n<div>Holzmichl<\/div>\n<\/li>\n<li>\n<div>Hub<\/div>\n<\/li>\n<li>\n<div>Kehrer am Biber<\/div>\n<\/li>\n<li>\n<div>Kimoden\n<\/div>\n<\/li>\n<li>\n<div>Lackermann\n<\/div>\n<\/li>\n<li>\n<div>Limmer zu den Linden<\/div>\n<\/li>\n<li>\n<div>Margarethenried\n<\/div>\n<\/li>\n<li>\n<div>Neu\u00f6d\n<\/div>\n<\/li>\n<li>\n<div>Niedersch\u00f6nbuch\n<\/div>\n<\/li>\n<li>\n<div>Obersch\u00f6nbuch\n<\/div>\n<\/li>\n<li>\n<div>\u00d6d\n<\/div>\n<\/li>\n<li>\n<div>Peterswahl<\/div>\n<\/li>\n<\/ul>\n<ul>\n<li>\n<div>Sielstetten\n<\/div>\n<\/li>\n<li>\n<div>Sixt in der Point\n<\/div>\n<\/li>\n<li>\n<div>Reissen\n<\/div>\n<\/li>\n<li>\n<div>Sammetsreith\n<\/div>\n<\/li>\n<li>\n<div>Saxberg\n<\/div>\n<\/li>\n<li>\n<div>Schlagh\u00e4useln\n<\/div>\n<\/li>\n<li>\n<div>Spitzstidl\n<\/div>\n<\/li>\n<li>\n<div>Stadlhof\n<\/div>\n<\/li>\n<li>\n<div>St. Alban\n<\/div>\n<\/li>\n<li>\n<div>Vorderschlag\n<\/div>\n<\/li>\n<li>\n<div>Wies\n<\/div>\n<\/li>\n<li>\n<div>Wiesenberg<\/div>\n<\/li>\n<\/ul>\n<h2>Zahlen und Daten<\/h2>\n<div>\n<p>Wir m\u00f6chten Ihnen im Folgenden einen kurzen Wegweiser durch die Gemeinde H\u00f6rgertshausen an die Hand geben.<\/p>\n<p>Die knapp 1900 Einwohner z\u00e4hlende Gemeinde liegt in der Hallertau &#8211; genauer gesagt in der s\u00fcdlichen Hallertau. Die Eiszeit formte diese Landschaft endg\u00fcltig aus Sand, Kies, Lehm und Ton. Es ist eine liebliche, ruhige Landschaft mit vielen kleinen D\u00f6rfern, Weilern und Ein\u00f6dsh\u00f6fen.<\/p>\n<p>Wir w\u00fcnschen Ihnen viel Spa\u00df bei Ihrem virtuellen Spaziergang durch H\u00f6rgertshausen und hoffen, dass Sie alle gew\u00fcnschten Informationen erhalten. Sollten noch Fragen offen bleiben, z\u00f6gern Sie nicht, uns per E-Mail, Telefon oder Fax zu kontaktieren. Auch eventuelle und konstruktive Verbesserungsvorschl\u00e4ge sind stets willkommen.<\/p>\n<\/div>\n<h2>Wappen<\/h2>\n<p><img decoding=\"async\" src=\"\/hoergertshausen\/wp-content\/uploads\/sites\/4\/2022\/03\/favicon_hoergertshausen.svg\" alt=\"\"><\/p>\n<h3>Wappengeschichte<\/h3>\n<div>\n<p>Die Doppelstufe ist das heraldische Kennzeichen der altbayerischen Adelsfamilie von Seiboldsdorf, die als Inhaberin der Hofmark H\u00f6rgertshausen von 1549 bis ins 19. Jahrhundert Grundherrschafts- und Niedergerichtsrechte in H\u00f6rgertshausen und zahlreichen weiteren Orten der heutigen Gemeinde aus\u00fcbte. Das Schwert, hier Attribut des heiligen Alban, verweist auf die fr\u00fcher gut besuchte Wallfahrt im Ortsteil St. Alban, wo allj\u00e4hrlich der durch Kurf\u00fcrst Max Emanuel best\u00e4tigte, weithin bekannte Albiganer Markt stattfindet.<\/p>\n<\/div>\n<hr>\n<h3>Wappendaten<\/h3>\n<div>\n<p>Wappenf\u00fchrung seit: 1976<br \/>Rechtsgrundlage: Beschluss des Gemeinderats und Zustimmung der Regierung von Oberbayern<br \/>Beleg: Schreiben der Regierung von Oberbayern vom 14.05.1976<br \/>Elemente aus Familienwappen: von Seiboldsdorf<\/p>\n<\/div>\n<p><!--more--><br \/>\n<!-- {\"name\":\"gemeinde\",\"type\":\"layout\",\"children\":[{\"type\":\"section\",\"props\":{\"style\":\"default\",\"width\":\"default\",\"vertical_align\":\"middle\",\"title_position\":\"top-left\",\"title_rotation\":\"left\",\"title_breakpoint\":\"xl\",\"image_position\":\"center-center\",\"padding\":\"small\",\"padding_remove_bottom\":true},\"children\":[{\"type\":\"row\",\"children\":[{\"type\":\"column\",\"props\":{\"position_sticky_breakpoint\":\"m\",\"image_position\":\"center-center\",\"media_overlay_gradient\":\"\",\"width_medium\":\"1-1\"},\"children\":[{\"type\":\"breadcrumbs\",\"props\":{\"show_home\":true,\"show_current\":true}}]}]}]},{\"type\":\"section\",\"props\":{\"style\":\"default\",\"width\":\"default\",\"vertical_align\":\"middle\",\"title_position\":\"top-left\",\"title_rotation\":\"left\",\"title_breakpoint\":\"xl\",\"image_position\":\"center-center\"},\"children\":[{\"type\":\"row\",\"children\":[{\"type\":\"column\",\"props\":{\"position_sticky_breakpoint\":\"m\",\"image_position\":\"center-center\",\"media_overlay_gradient\":\"\"},\"children\":[{\"type\":\"headline\",\"props\":{\"title_element\":\"h1\",\"content\":\"\\u00dcber die Gemeinde\",\"title_style\":\"heading-small\"}},{\"type\":\"subnav\",\"props\":{\"subnav_style\":\"pill\"},\"children\":[{\"type\":\"subnav_item\",\"props\":{\"content\":\"Ortsteile\",\"link\":\"#ortsteile\"}},{\"type\":\"subnav_item\",\"props\":{\"content\":\"Zahlen und Daten\",\"link\":\"#zahlen_daten\"}},{\"type\":\"subnav_item\",\"props\":{\"content\":\"Wappen\",\"link\":\"#wappen\"}}]}]}]}]},{\"type\":\"section\",\"props\":{\"style\":\"default\",\"width\":\"default\",\"vertical_align\":\"middle\",\"title_position\":\"top-left\",\"title_rotation\":\"left\",\"title_breakpoint\":\"xl\",\"image_position\":\"center-center\",\"id\":\"ortsteile\"},\"children\":[{\"type\":\"row\",\"children\":[{\"type\":\"column\",\"props\":{\"position_sticky_breakpoint\":\"m\",\"image_position\":\"center-center\",\"media_overlay_gradient\":\"\"},\"children\":[{\"type\":\"headline\",\"props\":{\"title_element\":\"h2\",\"content\":\"Ortsteile der Gemeinde Mauern\",\"title_color\":\"primary\"}}]}]},{\"type\":\"row\",\"props\":{\"layout\":\"1-3,1-3,1-3\"},\"children\":[{\"type\":\"column\",\"props\":{\"position_sticky_breakpoint\":\"m\",\"image_position\":\"center-center\",\"media_overlay_gradient\":\"\",\"width_medium\":\"1-3\"},\"children\":[{\"type\":\"list\",\"props\":{\"show_image\":true,\"show_link\":true,\"list_type\":\"vertical\",\"list_element\":\"ul\",\"list_horizontal_separator\":\", \",\"column_breakpoint\":\"m\",\"image_svg_color\":\"emphasis\",\"image_align\":\"left\",\"image_vertical_align\":false,\"icon_color\":\"primary\",\"icon\":\"check\",\"list_style\":\"divider\",\"column_divider\":false},\"children\":[{\"type\":\"list_item\",\"props\":{\"content\":\"\n\n<p>Ammersberg<\\\/p>\"}},{\"type\":\"list_item\",\"props\":{\"content\":\"Bergmartl\"}},{\"type\":\"list_item\",\"props\":{\"content\":\" Doidorf\"}},{\"type\":\"list_item\",\"props\":{\"content\":\" Eckelsberg\"}},{\"type\":\"list_item\",\"props\":{\"content\":\" Fuchswinkel\"}},{\"type\":\"list_item\",\"props\":{\"content\":\" Goglhof\"}},{\"type\":\"list_item\",\"props\":{\"content\":\"Gr\\u00f6ben\"}},{\"type\":\"list_item\",\"props\":{\"content\":\"G\\u00fctersberg\"}},{\"type\":\"list_item\",\"props\":{\"content\":\"Haider\"}},{\"type\":\"list_item\",\"props\":{\"content\":\"Haslreuth\"}},{\"type\":\"list_item\",\"props\":{\"content\":\"Hinterschlag\"}},{\"type\":\"list_item\",\"props\":{\"content\":\"H\\u00f6fl\"}},{\"type\":\"list_item\",\"props\":{\"content\":\"Holzhaus\"}}]}]},{\"type\":\"column\",\"props\":{\"position_sticky_breakpoint\":\"m\",\"image_position\":\"center-center\",\"media_overlay_gradient\":\"\",\"width_medium\":\"1-3\"},\"children\":[{\"type\":\"list\",\"props\":{\"show_image\":true,\"show_link\":true,\"list_type\":\"vertical\",\"list_element\":\"ul\",\"list_horizontal_separator\":\", \",\"column_breakpoint\":\"m\",\"image_svg_color\":\"emphasis\",\"image_align\":\"left\",\"image_vertical_align\":false,\"icon_color\":\"primary\",\"icon\":\"check\",\"list_style\":\"divider\",\"column_divider\":false},\"children\":[{\"type\":\"list_item\",\"props\":{\"content\":\"Holzh\\u00e4useln\"}},{\"type\":\"list_item\",\"props\":{\"content\":\"Holzmichl\"}},{\"type\":\"list_item\",\"props\":{\"content\":\"Hub\"}},{\"type\":\"list_item\",\"props\":{\"content\":\"Kehrer am Biber\"}},{\"type\":\"list_item\",\"props\":{\"content\":\"Kimoden\\n\"}},{\"type\":\"list_item\",\"props\":{\"content\":\"Lackermann\\n\"}},{\"type\":\"list_item\",\"props\":{\"content\":\"Limmer zu den Linden\"}},{\"type\":\"list_item\",\"props\":{\"content\":\"Margarethenried\\n\"}},{\"type\":\"list_item\",\"props\":{\"content\":\"Neu\\u00f6d\\n\"}},{\"type\":\"list_item\",\"props\":{\"content\":\"Niedersch\\u00f6nbuch\\n\"}},{\"type\":\"list_item\",\"props\":{\"content\":\"Obersch\\u00f6nbuch\\n\"}},{\"type\":\"list_item\",\"props\":{\"content\":\"\\u00d6d\\n\"}},{\"type\":\"list_item\",\"props\":{\"content\":\"Peterswahl\"}}]}]},{\"type\":\"column\",\"props\":{\"position_sticky_breakpoint\":\"m\",\"image_position\":\"center-center\",\"media_overlay_gradient\":\"\",\"width_medium\":\"1-3\"},\"children\":[{\"type\":\"list\",\"props\":{\"show_image\":true,\"show_link\":true,\"list_type\":\"vertical\",\"list_element\":\"ul\",\"list_horizontal_separator\":\", \",\"column_breakpoint\":\"m\",\"image_svg_color\":\"emphasis\",\"image_align\":\"left\",\"image_vertical_align\":false,\"icon_color\":\"primary\",\"icon\":\"check\",\"list_style\":\"divider\",\"column_divider\":false},\"children\":[{\"type\":\"list_item\",\"props\":{\"content\":\"Sielstetten\\n\"}},{\"type\":\"list_item\",\"props\":{\"content\":\"Sixt in der Point\\n\"}},{\"type\":\"list_item\",\"props\":{\"content\":\"Reissen\\n\"}},{\"type\":\"list_item\",\"props\":{\"content\":\"Sammetsreith\\n\"}},{\"type\":\"list_item\",\"props\":{\"content\":\"Saxberg\\n\"}},{\"type\":\"list_item\",\"props\":{\"content\":\"Schlagh\\u00e4useln\\n\"}},{\"type\":\"list_item\",\"props\":{\"content\":\"Spitzstidl\\n\"}},{\"type\":\"list_item\",\"props\":{\"content\":\"Stadlhof\\n\"}},{\"type\":\"list_item\",\"props\":{\"content\":\"St. Alban\\n\"}},{\"type\":\"list_item\",\"props\":{\"content\":\"Vorderschlag\\n\"}},{\"type\":\"list_item\",\"props\":{\"content\":\"Wies\\n\"}},{\"type\":\"list_item\",\"props\":{\"content\":\"Wiesenberg\"}}]}]}]}],\"name\":\"Ortsteile\"},{\"type\":\"section\",\"props\":{\"style\":\"default\",\"width\":\"default\",\"vertical_align\":\"middle\",\"title_position\":\"top-left\",\"title_rotation\":\"left\",\"title_breakpoint\":\"xl\",\"image_position\":\"center-center\",\"id\":\"zahlen_daten\"},\"children\":[{\"type\":\"row\",\"children\":[{\"type\":\"column\",\"props\":{\"position_sticky_breakpoint\":\"m\",\"image_position\":\"center-center\",\"media_overlay_gradient\":\"\"},\"children\":[{\"type\":\"headline\",\"props\":{\"title_element\":\"h2\",\"content\":\"Zahlen und Daten\",\"title_color\":\"primary\"}},{\"type\":\"text\",\"props\":{\"margin\":\"default\",\"column_breakpoint\":\"m\",\"content\":\"\n\n<p>Wir m\\u00f6chten Ihnen im Folgenden einen kurzen Wegweiser durch die Gemeinde H\\u00f6rgertshausen an die Hand geben.<\\\/p>\\n\n\n<p>Die knapp 1900 Einwohner z\\u00e4hlende Gemeinde liegt in der Hallertau - genauer gesagt in der s\\u00fcdlichen Hallertau. Die Eiszeit formte diese Landschaft endg\\u00fcltig aus Sand, Kies, Lehm und Ton. Es ist eine liebliche, ruhige Landschaft mit vielen kleinen D\\u00f6rfern, Weilern und Ein\\u00f6dsh\\u00f6fen.<\\\/p>\\n\n\n<p>Wir w\\u00fcnschen Ihnen viel Spa\\u00df bei Ihrem virtuellen Spaziergang durch H\\u00f6rgertshausen und hoffen, dass Sie alle gew\\u00fcnschten Informationen erhalten. Sollten noch Fragen offen bleiben, z\\u00f6gern Sie nicht, uns per E-Mail, Telefon oder Fax zu kontaktieren. Auch eventuelle und konstruktive Verbesserungsvorschl\\u00e4ge sind stets willkommen.<\\\/p>\"}}]}]}],\"name\":\"Zahlen und Daten\"},{\"type\":\"section\",\"props\":{\"style\":\"default\",\"width\":\"default\",\"vertical_align\":\"middle\",\"title_position\":\"top-left\",\"title_rotation\":\"left\",\"title_breakpoint\":\"xl\",\"image_position\":\"center-center\",\"id\":\"wappen\"},\"children\":[{\"type\":\"row\",\"children\":[{\"type\":\"column\",\"props\":{\"position_sticky_breakpoint\":\"m\",\"image_position\":\"center-center\",\"media_overlay_gradient\":\"\"},\"children\":[{\"type\":\"headline\",\"props\":{\"title_element\":\"h2\",\"content\":\"Wappen\",\"title_color\":\"primary\"}}]}]},{\"type\":\"row\",\"props\":{\"layout\":\"1-3,2-3\"},\"children\":[{\"type\":\"column\",\"props\":{\"position_sticky_breakpoint\":\"m\",\"image_position\":\"center-center\",\"media_overlay_gradient\":\"\",\"width_medium\":\"1-3\",\"vertical_align\":\"middle\"},\"children\":[{\"type\":\"image\",\"props\":{\"margin\":\"default\",\"image_svg_color\":\"emphasis\",\"image_width\":\"400\",\"image\":\"wp-content\\\/uploads\\\/sites\\\/4\\\/2022\\\/03\\\/favicon_hoergertshausen.svg\",\"text_align\":\"center\"}}]},{\"type\":\"column\",\"props\":{\"position_sticky_breakpoint\":\"m\",\"image_position\":\"center-center\",\"media_overlay_gradient\":\"\",\"width_medium\":\"2-3\",\"order_first\":\"m\"},\"children\":[{\"type\":\"headline\",\"props\":{\"title_element\":\"h3\",\"content\":\"Wappengeschichte\",\"title_color\":\"primary\"}},{\"type\":\"text\",\"props\":{\"margin\":\"default\",\"column_breakpoint\":\"m\",\"content\":\"\n\n<p>Die Doppelstufe ist das heraldische Kennzeichen der altbayerischen Adelsfamilie von Seiboldsdorf, die als Inhaberin der Hofmark H\\u00f6rgertshausen von 1549 bis ins 19. Jahrhundert Grundherrschafts- und Niedergerichtsrechte in H\\u00f6rgertshausen und zahlreichen weiteren Orten der heutigen Gemeinde aus\\u00fcbte. Das Schwert, hier Attribut des heiligen Alban, verweist auf die fr\\u00fcher gut besuchte Wallfahrt im Ortsteil St. Alban, wo allj\\u00e4hrlich der durch Kurf\\u00fcrst Max Emanuel best\\u00e4tigte, weithin bekannte Albiganer Markt stattfindet.<\\\/p>\"}},{\"type\":\"divider\",\"props\":{\"divider_element\":\"hr\"}},{\"type\":\"headline\",\"props\":{\"title_element\":\"h3\",\"content\":\"Wappendaten\",\"title_color\":\"primary\"}},{\"type\":\"text\",\"props\":{\"margin\":\"default\",\"column_breakpoint\":\"m\",\"content\":\"\n\n<p>Wappenf\\u00fchrung seit: 1976<br \\\/>Rechtsgrundlage: Beschluss des Gemeinderats und Zustimmung der Regierung von Oberbayern<br \\\/>Beleg: Schreiben der Regierung von Oberbayern vom 14.05.1976<br \\\/>Elemente aus Familienwappen: von Seiboldsdorf<\\\/p>\"}}]}]}],\"name\":\"Wappen\"}],\"version\":\"2.7.20\"} --><\/p>\n","protected":false},"excerpt":{"rendered":"<p>\u00dcber die Gemeinde Ortsteile Zahlen und Daten Wappen Ortsteile der Gemeinde Mauern Ammersberg Bergmartl Doidorf Eckelsberg Fuchswinkel Goglhof Gr\u00f6ben G\u00fctersberg Haider Haslreuth Hinterschlag H\u00f6fl Holzhaus Holzh\u00e4useln Holzmichl Hub Kehrer am Biber Kimoden Lackermann Limmer zu den Linden Margarethenried Neu\u00f6d Niedersch\u00f6nbuch Obersch\u00f6nbuch \u00d6d Peterswahl Sielstetten Sixt in der Point Reissen Sammetsreith Saxberg Schlagh\u00e4useln Spitzstidl Stadlhof St. [&hellip;]<\/p>\n","protected":false},"author":1,"featured_media":0,"parent":0,"menu_order":0,"comment_status":"closed","ping_status":"closed","template":"","meta":{"footnotes":""},"class_list":["post-130","page","type-page","status-publish","hentry"],"publishpress_future_action":{"enabled":false,"date":"2026-05-11 01:54:28","action":"change-status","newStatus":"draft","terms":[],"taxonomy":"","extraData":[]},"publishpress_future_workflow_manual_trigger":{"enabledWorkflows":[]},"_links":{"self":[{"href":"https:\/\/vg-mauern.de\/hoergertshausen\/wp-json\/wp\/v2\/pages\/130","targetHints":{"allow":["GET"]}}],"collection":[{"href":"https:\/\/vg-mauern.de\/hoergertshausen\/wp-json\/wp\/v2\/pages"}],"about":[{"href":"https:\/\/vg-mauern.de\/hoergertshausen\/wp-json\/wp\/v2\/types\/page"}],"author":[{"embeddable":true,"href":"https:\/\/vg-mauern.de\/hoergertshausen\/wp-json\/wp\/v2\/users\/1"}],"replies":[{"embeddable":true,"href":"https:\/\/vg-mauern.de\/hoergertshausen\/wp-json\/wp\/v2\/comments?post=130"}],"version-history":[{"count":13,"href":"https:\/\/vg-mauern.de\/hoergertshausen\/wp-json\/wp\/v2\/pages\/130\/revisions"}],"predecessor-version":[{"id":214,"href":"https:\/\/vg-mauern.de\/hoergertshausen\/wp-json\/wp\/v2\/pages\/130\/revisions\/214"}],"wp:attachment":[{"href":"https:\/\/vg-mauern.de\/hoergertshausen\/wp-json\/wp\/v2\/media?parent=130"}],"curies":[{"name":"wp","href":"https:\/\/api.w.org\/{rel}","templated":true}]}}