{"id":1337,"date":"2023-06-05T15:34:18","date_gmt":"2023-06-05T13:34:18","guid":{"rendered":"https:\/\/vg-mauern.de\/hoergertshausen\/?page_id=1337"},"modified":"2026-02-17T10:56:57","modified_gmt":"2026-02-17T09:56:57","slug":"plakatierungsverordnung","status":"publish","type":"page","link":"https:\/\/vg-mauern.de\/hoergertshausen\/plakatierungsverordnung\/","title":{"rendered":"Plakatierungsverordnung"},"content":{"rendered":"<h1>Plakatierung<\/h1>\n<div>\n<p>Die VG-Gemeinden Gammelsdorf, H\u00f6rgertshausen und Wang verf\u00fcgen derzeit \u00fcber keine Plakatierungsverordnung. Dies bedeutet f\u00fcr Sie, dass ein Antrag zur Plakatierung\/Errichtung von Plakatst\u00e4ndern auf \u00f6ffentlichen Verkehrsfl\u00e4chen entsprechend den Vorschriften der Stra\u00dfenverkehrsordnung und des Bayerischen Stra\u00dfen- und Wegegesetzes bei der Gemeinde eingereicht werden muss.<\/p>\n<p>Beachten Sie bitte, dass keine verkehrsregelnden und -lenkenden Einrichtungen beschildert werden d\u00fcrfen. Das Anbringen von Anschl\u00e4gen (insbesondere Plakaten) als Werbemittel f\u00fcr Ihre Veranstaltung an \u00f6ffentlichen Geb\u00e4uden, Br\u00fcckenbauwerken, \u00dcberf\u00fchrungen, \u00dcberbauungen, Trafoh\u00e4uschen, Schaltk\u00e4sten, Verkehrshinweisschildern, Lichtmasten bzw. B\u00e4umen in Gr\u00fcnstreifen ist verboten. Eine Aufstellung von Werbeanlagen au\u00dferhalb geschlossener Ortschaften ist nicht erlaubt.<\/p>\n<p>Bitte beachten Sie auch, die aufgestellten Plakate bis sp\u00e4testens einen Tag nach der Veranstaltung wieder zu entfernen.<\/p>\n<p>Antrag auf<\/p>\n<ul>\n<li><a href=\"https:\/\/formular.komuna.net\/intelliform\/forms\/mauern\/verwaltung\/pool\/antr_verkehrsregelung\/index\">Verkehrsrechtliche Anordnung<\/a><\/li>\n<li><a href=\"https:\/\/formular.komuna.net\/intelliform\/forms\/mauern\/verwaltung\/pool\/antr_sondernutzungplakat\/index\">Sondernutzung<\/a><\/li>\n<\/ul>\n<\/div>\n<p><!--more--><br \/>\n<!-- {\"type\":\"layout\",\"children\":[{\"type\":\"section\",\"props\":{\"image_position\":\"center-center\",\"style\":\"default\",\"title_breakpoint\":\"xl\",\"title_position\":\"top-left\",\"title_rotation\":\"left\",\"vertical_align\":\"\",\"width\":\"default\"},\"children\":[{\"type\":\"row\",\"children\":[{\"type\":\"column\",\"props\":{\"image_position\":\"center-center\",\"position_sticky_breakpoint\":\"m\"},\"children\":[{\"type\":\"headline\",\"props\":{\"content\":\"Plakatierung\",\"title_element\":\"h1\"}},{\"type\":\"text\",\"props\":{\"column_breakpoint\":\"m\",\"content\":\"\n\n<p>Die VG-Gemeinden Gammelsdorf, H\\u00f6rgertshausen und Wang verf\\u00fcgen derzeit \\u00fcber keine Plakatierungsverordnung. Dies bedeutet f\\u00fcr Sie, dass ein Antrag zur Plakatierung\\\/Errichtung von Plakatst\\u00e4ndern auf \\u00f6ffentlichen Verkehrsfl\\u00e4chen entsprechend den Vorschriften der Stra\\u00dfenverkehrsordnung und des Bayerischen Stra\\u00dfen- und Wegegesetzes bei der Gemeinde eingereicht werden muss.<\\\/p>\\n\n\n<p>Beachten Sie bitte, dass keine verkehrsregelnden und -lenkenden Einrichtungen beschildert werden d\\u00fcrfen. Das Anbringen von Anschl\\u00e4gen (insbesondere Plakaten) als Werbemittel f\\u00fcr Ihre Veranstaltung an \\u00f6ffentlichen Geb\\u00e4uden, Br\\u00fcckenbauwerken, \\u00dcberf\\u00fchrungen, \\u00dcberbauungen, Trafoh\\u00e4uschen, Schaltk\\u00e4sten, Verkehrshinweisschildern, Lichtmasten bzw. B\\u00e4umen in Gr\\u00fcnstreifen ist verboten. Eine Aufstellung von Werbeanlagen au\\u00dferhalb geschlossener Ortschaften ist nicht erlaubt.<\\\/p>\\n\n\n<p>Bitte beachten Sie auch, die aufgestellten Plakate bis sp\\u00e4testens einen Tag nach der Veranstaltung wieder zu entfernen.<\\\/p>\\n\n\n<p>Antrag auf<\\\/p>\\n\n\n<ul>\\n\n\n<li><a href=\\\"https:\\\/\\\/formular.komuna.net\\\/intelliform\\\/forms\\\/mauern\\\/verwaltung\\\/pool\\\/antr_verkehrsregelung\\\/index\\\">Verkehrsrechtliche Anordnung<\\\/a><\\\/li>\\n\n\n<li><a href=\\\"https:\\\/\\\/formular.komuna.net\\\/intelliform\\\/forms\\\/mauern\\\/verwaltung\\\/pool\\\/antr_sondernutzungplakat\\\/index\\\">Sondernutzung<\\\/a><\\\/li>\\n<\\\/ul>\",\"margin\":\"default\"}}]}]}]}],\"version\":\"4.4.16\"} --><\/p>\n","protected":false},"excerpt":{"rendered":"<p>Plakatierung Die VG-Gemeinden Gammelsdorf, H\u00f6rgertshausen und Wang verf\u00fcgen derzeit \u00fcber keine Plakatierungsverordnung. Dies bedeutet f\u00fcr Sie, dass ein Antrag zur Plakatierung\/Errichtung von Plakatst\u00e4ndern auf \u00f6ffentlichen Verkehrsfl\u00e4chen entsprechend den Vorschriften der Stra\u00dfenverkehrsordnung und des Bayerischen Stra\u00dfen- und Wegegesetzes bei der Gemeinde eingereicht werden muss. Beachten Sie bitte, dass keine verkehrsregelnden und -lenkenden Einrichtungen beschildert werden d\u00fcrfen. [&hellip;]<\/p>\n","protected":false},"author":1,"featured_media":0,"parent":0,"menu_order":0,"comment_status":"closed","ping_status":"closed","template":"","meta":{"footnotes":""},"class_list":["post-1337","page","type-page","status-publish","hentry"],"publishpress_future_action":{"enabled":false,"date":"2026-04-17 13:04:08","action":"change-status","newStatus":"draft","terms":[],"taxonomy":"","extraData":[]},"publishpress_future_workflow_manual_trigger":{"enabledWorkflows":[]},"_links":{"self":[{"href":"https:\/\/vg-mauern.de\/hoergertshausen\/wp-json\/wp\/v2\/pages\/1337","targetHints":{"allow":["GET"]}}],"collection":[{"href":"https:\/\/vg-mauern.de\/hoergertshausen\/wp-json\/wp\/v2\/pages"}],"about":[{"href":"https:\/\/vg-mauern.de\/hoergertshausen\/wp-json\/wp\/v2\/types\/page"}],"author":[{"embeddable":true,"href":"https:\/\/vg-mauern.de\/hoergertshausen\/wp-json\/wp\/v2\/users\/1"}],"replies":[{"embeddable":true,"href":"https:\/\/vg-mauern.de\/hoergertshausen\/wp-json\/wp\/v2\/comments?post=1337"}],"version-history":[{"count":10,"href":"https:\/\/vg-mauern.de\/hoergertshausen\/wp-json\/wp\/v2\/pages\/1337\/revisions"}],"predecessor-version":[{"id":2679,"href":"https:\/\/vg-mauern.de\/hoergertshausen\/wp-json\/wp\/v2\/pages\/1337\/revisions\/2679"}],"wp:attachment":[{"href":"https:\/\/vg-mauern.de\/hoergertshausen\/wp-json\/wp\/v2\/media?parent=1337"}],"curies":[{"name":"wp","href":"https:\/\/api.w.org\/{rel}","templated":true}]}}