{"id":152,"date":"2022-03-18T11:43:45","date_gmt":"2022-03-18T10:43:45","guid":{"rendered":"https:\/\/demo.vg-mauern.de\/hoergertshausen\/?page_id=152"},"modified":"2026-03-30T12:18:51","modified_gmt":"2026-03-30T10:18:51","slug":"satzungen","status":"publish","type":"page","link":"https:\/\/vg-mauern.de\/hoergertshausen\/gemeinde\/satzungen\/","title":{"rendered":"Satzungen"},"content":{"rendered":"<h1>Satzungen<\/h1>\n<ul>\n<li>\n<p><a href=\"\/hoergertshausen\/wp-content\/uploads\/sites\/4\/2025\/11\/Satzung.pdf\">Satzung zur 1. \u00c4nderung der Satzung zur Regelung von Fragen des \u00f6rtlichen Gemeindeverfassungsrechts &#8211; g\u00fcltig ab 21.11.2025<\/a><\/p>\n<\/li>\n<li>\n<p><a href=\"\/hoergertshausen\/wp-content\/uploads\/sites\/4\/2025\/09\/Stellplatzsatzung-Hoergertshausen.pdf\">Stellplatzsatzung der Gemeinde H\u00f6rgertshausen &#8211; g\u00fcltig ab 01.10.2025<\/a><\/p>\n<\/li>\n<li>\n<p><a href=\"\/hoergertshausen\/wp-content\/uploads\/sites\/4\/2024\/09\/Kindertageseinrichtungssatzung-KiTaS.pdf\"><\/p>\n<p>Satzung f\u00fcr die Kindertageseinrichtung der Gemeinde H\u00f6rgertshausen (Kindertageseinrichtungssatzung \u2013 KiTaS) \u2013 g\u00fcltig ab 01.09.2022<\/p>\n<p><\/a><\/p>\n<\/li>\n<li>\n<p><a href=\"\/hoergertshausen\/wp-content\/uploads\/sites\/4\/2026\/03\/Gebuehrensatzung-KitaHoe-ab-01.09.2026.pdf\"><\/p>\n<p>Satzung \u00fcber die Erhebung von Geb\u00fchren f\u00fcr die Benutzung der Kindertageseinrichtung (Kindertageseinrichtungs-Geb\u00fchrensatzung \u2013 KiTaGebS) \u2013 g\u00fcltig ab 01.09.2026<\/p>\n<p><\/a><\/p>\n<\/li>\n<li>\n<p><a href=\"\/hoergertshausen\/wp-content\/uploads\/sites\/4\/2025\/06\/Kindertageseinrichtungs-Gebuehrensatzung-Hoergertshausen-KiTaGebS-ab-01.09.25.pdf\"><\/p>\n<p>Satzung \u00fcber die Erhebung von Geb\u00fchren f\u00fcr die Benutzung der Kindertageseinrichtung (Kindertageseinrichtungs-Geb\u00fchrensatzung \u2013 KiTaGebS) \u2013 g\u00fcltig bis 31.08.2026<\/p>\n<p><\/a><\/p>\n<\/li>\n<li>\n<p><a href=\"\/hoergertshausen\/wp-content\/uploads\/sites\/4\/2025\/02\/Erschliessungsbeitragssatzung-EBS-gueltig-ab-01.02.2025.pdf\">Satzung \u00fcber die Erhebung von Erschlie\u00dfungsbeitr\u00e4gen (Erschlie\u00dfungsbeitragssatzung &#8211; EBS) &#8211; g\u00fcltig ab 01.02.2025<\/a><\/p>\n<\/li>\n<li>\n<p><a href=\"\/hoergertshausen\/wp-content\/uploads\/sites\/4\/2023\/01\/Verordnung-ueber-das-Einschraenken-des-freien-Umherlaufens-von-grossen-Hunden-und-Kampfhunden.pdf\"><\/p>\n<p>Verordnung der Gemeinde H\u00f6rgertshausen \u00fcber das Einschr\u00e4nken des freien Umherlaufens von gro\u00dfen Hunden und Kampfhunden (Hundeverordnung &#8211; HundeV) \u2013 g\u00fcltig ab 01.08.2022<\/p>\n<p><\/a><\/p>\n<\/li>\n<li>\n<p><a href=\"\/hoergertshausen\/wp-content\/uploads\/sites\/4\/2023\/01\/Lageplan-Anleinpflicht-Hoergertshausen.pdf\"><\/p>\n<p>Lageplan &#8222;Anleinpflicht H\u00f6rgertshausen&#8220; \u2013 g\u00fcltig ab 01.08.2022<\/p>\n<p><\/a><\/p>\n<\/li>\n<li>\n<div>\n<p><a href=\"\/hoergertshausen\/wp-content\/uploads\/sites\/4\/2022\/03\/ews_2021_hoergertshausen.pdf\" target=\"_blanke\">Satzung f\u00fcr die \u00f6ffentliche Entw\u00e4sserungsanlage der Gemeinde H\u00f6rgertshausen<\/a> \u2013 g\u00fcltig ab 01.01.2021<\/p>\n<\/div>\n<\/li>\n<li>\n<p><a href=\"\/hoergertshausen\/wp-content\/uploads\/sites\/4\/2025\/05\/BGS-EWS-Aenderung-gueltig-ab-01.01.2025.pdf\"><\/p>\n<p>Erste Satzung zur \u00c4nderung der Beitrags- und Geb\u00fchrensatzung zur Entw\u00e4sserungssatzung (BGS-EWS) &#8211; g\u00fcltig ab 01.01.2025<\/p>\n<p><\/a><\/p>\n<\/li>\n<li>\n<div>\n<p><a href=\"\/hoergertshausen\/wp-content\/uploads\/sites\/4\/2022\/03\/bgs_ews_2021_hoergertshausen.pdf\" target=\"_blanke\">Beitrags- und Geb\u00fchrensatzung zur Entw\u00e4sserungssatzung<\/a> \u2013 g\u00fcltig ab 01.01.2021<\/p>\n<\/div>\n<\/li>\n<li>\n<div>\n<p><a href=\"\/hoergertshausen\/wp-content\/uploads\/sites\/4\/2022\/03\/hundesteuersatzung_horrgertshausen_2021.pdf\" target=\"_blanke\">Satzung der Gemeinde H\u00f6rgertshausen f\u00fcr die Erhebung einer Hundesteuer (Hundesteuersatzung)<\/a> \u2013 g\u00fcltig ab 01.01.2021<\/p>\n<\/div>\n<\/li>\n<li>\n<p><a href=\"\/hoergertshausen\/wp-content\/uploads\/sites\/4\/2022\/03\/kostenerstattungsbetragssatzung_hoergertshausen_oeko-flaechen.pdf\">Satzung der Gemeinde H\u00f6rgertshausen zur Erhebung von Kostenerstattungsbetr\u00e4gen nach \u00a7\u00a7 135a &#8211; 135c BauGB<\/a><\/p>\n<\/li>\n<li>\n<p><a href=\"\/hoergertshausen\/wp-content\/uploads\/sites\/4\/2022\/03\/kostensatzung_hoergertshausen.pdf\">Satzung \u00fcber die Erhebung von Verwaltungskosten f\u00fcr Amtshandlungen im eigenen Wirkungskreis der Gemeinde H\u00f6rgertshausen<\/a><\/p>\n<\/li>\n<li>\n<div>\n<p><a href=\"\/hoergertshausen\/wp-content\/uploads\/sites\/4\/2022\/03\/reinigungs_sicherungsverordnung_2021.pdf\" target=\"_blanke\">Verordnung \u00fcber die Reinhaltung und Reinigung der \u00f6ffentlichen Stra\u00dfen und die Sicherung der Gehbahnen im Winter<\/a> \u2013 g\u00fcltig ab 01.03.2021<\/p>\n<\/div>\n<\/li>\n<li>\n<div>\n<p><a href=\"\/wp-content\/uploads\/sites\/4\/2022\/03\/mittagsbetreuungs_2021.pdf\" target=\"_blanke\">Satzung \u00fcber die Benutzung der Mittagsbetreuung an der Grundschule H\u00f6rgertshausen (Mittagsbetreuungs-Benutzungssatzung)<\/a> \u2013 g\u00fcltig ab 01.10.2021<\/p>\n<\/div>\n<\/li>\n<li>\n<div>\n<p><a href=\"\/hoergertshausen\/wp-content\/uploads\/sites\/4\/2022\/03\/mittagsbetreuungs_gebuehrensatzung_2021.pdf\" target=\"_blanke\">Satzung \u00fcber die Erhebung von Geb\u00fchren f\u00fcr die Einrichtung Mittagsbetreuung an der Grundschule H\u00f6rgertshausen (Mittagsbetreuungs-Geb\u00fchrensatzung)<\/a> \u2013 g\u00fcltig ab 01.10.2021<\/p>\n<\/div>\n<\/li>\n<li>\n<p><a href=\"\/hoergertshausen\/wp-content\/uploads\/sites\/4\/2023\/01\/Satzung_ueber_die_Entsorgung_von_Bauschutt_und_Gruengut-1.pdf\"><\/p>\n<p>Satzung \u00fcber die Entsorgung von Bauschutt und Gr\u00fcngut in der Gemeinde H\u00f6rgertshausen (Benutzungssatzung) &#8211; g\u00fcltig ab 01.01.2023<\/p>\n<p><\/a><\/p>\n<\/li>\n<li>\n<p><a href=\"\/hoergertshausen\/wp-content\/uploads\/sites\/4\/2023\/01\/Gebuehrensatzung_zur_Satzung_ueber_die_Entsorgung_von_Bauschutt_und_Gruengut.pdf\"><\/p>\n<p>Geb\u00fchrensatzung zur Satzung \u00fcber die Entsorgung von Bauschutt und Gr\u00fcngut in der Gemeinde H\u00f6rgertshausen &#8211; g\u00fcltig ab 01.01.2023<\/p>\n<p><\/a><\/p>\n<\/li>\n<\/ul>\n<p><!--more--><br \/>\n<!-- {\"type\":\"layout\",\"children\":[{\"type\":\"section\",\"props\":{\"image_position\":\"center-center\",\"padding\":\"small\",\"padding_remove_bottom\":true,\"style\":\"default\",\"title_breakpoint\":\"xl\",\"title_position\":\"top-left\",\"title_rotation\":\"left\",\"vertical_align\":\"\",\"width\":\"default\"},\"children\":[{\"type\":\"row\",\"children\":[{\"type\":\"column\",\"props\":{\"image_position\":\"center-center\",\"position_sticky_breakpoint\":\"m\"},\"children\":[{\"type\":\"breadcrumbs\",\"props\":{\"show_current\":true,\"show_home\":true}}]}]}]},{\"type\":\"section\",\"props\":{\"image_position\":\"center-center\",\"style\":\"default\",\"title_breakpoint\":\"xl\",\"title_position\":\"top-left\",\"title_rotation\":\"left\",\"vertical_align\":\"\",\"width\":\"default\"},\"children\":[{\"type\":\"row\",\"children\":[{\"type\":\"column\",\"props\":{\"image_position\":\"center-center\",\"position_sticky_breakpoint\":\"m\"},\"children\":[{\"type\":\"headline\",\"props\":{\"content\":\"Satzungen\",\"title_element\":\"h1\",\"title_style\":\"heading-small\"}}]}]},{\"type\":\"row\",\"children\":[{\"type\":\"column\",\"props\":{\"image_position\":\"center-center\",\"position_sticky_breakpoint\":\"m\"},\"children\":[{\"type\":\"list\",\"props\":{\"column_breakpoint\":\"m\",\"icon\":\"arrow-right\",\"icon_color\":\"primary\",\"image_align\":\"left\",\"image_svg_color\":\"emphasis\",\"image_vertical_align\":false,\"list_element\":\"ul\",\"list_horizontal_separator\":\", \",\"list_style\":\"divider\",\"list_type\":\"vertical\",\"show_image\":true,\"show_link\":true},\"children\":[{\"type\":\"list_item\",\"props\":{\"content\":\"Satzung zur 1. \\u00c4nderung der Satzung zur Regelung von Fragen des \\u00f6rtlichen Gemeindeverfassungsrechts - g\\u00fcltig ab 21.11.2025\",\"link\":\"wp-content\\\/uploads\\\/sites\\\/4\\\/2025\\\/11\\\/Satzung.pdf\",\"link_target\":true}},{\"type\":\"list_item\",\"props\":{\"content\":\"Stellplatzsatzung der Gemeinde H\\u00f6rgertshausen - g\\u00fcltig ab 01.10.2025\",\"link\":\"wp-content\\\/uploads\\\/sites\\\/4\\\/2025\\\/09\\\/Stellplatzsatzung-Hoergertshausen.pdf\"}},{\"type\":\"list_item\",\"props\":{\"content\":\"\n\n<p>Satzung f\\u00fcr die Kindertageseinrichtung der Gemeinde H\\u00f6rgertshausen (Kindertageseinrichtungssatzung \\u2013 KiTaS) \\u2013 g\\u00fcltig ab 01.09.2022<\\\/p>\",\"link\":\"wp-content\\\/uploads\\\/sites\\\/4\\\/2024\\\/09\\\/Kindertageseinrichtungssatzung-KiTaS.pdf\"}},{\"type\":\"list_item\",\"props\":{\"content\":\"\n\n<p>Satzung \\u00fcber die Erhebung von Geb\\u00fchren f\\u00fcr die Benutzung der Kindertageseinrichtung (Kindertageseinrichtungs-Geb\\u00fchrensatzung \\u2013 KiTaGebS) \\u2013 g\\u00fcltig ab 01.09.2026<\\\/p>\",\"link\":\"wp-content\\\/uploads\\\/sites\\\/4\\\/2026\\\/03\\\/Gebuehrensatzung-KitaHoe-ab-01.09.2026.pdf\",\"link_target\":true}},{\"type\":\"list_item\",\"props\":{\"content\":\"\n\n<p>Satzung \\u00fcber die Erhebung von Geb\\u00fchren f\\u00fcr die Benutzung der Kindertageseinrichtung (Kindertageseinrichtungs-Geb\\u00fchrensatzung \\u2013 KiTaGebS) \\u2013 g\\u00fcltig bis 31.08.2026<\\\/p>\",\"link\":\"wp-content\\\/uploads\\\/sites\\\/4\\\/2025\\\/06\\\/Kindertageseinrichtungs-Gebuehrensatzung-Hoergertshausen-KiTaGebS-ab-01.09.25.pdf\",\"link_target\":true}},{\"type\":\"list_item\",\"props\":{\"content\":\"Satzung \\u00fcber die Erhebung von Erschlie\\u00dfungsbeitr\\u00e4gen (Erschlie\\u00dfungsbeitragssatzung - EBS) - g\\u00fcltig ab 01.02.2025\",\"link\":\"wp-content\\\/uploads\\\/sites\\\/4\\\/2025\\\/02\\\/Erschliessungsbeitragssatzung-EBS-gueltig-ab-01.02.2025.pdf\",\"link_target\":true}},{\"type\":\"list_item\",\"props\":{\"content\":\"\n\n<p>Verordnung der Gemeinde H\\u00f6rgertshausen \\u00fcber das Einschr\\u00e4nken des freien Umherlaufens von gro\\u00dfen Hunden und Kampfhunden (Hundeverordnung - HundeV) \\u2013 g\\u00fcltig ab 01.08.2022<\\\/p>\",\"link\":\"wp-content\\\/uploads\\\/sites\\\/4\\\/2023\\\/01\\\/Verordnung-ueber-das-Einschraenken-des-freien-Umherlaufens-von-grossen-Hunden-und-Kampfhunden.pdf\",\"link_target\":true}},{\"type\":\"list_item\",\"props\":{\"content\":\"\n\n<p>Lageplan \\\"Anleinpflicht H\\u00f6rgertshausen\\\" \\u2013 g\\u00fcltig ab 01.08.2022<\\\/p>\",\"link\":\"wp-content\\\/uploads\\\/sites\\\/4\\\/2023\\\/01\\\/Lageplan-Anleinpflicht-Hoergertshausen.pdf\",\"link_target\":true}},{\"type\":\"list_item\",\"props\":{\"content\":\"\n\n<p><a href=\\\"wp-content\\\/uploads\\\/sites\\\/4\\\/2022\\\/03\\\/ews_2021_hoergertshausen.pdf\\\" target=\\\"_blanke\\\">Satzung f\\u00fcr die \\u00f6ffentliche Entw\\u00e4sserungsanlage der Gemeinde H\\u00f6rgertshausen<\\\/a> \\u2013 g\\u00fcltig ab 01.01.2021<\\\/p>\"}},{\"type\":\"list_item\",\"props\":{\"content\":\"\n\n<p>Erste Satzung zur \\u00c4nderung der Beitrags- und Geb\\u00fchrensatzung zur Entw\\u00e4sserungssatzung (BGS-EWS) - g\\u00fcltig ab 01.01.2025<\\\/p>\",\"link\":\"wp-content\\\/uploads\\\/sites\\\/4\\\/2025\\\/05\\\/BGS-EWS-Aenderung-gueltig-ab-01.01.2025.pdf\",\"link_target\":true}},{\"type\":\"list_item\",\"props\":{\"content\":\"\n\n<p><a href=\\\"wp-content\\\/uploads\\\/sites\\\/4\\\/2022\\\/03\\\/bgs_ews_2021_hoergertshausen.pdf\\\" target=\\\"_blanke\\\">Beitrags- und Geb\\u00fchrensatzung zur Entw\\u00e4sserungssatzung<\\\/a> \\u2013 g\\u00fcltig ab 01.01.2021<\\\/p>\"}},{\"type\":\"list_item\",\"props\":{\"content\":\"\n\n<p><a href=\\\"wp-content\\\/uploads\\\/sites\\\/4\\\/2022\\\/03\\\/hundesteuersatzung_horrgertshausen_2021.pdf\\\" target=\\\"_blanke\\\">Satzung der Gemeinde H\\u00f6rgertshausen f\\u00fcr die Erhebung einer Hundesteuer (Hundesteuersatzung)<\\\/a> \\u2013 g\\u00fcltig ab 01.01.2021<\\\/p>\",\"link_target\":false}},{\"type\":\"list_item\",\"props\":{\"content\":\"Satzung der Gemeinde H\\u00f6rgertshausen zur Erhebung von Kostenerstattungsbetr\\u00e4gen nach \\u00a7\\u00a7 135a - 135c BauGB\",\"link\":\"wp-content\\\/uploads\\\/sites\\\/4\\\/2022\\\/03\\\/kostenerstattungsbetragssatzung_hoergertshausen_oeko-flaechen.pdf\",\"link_target\":true}},{\"type\":\"list_item\",\"props\":{\"content\":\"Satzung \\u00fcber die Erhebung von Verwaltungskosten f\\u00fcr Amtshandlungen im eigenen Wirkungskreis der Gemeinde H\\u00f6rgertshausen\",\"link\":\"wp-content\\\/uploads\\\/sites\\\/4\\\/2022\\\/03\\\/kostensatzung_hoergertshausen.pdf\",\"link_target\":true}},{\"type\":\"list_item\",\"props\":{\"content\":\"\n\n<p><a href=\\\"wp-content\\\/uploads\\\/sites\\\/4\\\/2022\\\/03\\\/reinigungs_sicherungsverordnung_2021.pdf\\\" target=\\\"_blanke\\\">Verordnung \\u00fcber die Reinhaltung und Reinigung der \\u00f6ffentlichen Stra\\u00dfen und die Sicherung der Gehbahnen im Winter<\\\/a> \\u2013 g\\u00fcltig ab 01.03.2021<\\\/p>\"}},{\"type\":\"list_item\",\"props\":{\"content\":\"\n\n<p><a href=\\\"\\\/wp-content\\\/uploads\\\/sites\\\/4\\\/2022\\\/03\\\/mittagsbetreuungs_2021.pdf\\\" target=\\\"_blanke\\\">Satzung \\u00fcber die Benutzung der Mittagsbetreuung an der Grundschule H\\u00f6rgertshausen (Mittagsbetreuungs-Benutzungssatzung)<\\\/a> \\u2013 g\\u00fcltig ab 01.10.2021<\\\/p>\"}},{\"type\":\"list_item\",\"props\":{\"content\":\"\n\n<p><a href=\\\"wp-content\\\/uploads\\\/sites\\\/4\\\/2022\\\/03\\\/mittagsbetreuungs_gebuehrensatzung_2021.pdf\\\" target=\\\"_blanke\\\">Satzung \\u00fcber die Erhebung von Geb\\u00fchren f\\u00fcr die Einrichtung Mittagsbetreuung an der Grundschule H\\u00f6rgertshausen (Mittagsbetreuungs-Geb\\u00fchrensatzung)<\\\/a> \\u2013 g\\u00fcltig ab 01.10.2021<\\\/p>\"}},{\"type\":\"list_item\",\"props\":{\"content\":\"\n\n<p>Satzung \\u00fcber die Entsorgung von Bauschutt und Gr\\u00fcngut in der Gemeinde H\\u00f6rgertshausen (Benutzungssatzung) - g\\u00fcltig ab 01.01.2023<\\\/p>\",\"link\":\"wp-content\\\/uploads\\\/sites\\\/4\\\/2023\\\/01\\\/Satzung_ueber_die_Entsorgung_von_Bauschutt_und_Gruengut-1.pdf\",\"link_target\":true}},{\"type\":\"list_item\",\"props\":{\"content\":\"\n\n<p>Geb\\u00fchrensatzung zur Satzung \\u00fcber die Entsorgung von Bauschutt und Gr\\u00fcngut in der Gemeinde H\\u00f6rgertshausen - g\\u00fcltig ab 01.01.2023<\\\/p>\",\"link\":\"wp-content\\\/uploads\\\/sites\\\/4\\\/2023\\\/01\\\/Gebuehrensatzung_zur_Satzung_ueber_die_Entsorgung_von_Bauschutt_und_Gruengut.pdf\",\"link_target\":true}},{\"type\":\"list_item\",\"props\":{\"content\":\"Erste Satzung zur \\u00c4nderung der Satzung der Gemeinde H\\u00f6rgertshausen \\u00fcber die Zahl der Stellpl\\u00e4tze f\\u00fcr Kraftfahrzeuge vom 14.03.1996 - g\\u00fcltig ab 01.01.2002\",\"link\":\"wp-content\\\/uploads\\\/sites\\\/4\\\/2024\\\/09\\\/Stellplatzsatzung-Hoergertshausen.pdf\",\"link_target\":true,\"status\":\"disabled\"}}]}]}]}]}],\"version\":\"4.4.16\"} --><\/p>\n","protected":false},"excerpt":{"rendered":"<p>Satzungen Satzung zur 1. \u00c4nderung der Satzung zur Regelung von Fragen des \u00f6rtlichen Gemeindeverfassungsrechts &#8211; g\u00fcltig ab 21.11.2025 Stellplatzsatzung der Gemeinde H\u00f6rgertshausen &#8211; g\u00fcltig ab 01.10.2025 Satzung f\u00fcr die Kindertageseinrichtung der Gemeinde H\u00f6rgertshausen (Kindertageseinrichtungssatzung \u2013 KiTaS) \u2013 g\u00fcltig ab 01.09.2022 Satzung \u00fcber die Erhebung von Geb\u00fchren f\u00fcr die Benutzung der Kindertageseinrichtung (Kindertageseinrichtungs-Geb\u00fchrensatzung \u2013 KiTaGebS) \u2013 [&hellip;]<\/p>\n","protected":false},"author":1,"featured_media":0,"parent":130,"menu_order":0,"comment_status":"closed","ping_status":"closed","template":"","meta":{"footnotes":""},"class_list":["post-152","page","type-page","status-publish","hentry"],"publishpress_future_action":{"enabled":false,"date":"2026-04-29 10:50:30","action":"change-status","newStatus":"draft","terms":[],"taxonomy":"","extraData":[]},"publishpress_future_workflow_manual_trigger":{"enabledWorkflows":[]},"_links":{"self":[{"href":"https:\/\/vg-mauern.de\/hoergertshausen\/wp-json\/wp\/v2\/pages\/152","targetHints":{"allow":["GET"]}}],"collection":[{"href":"https:\/\/vg-mauern.de\/hoergertshausen\/wp-json\/wp\/v2\/pages"}],"about":[{"href":"https:\/\/vg-mauern.de\/hoergertshausen\/wp-json\/wp\/v2\/types\/page"}],"author":[{"embeddable":true,"href":"https:\/\/vg-mauern.de\/hoergertshausen\/wp-json\/wp\/v2\/users\/1"}],"replies":[{"embeddable":true,"href":"https:\/\/vg-mauern.de\/hoergertshausen\/wp-json\/wp\/v2\/comments?post=152"}],"version-history":[{"count":10,"href":"https:\/\/vg-mauern.de\/hoergertshausen\/wp-json\/wp\/v2\/pages\/152\/revisions"}],"predecessor-version":[{"id":2723,"href":"https:\/\/vg-mauern.de\/hoergertshausen\/wp-json\/wp\/v2\/pages\/152\/revisions\/2723"}],"up":[{"embeddable":true,"href":"https:\/\/vg-mauern.de\/hoergertshausen\/wp-json\/wp\/v2\/pages\/130"}],"wp:attachment":[{"href":"https:\/\/vg-mauern.de\/hoergertshausen\/wp-json\/wp\/v2\/media?parent=152"}],"curies":[{"name":"wp","href":"https:\/\/api.w.org\/{rel}","templated":true}]}}