{"id":197,"date":"2022-03-18T12:15:38","date_gmt":"2022-03-18T11:15:38","guid":{"rendered":"https:\/\/demo.vg-mauern.de\/hoergertshausen\/?page_id=197"},"modified":"2023-12-01T10:28:52","modified_gmt":"2023-12-01T09:28:52","slug":"breitbandinitiative","status":"publish","type":"page","link":"https:\/\/vg-mauern.de\/hoergertshausen\/gemeinde\/breitbandinitiative\/","title":{"rendered":"Breitbandinitiative"},"content":{"rendered":"<h1>Glasfaserausbau<\/h1>\n<div>\n<p><strong>450 Glasfaser-Anschl\u00fcsse f\u00fcr H\u00f6rgertshausen<\/strong><\/p>\n<p>Die Gemeinde H\u00f6rgertshausen beabsichtigt, gemeinsam mit der Deutschen Telekom das Telekommunikationsnetz bei rund 450 Haushalten und Unternehmen im Hauptort H\u00f6rgertshausen auf ein modernes FTTH-Netz (Glasfaser bis in die Wohnung\/ins Geb\u00e4ude) aufzur\u00fcsten. Dazu wurde jetzt eine gemeinsame Erkl\u00e4rung unterzeichnet. Ziel der Vereinbarung soll sein, dass die Deutschen Telekom die dort vorhandene Kupfer-Technik auf eigene Kosten durchg\u00e4ngig bis ins Haus durch modernster Glasfaser-Technologie ersetzt. Das neue Netz erm\u00f6glicht dann hohe Bandbreiten bis 1 Gbit\/s (Gigabit pro Sekunde). F\u00fcr Unternehmen stehen Gesch\u00e4ftskundentarife bis 100 Gbit\/s zur Verf\u00fcgung. Die Arbeiten sollen im Laufe des Jahres 2025 beginnen und dann innerhalb von drei Jahre abgeschlossen sein. Damit die Grundst\u00fccke und Geb\u00e4ude an das FTTH-Netz der Telekom angeschlossen werden k\u00f6nnen, \u00a0ben\u00f6tigt die Telekom vorab die Zustimmung bzw. Duldung des jeweiligen Grundst\u00fcckseigent\u00fcmers. Wo die Glasfaser \u00fcber das Grundst\u00fcck verl\u00e4uft bzw. wo diese ins Haus kommt und wie sie im Haus verl\u00e4uft, wird mit dem Eigent\u00fcmer besprochen. Die Hausanschl\u00fcsse werden durch die Deutsche Telekom kostenlos erstellt. Voraussetzung hierf\u00fcr ist jedoch, dass im Vorfeld der Ausbauma\u00dfnahme ein sogenannter Hauszuf\u00fchrungsauftrag an die Deutsche Telekom erteilt wird. In der Auswahl eines Internetanbieters ist der jeweilige Nutzer dann aber frei und nicht an die Telekom gebunden. In jedem Fall bestehen mit dem neuen Glasfasernetz die besten Voraussetzungen f\u00fcr Streaming sowie f\u00fcr digitales Lernen und Arbeiten von zu Hause aus.<\/p>\n<p>Die Gemeinde H\u00f6rgertshausen unterst\u00fctzt den Breitbandausbau der Deutschen Telekom und wird diesen im Rahmen der eigenen Neutralit\u00e4tspflicht begleiten.<\/p>\n<\/div>\n<h1>Breitbandinitiative<\/h1>\n<h3>&#8222;Verfahren zur F\u00f6rderung von Hochgeschwindigkeitsnetzen im Freistaat Bayern gem\u00e4\u00df Breitbandrichtlinie vom 09. Juli 2014&#8220;<\/h3>\n<h4>Ansprechpartner: Herr Neuhauser, Tel. 08764 890<\/h4>\n<div>\n<\/div>\n<p><!--more--><br \/>\n<!-- {\"type\":\"layout\",\"children\":[{\"type\":\"section\",\"props\":{\"image_position\":\"center-center\",\"padding\":\"small\",\"padding_remove_bottom\":true,\"style\":\"default\",\"title_breakpoint\":\"xl\",\"title_position\":\"top-left\",\"title_rotation\":\"left\",\"vertical_align\":\"middle\",\"width\":\"default\"},\"children\":[{\"type\":\"row\",\"children\":[{\"type\":\"column\",\"props\":{\"image_position\":\"center-center\",\"position_sticky_breakpoint\":\"m\"},\"children\":[{\"type\":\"breadcrumbs\",\"props\":{\"show_current\":true,\"show_home\":true}}]}]}]},{\"type\":\"section\",\"props\":{\"image_position\":\"center-center\",\"style\":\"default\",\"title_breakpoint\":\"xl\",\"title_position\":\"top-left\",\"title_rotation\":\"left\",\"vertical_align\":\"middle\",\"width\":\"default\"},\"children\":[{\"type\":\"row\",\"children\":[{\"type\":\"column\",\"props\":{\"image_position\":\"center-center\",\"position_sticky_breakpoint\":\"m\"},\"children\":[{\"type\":\"headline\",\"props\":{\"content\":\"Glasfaserausbau\",\"title_element\":\"h1\",\"title_style\":\"heading-small\"}},{\"type\":\"text\",\"props\":{\"column_breakpoint\":\"m\",\"content\":\"\n\n<p><strong>450 Glasfaser-Anschl\\u00fcsse f\\u00fcr H\\u00f6rgertshausen<\\\/strong><\\\/p>\\n\n\n<p>Die Gemeinde H\\u00f6rgertshausen beabsichtigt, gemeinsam mit der Deutschen Telekom das Telekommunikationsnetz bei rund 450 Haushalten und Unternehmen im Hauptort H\\u00f6rgertshausen auf ein modernes FTTH-Netz (Glasfaser bis in die Wohnung\\\/ins Geb\\u00e4ude) aufzur\\u00fcsten. Dazu wurde jetzt eine gemeinsame Erkl\\u00e4rung unterzeichnet. Ziel der Vereinbarung soll sein, dass die Deutschen Telekom die dort vorhandene Kupfer-Technik auf eigene Kosten durchg\\u00e4ngig bis ins Haus durch modernster Glasfaser-Technologie ersetzt. Das neue Netz erm\\u00f6glicht dann hohe Bandbreiten bis 1 Gbit\\\/s (Gigabit pro Sekunde). F\\u00fcr Unternehmen stehen Gesch\\u00e4ftskundentarife bis 100 Gbit\\\/s zur Verf\\u00fcgung. Die Arbeiten sollen im Laufe des Jahres 2025 beginnen und dann innerhalb von drei Jahre abgeschlossen sein. Damit die Grundst\\u00fccke und Geb\\u00e4ude an das FTTH-Netz der Telekom angeschlossen werden k\\u00f6nnen, \\u00a0ben\\u00f6tigt die Telekom vorab die Zustimmung bzw. Duldung des jeweiligen Grundst\\u00fcckseigent\\u00fcmers. Wo die Glasfaser \\u00fcber das Grundst\\u00fcck verl\\u00e4uft bzw. wo diese ins Haus kommt und wie sie im Haus verl\\u00e4uft, wird mit dem Eigent\\u00fcmer besprochen. Die Hausanschl\\u00fcsse werden durch die Deutsche Telekom kostenlos erstellt. Voraussetzung hierf\\u00fcr ist jedoch, dass im Vorfeld der Ausbauma\\u00dfnahme ein sogenannter Hauszuf\\u00fchrungsauftrag an die Deutsche Telekom erteilt wird. In der Auswahl eines Internetanbieters ist der jeweilige Nutzer dann aber frei und nicht an die Telekom gebunden. In jedem Fall bestehen mit dem neuen Glasfasernetz die besten Voraussetzungen f\\u00fcr Streaming sowie f\\u00fcr digitales Lernen und Arbeiten von zu Hause aus.<\\\/p>\\n\n\n<p>Die Gemeinde H\\u00f6rgertshausen unterst\\u00fctzt den Breitbandausbau der Deutschen Telekom und wird diesen im Rahmen der eigenen Neutralit\\u00e4tspflicht begleiten.<\\\/p>\",\"margin\":\"default\"}}]}]},{\"type\":\"row\",\"children\":[{\"type\":\"column\",\"props\":{\"image_position\":\"center-center\",\"position_sticky_breakpoint\":\"m\"},\"children\":[{\"type\":\"headline\",\"props\":{\"content\":\"Breitbandinitiative\",\"title_element\":\"h1\",\"title_style\":\"heading-small\"}}]}]},{\"type\":\"row\",\"children\":[{\"type\":\"column\",\"props\":{\"image_position\":\"center-center\",\"position_sticky_breakpoint\":\"m\"},\"children\":[{\"type\":\"headline\",\"props\":{\"content\":\"\\\"Verfahren zur F\\u00f6rderung von Hochgeschwindigkeitsnetzen im Freistaat Bayern gem\\u00e4\\u00df Breitbandrichtlinie vom 09. Juli 2014\\\"\",\"margin_remove_bottom\":true,\"title_element\":\"h3\"}},{\"type\":\"headline\",\"props\":{\"content\":\"Ansprechpartner: Herr Neuhauser, Tel. 08764 890\",\"margin_remove_top\":true,\"title_element\":\"h4\"}}]}]},{\"type\":\"row\",\"children\":[{\"type\":\"column\",\"props\":{\"image_position\":\"center-center\",\"position_sticky_breakpoint\":\"m\"},\"children\":[{\"type\":\"grid\",\"props\":{\"content_column_breakpoint\":\"m\",\"filter_align\":\"left\",\"filter_all\":true,\"filter_grid_breakpoint\":\"m\",\"filter_grid_width\":\"auto\",\"filter_position\":\"top\",\"filter_style\":\"tab\",\"grid_default\":\"1\",\"grid_divider\":true,\"grid_medium\":\"\",\"icon_width\":80,\"image_align\":\"top\",\"image_grid_breakpoint\":\"m\",\"image_grid_width\":\"1-2\",\"image_svg_color\":\"emphasis\",\"item_animation\":true,\"link_style\":\"default\",\"link_text\":\"Read more\",\"margin\":\"default\",\"meta_align\":\"below-title\",\"meta_element\":\"div\",\"meta_style\":\"text-meta\",\"parallax_easing\":\"1\",\"show_content\":true,\"show_image\":true,\"show_link\":true,\"show_meta\":true,\"show_title\":true,\"title_align\":\"top\",\"title_element\":\"h3\",\"title_grid_breakpoint\":\"m\",\"title_grid_width\":\"1-2\",\"title_hover_style\":\"reset\"},\"children\":[{\"type\":\"grid_item\",\"source\":{\"query\":{\"name\":\"posts.customPosts\",\"arguments\":{\"terms\":[10],\"category_operator\":\"IN\",\"post_tag_operator\":\"IN\",\"users\":[],\"users_operator\":\"IN\",\"offset\":0,\"limit\":10,\"order\":\"date\",\"order_direction\":\"DESC\"}},\"props\":{\"title\":{\"filters\":{\"search\":\"\"},\"name\":\"title\"},\"content\":{\"filters\":{\"search\":\"\"},\"arguments\":{\"show_intro_text\":true},\"name\":\"content\"}}}}]}]}]}]}],\"version\":\"4.2.9\"} --><\/p>\n","protected":false},"excerpt":{"rendered":"<p>Glasfaserausbau 450 Glasfaser-Anschl\u00fcsse f\u00fcr H\u00f6rgertshausen Die Gemeinde H\u00f6rgertshausen beabsichtigt, gemeinsam mit der Deutschen Telekom das Telekommunikationsnetz bei rund 450 Haushalten und Unternehmen im Hauptort H\u00f6rgertshausen auf ein modernes FTTH-Netz (Glasfaser bis in die Wohnung\/ins Geb\u00e4ude) aufzur\u00fcsten. Dazu wurde jetzt eine gemeinsame Erkl\u00e4rung unterzeichnet. Ziel der Vereinbarung soll sein, dass die Deutschen Telekom die dort vorhandene [&hellip;]<\/p>\n","protected":false},"author":1,"featured_media":0,"parent":130,"menu_order":0,"comment_status":"closed","ping_status":"closed","template":"","meta":{"footnotes":""},"class_list":["post-197","page","type-page","status-publish","hentry"],"publishpress_future_action":{"enabled":false,"date":"2026-04-24 12:51:44","action":"change-status","newStatus":"draft","terms":[],"taxonomy":"","extraData":[]},"publishpress_future_workflow_manual_trigger":{"enabledWorkflows":[]},"_links":{"self":[{"href":"https:\/\/vg-mauern.de\/hoergertshausen\/wp-json\/wp\/v2\/pages\/197","targetHints":{"allow":["GET"]}}],"collection":[{"href":"https:\/\/vg-mauern.de\/hoergertshausen\/wp-json\/wp\/v2\/pages"}],"about":[{"href":"https:\/\/vg-mauern.de\/hoergertshausen\/wp-json\/wp\/v2\/types\/page"}],"author":[{"embeddable":true,"href":"https:\/\/vg-mauern.de\/hoergertshausen\/wp-json\/wp\/v2\/users\/1"}],"replies":[{"embeddable":true,"href":"https:\/\/vg-mauern.de\/hoergertshausen\/wp-json\/wp\/v2\/comments?post=197"}],"version-history":[{"count":20,"href":"https:\/\/vg-mauern.de\/hoergertshausen\/wp-json\/wp\/v2\/pages\/197\/revisions"}],"predecessor-version":[{"id":1583,"href":"https:\/\/vg-mauern.de\/hoergertshausen\/wp-json\/wp\/v2\/pages\/197\/revisions\/1583"}],"up":[{"embeddable":true,"href":"https:\/\/vg-mauern.de\/hoergertshausen\/wp-json\/wp\/v2\/pages\/130"}],"wp:attachment":[{"href":"https:\/\/vg-mauern.de\/hoergertshausen\/wp-json\/wp\/v2\/media?parent=197"}],"curies":[{"name":"wp","href":"https:\/\/api.w.org\/{rel}","templated":true}]}}