{"id":283,"date":"2022-03-18T13:50:16","date_gmt":"2022-03-18T12:50:16","guid":{"rendered":"https:\/\/demo.vg-mauern.de\/hoergertshausen\/?page_id=283"},"modified":"2024-09-20T08:49:01","modified_gmt":"2024-09-20T06:49:01","slug":"kindergarten","status":"publish","type":"page","link":"https:\/\/vg-mauern.de\/hoergertshausen\/bildung-und-kultur\/kindergarten\/","title":{"rendered":"Kindergarten"},"content":{"rendered":"<h1>Kindergarten<\/h1>\n<ul>\n<li>\n<h4>Kinderhaus &#8222;Wuselwiese&#8220; H\u00f6rgertshausen<\/h4>\n<div>\n<p>Hochfeldstra\u00dfe 19<br \/>85413 H\u00f6rgertshausen<\/p>\n<p>Tel. 08764 9499940<br \/>E-Mail: <a href=\"mailto:leitung.kita@gemeinde-hoergertshausen.de\">leitung.kita@gemeinde-hoergertshausen.de<\/a><br \/><a href=\"https:\/\/www.kinderhaus-wuselwiese.de\/\" target=\"_blanke\">www.kinderhaus-wuselwiese.de<\/a><\/p>\n<\/div>\n<\/li>\n<li>\n<h4>Gro\u00dftagespflege Dorfzwergerl<\/h4>\n<div>\n<p>Margarethenried 25<br \/>85413 H\u00f6rgertshausen<\/p>\n<p>Tel. 08764 9498720<br \/>E-Mail: <a href=\"mailto:info@dorfzwergerl.de\">info@dorfzwergerl.de<\/a><br \/><a href=\"https:\/\/dorfzwergerl.de\/\" target=\"_blank\" rel=\"noopener\">www.dorfzwergerl.de<\/a><\/p>\n<\/div>\n<\/li>\n<\/ul>\n<hr>\n<h2>Landratsamt Freising &#8211; Amt f\u00fcr Jugend und Familie<\/h2>\n<div>Kindertagespflege ist ein Bildungs- und Betreuungsangebot insbesondere f\u00fcr Kleinkinder bis zum dritten Lebensjahr oder erg\u00e4nzend zur Betreuung in Kindergarten und Schule. Sie ist ein gleichwertiges Angebot neben den Kindertageseinrichtungen. Die Kinder werden hier in kleinen Gruppen von Tagesm\u00fcttern und -v\u00e4tern liebevoll und professionell betreut. Alle von uns vermittelten Tagespflegepersonen sind qualifiziert und haben eine Pflegeerlaubnis. Die Kinder sind in der Kindertagespflege unfallversichert.<\/div>\n<ul>\n<li>\n<p><a href=\"https:\/\/www.kreis-freising.de\/buergerservice\/abteilungen-und-sachgebiete\/jugend-und-familie\/besondere-fachdienste\/kindertagespflege.html\">www.kreis-freising.de<\/a><\/p>\n<\/li>\n<li>\n<p><a href=\"\/hoergertshausen\/wp-content\/uploads\/sites\/4\/2022\/03\/kindertagespflege_terminbersicht_2022.pdf\"><\/p>\n<p>Informationsveranstaltungen Kindertagespflege<\/p>\n<p><\/a><\/p>\n<\/li>\n<\/ul>\n<p><!--more--><br \/>\n<!-- {\"name\":\"schulen\",\"type\":\"layout\",\"children\":[{\"type\":\"section\",\"props\":{\"image_position\":\"center-center\",\"padding\":\"small\",\"padding_remove_bottom\":true,\"style\":\"default\",\"title_breakpoint\":\"xl\",\"title_position\":\"top-left\",\"title_rotation\":\"left\",\"vertical_align\":\"\",\"width\":\"default\"},\"children\":[{\"type\":\"row\",\"children\":[{\"type\":\"column\",\"props\":{\"image_position\":\"center-center\",\"position_sticky_breakpoint\":\"m\",\"width_medium\":\"1-1\"},\"children\":[{\"type\":\"breadcrumbs\",\"props\":{\"show_current\":true,\"show_home\":true}}]}]}]},{\"type\":\"section\",\"props\":{\"image_position\":\"center-center\",\"padding_remove_bottom\":false,\"style\":\"default\",\"title_breakpoint\":\"xl\",\"title_position\":\"top-left\",\"title_rotation\":\"left\",\"vertical_align\":\"\",\"width\":\"default\"},\"children\":[{\"type\":\"row\",\"children\":[{\"type\":\"column\",\"props\":{\"image_position\":\"center-center\",\"position_sticky_breakpoint\":\"m\",\"width_medium\":\"1-1\"},\"children\":[{\"type\":\"headline\",\"props\":{\"content\":\"Kindergarten\",\"title_element\":\"h1\",\"title_style\":\"heading-small\"}}]}]}]},{\"type\":\"section\",\"props\":{\"id\":\"mittelschulen\",\"image_position\":\"center-center\",\"padding\":\"small\",\"padding_remove_top\":true,\"style\":\"default\",\"title_breakpoint\":\"xl\",\"title_position\":\"top-left\",\"title_rotation\":\"left\",\"vertical_align\":\"\",\"width\":\"default\"},\"children\":[{\"type\":\"row\",\"children\":[{\"type\":\"column\",\"props\":{\"image_position\":\"center-center\",\"position_sticky_breakpoint\":\"m\",\"width_medium\":\"1-1\"},\"children\":[{\"type\":\"grid\",\"props\":{\"animation\":true,\"content_column_breakpoint\":\"m\",\"filter_align\":\"left\",\"filter_all\":true,\"filter_grid_breakpoint\":\"m\",\"filter_grid_width\":\"auto\",\"filter_position\":\"top\",\"filter_style\":\"tab\",\"grid_default\":\"1\",\"grid_divider\":true,\"grid_medium\":\"2\",\"icon_width\":80,\"image_align\":\"top\",\"image_grid_breakpoint\":\"m\",\"image_grid_width\":\"1-2\",\"image_svg_color\":\"emphasis\",\"item_animation\":true,\"link_style\":\"default\",\"link_text\":\"Read more\",\"margin\":\"default\",\"meta_align\":\"below-title\",\"meta_element\":\"div\",\"meta_style\":\"text-meta\",\"parallax_easing\":\"1\",\"show_content\":true,\"show_image\":true,\"show_link\":true,\"show_meta\":true,\"show_title\":true,\"title_align\":\"top\",\"title_element\":\"h4\",\"title_grid_breakpoint\":\"m\",\"title_grid_width\":\"1-2\",\"title_hover_style\":\"reset\"},\"children\":[{\"type\":\"grid_item\",\"props\":{\"content\":\"\n\n<p>Hochfeldstra\\u00dfe 19<br \\\/>85413 H\\u00f6rgertshausen<\\\/p>\\n\n\n<p>Tel. 08764 9499940<br \\\/>E-Mail: <a href=\\\"mailto:leitung.kita@gemeinde-hoergertshausen.de\\\">leitung.kita@gemeinde-hoergertshausen.de<\\\/a><br \\\/><a href=\\\"https:\\\/\\\/www.kinderhaus-wuselwiese.de\\\/\\\" target=\\\"_blanke\\\">www.kinderhaus-wuselwiese.de<\\\/a><\\\/p>\",\"title\":\"Kinderhaus \\\"Wuselwiese\\\" H\\u00f6rgertshausen\"}},{\"type\":\"grid_item\",\"props\":{\"content\":\"\n\n<p>Margarethenried 25<br \\\/>85413 H\\u00f6rgertshausen<\\\/p>\\n\n\n<p>Tel. 08764 9498720<br \\\/>E-Mail: <a href=\\\"mailto:info@dorfzwergerl.de\\\">info@dorfzwergerl.de<\\\/a><br \\\/><a href=\\\"https:\\\/\\\/dorfzwergerl.de\\\/\\\" target=\\\"_blank\\\" rel=\\\"noopener\\\">www.dorfzwergerl.de<\\\/a><\\\/p>\",\"title\":\"Gro\\u00dftagespflege Dorfzwergerl\"}}]}]}]},{\"type\":\"row\",\"children\":[{\"type\":\"column\",\"props\":{\"image_position\":\"center-center\",\"position_sticky_breakpoint\":\"m\"},\"children\":[{\"type\":\"divider\",\"props\":{\"divider_element\":\"hr\"}}]}]}],\"name\":\"Kindergarten\"},{\"type\":\"section\",\"props\":{\"image_position\":\"center-center\",\"style\":\"default\",\"title_breakpoint\":\"xl\",\"title_position\":\"top-left\",\"title_rotation\":\"left\",\"vertical_align\":\"\",\"width\":\"default\"},\"children\":[{\"type\":\"row\",\"children\":[{\"type\":\"column\",\"props\":{\"image_position\":\"center-center\",\"position_sticky_breakpoint\":\"m\"},\"children\":[{\"type\":\"headline\",\"props\":{\"content\":\"Landratsamt Freising - Amt f\\u00fcr Jugend und Familie\",\"title_color\":\"primary\",\"title_element\":\"h2\"}},{\"type\":\"text\",\"props\":{\"column_breakpoint\":\"m\",\"content\":\"Kindertagespflege ist ein Bildungs- und Betreuungsangebot insbesondere f\\u00fcr Kleinkinder bis zum dritten Lebensjahr oder erg\\u00e4nzend zur Betreuung in Kindergarten und Schule. Sie ist ein gleichwertiges Angebot neben den Kindertageseinrichtungen. Die Kinder werden hier in kleinen Gruppen von Tagesm\\u00fcttern und -v\\u00e4tern liebevoll und professionell betreut. Alle von uns vermittelten Tagespflegepersonen sind qualifiziert und haben eine Pflegeerlaubnis. Die Kinder sind in der Kindertagespflege unfallversichert.\",\"margin\":\"default\"}},{\"type\":\"list\",\"props\":{\"column_breakpoint\":\"m\",\"icon\":\"arrow-right\",\"icon_color\":\"primary\",\"image_align\":\"left\",\"image_svg_color\":\"emphasis\",\"image_vertical_align\":false,\"list_element\":\"ul\",\"list_horizontal_separator\":\", \",\"list_type\":\"vertical\",\"show_image\":true,\"show_link\":true},\"children\":[{\"type\":\"list_item\",\"props\":{\"content\":\"www.kreis-freising.de\",\"link\":\"https:\\\/\\\/www.kreis-freising.de\\\/buergerservice\\\/abteilungen-und-sachgebiete\\\/jugend-und-familie\\\/besondere-fachdienste\\\/kindertagespflege.html\",\"link_target\":true}},{\"type\":\"list_item\",\"props\":{\"content\":\"\n\n<p>Informationsveranstaltungen Kindertagespflege<\\\/p>\",\"link\":\"wp-content\\\/uploads\\\/sites\\\/4\\\/2022\\\/03\\\/kindertagespflege_terminbersicht_2022.pdf\",\"link_target\":true}}]}]}]}]}],\"version\":\"4.4.8\"} --><\/p>\n","protected":false},"excerpt":{"rendered":"<p>Kindergarten Kinderhaus &#8222;Wuselwiese&#8220; H\u00f6rgertshausen Hochfeldstra\u00dfe 1985413 H\u00f6rgertshausen Tel. 08764 9499940E-Mail: leitung.kita@gemeinde-hoergertshausen.dewww.kinderhaus-wuselwiese.de Gro\u00dftagespflege Dorfzwergerl Margarethenried 2585413 H\u00f6rgertshausen Tel. 08764 9498720E-Mail: info@dorfzwergerl.dewww.dorfzwergerl.de Landratsamt Freising &#8211; Amt f\u00fcr Jugend und Familie Kindertagespflege ist ein Bildungs- und Betreuungsangebot insbesondere f\u00fcr Kleinkinder bis zum dritten Lebensjahr oder erg\u00e4nzend zur Betreuung in Kindergarten und Schule. Sie ist ein gleichwertiges Angebot neben [&hellip;]<\/p>\n","protected":false},"author":1,"featured_media":0,"parent":281,"menu_order":0,"comment_status":"closed","ping_status":"closed","template":"","meta":{"footnotes":""},"class_list":["post-283","page","type-page","status-publish","hentry"],"publishpress_future_action":{"enabled":false,"date":"2026-04-24 18:10:52","action":"change-status","newStatus":"draft","terms":[],"taxonomy":"","extraData":[]},"publishpress_future_workflow_manual_trigger":{"enabledWorkflows":[]},"_links":{"self":[{"href":"https:\/\/vg-mauern.de\/hoergertshausen\/wp-json\/wp\/v2\/pages\/283","targetHints":{"allow":["GET"]}}],"collection":[{"href":"https:\/\/vg-mauern.de\/hoergertshausen\/wp-json\/wp\/v2\/pages"}],"about":[{"href":"https:\/\/vg-mauern.de\/hoergertshausen\/wp-json\/wp\/v2\/types\/page"}],"author":[{"embeddable":true,"href":"https:\/\/vg-mauern.de\/hoergertshausen\/wp-json\/wp\/v2\/users\/1"}],"replies":[{"embeddable":true,"href":"https:\/\/vg-mauern.de\/hoergertshausen\/wp-json\/wp\/v2\/comments?post=283"}],"version-history":[{"count":14,"href":"https:\/\/vg-mauern.de\/hoergertshausen\/wp-json\/wp\/v2\/pages\/283\/revisions"}],"predecessor-version":[{"id":2009,"href":"https:\/\/vg-mauern.de\/hoergertshausen\/wp-json\/wp\/v2\/pages\/283\/revisions\/2009"}],"up":[{"embeddable":true,"href":"https:\/\/vg-mauern.de\/hoergertshausen\/wp-json\/wp\/v2\/pages\/281"}],"wp:attachment":[{"href":"https:\/\/vg-mauern.de\/hoergertshausen\/wp-json\/wp\/v2\/media?parent=283"}],"curies":[{"name":"wp","href":"https:\/\/api.w.org\/{rel}","templated":true}]}}