{"id":341,"date":"2022-03-21T09:51:37","date_gmt":"2022-03-21T08:51:37","guid":{"rendered":"https:\/\/demo.vg-mauern.de\/hoergertshausen\/?page_id=341"},"modified":"2025-06-13T10:28:35","modified_gmt":"2025-06-13T08:28:35","slug":"vereine","status":"publish","type":"page","link":"https:\/\/vg-mauern.de\/hoergertshausen\/freizeit-sport\/vereine\/","title":{"rendered":"Vereine"},"content":{"rendered":"<h1><a href=\"\/hoergertshausen\/wp-content\/uploads\/sites\/4\/2024\/01\/Leitfaden-fuer-Vereinsfeiern-2024.pdf\">Leitfaden f\u00fcr Vereinsfeiern<\/a><\/h1>\n<h1>GEMA-Gratisticket f\u00fcr Vereine<\/h1>\n<div>\n<p>Der Freistaat Bayern \u00fcbernimmt k\u00fcnftig die GEMA-Geb\u00fchren f\u00fcr zwei Veranstaltungen pro Verein und pro Jahr.<\/p>\n<\/div>\n<p>\n    <a href=\"\/hoergertshausen\/wp-content\/uploads\/sites\/4\/2023\/05\/GEMA-Gratisticket-fuer-Vereine.pdf\">N\u00e4heres dar\u00fcber erfahren Sie hier<\/a>\n<\/p>\n<h1>Vereine<\/h1>\n<ul>\n<li>\n<h4>Allgemeiner Deutscher Fahrrad-Club<\/h4>\n<p>Kreisverband Freising <\/p>\n<div>\n<p>Lerchenstr. 3<br \/>85368 Moosburg<\/p>\n<p>Tel. 08761 66577<br \/>E-Mail: <a href=\"mailto:michael.stanglmaier@adfc-bayern.de\">michael.stanglmaier@adfc-bayern.de<\/a><br \/><a href=\"http:\/\/www.adfc-freising.de\/\" target=\"_blanke\">www.adfc-freising.de<\/a><\/p>\n<\/div>\n<\/li>\n<li>\n<h4> Bogensch\u00fctzen H\u00f6rgertshausen<\/h4>\n<div>\n<p>J\u00e4gerstra\u00dfe 20<br \/>85413 H\u00f6rgertshausen<\/p>\n<p>E-Mail: <a href=\"mailto:bogensport-hoergi@web.de\">bogensport-hoergi@web.de<\/a><br \/><a href=\"https:\/\/www.bogensport-h\u00f6rgertshausen.de\/\" target=\"_blanke\">www.bogensport-h\u00f6rgertshausen.de<\/a><\/p>\n<\/div>\n<\/li>\n<li>\n<h4>Freiwillige Feuerwehr H\u00f6rgertshausen<\/h4>\n<div>\n<p>Hochfeldstra\u00dfe 19a<br \/>85413 H\u00f6rgertshausen<\/p>\n<p>Tel. 08764 1718 <small>(Mittwoch von 19:30 bis 20:15 Uhr)<\/small><br \/>E-Mail: <a href=\"mailto:info@ffw-hoergertshausen.de\">info@ffw-hoergertshausen.de<\/a><br \/><a href=\"https:\/\/ffw-hoergertshausen.de\/\" target=\"_blanke\">www.ffw-hoergertshausen.de<\/a><\/p>\n<\/div>\n<\/li>\n<li>\n<h4>Freiwillige Feuerwehr Margarethenried<\/h4>\n<div>\n<p>E-Mail: <a href=\"mailto:ffw.margarethenried@gmx.de\">ffw.margarethenried@gmx.de<\/a><\/p>\n<\/div>\n<\/li>\n<li>\n<h4>Freiwillige Feuerwehr Sielstetten<\/h4>\n<div>\n<p>Hauptstra\u00dfe 12<br \/>85413 H\u00f6rgertshausen<\/p>\n<\/div>\n<\/li>\n<li>\n<h4>Gl\u00fcckskegler H\u00f6rgertshausen e.V.<\/h4>\n<\/li>\n<li>\n<h4>Holzwurm-B\u00fchne<\/h4>\n<div>\n<p>St. Albaner Str. 16<br \/>85413 H\u00f6rgertshausen<\/p>\n<\/div>\n<\/li>\n<li>\n<h4>H\u00f6rgertshauser Chor<\/h4>\n<div>\n<p>1. Vorsitzende Beate Haindl-Feiner<\/p>\n<\/div>\n<\/li>\n<li>\n<h4>J\u00e4gerstammtisch<\/h4>\n<div>\n<p>Am Wurzelgraben 8<br \/>85419 Mauern<\/p>\n<\/div>\n<\/li>\n<li>\n<h4> Krieger- und Soldatenverein H\u00f6rgertshausen<\/h4>\n<div>\n<p>Bergstra\u00dfe 16<br \/>85413 H\u00f6rgertshausen<\/p>\n<\/p>\n<\/div>\n<\/li>\n<li>\n<h4>Landjugend Margarethenried<\/h4>\n<div>\n<p>instagram: landjugend_margarethenried<\/p>\n<\/div>\n<\/li>\n<li>\n<h4>Obst- und Gartenbauverein H\u00f6rgertshausen<\/h4>\n<div>\n<p>1. Vorsitzender Karl Rausch<br \/>2. Vorsitzende Renate Moormann<\/p>\n<\/p>\n<\/div>\n<\/li>\n<li>\n<h4>Sch\u00fctzenverein Eichenlaub Sielstetten e.V.<\/h4>\n<div>\n<p>Hauptstra\u00dfe 12<br \/>85413 H\u00f6rgertshausen<\/p>\n<p>Tel. 08764 617<\/p>\n<\/div>\n<\/li>\n<li>\n<h4>Sch\u00fctzenverein Hubertus e.V. <\/h4>\n<div>\n<p>Waldstrasse 9<br \/>85413 H\u00f6rgertshausen<\/p>\n<\/div>\n<\/li>\n<li>\n<h4>Senioren-Gruppe<\/h4>\n<div>\n<p>J\u00e4gerstra\u00dfe 6<br \/>85413 H\u00f6rgertshausen<\/p>\n<p>Tel. 08764 700<\/p>\n<\/div>\n<\/li>\n<li>\n<h4>Spielmannszug<\/h4>\n<div>\n<p>Eichenstra\u00dfe 6<br \/>85413 H\u00f6rgertshausen<\/p>\n<p>Tel. 0160 2303412<br \/>E-Mail: <a href=\"mailto:an-gebler@t-online.de\">fischas-hoet@online.de<\/a><br \/><a href=\"https:\/\/www.facebook.com\/profile.php?id=100063703564107\">www.facebook.com<\/a><\/p>\n<\/div>\n<\/li>\n<li>\n<h4>Sportverein H\u00f6rgertshausen<\/h4>\n<div>\n<p>Am Sportplatz 1 <br \/>85413 H\u00f6rgertshausen<\/p>\n<p>Tel. 08764 1450<br \/><a href=\"http:\/\/www.sv-hoergertshausen.de\/wordpress\/\" target=\"_blank\" rel=\"noopener\">www.sv-hoergertshausen.de<\/a><\/p>\n<\/div>\n<\/li>\n<li>\n<h4>Tennisverein<\/h4>\n<div>\n<p>Am Sportplatz 1<br \/>85413 H\u00f6rgertshausen<\/p>\n<p>E-Mail: tennis@sv-hoergertshausen.de<br \/><a href=\"https:\/\/www.tennis-hoergertshausen.de\/\" target=\"_blanke\">www.tennis-hoergertshausen.de<\/a><\/p>\n<\/div>\n<\/li>\n<li>\n<h4>VdK-Ortsverband H\u00f6rgertshausen<\/h4>\n<div>\n<p>Max-Lehner-Stra\u00dfe 33<br \/>85354 Freising<\/p>\n<p>Tel. 08161 53746<br \/>E-Mail: <a href=\"mailto:kv-freising@vdk.de\">kv-freising@vdk.de<\/a><br \/><a href=\"https:\/\/www.vdk.de\/bayern\/\" target=\"_blanke\">www.vdk.de\/bayern<\/a><\/p>\n<\/div>\n<\/li>\n<li>\n<h4>Verein Dorfzwergerl<\/h4>\n<div>\n<p>Margarethenried 25<br \/>85413 H\u00f6rgertshausen<\/p>\n<p>Tel. 08764 9498720<br \/>E-Mail: <a href=\"mailto:info@dorfzwergerl.de\">info@dorfzwergerl.de<\/a><br \/><a href=\"https:\/\/dorfzwergerl.de\/\" target=\"_blanke\">www.dorfzwergerl.de<\/a><\/p>\n<\/div>\n<\/li>\n<\/ul>\n<p><!--more--><br \/>\n<!-- {\"children\":[{\"type\":\"section\",\"props\":{\"image_position\":\"center-center\",\"padding\":\"small\",\"padding_remove_bottom\":true,\"style\":\"default\",\"title_breakpoint\":\"xl\",\"title_position\":\"top-left\",\"title_rotation\":\"left\",\"vertical_align\":\"\",\"width\":\"default\"},\"children\":[{\"type\":\"row\",\"children\":[{\"type\":\"column\",\"props\":{\"image_position\":\"center-center\",\"position_sticky_breakpoint\":\"m\",\"width_medium\":\"1-1\"},\"children\":[{\"type\":\"breadcrumbs\",\"props\":{\"show_current\":true,\"show_home\":true}}]}]}]},{\"type\":\"section\",\"props\":{\"image_position\":\"center-center\",\"style\":\"default\",\"title_breakpoint\":\"xl\",\"title_position\":\"top-left\",\"title_rotation\":\"left\",\"vertical_align\":\"\",\"width\":\"default\"},\"children\":[{\"type\":\"row\",\"children\":[{\"type\":\"column\",\"props\":{\"image_position\":\"center-center\",\"position_sticky_breakpoint\":\"m\",\"width_medium\":\"1-1\"},\"children\":[{\"type\":\"headline\",\"props\":{\"content\":\"Leitfaden f\\u00fcr Vereinsfeiern\",\"link\":\"wp-content\\\/uploads\\\/sites\\\/4\\\/2024\\\/01\\\/Leitfaden-fuer-Vereinsfeiern-2024.pdf\",\"link_target\":true,\"title_element\":\"h1\",\"title_style\":\"heading-small\"}},{\"type\":\"headline\",\"props\":{\"content\":\"GEMA-Gratisticket f\\u00fcr Vereine\",\"title_element\":\"h1\",\"title_style\":\"heading-small\"}},{\"type\":\"text\",\"props\":{\"column_breakpoint\":\"m\",\"content\":\"\n\n<p>Der Freistaat Bayern \\u00fcbernimmt k\\u00fcnftig die GEMA-Geb\\u00fchren f\\u00fcr zwei Veranstaltungen pro Verein und pro Jahr.<\\\/p>\",\"margin\":\"default\"}},{\"type\":\"button\",\"props\":{\"grid_column_gap\":\"small\",\"grid_row_gap\":\"small\",\"margin\":\"default\"},\"children\":[{\"type\":\"button_item\",\"props\":{\"button_style\":\"default\",\"content\":\"N\\u00e4heres dar\\u00fcber erfahren Sie hier\",\"icon_align\":\"left\",\"link\":\"wp-content\\\/uploads\\\/sites\\\/4\\\/2023\\\/05\\\/GEMA-Gratisticket-fuer-Vereine.pdf\",\"link_target\":\"blank\"}}]},{\"type\":\"headline\",\"props\":{\"content\":\"Vereine\",\"title_element\":\"h1\",\"title_style\":\"heading-small\"}}]}]}]},{\"type\":\"section\",\"props\":{\"id\":\"firmen\",\"image_position\":\"center-center\",\"padding_remove_top\":true,\"style\":\"default\",\"title_breakpoint\":\"xl\",\"title_position\":\"top-left\",\"title_rotation\":\"left\",\"vertical_align\":\"\",\"width\":\"default\"},\"children\":[{\"type\":\"row\",\"children\":[{\"type\":\"column\",\"props\":{\"image_position\":\"center-center\",\"position_sticky_breakpoint\":\"m\",\"width_medium\":\"1-1\"},\"children\":[{\"type\":\"grid\",\"props\":{\"animation\":true,\"content_column_breakpoint\":\"m\",\"filter\":true,\"filter_align\":\"left\",\"filter_all\":true,\"filter_all_label\":\"Alle\",\"filter_grid_breakpoint\":\"m\",\"filter_grid_width\":\"auto\",\"filter_position\":\"top\",\"filter_style\":\"subnav-pill\",\"grid_default\":\"1\",\"grid_divider\":true,\"grid_medium\":\"3\",\"icon_width\":80,\"image_align\":\"top\",\"image_grid_breakpoint\":\"m\",\"image_grid_width\":\"1-2\",\"image_svg_color\":\"emphasis\",\"item_animation\":true,\"link_style\":\"default\",\"link_text\":\"Read more\",\"margin\":\"default\",\"meta_align\":\"below-title\",\"meta_color\":\"success\",\"meta_element\":\"div\",\"meta_style\":\"h5\",\"parallax_easing\":\"1\",\"show_content\":true,\"show_image\":true,\"show_link\":true,\"show_meta\":false,\"show_title\":true,\"title_align\":\"top\",\"title_element\":\"h4\",\"title_grid_breakpoint\":\"m\",\"title_grid_width\":\"1-2\",\"title_hover_style\":\"reset\"},\"children\":[{\"type\":\"grid_item\",\"props\":{\"content\":\"\n\n<p>Lerchenstr. 3<br \\\/>85368 Moosburg<\\\/p>\\n\n\n<p>Tel. 08761 66577<br \\\/>E-Mail: <a href=\\\"mailto:michael.stanglmaier@adfc-bayern.de\\\">michael.stanglmaier@adfc-bayern.de<\\\/a><br \\\/><a href=\\\"http:\\\/\\\/www.adfc-freising.de\\\/\\\" target=\\\"_blanke\\\">www.adfc-freising.de<\\\/a><\\\/p>\",\"meta\":\"Kreisverband Freising \",\"title\":\"Allgemeiner Deutscher Fahrrad-Club\"}},{\"type\":\"grid_item\",\"props\":{\"content\":\"\n\n<p>J\\u00e4gerstra\\u00dfe 20<br \\\/>85413 H\\u00f6rgertshausen<\\\/p>\\n\n\n<p>E-Mail: <a href=\\\"mailto:bogensport-hoergi@web.de\\\">bogensport-hoergi@web.de<\\\/a><br \\\/><a href=\\\"https:\\\/\\\/www.bogensport-h\\u00f6rgertshausen.de\\\/\\\" target=\\\"_blanke\\\">www.bogensport-h\\u00f6rgertshausen.de<\\\/a><\\\/p>\",\"title\":\" Bogensch\\u00fctzen H\\u00f6rgertshausen\"}},{\"type\":\"grid_item\",\"props\":{\"content\":\"\n\n<p>Hochfeldstra\\u00dfe 19a<br \\\/>85413 H\\u00f6rgertshausen<\\\/p>\\n\n\n<p>Tel. 08764 1718 <small>(Mittwoch von 19:30 bis 20:15 Uhr)<\\\/small><br \\\/>E-Mail: <a href=\\\"mailto:info@ffw-hoergertshausen.de\\\">info@ffw-hoergertshausen.de<\\\/a><br \\\/><a href=\\\"https:\\\/\\\/ffw-hoergertshausen.de\\\/\\\" target=\\\"_blanke\\\">www.ffw-hoergertshausen.de<\\\/a><\\\/p>\",\"title\":\"Freiwillige Feuerwehr H\\u00f6rgertshausen\"}},{\"type\":\"grid_item\",\"props\":{\"content\":\"\n\n<p>E-Mail: <a href=\\\"mailto:ffw.margarethenried@gmx.de\\\">ffw.margarethenried@gmx.de<\\\/a><\\\/p>\",\"title\":\"Freiwillige Feuerwehr Margarethenried\"}},{\"type\":\"grid_item\",\"props\":{\"content\":\"\n\n<p>Hauptstra\\u00dfe 12<br \\\/>85413 H\\u00f6rgertshausen<\\\/p>\",\"title\":\"Freiwillige Feuerwehr Sielstetten\"}},{\"type\":\"grid_item\",\"props\":{\"title\":\"Gl\\u00fcckskegler H\\u00f6rgertshausen e.V.\"}},{\"type\":\"grid_item\",\"props\":{\"content\":\"\n\n<p>St. Albaner Str. 16<br \\\/>85413 H\\u00f6rgertshausen<\\\/p>\",\"title\":\"Holzwurm-B\\u00fchne\"}},{\"type\":\"grid_item\",\"props\":{\"content\":\"\n\n<p>1. Vorsitzende Beate Haindl-Feiner<\\\/p>\",\"title\":\"H\\u00f6rgertshauser Chor\"}},{\"type\":\"grid_item\",\"props\":{\"content\":\"\n\n<p>Am Wurzelgraben 8<br \\\/>85419 Mauern<\\\/p>\",\"title\":\"J\\u00e4gerstammtisch\"}},{\"type\":\"grid_item\",\"props\":{\"content\":\"\n\n<p>Bergstra\\u00dfe 16<br \\\/>85413 H\\u00f6rgertshausen<\\\/p>\\n\n\n<p><\\\/p>\",\"title\":\" Krieger- und Soldatenverein H\\u00f6rgertshausen\"}},{\"type\":\"grid_item\",\"props\":{\"content\":\"\n\n<p>instagram: landjugend_margarethenried<\\\/p>\",\"title\":\"Landjugend Margarethenried\"}},{\"type\":\"grid_item\",\"props\":{\"content\":\"\n\n<p>1. Vorsitzender Karl Rausch<br \\\/>2. Vorsitzende Renate Moormann<\\\/p>\\n\n\n<p><\\\/p>\",\"title\":\"Obst- und Gartenbauverein H\\u00f6rgertshausen\"}},{\"type\":\"grid_item\",\"props\":{\"content\":\"\n\n<p>Hauptstra\\u00dfe 12<br \\\/>85413 H\\u00f6rgertshausen<\\\/p>\\n\n\n<p>Tel. 08764 617<\\\/p>\",\"title\":\"Sch\\u00fctzenverein Eichenlaub Sielstetten e.V.\"}},{\"type\":\"grid_item\",\"props\":{\"content\":\"\n\n<p>Waldstrasse 9<br \\\/>85413 H\\u00f6rgertshausen<\\\/p>\",\"title\":\"Sch\\u00fctzenverein Hubertus e.V. \"}},{\"type\":\"grid_item\",\"props\":{\"content\":\"\n\n<p>J\\u00e4gerstra\\u00dfe 6<br \\\/>85413 H\\u00f6rgertshausen<\\\/p>\\n\n\n<p>Tel. 08764 700<\\\/p>\",\"title\":\"Senioren-Gruppe\"}},{\"type\":\"grid_item\",\"props\":{\"content\":\"\n\n<p>Eichenstra\\u00dfe 6<br \\\/>85413 H\\u00f6rgertshausen<\\\/p>\\n\n\n<p>Tel. 0160 2303412<br \\\/>E-Mail: <a href=\\\"mailto:an-gebler@t-online.de\\\">fischas-hoet@online.de<\\\/a><br \\\/><a href=\\\"https:\\\/\\\/www.facebook.com\\\/profile.php?id=100063703564107\\\">www.facebook.com<\\\/a><\\\/p>\",\"title\":\"Spielmannszug\"}},{\"type\":\"grid_item\",\"props\":{\"content\":\"\n\n<p>Am Sportplatz 1 <br \\\/>85413 H\\u00f6rgertshausen<\\\/p>\\n\n\n<p>Tel. 08764 1450<br \\\/><a href=\\\"http:\\\/\\\/www.sv-hoergertshausen.de\\\/wordpress\\\/\\\" target=\\\"_blank\\\" rel=\\\"noopener\\\">www.sv-hoergertshausen.de<\\\/a><\\\/p>\",\"title\":\"Sportverein H\\u00f6rgertshausen\"}},{\"type\":\"grid_item\",\"props\":{\"content\":\"\n\n<p>Am Sportplatz 1<br \\\/>85413 H\\u00f6rgertshausen<\\\/p>\\n\n\n<p>E-Mail: tennis@sv-hoergertshausen.de<br \\\/><a href=\\\"https:\\\/\\\/www.tennis-hoergertshausen.de\\\/\\\" target=\\\"_blanke\\\">www.tennis-hoergertshausen.de<\\\/a><\\\/p>\",\"title\":\"Tennisverein\"}},{\"type\":\"grid_item\",\"props\":{\"content\":\"\n\n<p>Max-Lehner-Stra\\u00dfe 33<br \\\/>85354 Freising<\\\/p>\\n\n\n<p>Tel. 08161 53746<br \\\/>E-Mail: <a href=\\\"mailto:kv-freising@vdk.de\\\">kv-freising@vdk.de<\\\/a><br \\\/><a href=\\\"https:\\\/\\\/www.vdk.de\\\/bayern\\\/\\\" target=\\\"_blanke\\\">www.vdk.de\\\/bayern<\\\/a><\\\/p>\",\"title\":\"VdK-Ortsverband H\\u00f6rgertshausen\"}},{\"type\":\"grid_item\",\"props\":{\"content\":\"\n\n<p>Margarethenried 25<br \\\/>85413 H\\u00f6rgertshausen<\\\/p>\\n\n\n<p>Tel. 08764 9498720<br \\\/>E-Mail: <a href=\\\"mailto:info@dorfzwergerl.de\\\">info@dorfzwergerl.de<\\\/a><br \\\/><a href=\\\"https:\\\/\\\/dorfzwergerl.de\\\/\\\" target=\\\"_blanke\\\">www.dorfzwergerl.de<\\\/a><\\\/p>\",\"title\":\"Verein Dorfzwergerl\"}}],\"name\":\"Vereine\"}]}]}],\"name\":\"Vereine\"}],\"type\":\"layout\",\"version\":\"4.4.16\"} --><\/p>\n","protected":false},"excerpt":{"rendered":"<p>Leitfaden f\u00fcr Vereinsfeiern GEMA-Gratisticket f\u00fcr Vereine Der Freistaat Bayern \u00fcbernimmt k\u00fcnftig die GEMA-Geb\u00fchren f\u00fcr zwei Veranstaltungen pro Verein und pro Jahr. N\u00e4heres dar\u00fcber erfahren Sie hier Vereine Allgemeiner Deutscher Fahrrad-Club Kreisverband Freising Lerchenstr. 385368 Moosburg Tel. 08761 66577E-Mail: michael.stanglmaier@adfc-bayern.dewww.adfc-freising.de Bogensch\u00fctzen H\u00f6rgertshausen J\u00e4gerstra\u00dfe 2085413 H\u00f6rgertshausen E-Mail: bogensport-hoergi@web.dewww.bogensport-h\u00f6rgertshausen.de Freiwillige Feuerwehr H\u00f6rgertshausen Hochfeldstra\u00dfe 19a85413 H\u00f6rgertshausen Tel. 08764 1718 [&hellip;]<\/p>\n","protected":false},"author":1,"featured_media":0,"parent":337,"menu_order":0,"comment_status":"closed","ping_status":"closed","template":"","meta":{"footnotes":""},"class_list":["post-341","page","type-page","status-publish","hentry"],"publishpress_future_action":{"enabled":false,"date":"2026-04-21 23:03:59","action":"change-status","newStatus":"draft","terms":[],"taxonomy":"","extraData":[]},"publishpress_future_workflow_manual_trigger":{"enabledWorkflows":[]},"_links":{"self":[{"href":"https:\/\/vg-mauern.de\/hoergertshausen\/wp-json\/wp\/v2\/pages\/341","targetHints":{"allow":["GET"]}}],"collection":[{"href":"https:\/\/vg-mauern.de\/hoergertshausen\/wp-json\/wp\/v2\/pages"}],"about":[{"href":"https:\/\/vg-mauern.de\/hoergertshausen\/wp-json\/wp\/v2\/types\/page"}],"author":[{"embeddable":true,"href":"https:\/\/vg-mauern.de\/hoergertshausen\/wp-json\/wp\/v2\/users\/1"}],"replies":[{"embeddable":true,"href":"https:\/\/vg-mauern.de\/hoergertshausen\/wp-json\/wp\/v2\/comments?post=341"}],"version-history":[{"count":10,"href":"https:\/\/vg-mauern.de\/hoergertshausen\/wp-json\/wp\/v2\/pages\/341\/revisions"}],"predecessor-version":[{"id":2358,"href":"https:\/\/vg-mauern.de\/hoergertshausen\/wp-json\/wp\/v2\/pages\/341\/revisions\/2358"}],"up":[{"embeddable":true,"href":"https:\/\/vg-mauern.de\/hoergertshausen\/wp-json\/wp\/v2\/pages\/337"}],"wp:attachment":[{"href":"https:\/\/vg-mauern.de\/hoergertshausen\/wp-json\/wp\/v2\/media?parent=341"}],"curies":[{"name":"wp","href":"https:\/\/api.w.org\/{rel}","templated":true}]}}