{"id":346,"date":"2022-03-21T09:55:05","date_gmt":"2022-03-21T08:55:05","guid":{"rendered":"https:\/\/demo.vg-mauern.de\/hoergertshausen\/?page_id=346"},"modified":"2026-01-12T11:53:33","modified_gmt":"2026-01-12T10:53:33","slug":"jugend","status":"publish","type":"page","link":"https:\/\/vg-mauern.de\/hoergertshausen\/freizeit-sport\/jugend\/","title":{"rendered":"Jugend"},"content":{"rendered":"<h1>Mobile Elternbegleitung in der Verwaltungsgemeinschaf Mauern<\/h1>\n<div>\n<div class=\"uk-panel uk-margin\">\n<p>Elmo ist das Infomobil des Kreisbildungswerks, konkret des Zentrums der Familie, mit dem wir die Mobile Elternbegleitung im Landkreis Freising realisieren. Es ist eine Art fahrbares B\u00fcro. Hintergrund ist, dass die Elternbegleitung ganz niederschwellig arbeiten m\u00f6chte, sprich H\u00fcrden abbauen will, sodass M\u00fctter und V\u00e4ter einfach und unkompliziert mit uns in Kontakt treten k\u00f6nnen. Ziel ist es, den Familien Wege und M\u00f6glichkeiten aufzuzeigen, Kontakte zu vermitteln und Hilfestellung zu leisten, um den Kindern einen f\u00fcr sie optimalen Bildungsweg zu er\u00f6ffnen.<\/p>\n<p>Jeden Dienstag, 09:30 bis 11:30 Uhr, au\u00dfer in den Ferien und an Feiertagen<\/p>\n<\/div>\n<\/div>\n<p>\n    <a href=\"\/hoergertshausen\/wp-content\/uploads\/sites\/4\/2026\/01\/Mobile-Elternbegleitung-Januar-bis-April-2026.pdf\">Die genauen Termine finden Sie hier<\/a>\n<\/p>\n<h1>Jugend<\/h1>\n<div>\n<p><strong>Jugendbeauftragte der Gemeinde H\u00f6rgertshausen sind die beiden Gemeinder\u00e4tinnen Frau Irene Haas und Frau Sandra Steyer in Zusammenarbeit mit Frau Lutz von der Verwaltungsgemeinschaft Mauern.<\/strong><\/p>\n<\/div>\n<p><img decoding=\"async\" src=\"\/hoergertshausen\/wp-content\/uploads\/sites\/4\/2022\/03\/irene_haas.png\" alt=\"Irene Haas\"><\/p>\n<h3>Irene Haas<\/h3>\n<div>\n<p>Ich hei\u00dfe Irene Haas, bin verheiratet und habe zwei Kinder. Ich bin gelernte Bankkauffrau und arbeite seit einigen Jahren als Kauffrau in einem mittelst\u00e4ndischen Unternehmen.<\/p>\n<p>Meine Hobbys sind meine Familie, Walken, Pilates, Musik und Mitwirken in verschiedenen Gruppen und Vereinen, wie z.B. Elternbeirat Kindergarten, Familiengottesdienstteam, Sportverein H\u00f6rgertshausen und seit \u00fcber 28 Jahre aktives Mitglied beim Spielmannszug H\u00f6rgertshausen. Ich engagiere mich sehr gerne in unserer Gemeinde, vor allem f\u00fcr Themen, die mir wichtig sind und mir am Herzen liegen und dazu geh\u00f6ren unsere Kinder und Jugendlichen aus H\u00f6rgertshausen.<\/p>\n<\/div>\n<ul>\n<li>\n<div>\n<p>Mobil 0175 2430270<\/p>\n<\/div>\n<\/li>\n<li>\n<div>\n<p>E-Mail: <a href=\"mailto:irene.haas80@gmail.com\">irene.haas80@gmail.com<\/a><\/p>\n<\/div>\n<\/li>\n<\/ul>\n<hr>\n<p><img decoding=\"async\" src=\"\/hoergertshausen\/wp-content\/uploads\/sites\/4\/2022\/03\/sandra_steyer.png\" alt=\"Sandra Steyer\"><\/p>\n<h3>Sandra Steyer<\/h3>\n<div>\n<p>Ich hei\u00dfe Sandra Steyer und wohne mit meinem Mann und unseren Zwillingen in H\u00f6rgertshausen. Ich bin Erzieherin und Sozialp\u00e4dagogin und arbeite aktuell als Familienhilfe f\u00fcr verschiedene Jugend\u00e4mter. Meine Zeit verbringe ich am liebsten mit den Kindern drau\u00dfen in der Natur, gerne im Wald oder beim Walken in unserer sch\u00f6nen Umgebung. Au\u00dferdem singe ich seit vielen Jahren im H\u00f6rgertshausener Chor, engagiere mich im Kindergottesdienstteam und unterst\u00fctze unser Kinderhaus als Elternbeir\u00e4tin.<\/p>\n<\/div>\n<ul>\n<li>\n<div>\n<p>Mobil 0151 56981553<\/p>\n<\/div>\n<\/li>\n<li>\n<div>\n<p>E-Mail: <a href=\"mailto:sandy_popandy@hotmail.com\">sandy_popandy@hotmail.com<\/a><\/p>\n<\/div>\n<\/li>\n<\/ul>\n<p><!--more--><br \/>\n<!-- {\"type\":\"layout\",\"children\":[{\"type\":\"section\",\"props\":{\"image_position\":\"center-center\",\"padding\":\"small\",\"padding_remove_bottom\":true,\"style\":\"default\",\"title_breakpoint\":\"xl\",\"title_position\":\"top-left\",\"title_rotation\":\"left\",\"vertical_align\":\"\",\"width\":\"default\"},\"children\":[{\"type\":\"row\",\"children\":[{\"type\":\"column\",\"props\":{\"image_position\":\"center-center\",\"position_sticky_breakpoint\":\"m\"},\"children\":[{\"type\":\"breadcrumbs\",\"props\":{\"show_current\":true,\"show_home\":true}}]}]}]},{\"type\":\"section\",\"props\":{\"image_position\":\"center-center\",\"style\":\"default\",\"title_breakpoint\":\"xl\",\"title_position\":\"top-left\",\"title_rotation\":\"left\",\"vertical_align\":\"\",\"width\":\"default\"},\"children\":[{\"type\":\"row\",\"children\":[{\"type\":\"column\",\"props\":{\"image_position\":\"center-center\",\"position_sticky_breakpoint\":\"m\"},\"children\":[{\"type\":\"headline\",\"props\":{\"content\":\"Stille-Inseln im Familienalltag\",\"status\":\"disabled\",\"title_element\":\"h1\",\"title_style\":\"heading-small\"}},{\"type\":\"text\",\"props\":{\"column_breakpoint\":\"m\",\"content\":\"\n\n<p>Ein Verw\\u00f6hnnachmittag f\\u00fcr Eltern mit Kindern.<\\\/p>\",\"margin\":\"default\",\"status\":\"disabled\"}},{\"type\":\"button\",\"props\":{\"grid_column_gap\":\"small\",\"grid_row_gap\":\"small\",\"margin\":\"default\",\"status\":\"disabled\"},\"children\":[{\"type\":\"button_item\",\"props\":{\"button_style\":\"default\",\"content\":\"N\\u00e4heres dar\\u00fcber erfahren Sie hier\",\"icon_align\":\"left\",\"link\":\"wp-content\\\/uploads\\\/sites\\\/4\\\/2025\\\/03\\\/StilleInseln.pdf\",\"link_target\":\"blank\"}}]},{\"type\":\"headline\",\"props\":{\"content\":\"Mobile Elternbegleitung in der Verwaltungsgemeinschaf Mauern\",\"title_element\":\"h1\",\"title_style\":\"heading-small\"}},{\"type\":\"text\",\"props\":{\"column_breakpoint\":\"m\",\"content\":\"\n\n<div class=\\\"uk-panel uk-margin\\\">\\n\n\n<p>Elmo ist das Infomobil des Kreisbildungswerks, konkret des Zentrums der Familie, mit dem wir die Mobile Elternbegleitung im Landkreis Freising realisieren. Es ist eine Art fahrbares B\\u00fcro. Hintergrund ist, dass die Elternbegleitung ganz niederschwellig arbeiten m\\u00f6chte, sprich H\\u00fcrden abbauen will, sodass M\\u00fctter und V\\u00e4ter einfach und unkompliziert mit uns in Kontakt treten k\\u00f6nnen. Ziel ist es, den Familien Wege und M\\u00f6glichkeiten aufzuzeigen, Kontakte zu vermitteln und Hilfestellung zu leisten, um den Kindern einen f\\u00fcr sie optimalen Bildungsweg zu er\\u00f6ffnen.<\\\/p>\\n\n\n<p>Jeden Dienstag, 09:30 bis 11:30 Uhr, au\\u00dfer in den Ferien und an Feiertagen<\\\/p>\\n<\\\/div>\",\"margin\":\"default\"}},{\"type\":\"button\",\"props\":{\"grid_column_gap\":\"small\",\"grid_row_gap\":\"small\",\"margin\":\"default\"},\"children\":[{\"type\":\"button_item\",\"props\":{\"button_style\":\"default\",\"content\":\"Die genauen Termine finden Sie hier\",\"icon_align\":\"left\",\"link\":\"wp-content\\\/uploads\\\/sites\\\/4\\\/2026\\\/01\\\/Mobile-Elternbegleitung-Januar-bis-April-2026.pdf\",\"link_target\":\"blank\"}}]},{\"type\":\"headline\",\"props\":{\"content\":\"Jugend\",\"title_element\":\"h1\",\"title_style\":\"heading-small\"}},{\"type\":\"text\",\"props\":{\"column_breakpoint\":\"m\",\"content\":\"\n\n<p><strong>Jugendbeauftragte der Gemeinde H\\u00f6rgertshausen sind die beiden Gemeinder\\u00e4tinnen Frau Irene Haas und Frau Sandra Steyer in Zusammenarbeit mit Frau Lutz von der Verwaltungsgemeinschaft Mauern.<\\\/strong><\\\/p>\",\"margin\":\"default\",\"margin_remove_top\":true}}]}]},{\"type\":\"row\",\"props\":{\"layout\":\"1-4,3-4\"},\"children\":[{\"type\":\"column\",\"props\":{\"image_position\":\"center-center\",\"position_sticky_breakpoint\":\"m\",\"width_medium\":\"1-4\"},\"children\":[{\"type\":\"image\",\"props\":{\"image\":\"wp-content\\\/uploads\\\/sites\\\/4\\\/2022\\\/03\\\/irene_haas.png\",\"image_alt\":\"Irene Haas\",\"image_svg_color\":\"emphasis\",\"margin\":\"default\"}}]},{\"type\":\"column\",\"props\":{\"image_position\":\"center-center\",\"order_first\":\"m\",\"position_sticky_breakpoint\":\"m\",\"width_medium\":\"3-4\"},\"children\":[{\"type\":\"headline\",\"props\":{\"content\":\"Irene Haas\",\"margin_remove_bottom\":true,\"title_color\":\"primary\",\"title_element\":\"h3\"}},{\"type\":\"text\",\"props\":{\"column_breakpoint\":\"m\",\"content\":\"\n\n<p>Ich hei\\u00dfe Irene Haas, bin verheiratet und habe zwei Kinder. Ich bin gelernte Bankkauffrau und arbeite seit einigen Jahren als Kauffrau in einem mittelst\\u00e4ndischen Unternehmen.<\\\/p>\\n\n\n<p>Meine Hobbys sind meine Familie, Walken, Pilates, Musik und Mitwirken in verschiedenen Gruppen und Vereinen, wie z.B. Elternbeirat Kindergarten, Familiengottesdienstteam, Sportverein H\\u00f6rgertshausen und seit \\u00fcber 28 Jahre aktives Mitglied beim Spielmannszug H\\u00f6rgertshausen. Ich engagiere mich sehr gerne in unserer Gemeinde, vor allem f\\u00fcr Themen, die mir wichtig sind und mir am Herzen liegen und dazu geh\\u00f6ren unsere Kinder und Jugendlichen aus H\\u00f6rgertshausen.<\\\/p>\",\"margin\":\"small\",\"margin_remove_top\":false}},{\"type\":\"list\",\"props\":{\"column_breakpoint\":\"m\",\"icon_color\":\"primary\",\"image_align\":\"left\",\"image_svg_color\":\"emphasis\",\"image_vertical_align\":false,\"list_element\":\"ul\",\"list_horizontal_separator\":\", \",\"list_type\":\"vertical\",\"show_image\":true,\"show_link\":true},\"children\":[{\"type\":\"list_item\",\"props\":{\"content\":\"\n\n<p>Mobil 0175 2430270<\\\/p>\",\"icon\":\"receiver\"}},{\"type\":\"list_item\",\"props\":{\"content\":\"\n\n<p>E-Mail: <a href=\\\"mailto:irene.haas80@gmail.com\\\">irene.haas80@gmail.com<\\\/a><\\\/p>\",\"icon\":\"mail\"}}]}]}]},{\"type\":\"row\",\"children\":[{\"type\":\"column\",\"props\":{\"image_position\":\"center-center\",\"position_sticky_breakpoint\":\"m\"},\"children\":[{\"type\":\"divider\",\"props\":{\"divider_element\":\"hr\"}}]}]},{\"type\":\"row\",\"props\":{\"layout\":\"1-4,3-4\"},\"children\":[{\"type\":\"column\",\"props\":{\"image_position\":\"center-center\",\"position_sticky_breakpoint\":\"m\",\"width_medium\":\"1-4\"},\"children\":[{\"type\":\"image\",\"props\":{\"image\":\"wp-content\\\/uploads\\\/sites\\\/4\\\/2022\\\/03\\\/sandra_steyer.png\",\"image_alt\":\"Sandra Steyer\",\"image_svg_color\":\"emphasis\",\"margin\":\"default\"}}]},{\"type\":\"column\",\"props\":{\"image_position\":\"center-center\",\"order_first\":\"m\",\"position_sticky_breakpoint\":\"m\",\"width_medium\":\"3-4\"},\"children\":[{\"type\":\"headline\",\"props\":{\"content\":\"Sandra Steyer\",\"margin_remove_bottom\":true,\"title_color\":\"primary\",\"title_element\":\"h3\"}},{\"type\":\"text\",\"props\":{\"column_breakpoint\":\"m\",\"content\":\"\n\n<p>Ich hei\\u00dfe Sandra Steyer und wohne mit meinem Mann und unseren Zwillingen in H\\u00f6rgertshausen. Ich bin Erzieherin und Sozialp\\u00e4dagogin und arbeite aktuell als Familienhilfe f\\u00fcr verschiedene Jugend\\u00e4mter. Meine Zeit verbringe ich am liebsten mit den Kindern drau\\u00dfen in der Natur, gerne im Wald oder beim Walken in unserer sch\\u00f6nen Umgebung. Au\\u00dferdem singe ich seit vielen Jahren im H\\u00f6rgertshausener Chor, engagiere mich im Kindergottesdienstteam und unterst\\u00fctze unser Kinderhaus als Elternbeir\\u00e4tin.<\\\/p>\",\"margin\":\"small\",\"margin_remove_top\":false}},{\"type\":\"list\",\"props\":{\"column_breakpoint\":\"m\",\"icon_color\":\"primary\",\"image_align\":\"left\",\"image_svg_color\":\"emphasis\",\"image_vertical_align\":false,\"list_element\":\"ul\",\"list_horizontal_separator\":\", \",\"list_type\":\"vertical\",\"show_image\":true,\"show_link\":true},\"children\":[{\"type\":\"list_item\",\"props\":{\"content\":\"\n\n<p>Mobil 0151 56981553<\\\/p>\",\"icon\":\"receiver\"}},{\"type\":\"list_item\",\"props\":{\"content\":\"\n\n<p>E-Mail: <a href=\\\"mailto:sandy_popandy@hotmail.com\\\">sandy_popandy@hotmail.com<\\\/a><\\\/p>\",\"icon\":\"mail\"}}]}]}]}]}],\"version\":\"4.4.16\"} --><\/p>\n","protected":false},"excerpt":{"rendered":"<p>Mobile Elternbegleitung in der Verwaltungsgemeinschaf Mauern Elmo ist das Infomobil des Kreisbildungswerks, konkret des Zentrums der Familie, mit dem wir die Mobile Elternbegleitung im Landkreis Freising realisieren. Es ist eine Art fahrbares B\u00fcro. Hintergrund ist, dass die Elternbegleitung ganz niederschwellig arbeiten m\u00f6chte, sprich H\u00fcrden abbauen will, sodass M\u00fctter und V\u00e4ter einfach und unkompliziert mit uns [&hellip;]<\/p>\n","protected":false},"author":1,"featured_media":0,"parent":337,"menu_order":0,"comment_status":"closed","ping_status":"closed","template":"","meta":{"footnotes":""},"class_list":["post-346","page","type-page","status-publish","hentry"],"publishpress_future_action":{"enabled":false,"date":"2026-04-17 11:11:52","action":"change-status","newStatus":"draft","terms":[],"taxonomy":"","extraData":[]},"publishpress_future_workflow_manual_trigger":{"enabledWorkflows":[]},"_links":{"self":[{"href":"https:\/\/vg-mauern.de\/hoergertshausen\/wp-json\/wp\/v2\/pages\/346","targetHints":{"allow":["GET"]}}],"collection":[{"href":"https:\/\/vg-mauern.de\/hoergertshausen\/wp-json\/wp\/v2\/pages"}],"about":[{"href":"https:\/\/vg-mauern.de\/hoergertshausen\/wp-json\/wp\/v2\/types\/page"}],"author":[{"embeddable":true,"href":"https:\/\/vg-mauern.de\/hoergertshausen\/wp-json\/wp\/v2\/users\/1"}],"replies":[{"embeddable":true,"href":"https:\/\/vg-mauern.de\/hoergertshausen\/wp-json\/wp\/v2\/comments?post=346"}],"version-history":[{"count":10,"href":"https:\/\/vg-mauern.de\/hoergertshausen\/wp-json\/wp\/v2\/pages\/346\/revisions"}],"predecessor-version":[{"id":2633,"href":"https:\/\/vg-mauern.de\/hoergertshausen\/wp-json\/wp\/v2\/pages\/346\/revisions\/2633"}],"up":[{"embeddable":true,"href":"https:\/\/vg-mauern.de\/hoergertshausen\/wp-json\/wp\/v2\/pages\/337"}],"wp:attachment":[{"href":"https:\/\/vg-mauern.de\/hoergertshausen\/wp-json\/wp\/v2\/media?parent=346"}],"curies":[{"name":"wp","href":"https:\/\/api.w.org\/{rel}","templated":true}]}}