{"id":89,"date":"2022-03-18T10:59:49","date_gmt":"2022-03-18T09:59:49","guid":{"rendered":"https:\/\/demo.vg-mauern.de\/hoergertshausen\/?page_id=89"},"modified":"2022-03-18T11:03:40","modified_gmt":"2022-03-18T10:03:40","slug":"geoportal","status":"publish","type":"page","link":"https:\/\/vg-mauern.de\/hoergertshausen\/bauland\/geoportal\/","title":{"rendered":"Geoportal"},"content":{"rendered":"<h1>Willkommen im Geoportal des Landkreises Freising<\/h1>\n<div>\n<p>Das Geoportal und das Digitale Planarchiv bieten Ihnen die M\u00f6glichkeit, geographische Daten verschiedenster Art (z.B. Flurkarten, Luftbilder, Topographische Karten) aus dem Landkreis Freising interaktiv im Internet einzusehen.<\/p>\n<p>Im Geoportal finden Sie z. B. Radwege, Schutzgebiete, \u00dcberschwemmungsgebiete, aber auch Informationen zu Freizeitangeboten.<\/p>\n<p>Das Digitale Planarchiv bringt die digitale Plansammlung des Landratsamtes dem B\u00fcrger n\u00e4her. Beide Dienste werden sowohl inhaltlich als auch technisch st\u00e4ndig weiterentwickelt.<\/p>\n<p>Es handelt sich hierbei um ein Informationsangebot des Landratsamtes Freising. Rechtliche Verbindlichkeit der im Digitalen Planarchiv erfassten Bebauungspl\u00e4ne haben ausschlie\u00dflich die Papierfassungen der Bebauungspl\u00e4ne, die in der jeweiligen Gemeinde eingesehen werden k\u00f6nnen.<\/p>\n<\/div>\n<p>\n    <a href=\"http:\/\/www.karten.kreis-freising.de\/\">Geoportal und digitales Planarchiv des Landratsamtes Freising<\/a>\n<\/p>\n<p><!--more--><br \/>\n<!-- {\"type\":\"layout\",\"children\":[{\"type\":\"section\",\"props\":{\"style\":\"default\",\"width\":\"default\",\"vertical_align\":\"middle\",\"title_position\":\"top-left\",\"title_rotation\":\"left\",\"title_breakpoint\":\"xl\",\"image_position\":\"center-center\",\"padding\":\"small\",\"padding_remove_bottom\":true},\"children\":[{\"type\":\"row\",\"children\":[{\"type\":\"column\",\"props\":{\"position_sticky_breakpoint\":\"m\",\"image_position\":\"center-center\",\"media_overlay_gradient\":\"\"},\"children\":[{\"type\":\"breadcrumbs\",\"props\":{\"show_home\":true,\"show_current\":true}}]}]}]},{\"type\":\"section\",\"props\":{\"style\":\"default\",\"width\":\"default\",\"vertical_align\":\"middle\",\"title_position\":\"top-left\",\"title_rotation\":\"left\",\"title_breakpoint\":\"xl\",\"image_position\":\"center-center\"},\"children\":[{\"type\":\"row\",\"children\":[{\"type\":\"column\",\"props\":{\"position_sticky_breakpoint\":\"m\",\"image_position\":\"center-center\",\"media_overlay_gradient\":\"\"},\"children\":[{\"type\":\"headline\",\"props\":{\"title_element\":\"h1\",\"content\":\"Willkommen im Geoportal des Landkreises Freising\",\"title_style\":\"heading-small\"}}]}]},{\"type\":\"row\",\"children\":[{\"type\":\"column\",\"props\":{\"position_sticky_breakpoint\":\"m\",\"image_position\":\"center-center\",\"media_overlay_gradient\":\"\"},\"children\":[{\"type\":\"text\",\"props\":{\"margin\":\"default\",\"column_breakpoint\":\"m\",\"content\":\"\n\n<p>Das Geoportal und das Digitale Planarchiv bieten Ihnen die M\\u00f6glichkeit, geographische Daten verschiedenster Art (z.B. Flurkarten, Luftbilder, Topographische Karten) aus dem Landkreis Freising interaktiv im Internet einzusehen.<\\\/p>\\n\n\n<p>Im Geoportal finden Sie z. B. Radwege, Schutzgebiete, \\u00dcberschwemmungsgebiete, aber auch Informationen zu Freizeitangeboten.<\\\/p>\\n\n\n<p>Das Digitale Planarchiv bringt die digitale Plansammlung des Landratsamtes dem B\\u00fcrger n\\u00e4her. Beide Dienste werden sowohl inhaltlich als auch technisch st\\u00e4ndig weiterentwickelt.<\\\/p>\\n\n\n<p>Es handelt sich hierbei um ein Informationsangebot des Landratsamtes Freising. Rechtliche Verbindlichkeit der im Digitalen Planarchiv erfassten Bebauungspl\\u00e4ne haben ausschlie\\u00dflich die Papierfassungen der Bebauungspl\\u00e4ne, die in der jeweiligen Gemeinde eingesehen werden k\\u00f6nnen.<\\\/p>\"}},{\"type\":\"button\",\"props\":{\"grid_column_gap\":\"small\",\"grid_row_gap\":\"small\",\"margin\":\"default\"},\"children\":[{\"type\":\"button_item\",\"props\":{\"button_style\":\"primary\",\"icon_align\":\"left\",\"content\":\"Geoportal und digitales Planarchiv des Landratsamtes Freising\",\"link\":\"http:\\\/\\\/www.karten.kreis-freising.de\\\/\",\"icon\":\"arrow-right\",\"link_target\":\"blank\"}}]}]}]}]}],\"version\":\"2.7.20\"} --><\/p>\n","protected":false},"excerpt":{"rendered":"<p>Willkommen im Geoportal des Landkreises Freising Das Geoportal und das Digitale Planarchiv bieten Ihnen die M\u00f6glichkeit, geographische Daten verschiedenster Art (z.B. Flurkarten, Luftbilder, Topographische Karten) aus dem Landkreis Freising interaktiv im Internet einzusehen. Im Geoportal finden Sie z. B. Radwege, Schutzgebiete, \u00dcberschwemmungsgebiete, aber auch Informationen zu Freizeitangeboten. Das Digitale Planarchiv bringt die digitale Plansammlung des [&hellip;]<\/p>\n","protected":false},"author":1,"featured_media":0,"parent":84,"menu_order":0,"comment_status":"closed","ping_status":"closed","template":"","meta":{"footnotes":""},"class_list":["post-89","page","type-page","status-publish","hentry"],"publishpress_future_action":{"enabled":false,"date":"2026-04-15 12:31:51","action":"change-status","newStatus":"draft","terms":[],"taxonomy":"","extraData":[]},"publishpress_future_workflow_manual_trigger":{"enabledWorkflows":[]},"_links":{"self":[{"href":"https:\/\/vg-mauern.de\/hoergertshausen\/wp-json\/wp\/v2\/pages\/89","targetHints":{"allow":["GET"]}}],"collection":[{"href":"https:\/\/vg-mauern.de\/hoergertshausen\/wp-json\/wp\/v2\/pages"}],"about":[{"href":"https:\/\/vg-mauern.de\/hoergertshausen\/wp-json\/wp\/v2\/types\/page"}],"author":[{"embeddable":true,"href":"https:\/\/vg-mauern.de\/hoergertshausen\/wp-json\/wp\/v2\/users\/1"}],"replies":[{"embeddable":true,"href":"https:\/\/vg-mauern.de\/hoergertshausen\/wp-json\/wp\/v2\/comments?post=89"}],"version-history":[{"count":5,"href":"https:\/\/vg-mauern.de\/hoergertshausen\/wp-json\/wp\/v2\/pages\/89\/revisions"}],"predecessor-version":[{"id":97,"href":"https:\/\/vg-mauern.de\/hoergertshausen\/wp-json\/wp\/v2\/pages\/89\/revisions\/97"}],"up":[{"embeddable":true,"href":"https:\/\/vg-mauern.de\/hoergertshausen\/wp-json\/wp\/v2\/pages\/84"}],"wp:attachment":[{"href":"https:\/\/vg-mauern.de\/hoergertshausen\/wp-json\/wp\/v2\/media?parent=89"}],"curies":[{"name":"wp","href":"https:\/\/api.w.org\/{rel}","templated":true}]}}