{"id":964,"date":"2022-12-05T09:25:24","date_gmt":"2022-12-05T08:25:24","guid":{"rendered":"https:\/\/demo.vg-mauern.de\/hoergertshausen\/?page_id=964"},"modified":"2025-01-14T09:58:56","modified_gmt":"2025-01-14T08:58:56","slug":"gewerbeflaechen","status":"publish","type":"page","link":"https:\/\/vg-mauern.de\/hoergertshausen\/bauland\/gewerbeflaechen\/","title":{"rendered":"Gewerbefl\u00e4chen"},"content":{"rendered":"<h1>Gewerbefl\u00e4chen H\u00f6rgertshausen<\/h1>\n<div>\n<p>Zum aktuellen Zeitpunkt stehen keine Gewerbefl\u00e4chen zum Verkauf, bei Fragen k\u00f6nnen Sie sich an Frau Engl (<a href=\"mailto:engl@mauern-verwaltung.de\">engl@mauern-verwaltung.de<\/a>) wenden.<\/p>\n<\/div>\n<p><!--more--><br \/>\n<!-- {\"type\":\"layout\",\"children\":[{\"type\":\"section\",\"props\":{\"id\":\"gewerbegebiet\",\"image_position\":\"center-center\",\"style\":\"default\",\"title_breakpoint\":\"xl\",\"title_position\":\"top-left\",\"title_rotation\":\"left\",\"vertical_align\":\"\",\"width\":\"default\"},\"children\":[{\"type\":\"row\",\"children\":[{\"type\":\"column\",\"props\":{\"image_position\":\"center-center\",\"position_sticky_breakpoint\":\"m\"},\"children\":[{\"type\":\"headline\",\"props\":{\"content\":\"Gewerbefl\\u00e4chen H\\u00f6rgertshausen\",\"title_color\":\"primary\",\"title_element\":\"h1\",\"title_style\":\"heading-small\"}},{\"type\":\"text\",\"props\":{\"column_breakpoint\":\"m\",\"content\":\"\n\n<p>Zum aktuellen Zeitpunkt stehen keine Gewerbefl\\u00e4chen zum Verkauf, bei Fragen k\\u00f6nnen Sie sich an Frau Engl (<a href=\\\"mailto:engl@mauern-verwaltung.de\\\">engl@mauern-verwaltung.de<\\\/a>) wenden.<\\\/p>\",\"margin\":\"default\"}}]}]},{\"type\":\"row\",\"props\":{\"layout\":\"1-4,3-4\"},\"children\":[{\"type\":\"column\",\"props\":{\"image_position\":\"center-center\",\"position_sticky_breakpoint\":\"m\",\"width_medium\":\"1-4\"}},{\"type\":\"column\",\"props\":{\"image_position\":\"center-center\",\"order_first\":\"m\",\"position_sticky_breakpoint\":\"m\",\"width_medium\":\"3-4\"},\"children\":[{\"type\":\"text\",\"props\":{\"column_breakpoint\":\"m\",\"content\":\"\",\"margin\":\"default\"}}]}]}],\"name\":\"Gewerbegebiet_nicht_verf\\u00fcgbar\"}],\"version\":\"4.4.16\"} --><\/p>\n","protected":false},"excerpt":{"rendered":"<p>Gewerbefl\u00e4chen H\u00f6rgertshausen Zum aktuellen Zeitpunkt stehen keine Gewerbefl\u00e4chen zum Verkauf, bei Fragen k\u00f6nnen Sie sich an Frau Engl (engl@mauern-verwaltung.de) wenden.<\/p>\n","protected":false},"author":1,"featured_media":0,"parent":84,"menu_order":0,"comment_status":"closed","ping_status":"closed","template":"","meta":{"footnotes":""},"class_list":["post-964","page","type-page","status-publish","hentry"],"publishpress_future_action":{"enabled":false,"date":"2026-04-15 13:57:38","action":"change-status","newStatus":"draft","terms":[],"taxonomy":"","extraData":[]},"publishpress_future_workflow_manual_trigger":{"enabledWorkflows":[]},"_links":{"self":[{"href":"https:\/\/vg-mauern.de\/hoergertshausen\/wp-json\/wp\/v2\/pages\/964","targetHints":{"allow":["GET"]}}],"collection":[{"href":"https:\/\/vg-mauern.de\/hoergertshausen\/wp-json\/wp\/v2\/pages"}],"about":[{"href":"https:\/\/vg-mauern.de\/hoergertshausen\/wp-json\/wp\/v2\/types\/page"}],"author":[{"embeddable":true,"href":"https:\/\/vg-mauern.de\/hoergertshausen\/wp-json\/wp\/v2\/users\/1"}],"replies":[{"embeddable":true,"href":"https:\/\/vg-mauern.de\/hoergertshausen\/wp-json\/wp\/v2\/comments?post=964"}],"version-history":[{"count":21,"href":"https:\/\/vg-mauern.de\/hoergertshausen\/wp-json\/wp\/v2\/pages\/964\/revisions"}],"predecessor-version":[{"id":2188,"href":"https:\/\/vg-mauern.de\/hoergertshausen\/wp-json\/wp\/v2\/pages\/964\/revisions\/2188"}],"up":[{"embeddable":true,"href":"https:\/\/vg-mauern.de\/hoergertshausen\/wp-json\/wp\/v2\/pages\/84"}],"wp:attachment":[{"href":"https:\/\/vg-mauern.de\/hoergertshausen\/wp-json\/wp\/v2\/media?parent=964"}],"curies":[{"name":"wp","href":"https:\/\/api.w.org\/{rel}","templated":true}]}}