{"id":1445,"date":"2022-06-28T09:58:12","date_gmt":"2022-06-28T07:58:12","guid":{"rendered":"https:\/\/demo.vg-mauern.de\/mauern\/?page_id=1445"},"modified":"2022-12-22T11:16:37","modified_gmt":"2022-12-22T10:16:37","slug":"flaechennutzungsplaene","status":"publish","type":"page","link":"https:\/\/vg-mauern.de\/mauern\/bauland\/bauleitplaene-rechtsverbindlich\/flaechennutzungsplaene\/","title":{"rendered":"Fl\u00e4chennutzungspl\u00e4ne"},"content":{"rendered":"<h2>Fl\u00e4chennutzungspl\u00e4ne<\/h2>\n<div>\n<p><a href=\"\/mauern\/wp-content\/uploads\/sites\/2\/2022\/03\/flaechennutzungsplan_10.pdf\">Fl\u00e4chennutzungsplan (Stand November 2021)<\/a><\/p>\n<\/div>\n<p><!--more--><br \/>\n<!-- {\"name\":\"rechtlichverbindlich\",\"type\":\"layout\",\"children\":[{\"type\":\"section\",\"props\":{\"style\":\"default\",\"width\":\"default\",\"vertical_align\":\"middle\",\"title_position\":\"top-left\",\"title_rotation\":\"left\",\"title_breakpoint\":\"xl\",\"image_position\":\"center-center\",\"padding_remove_bottom\":true,\"padding\":\"small\"},\"children\":[{\"type\":\"row\",\"children\":[{\"type\":\"column\",\"props\":{\"position_sticky_breakpoint\":\"m\",\"image_position\":\"center-center\",\"media_overlay_gradient\":\"\"},\"children\":[{\"type\":\"breadcrumbs\",\"props\":{\"show_home\":true,\"show_current\":true}}]}]}]},{\"type\":\"section\",\"props\":{\"style\":\"default\",\"width\":\"default\",\"vertical_align\":\"middle\",\"title_position\":\"top-left\",\"title_rotation\":\"left\",\"title_breakpoint\":\"xl\",\"image_position\":\"center-center\",\"id\":\"flaechennutzungsplaene \"},\"children\":[{\"type\":\"row\",\"children\":[{\"type\":\"column\",\"props\":{\"position_sticky_breakpoint\":\"m\",\"image_position\":\"center-center\",\"media_overlay_gradient\":\"\"},\"children\":[{\"type\":\"headline\",\"props\":{\"title_element\":\"h2\",\"content\":\"Fl\\u00e4chennutzungspl\\u00e4ne\",\"title_color\":\"primary\"}},{\"type\":\"list\",\"props\":{\"show_image\":true,\"show_link\":true,\"list_type\":\"vertical\",\"list_element\":\"ul\",\"list_horizontal_separator\":\", \",\"column_breakpoint\":\"m\",\"image_svg_color\":\"emphasis\",\"image_align\":\"left\",\"image_vertical_align\":false,\"icon\":\"arrow-right\",\"icon_color\":\"primary\"},\"children\":[{\"type\":\"list_item\",\"props\":{\"content\":\"Fl\\u00e4chennutzungsplan (Stand November 2021)\",\"link\":\"wp-content\\\/uploads\\\/sites\\\/2\\\/2022\\\/03\\\/flaechennutzungsplan_10.pdf\"}}]}]}]}],\"name\":\"Fl\\u00e4chennutzungspl\\u00e4ne\"}],\"version\":\"2.7.20\"} --><\/p>\n","protected":false},"excerpt":{"rendered":"<p>Fl\u00e4chennutzungspl\u00e4ne Fl\u00e4chennutzungsplan (Stand November 2021)<\/p>\n","protected":false},"author":1,"featured_media":0,"parent":343,"menu_order":0,"comment_status":"closed","ping_status":"closed","template":"","meta":{"footnotes":""},"class_list":["post-1445","page","type-page","status-publish","hentry"],"publishpress_future_action":{"enabled":false,"date":"2026-04-30 11:38:10","action":"change-status","newStatus":"draft","terms":[],"taxonomy":"","extraData":[]},"publishpress_future_workflow_manual_trigger":{"enabledWorkflows":[]},"_links":{"self":[{"href":"https:\/\/vg-mauern.de\/mauern\/wp-json\/wp\/v2\/pages\/1445","targetHints":{"allow":["GET"]}}],"collection":[{"href":"https:\/\/vg-mauern.de\/mauern\/wp-json\/wp\/v2\/pages"}],"about":[{"href":"https:\/\/vg-mauern.de\/mauern\/wp-json\/wp\/v2\/types\/page"}],"author":[{"embeddable":true,"href":"https:\/\/vg-mauern.de\/mauern\/wp-json\/wp\/v2\/users\/1"}],"replies":[{"embeddable":true,"href":"https:\/\/vg-mauern.de\/mauern\/wp-json\/wp\/v2\/comments?post=1445"}],"version-history":[{"count":2,"href":"https:\/\/vg-mauern.de\/mauern\/wp-json\/wp\/v2\/pages\/1445\/revisions"}],"predecessor-version":[{"id":1447,"href":"https:\/\/vg-mauern.de\/mauern\/wp-json\/wp\/v2\/pages\/1445\/revisions\/1447"}],"up":[{"embeddable":true,"href":"https:\/\/vg-mauern.de\/mauern\/wp-json\/wp\/v2\/pages\/343"}],"wp:attachment":[{"href":"https:\/\/vg-mauern.de\/mauern\/wp-json\/wp\/v2\/media?parent=1445"}],"curies":[{"name":"wp","href":"https:\/\/api.w.org\/{rel}","templated":true}]}}