{"id":1537,"date":"2022-12-05T09:23:56","date_gmt":"2022-12-05T08:23:56","guid":{"rendered":"https:\/\/demo.vg-mauern.de\/mauern\/?page_id=1537"},"modified":"2026-04-07T12:00:31","modified_gmt":"2026-04-07T10:00:31","slug":"baugebiete","status":"publish","type":"page","link":"https:\/\/vg-mauern.de\/mauern\/bauland\/baugebiete\/","title":{"rendered":"Baugebiete"},"content":{"rendered":"<div>\n<p>Haben Sie Fragen zum Thema Verkauf der Grundst\u00fccke? Falls ja, k\u00f6nnen Sie sich gerne mit Frau Engl (Tel.: 08764\/89-67, <a href=\"mailto:engl@mauern-verwaltung.de\">engl@mauern-verwaltung.de<\/a>) oder Herrn B\u00fcrgermeister Krojer <a href=\"https:\/\/vg-mauern.de\/mauern\/krojer@mauern-verwaltung.de\">(krojer@mauern-verwaltung.de)<\/a> in Verbindung setzen.<\/p>\n<\/div>\n<h1>Bodenrichtwerte<\/h1>\n<div>\n<p>Auskunft \u00fcber die aktuellen Bodenrichtwerte erteilt die Gesch\u00e4ftsstelle des Gutachterausschusses im Landratsamt Freising (Tel. 08161 60034400\u00a0oder per Mail: <a href=\"mailto:gutachterausschuss@kreis-fs.de\">gutachterausschuss@kreis-fs.de<\/a>).<\/p>\n<\/div>\n<p><!--more--><br \/>\n<!-- {\"type\":\"layout\",\"children\":[{\"type\":\"section\",\"props\":{\"image_position\":\"center-center\",\"padding_remove_top\":false,\"style\":\"default\",\"title_breakpoint\":\"xl\",\"title_position\":\"top-left\",\"title_rotation\":\"left\",\"vertical_align\":\"\",\"width\":\"default\"},\"children\":[{\"type\":\"row\",\"children\":[{\"type\":\"column\",\"props\":{\"image_position\":\"center-center\",\"position_sticky_breakpoint\":\"m\"},\"children\":[{\"type\":\"text\",\"props\":{\"column_breakpoint\":\"m\",\"content\":\"\n\n<p>Haben Sie Fragen zum Thema Verkauf der Grundst\\u00fccke? Falls ja, k\\u00f6nnen Sie sich gerne mit Frau Engl (Tel.: 08764\\\/89-67, <a href=\\\"mailto:engl@mauern-verwaltung.de\\\">engl@mauern-verwaltung.de<\\\/a>) oder Herrn B\\u00fcrgermeister Krojer <a href=\\\"https:\\\/\\\/vg-mauern.de\\\/mauern\\\/krojer@mauern-verwaltung.de\\\">(krojer@mauern-verwaltung.de)<\\\/a> in Verbindung setzen.<\\\/p>\",\"margin\":\"default\"}},{\"type\":\"headline\",\"props\":{\"content\":\"Bodenrichtwerte\",\"title_element\":\"h1\",\"title_style\":\"heading-small\"}},{\"type\":\"text\",\"props\":{\"column_breakpoint\":\"m\",\"content\":\"\n\n<p>Auskunft \\u00fcber die aktuellen Bodenrichtwerte erteilt die Gesch\\u00e4ftsstelle des Gutachterausschusses im Landratsamt Freising (Tel. 08161 60034400\\u00a0oder per Mail: <a href=\\\"mailto:gutachterausschuss@kreis-fs.de\\\">gutachterausschuss@kreis-fs.de<\\\/a>).<\\\/p>\",\"margin\":\"default\"}}]}]},{\"type\":\"row\",\"children\":[{\"type\":\"column\",\"props\":{\"image_position\":\"center-center\",\"position_sticky_breakpoint\":\"m\"}}]},{\"type\":\"row\",\"props\":{\"layout\":\"1-4,3-4\"},\"children\":[{\"type\":\"column\",\"props\":{\"image_position\":\"center-center\",\"position_sticky_breakpoint\":\"m\",\"width_medium\":\"1-4\"}},{\"type\":\"column\",\"props\":{\"image_position\":\"center-center\",\"order_first\":\"m\",\"position_sticky_breakpoint\":\"m\",\"width_medium\":\"3-4\"}}]}],\"name\":\"Baugebiete_mauern\"},{\"type\":\"section\",\"props\":{\"image_position\":\"center-center\",\"style\":\"default\",\"title_breakpoint\":\"xl\",\"title_position\":\"top-left\",\"title_rotation\":\"left\",\"vertical_align\":\"middle\",\"width\":\"default\"},\"children\":[{\"type\":\"row\",\"children\":[{\"type\":\"column\",\"props\":{\"image_position\":\"center-center\",\"position_sticky_breakpoint\":\"m\"}}]}]}],\"version\":\"4.4.16\"} --><\/p>\n","protected":false},"excerpt":{"rendered":"<p>Haben Sie Fragen zum Thema Verkauf der Grundst\u00fccke? Falls ja, k\u00f6nnen Sie sich gerne mit Frau Engl (Tel.: 08764\/89-67, engl@mauern-verwaltung.de) oder Herrn B\u00fcrgermeister Krojer (krojer@mauern-verwaltung.de) in Verbindung setzen. Bodenrichtwerte Auskunft \u00fcber die aktuellen Bodenrichtwerte erteilt die Gesch\u00e4ftsstelle des Gutachterausschusses im Landratsamt Freising (Tel. 08161 60034400\u00a0oder per Mail: gutachterausschuss@kreis-fs.de).<\/p>\n","protected":false},"author":1,"featured_media":0,"parent":80,"menu_order":0,"comment_status":"closed","ping_status":"closed","template":"","meta":{"footnotes":""},"class_list":["post-1537","page","type-page","status-publish","hentry"],"publishpress_future_action":{"enabled":false,"date":"2026-04-29 15:23:00","action":"change-status","newStatus":"draft","terms":[],"taxonomy":"","extraData":[]},"publishpress_future_workflow_manual_trigger":{"enabledWorkflows":[]},"_links":{"self":[{"href":"https:\/\/vg-mauern.de\/mauern\/wp-json\/wp\/v2\/pages\/1537","targetHints":{"allow":["GET"]}}],"collection":[{"href":"https:\/\/vg-mauern.de\/mauern\/wp-json\/wp\/v2\/pages"}],"about":[{"href":"https:\/\/vg-mauern.de\/mauern\/wp-json\/wp\/v2\/types\/page"}],"author":[{"embeddable":true,"href":"https:\/\/vg-mauern.de\/mauern\/wp-json\/wp\/v2\/users\/1"}],"replies":[{"embeddable":true,"href":"https:\/\/vg-mauern.de\/mauern\/wp-json\/wp\/v2\/comments?post=1537"}],"version-history":[{"count":10,"href":"https:\/\/vg-mauern.de\/mauern\/wp-json\/wp\/v2\/pages\/1537\/revisions"}],"predecessor-version":[{"id":4454,"href":"https:\/\/vg-mauern.de\/mauern\/wp-json\/wp\/v2\/pages\/1537\/revisions\/4454"}],"up":[{"embeddable":true,"href":"https:\/\/vg-mauern.de\/mauern\/wp-json\/wp\/v2\/pages\/80"}],"wp:attachment":[{"href":"https:\/\/vg-mauern.de\/mauern\/wp-json\/wp\/v2\/media?parent=1537"}],"curies":[{"name":"wp","href":"https:\/\/api.w.org\/{rel}","templated":true}]}}