{"id":169,"date":"2022-03-02T16:20:02","date_gmt":"2022-03-02T15:20:02","guid":{"rendered":"https:\/\/demo.vg-mauern.de\/mauern\/?page_id=169"},"modified":"2026-04-23T12:30:58","modified_gmt":"2026-04-23T10:30:58","slug":"bauleitplaene-aktuelle-auslegung","status":"publish","type":"page","link":"https:\/\/vg-mauern.de\/mauern\/bauland\/bauleitplaene-aktuelle-auslegung\/","title":{"rendered":"Bauleitpl\u00e4ne aktuelle Auslegung"},"content":{"rendered":"<h1>Bauleitpl\u00e4ne aktuelle Auslegung<\/h1>\n<div>\n<p>Hier finden Sie die aktuellen \u00f6ffentlichen Auslegungen und Bekanntmachungen der Gemeinde Mauern gem\u00e4\u00df BauGB.<\/p>\n<\/p>\n<\/div>\n<div>\n<p><strong>16. \u00c4nderung Fl\u00e4chennutzungsplan und Aufstellung Bebauungsplan &#8222;H\u00f6rgersdorf&#8220; (Nr. 110), Gemeinde Mauern;<br \/>Beteiligung der Beh\u00f6rden und sonstiger Tr\u00e4ger \u00f6ffentlicher Belange an der Bauleitplanung gem\u00e4\u00df \u00a7 4 Abs. 1 BauGB.<\/strong><\/p>\n<\/div>\n<div>\n<p><strong>Fl\u00e4chennutzungsplan<\/strong><\/p>\n<\/div>\n<ul>\n<li>\n<p><a href=\"\/mauern\/wp-content\/uploads\/sites\/2\/2026\/04\/FNP_01_Plan-_Hoergersdorf_16-Aenderung_260202.pdf\">FNP 01 Plan H\u00f6rgersdorf 16. \u00c4nderung<\/a><\/p>\n<\/li>\n<li>\n<p><a href=\"\/mauern\/wp-content\/uploads\/sites\/2\/2026\/04\/FNP_02_-Begruendung_16.-Aenderung-Flaechennutzungsplan_Hoergersdorf.pdf\">FNP 02 Begr\u00fcndung 16. \u00c4nderung Fl\u00e4chennutzunsplan H\u00f6rgersdorf<\/a><\/p>\n<\/li>\n<\/ul>\n<div>\n<p><strong>Bebauungsplan<\/strong><\/p>\n<\/div>\n<ul>\n<li>\n<p><a href=\"\/mauern\/wp-content\/uploads\/sites\/2\/2026\/04\/00_Deckblatt.pdf\">Deckblatt<\/a><\/p>\n<\/li>\n<li>\n<p><a href=\"\/mauern\/wp-content\/uploads\/sites\/2\/2026\/04\/01_Bebauungsplan-Nr.-110-Fassung-Erste-Auslegung.pdf\">01 Bebauungsplan Nr. 110 Fassung Erste Auslegung<\/a><\/p>\n<\/li>\n<li>\n<p><a href=\"\/mauern\/wp-content\/uploads\/sites\/2\/2026\/04\/02_Begruendung-Bebeauungsplan-Hoergersdorf.pdf\">02 Begr\u00fcndung Bebauungsplan H\u00f6rgersdorf<\/a><\/p>\n<\/li>\n<li>\n<p><a href=\"\/mauern\/wp-content\/uploads\/sites\/2\/2026\/04\/ANLAGE_01_Gutachten-saP-Hoergersdorf_260216.pdf\">ANLAGE 01 Gutachten saP H\u00f6rgersdorf<\/a><\/p>\n<\/li>\n<li>\n<p><a href=\"\/mauern\/wp-content\/uploads\/sites\/2\/2026\/04\/ANLAGE_02_Auslgeich-Bedarf-und-Umfang.pdf\">ANLAGE 02 Ausgleich Bedarf und Umfang<\/a><\/p>\n<\/li>\n<li>\n<p><a href=\"\/mauern\/wp-content\/uploads\/sites\/2\/2026\/04\/ANLAGE_03_Artenschutzrechtliche-Begutachtung_K3_ED-2501-Hoergersdorf-Zauneidechse_2500916.pdf\">ANLAGE 03 Artenschutzrechtliche Begutachtung K3 ED-2501 H\u00f6rgersdorf Zauneidechse<\/a><\/p>\n<\/li>\n<li>\n<p><a href=\"\/mauern\/wp-content\/uploads\/sites\/2\/2026\/04\/ANLAGE_04_Ausfuehrung-Zauneidechsenhabitat.pdf\">ANLAGE 04 Ausf\u00fchrung Zauneidechsenhabitat<\/a><\/p>\n<\/li>\n<li>\n<p><a href=\"\/mauern\/wp-content\/uploads\/sites\/2\/2026\/04\/ANLAGE_05_Ausfuehrungsplan-Eidechsenhabitat.pdf\">ANLAGE 05 Ausf\u00fchrungsplan Eidechsenhabitat<\/a><\/p>\n<\/li>\n<li>\n<p><a href=\"\/mauern\/wp-content\/uploads\/sites\/2\/2026\/04\/ANLAGE_06_Bodengutachten_24212119-Mauern-Wohnbebauung-Hoergersdorf.pdf\">ANLAGE 06 Bodengutachten Mauern, Wohnbebauung H\u00f6rgersdorf<\/a><\/p>\n<\/li>\n<li>\n<p><a href=\"\/mauern\/wp-content\/uploads\/sites\/2\/2026\/04\/ANLAGE_07_Immissionsgutachten_9289.1.pdf\">ANLAGE 07 Immissionsgutachten<\/a><\/p>\n<\/li>\n<\/ul>\n<div>\n<\/div>\n<p><!--more--><br \/>\n<!-- {\"name\":\"Seite\",\"type\":\"layout\",\"children\":[{\"type\":\"section\",\"props\":{\"image_position\":\"center-center\",\"padding\":\"small\",\"padding_remove_bottom\":true,\"style\":\"default\",\"title_breakpoint\":\"xl\",\"title_position\":\"top-left\",\"title_rotation\":\"left\",\"vertical_align\":\"\",\"width\":\"default\"},\"children\":[{\"type\":\"row\",\"children\":[{\"type\":\"column\",\"props\":{\"image_position\":\"center-center\",\"position_sticky_breakpoint\":\"m\"},\"children\":[{\"type\":\"breadcrumbs\",\"props\":{\"show_current\":true,\"show_home\":true}}]}]}]},{\"type\":\"section\",\"props\":{\"image_position\":\"center-center\",\"padding_remove_top\":false,\"style\":\"default\",\"title_breakpoint\":\"xl\",\"title_position\":\"top-left\",\"title_rotation\":\"left\",\"vertical_align\":\"\",\"width\":\"default\"},\"children\":[{\"type\":\"row\",\"children\":[{\"type\":\"column\",\"props\":{\"image_position\":\"center-center\",\"position_sticky_breakpoint\":\"m\"},\"children\":[{\"type\":\"headline\",\"props\":{\"content\":\"Bauleitpl\\u00e4ne aktuelle Auslegung\",\"title_element\":\"h1\",\"title_style\":\"heading-small\"}}]}]},{\"type\":\"row\",\"children\":[{\"type\":\"column\",\"props\":{\"image_position\":\"center-center\",\"position_sticky_breakpoint\":\"m\"},\"children\":[{\"type\":\"text\",\"props\":{\"column_breakpoint\":\"m\",\"content\":\"\n\n<p>Hier finden Sie die aktuellen \\u00f6ffentlichen Auslegungen und Bekanntmachungen der Gemeinde Mauern gem\\u00e4\\u00df BauGB.<\\\/p>\\n\n\n<p><\\\/p>\",\"margin\":\"default\"}},{\"type\":\"text\",\"props\":{\"column_breakpoint\":\"m\",\"content\":\"\n\n<p><strong>16. \\u00c4nderung Fl\\u00e4chennutzungsplan und Aufstellung Bebauungsplan \\\"H\\u00f6rgersdorf\\\" (Nr. 110), Gemeinde Mauern;<br \\\/>Beteiligung der Beh\\u00f6rden und sonstiger Tr\\u00e4ger \\u00f6ffentlicher Belange an der Bauleitplanung gem\\u00e4\\u00df \\u00a7 4 Abs. 1 BauGB.<\\\/strong><\\\/p>\",\"margin\":\"default\"}},{\"type\":\"text\",\"props\":{\"column_breakpoint\":\"m\",\"content\":\"\n\n<p><strong>Fl\\u00e4chennutzungsplan<\\\/strong><\\\/p>\",\"margin\":\"default\"}},{\"type\":\"list\",\"props\":{\"column_breakpoint\":\"m\",\"image_align\":\"left\",\"image_svg_color\":\"emphasis\",\"image_vertical_align\":true,\"list_element\":\"ul\",\"list_horizontal_separator\":\", \",\"list_type\":\"vertical\",\"show_image\":true,\"show_link\":true},\"children\":[{\"type\":\"list_item\",\"props\":{\"content\":\"FNP 01 Plan H\\u00f6rgersdorf 16. \\u00c4nderung\",\"link\":\"wp-content\\\/uploads\\\/sites\\\/2\\\/2026\\\/04\\\/FNP_01_Plan-_Hoergersdorf_16-Aenderung_260202.pdf\",\"link_target\":true}},{\"type\":\"list_item\",\"props\":{\"content\":\"FNP 02 Begr\\u00fcndung 16. \\u00c4nderung Fl\\u00e4chennutzunsplan H\\u00f6rgersdorf\",\"link\":\"wp-content\\\/uploads\\\/sites\\\/2\\\/2026\\\/04\\\/FNP_02_-Begruendung_16.-Aenderung-Flaechennutzungsplan_Hoergersdorf.pdf\",\"link_target\":true}}]},{\"type\":\"text\",\"props\":{\"column_breakpoint\":\"m\",\"content\":\"\n\n<p><strong>Bebauungsplan<\\\/strong><\\\/p>\",\"margin\":\"default\"}},{\"type\":\"list\",\"props\":{\"column_breakpoint\":\"m\",\"image_align\":\"left\",\"image_svg_color\":\"emphasis\",\"image_vertical_align\":true,\"list_element\":\"ul\",\"list_horizontal_separator\":\", \",\"list_type\":\"vertical\",\"show_image\":true,\"show_link\":true},\"children\":[{\"type\":\"list_item\",\"props\":{\"content\":\"Deckblatt\",\"link\":\"wp-content\\\/uploads\\\/sites\\\/2\\\/2026\\\/04\\\/00_Deckblatt.pdf\",\"link_target\":true}},{\"type\":\"list_item\",\"props\":{\"content\":\"01 Bebauungsplan Nr. 110 Fassung Erste Auslegung\",\"link\":\"wp-content\\\/uploads\\\/sites\\\/2\\\/2026\\\/04\\\/01_Bebauungsplan-Nr.-110-Fassung-Erste-Auslegung.pdf\",\"link_target\":true}},{\"type\":\"list_item\",\"props\":{\"content\":\"02 Begr\\u00fcndung Bebauungsplan H\\u00f6rgersdorf\",\"link\":\"wp-content\\\/uploads\\\/sites\\\/2\\\/2026\\\/04\\\/02_Begruendung-Bebeauungsplan-Hoergersdorf.pdf\",\"link_target\":true}},{\"type\":\"list_item\",\"props\":{\"content\":\"ANLAGE 01 Gutachten saP H\\u00f6rgersdorf\",\"link\":\"wp-content\\\/uploads\\\/sites\\\/2\\\/2026\\\/04\\\/ANLAGE_01_Gutachten-saP-Hoergersdorf_260216.pdf\",\"link_target\":true}},{\"type\":\"list_item\",\"props\":{\"content\":\"ANLAGE 02 Ausgleich Bedarf und Umfang\",\"link\":\"wp-content\\\/uploads\\\/sites\\\/2\\\/2026\\\/04\\\/ANLAGE_02_Auslgeich-Bedarf-und-Umfang.pdf\",\"link_target\":true}},{\"type\":\"list_item\",\"props\":{\"content\":\"ANLAGE 03 Artenschutzrechtliche Begutachtung K3 ED-2501 H\\u00f6rgersdorf Zauneidechse\",\"link\":\"wp-content\\\/uploads\\\/sites\\\/2\\\/2026\\\/04\\\/ANLAGE_03_Artenschutzrechtliche-Begutachtung_K3_ED-2501-Hoergersdorf-Zauneidechse_2500916.pdf\",\"link_target\":true}},{\"type\":\"list_item\",\"props\":{\"content\":\"ANLAGE 04 Ausf\\u00fchrung Zauneidechsenhabitat\",\"link\":\"wp-content\\\/uploads\\\/sites\\\/2\\\/2026\\\/04\\\/ANLAGE_04_Ausfuehrung-Zauneidechsenhabitat.pdf\",\"link_target\":true}},{\"type\":\"list_item\",\"props\":{\"content\":\"ANLAGE 05 Ausf\\u00fchrungsplan Eidechsenhabitat\",\"link\":\"wp-content\\\/uploads\\\/sites\\\/2\\\/2026\\\/04\\\/ANLAGE_05_Ausfuehrungsplan-Eidechsenhabitat.pdf\",\"link_target\":true}},{\"type\":\"list_item\",\"props\":{\"content\":\"ANLAGE 06 Bodengutachten Mauern, Wohnbebauung H\\u00f6rgersdorf\",\"link\":\"wp-content\\\/uploads\\\/sites\\\/2\\\/2026\\\/04\\\/ANLAGE_06_Bodengutachten_24212119-Mauern-Wohnbebauung-Hoergersdorf.pdf\",\"link_target\":true}},{\"type\":\"list_item\",\"props\":{\"content\":\"ANLAGE 07 Immissionsgutachten\",\"link\":\"wp-content\\\/uploads\\\/sites\\\/2\\\/2026\\\/04\\\/ANLAGE_07_Immissionsgutachten_9289.1.pdf\",\"link_target\":true}}]}]}]},{\"type\":\"row\",\"children\":[{\"type\":\"column\",\"props\":{\"image_position\":\"center-center\",\"position_sticky_breakpoint\":\"m\"},\"children\":[{\"type\":\"grid\",\"props\":{\"content_column_breakpoint\":\"m\",\"filter_align\":\"left\",\"filter_all\":true,\"filter_grid_breakpoint\":\"m\",\"filter_grid_width\":\"auto\",\"filter_position\":\"top\",\"filter_style\":\"tab\",\"grid_column_align\":false,\"grid_default\":\"1\",\"grid_divider\":true,\"grid_medium\":\"\",\"grid_row_align\":false,\"icon_width\":80,\"image_align\":\"top\",\"image_grid_breakpoint\":\"m\",\"image_grid_width\":\"1-2\",\"image_svg_color\":\"emphasis\",\"item_animation\":true,\"link_style\":\"default\",\"link_text\":\"Read more\",\"margin\":\"default\",\"meta_align\":\"below-title\",\"meta_element\":\"div\",\"meta_style\":\"text-meta\",\"parallax_easing\":\"1\",\"show_content\":true,\"show_image\":true,\"show_link\":true,\"show_meta\":true,\"show_title\":true,\"title_align\":\"top\",\"title_element\":\"h3\",\"title_grid_breakpoint\":\"m\",\"title_grid_width\":\"1-2\",\"title_hover_style\":\"reset\"},\"children\":[{\"type\":\"grid_item\",\"source\":{\"query\":{\"name\":\"posts.customPosts\",\"arguments\":{\"terms\":[9],\"category_operator\":\"IN\",\"post_tag_operator\":\"IN\",\"users\":[],\"users_operator\":\"IN\",\"offset\":0,\"limit\":10,\"order\":\"date\",\"order_direction\":\"DESC\"}},\"props\":{\"title\":{\"filters\":{\"search\":\"\"},\"name\":\"title\"},\"content\":{\"filters\":{\"search\":\"\"},\"arguments\":{\"show_intro_text\":true},\"name\":\"content\"}}}}]}]}]}]}],\"version\":\"4.4.16\"} --><\/p>\n","protected":false},"excerpt":{"rendered":"<p>Bauleitpl\u00e4ne aktuelle Auslegung Hier finden Sie die aktuellen \u00f6ffentlichen Auslegungen und Bekanntmachungen der Gemeinde Mauern gem\u00e4\u00df BauGB. 16. \u00c4nderung Fl\u00e4chennutzungsplan und Aufstellung Bebauungsplan &#8222;H\u00f6rgersdorf&#8220; (Nr. 110), Gemeinde Mauern;Beteiligung der Beh\u00f6rden und sonstiger Tr\u00e4ger \u00f6ffentlicher Belange an der Bauleitplanung gem\u00e4\u00df \u00a7 4 Abs. 1 BauGB. Fl\u00e4chennutzungsplan FNP 01 Plan H\u00f6rgersdorf 16. \u00c4nderung FNP 02 Begr\u00fcndung 16. [&hellip;]<\/p>\n","protected":false},"author":1,"featured_media":0,"parent":80,"menu_order":0,"comment_status":"closed","ping_status":"closed","template":"","meta":{"footnotes":""},"class_list":["post-169","page","type-page","status-publish","hentry"],"publishpress_future_action":{"enabled":false,"date":"2026-05-13 10:40:18","action":"change-status","newStatus":"draft","terms":[],"taxonomy":"","extraData":[]},"publishpress_future_workflow_manual_trigger":{"enabledWorkflows":[]},"_links":{"self":[{"href":"https:\/\/vg-mauern.de\/mauern\/wp-json\/wp\/v2\/pages\/169","targetHints":{"allow":["GET"]}}],"collection":[{"href":"https:\/\/vg-mauern.de\/mauern\/wp-json\/wp\/v2\/pages"}],"about":[{"href":"https:\/\/vg-mauern.de\/mauern\/wp-json\/wp\/v2\/types\/page"}],"author":[{"embeddable":true,"href":"https:\/\/vg-mauern.de\/mauern\/wp-json\/wp\/v2\/users\/1"}],"replies":[{"embeddable":true,"href":"https:\/\/vg-mauern.de\/mauern\/wp-json\/wp\/v2\/comments?post=169"}],"version-history":[{"count":10,"href":"https:\/\/vg-mauern.de\/mauern\/wp-json\/wp\/v2\/pages\/169\/revisions"}],"predecessor-version":[{"id":4524,"href":"https:\/\/vg-mauern.de\/mauern\/wp-json\/wp\/v2\/pages\/169\/revisions\/4524"}],"up":[{"embeddable":true,"href":"https:\/\/vg-mauern.de\/mauern\/wp-json\/wp\/v2\/pages\/80"}],"wp:attachment":[{"href":"https:\/\/vg-mauern.de\/mauern\/wp-json\/wp\/v2\/media?parent=169"}],"curies":[{"name":"wp","href":"https:\/\/api.w.org\/{rel}","templated":true}]}}