{"id":2282,"date":"2023-08-03T11:22:04","date_gmt":"2023-08-03T09:22:04","guid":{"rendered":"https:\/\/vg-mauern.de\/mauern\/?page_id=2282"},"modified":"2026-04-01T10:58:30","modified_gmt":"2026-04-01T08:58:30","slug":"politische-parteien-und-gruppierungen","status":"publish","type":"page","link":"https:\/\/vg-mauern.de\/mauern\/gemeinde-mauern\/politische-parteien-und-gruppierungen\/","title":{"rendered":"Politische Parteien und Gruppierungen"},"content":{"rendered":"<h1>Politische Parteien und Gruppierungen<\/h1>\n<ul>\n<li>\n<h3>CSU Ortsverband<\/h3>\n<div>\n<p>Schwarzersdorf 8<br \/>85419 Mauern<\/p>\n<\/div>\n<\/li>\n<li>\n<h3>Frauenunion<\/h3>\n<div>\n<p>Fliederstra\u00dfe 7 <br \/>85419 Mauern<br \/>Tel. 08764 8253<\/p>\n<\/div>\n<\/li>\n<li>\n<h3>Freie W\u00e4hlergemeinschaft Mauern e. V. <\/h3>\n<div>\n<p>Flachsstra\u00dfe 1 <br \/>85419 Mauern<br \/>Tel. 08764 949345 <br \/>E-Mail: <a href=\"mailto:vorstand@freie-waehler-mauern.de\">vorstand@freie-waehler-mauern.de<\/a> <br \/><a href=\"https:\/\/www.freie-waehler-mauern.de\" target=\"_blanke\">www.freie-waehler-mauern.de<\/a><\/p>\n<\/div>\n<\/li>\n<li>\n<h3>AfD Ortsverband VG Mauern<\/h3>\n<div>\n<p>Michael Albuschat<br \/>Ortsvorsitzender<br \/>E-Mail: <a href=\"mailto:michael.albuschat@afdbayern.de\">michael.albuschat@afdbayern.de<\/a><br \/>Mobil: 0170 \/ 8678451<\/p>\n<\/div>\n<\/li>\n<li>\n<h3>Ortsverband GR\u00dcNE VG Mauern<\/h3>\n<div>\n<p>E-Mail: <a href=\"mailto:info@gruene-vg-mauern.de\">info@gruene-vg-mauern.de<\/a><br \/>Webseite: <a href=\"https:\/\/gruene-vg-mauern.de\/\" target=\"_blank\" rel=\"noopener\">https:\/\/gruene-vg-mauern.de\/<\/a><\/p>\n<\/div>\n<\/li>\n<li>\n<h3>SPD Ortsverein Moosburg-Hallertau<\/h3>\n<div>\n<p>J\u00e4gerstra\u00dfe 40<br \/>85368 Moosburg a. d. Isar<br \/>E-Mail: <a href=\"mailto:post@marcus-fuer-moosburg.de\">post@marcus-fuer-moosburg.de<\/a><\/p>\n<\/div>\n<\/li>\n<\/ul>\n<p><!--more--><br \/>\n<!-- {\"type\":\"layout\",\"children\":[{\"type\":\"section\",\"props\":{\"image_position\":\"center-center\",\"padding\":\"small\",\"padding_remove_bottom\":true,\"style\":\"default\",\"title_breakpoint\":\"xl\",\"title_position\":\"top-left\",\"title_rotation\":\"left\",\"vertical_align\":\"\",\"width\":\"default\"},\"children\":[{\"type\":\"row\",\"children\":[{\"type\":\"column\",\"props\":{\"image_position\":\"center-center\",\"position_sticky_breakpoint\":\"m\"},\"children\":[{\"type\":\"breadcrumbs\",\"props\":{\"show_current\":true,\"show_home\":true}}]}]}]},{\"type\":\"section\",\"props\":{\"image_position\":\"center-center\",\"padding_remove_top\":false,\"style\":\"default\",\"title_breakpoint\":\"xl\",\"title_position\":\"top-left\",\"title_rotation\":\"left\",\"vertical_align\":\"\",\"width\":\"default\"},\"children\":[{\"type\":\"row\",\"children\":[{\"type\":\"column\",\"props\":{\"image_position\":\"center-center\",\"position_sticky_breakpoint\":\"m\"},\"children\":[{\"type\":\"headline\",\"props\":{\"content\":\"Politische Parteien und Gruppierungen\",\"title_element\":\"h1\",\"title_style\":\"heading-small\"}}]}]},{\"type\":\"row\",\"children\":[{\"type\":\"column\",\"props\":{\"image_position\":\"center-center\",\"position_sticky_breakpoint\":\"m\"},\"children\":[{\"type\":\"grid\",\"props\":{\"content_column_breakpoint\":\"m\",\"filter\":false,\"filter_align\":\"left\",\"filter_all\":true,\"filter_all_label\":\"Alle\",\"filter_grid_breakpoint\":\"m\",\"filter_grid_width\":\"auto\",\"filter_position\":\"top\",\"filter_style\":\"subnav-pill\",\"grid_default\":\"1\",\"grid_divider\":true,\"grid_medium\":\"3\",\"icon_width\":80,\"image_align\":\"top\",\"image_grid_breakpoint\":\"m\",\"image_grid_width\":\"1-2\",\"image_svg_color\":\"emphasis\",\"item_animation\":true,\"link_style\":\"default\",\"link_text\":\"Read more\",\"margin\":\"default\",\"meta_align\":\"below-title\",\"meta_element\":\"div\",\"meta_style\":\"text-meta\",\"parallax_easing\":\"1\",\"show_content\":true,\"show_image\":true,\"show_link\":true,\"show_meta\":true,\"show_title\":true,\"title_align\":\"top\",\"title_element\":\"h3\",\"title_grid_breakpoint\":\"m\",\"title_grid_width\":\"1-2\",\"title_hover_style\":\"reset\"},\"children\":[{\"type\":\"grid_item\",\"props\":{\"content\":\"\n\n<p>Schwarzersdorf 8<br \\\/>85419 Mauern<\\\/p>\",\"tags\":\"C\",\"title\":\"CSU Ortsverband\"}},{\"type\":\"grid_item\",\"props\":{\"content\":\"\n\n<p>Fliederstra\\u00dfe 7 <br \\\/>85419 Mauern<br \\\/>Tel. 08764 8253<\\\/p>\",\"tags\":\"F\",\"title\":\"Frauenunion\"}},{\"type\":\"grid_item\",\"props\":{\"content\":\"\n\n<p>Flachsstra\\u00dfe 1 <br \\\/>85419 Mauern<br \\\/>Tel. 08764 949345 <br \\\/>E-Mail: <a href=\\\"mailto:vorstand@freie-waehler-mauern.de\\\">vorstand@freie-waehler-mauern.de<\\\/a> <br \\\/><a href=\\\"https:\\\/\\\/www.freie-waehler-mauern.de\\\" target=\\\"_blanke\\\">www.freie-waehler-mauern.de<\\\/a><\\\/p>\",\"tags\":\"F\",\"title\":\"Freie W\\u00e4hlergemeinschaft Mauern e. V. \"}},{\"type\":\"grid_item\",\"props\":{\"content\":\"\n\n<p>Michael Albuschat<br \\\/>Ortsvorsitzender<br \\\/>E-Mail: <a href=\\\"mailto:michael.albuschat@afdbayern.de\\\">michael.albuschat@afdbayern.de<\\\/a><br \\\/>Mobil: 0170 \\\/ 8678451<\\\/p>\",\"title\":\"AfD Ortsverband VG Mauern\"}},{\"type\":\"grid_item\",\"props\":{\"content\":\"\n\n<p>E-Mail: <a href=\\\"mailto:info@gruene-vg-mauern.de\\\">info@gruene-vg-mauern.de<\\\/a><br \\\/>Webseite: <a href=\\\"https:\\\/\\\/gruene-vg-mauern.de\\\/\\\" target=\\\"_blank\\\" rel=\\\"noopener\\\">https:\\\/\\\/gruene-vg-mauern.de\\\/<\\\/a><\\\/p>\",\"title\":\"Ortsverband GR\\u00dcNE VG Mauern\"}},{\"type\":\"grid_item\",\"props\":{\"content\":\"\n\n<p>J\\u00e4gerstra\\u00dfe 40<br \\\/>85368 Moosburg a. d. Isar<br \\\/>E-Mail: <a href=\\\"mailto:post@marcus-fuer-moosburg.de\\\">post@marcus-fuer-moosburg.de<\\\/a><\\\/p>\",\"title\":\"SPD Ortsverein Moosburg-Hallertau\"}}]}]}]}]}],\"version\":\"4.4.16\"} --><\/p>\n","protected":false},"excerpt":{"rendered":"<p>Politische Parteien und Gruppierungen CSU Ortsverband Schwarzersdorf 885419 Mauern Frauenunion Fliederstra\u00dfe 7 85419 MauernTel. 08764 8253 Freie W\u00e4hlergemeinschaft Mauern e. V. Flachsstra\u00dfe 1 85419 MauernTel. 08764 949345 E-Mail: vorstand@freie-waehler-mauern.de www.freie-waehler-mauern.de AfD Ortsverband VG Mauern Michael AlbuschatOrtsvorsitzenderE-Mail: michael.albuschat@afdbayern.deMobil: 0170 \/ 8678451 Ortsverband GR\u00dcNE VG Mauern E-Mail: info@gruene-vg-mauern.deWebseite: https:\/\/gruene-vg-mauern.de\/ SPD Ortsverein Moosburg-Hallertau J\u00e4gerstra\u00dfe 4085368 Moosburg a. d. [&hellip;]<\/p>\n","protected":false},"author":1,"featured_media":0,"parent":807,"menu_order":0,"comment_status":"closed","ping_status":"closed","template":"","meta":{"footnotes":""},"class_list":["post-2282","page","type-page","status-publish","hentry"],"publishpress_future_action":{"enabled":false,"date":"2026-04-24 01:40:11","action":"change-status","newStatus":"draft","terms":[],"taxonomy":"","extraData":[]},"publishpress_future_workflow_manual_trigger":{"enabledWorkflows":[]},"_links":{"self":[{"href":"https:\/\/vg-mauern.de\/mauern\/wp-json\/wp\/v2\/pages\/2282","targetHints":{"allow":["GET"]}}],"collection":[{"href":"https:\/\/vg-mauern.de\/mauern\/wp-json\/wp\/v2\/pages"}],"about":[{"href":"https:\/\/vg-mauern.de\/mauern\/wp-json\/wp\/v2\/types\/page"}],"author":[{"embeddable":true,"href":"https:\/\/vg-mauern.de\/mauern\/wp-json\/wp\/v2\/users\/1"}],"replies":[{"embeddable":true,"href":"https:\/\/vg-mauern.de\/mauern\/wp-json\/wp\/v2\/comments?post=2282"}],"version-history":[{"count":10,"href":"https:\/\/vg-mauern.de\/mauern\/wp-json\/wp\/v2\/pages\/2282\/revisions"}],"predecessor-version":[{"id":4450,"href":"https:\/\/vg-mauern.de\/mauern\/wp-json\/wp\/v2\/pages\/2282\/revisions\/4450"}],"up":[{"embeddable":true,"href":"https:\/\/vg-mauern.de\/mauern\/wp-json\/wp\/v2\/pages\/807"}],"wp:attachment":[{"href":"https:\/\/vg-mauern.de\/mauern\/wp-json\/wp\/v2\/media?parent=2282"}],"curies":[{"name":"wp","href":"https:\/\/api.w.org\/{rel}","templated":true}]}}