{"id":3325,"date":"2024-10-08T08:15:53","date_gmt":"2024-10-08T06:15:53","guid":{"rendered":"https:\/\/vg-mauern.de\/mauern\/?page_id=3325"},"modified":"2025-07-01T11:17:29","modified_gmt":"2025-07-01T09:17:29","slug":"energie","status":"publish","type":"page","link":"https:\/\/vg-mauern.de\/mauern\/gemeinde-mauern\/energie\/","title":{"rendered":"Energie"},"content":{"rendered":"<h1>\n<p class=\"uk-article-title\">Energie<\/p>\n<\/h1>\n<h1>\n<ol>\n<li>Nationale Klimaschutzinitiative<\/li>\n<\/ol>\n<\/h1>\n<div>\n<p>Nationale Klimaschutzinitiative<\/p>\n<p>Mit der Nationalen Klimaschutzinitiative initiiert und f\u00f6rdert die Bundesregierung seit 2008 zahlreiche Projekte, die einen Beitrag zur Senkung der Treibhausgasemissionen leisten. Ihre Programme und Projekte decken ein breites Spektrum an Klimaschutzaktivit\u00e4ten ab: Von der Entwicklung langfristiger Strategien bis hin zu konkreten Hilfestellungen und investiven F\u00f6rderma\u00dfnahmen. Diese Vielfalt ist Garant f\u00fcr gute Ideen. Die Nationale Klimaschutzinitiative tr\u00e4gt zu einer Verankerung des Klimaschutzes vor Ort bei. Von ihr profitieren Verbraucherinnen und Verbraucher ebenso wie Unternehmen, Kommunen oder Bildungseinrichtungen.<\/p>\n<\/div>\n<ul>\n<li>\n<div>Umr\u00fcstung der Stra\u00dfenbeleuchtung auf LED \u2013 Gemeinde Mauern<\/div>\n<\/li>\n<li>\n<div>\n<p>Laufzeit Vorhaben: 2024<\/p>\n<\/div>\n<\/li>\n<li>\n<div>Beteiligten Partnern: SWM M\u00fcnchen, Bayernwerk Netz<\/div>\n<\/li>\n<li>\n<div>F\u00f6rderkennzeichen: 67K21282<\/div>\n<\/li>\n<li>\n<div>Durch die Umstellung auf LED-Beleuchtung spart die Gemeinde Mauern 75 % ihres bisherigen Strombedarfs und leistet so einen Beitrag zum Klimaschutz<\/div>\n<\/li>\n<li>\n<div>\n<p>N\u00e4here Informationen zum Kommunalen Klimaschutz finden Sie auch unter: <a href=\"http:\/\/www.klimaschutz.de\/kommunalrichtlinie\">www.klimaschutz.de\/kommunalrichtlinie<\/a><\/p>\n<\/div>\n<\/li>\n<\/ul>\n<p><img decoding=\"async\" src=\"\/mauern\/wp-content\/uploads\/sites\/2\/2024\/10\/BMWK_NKI_Gefoerdert_4c_DE_2022_quer.jpg\" alt=\"\"><\/p>\n<h1>\n<p>2. Umr\u00fcstung der Stra\u00dfenbeleuchtung auf LED in der Gemeinde Mauern<\/p>\n<\/h1>\n<div>\n<p>Durch die Umstellung auf LED-Beleuchtung spart die Gemeinde Mauern 75 % ihres bisherigen Strombedarfs und leistet so einen Beitrag zum Klimaschutz. Das Vorhaben wird vom Bayerischen Staatsministerium f\u00fcr Umwelt und Verbraucherschutz gef\u00f6rdert.<\/p>\n<\/div>\n<p><img decoding=\"async\" src=\"\/mauern\/wp-content\/uploads\/sites\/2\/2024\/10\/firmierung_logo-1.jpg\" alt=\"\"><\/p>\n<p><!--more--><br \/>\n<!-- {\"type\":\"layout\",\"children\":[{\"type\":\"section\",\"props\":{\"image_position\":\"center-center\",\"padding\":\"small\",\"padding_remove_bottom\":true,\"style\":\"default\",\"title_breakpoint\":\"xl\",\"title_position\":\"top-left\",\"title_rotation\":\"left\",\"vertical_align\":\"\",\"width\":\"default\"},\"children\":[{\"type\":\"row\",\"children\":[{\"type\":\"column\",\"props\":{\"image_position\":\"center-center\",\"position_sticky_breakpoint\":\"m\",\"width_medium\":\"1-1\"},\"children\":[{\"type\":\"breadcrumbs\",\"props\":{\"show_current\":true,\"show_home\":true}}]}]}]},{\"type\":\"section\",\"props\":{\"image_position\":\"center-center\",\"padding\":\"xsmall\",\"padding_remove_top\":false,\"style\":\"default\",\"title_breakpoint\":\"xl\",\"title_position\":\"top-left\",\"title_rotation\":\"left\",\"vertical_align\":\"\",\"width\":\"default\"},\"children\":[{\"type\":\"row\",\"children\":[{\"type\":\"column\",\"props\":{\"image_position\":\"center-center\",\"position_sticky_breakpoint\":\"m\"},\"children\":[{\"type\":\"headline\",\"props\":{\"content\":\"\n\n<p class=\\\"uk-article-title\\\">Energie<\\\/p>\",\"margin\":\"large\",\"margin_remove_bottom\":true,\"title_element\":\"h1\"},\"name\":\"\\u00dcberschrift\"},{\"type\":\"headline\",\"props\":{\"content\":\"\n\n<ol>\\n\n\n<li>Nationale Klimaschutzinitiative<\\\/li>\\n<\\\/ol>\",\"margin\":\"remove-vertical\",\"title_color\":\"primary\",\"title_element\":\"h1\",\"title_style\":\"h3\"},\"name\":\"Unter\\u00fcberschrift\"}]}]},{\"type\":\"row\",\"props\":{\"divider\":true,\"layout\":\"3-5,2-5\",\"margin_remove_top\":true},\"children\":[{\"type\":\"column\",\"props\":{\"image_position\":\"center-center\",\"position_sticky_breakpoint\":\"m\",\"width_medium\":\"3-5\"},\"children\":[{\"type\":\"text\",\"props\":{\"column_breakpoint\":\"m\",\"content\":\"\n\n<p>Nationale Klimaschutzinitiative<\\\/p>\\n\n\n<p>Mit der Nationalen Klimaschutzinitiative initiiert und f\\u00f6rdert die Bundesregierung seit 2008 zahlreiche Projekte, die einen Beitrag zur Senkung der Treibhausgasemissionen leisten. Ihre Programme und Projekte decken ein breites Spektrum an Klimaschutzaktivit\\u00e4ten ab: Von der Entwicklung langfristiger Strategien bis hin zu konkreten Hilfestellungen und investiven F\\u00f6rderma\\u00dfnahmen. Diese Vielfalt ist Garant f\\u00fcr gute Ideen. Die Nationale Klimaschutzinitiative tr\\u00e4gt zu einer Verankerung des Klimaschutzes vor Ort bei. Von ihr profitieren Verbraucherinnen und Verbraucher ebenso wie Unternehmen, Kommunen oder Bildungseinrichtungen.<\\\/p>\",\"margin\":\"default\"}},{\"type\":\"list\",\"props\":{\"column_breakpoint\":\"m\",\"image_align\":\"left\",\"image_svg_color\":\"emphasis\",\"image_vertical_align\":true,\"list_element\":\"ul\",\"list_horizontal_separator\":\", \",\"list_type\":\"vertical\",\"show_image\":true,\"show_link\":true},\"children\":[{\"type\":\"list_item\",\"props\":{\"content\":\"Umr\\u00fcstung der Stra\\u00dfenbeleuchtung auf LED \\u2013 Gemeinde Mauern\",\"icon\":\"minus\"}},{\"type\":\"list_item\",\"props\":{\"content\":\"\n\n<p>Laufzeit Vorhaben: 2024<\\\/p>\",\"icon\":\"minus\"}},{\"type\":\"list_item\",\"props\":{\"content\":\"Beteiligten Partnern: SWM M\\u00fcnchen, Bayernwerk Netz\",\"icon\":\"minus\"}},{\"type\":\"list_item\",\"props\":{\"content\":\"F\\u00f6rderkennzeichen: 67K21282\",\"icon\":\"minus\"}},{\"type\":\"list_item\",\"props\":{\"content\":\"Durch die Umstellung auf LED-Beleuchtung spart die Gemeinde Mauern 75 % ihres bisherigen Strombedarfs und leistet so einen Beitrag zum Klimaschutz\",\"icon\":\"minus\"}},{\"type\":\"list_item\",\"props\":{\"content\":\"\n\n<p>N\\u00e4here Informationen zum Kommunalen Klimaschutz finden Sie auch unter: <a href=\\\"http:\\\/\\\/www.klimaschutz.de\\\/kommunalrichtlinie\\\">www.klimaschutz.de\\\/kommunalrichtlinie<\\\/a><\\\/p>\",\"link_target\":false}}]}]},{\"type\":\"column\",\"props\":{\"image_position\":\"center-center\",\"position_sticky_breakpoint\":\"m\",\"width_medium\":\"2-5\"},\"children\":[{\"type\":\"image\",\"props\":{\"image\":\"wp-content\\\/uploads\\\/sites\\\/2\\\/2024\\\/10\\\/BMWK_NKI_Gefoerdert_4c_DE_2022_quer.jpg\",\"image_svg_color\":\"emphasis\",\"image_width\":\"400\",\"margin\":\"default\"}}]}]}],\"name\":\"Beitragsinhalt\"},{\"type\":\"section\",\"props\":{\"image_position\":\"center-center\",\"padding\":\"xsmall\",\"padding_remove_top\":false,\"style\":\"default\",\"title_breakpoint\":\"xl\",\"title_position\":\"top-left\",\"title_rotation\":\"left\",\"vertical_align\":\"\",\"width\":\"default\"},\"children\":[{\"type\":\"row\",\"children\":[{\"type\":\"column\",\"props\":{\"image_position\":\"center-center\",\"position_sticky_breakpoint\":\"m\"},\"children\":[{\"type\":\"headline\",\"props\":{\"content\":\"\n\n<p>2. Umr\\u00fcstung der Stra\\u00dfenbeleuchtung auf LED in der Gemeinde Mauern<\\\/p>\",\"margin\":\"remove-vertical\",\"title_color\":\"primary\",\"title_element\":\"h1\",\"title_style\":\"h3\"},\"name\":\"Unter\\u00fcberschrift\"}]}]},{\"type\":\"row\",\"props\":{\"divider\":true,\"layout\":\"3-5,2-5\",\"margin_remove_top\":true},\"children\":[{\"type\":\"column\",\"props\":{\"image_position\":\"center-center\",\"position_sticky_breakpoint\":\"m\",\"width_medium\":\"3-5\"},\"children\":[{\"type\":\"text\",\"props\":{\"column_breakpoint\":\"m\",\"content\":\"\n\n<p>Durch die Umstellung auf LED-Beleuchtung spart die Gemeinde Mauern 75 % ihres bisherigen Strombedarfs und leistet so einen Beitrag zum Klimaschutz. Das Vorhaben wird vom Bayerischen Staatsministerium f\\u00fcr Umwelt und Verbraucherschutz gef\\u00f6rdert.<\\\/p>\",\"margin\":\"default\"}}]},{\"type\":\"column\",\"props\":{\"image_position\":\"center-center\",\"position_sticky_breakpoint\":\"m\",\"width_medium\":\"2-5\"},\"children\":[{\"type\":\"image\",\"props\":{\"image\":\"wp-content\\\/uploads\\\/sites\\\/2\\\/2024\\\/10\\\/firmierung_logo-1.jpg\",\"image_svg_color\":\"emphasis\",\"image_width\":\"400\",\"margin\":\"default\"}}]}]}],\"name\":\"Beitragsinhalt\"}],\"version\":\"4.4.16\"} --><\/p>\n","protected":false},"excerpt":{"rendered":"<p>Energie Nationale Klimaschutzinitiative Nationale Klimaschutzinitiative Mit der Nationalen Klimaschutzinitiative initiiert und f\u00f6rdert die Bundesregierung seit 2008 zahlreiche Projekte, die einen Beitrag zur Senkung der Treibhausgasemissionen leisten. Ihre Programme und Projekte decken ein breites Spektrum an Klimaschutzaktivit\u00e4ten ab: Von der Entwicklung langfristiger Strategien bis hin zu konkreten Hilfestellungen und investiven F\u00f6rderma\u00dfnahmen. Diese Vielfalt ist Garant f\u00fcr [&hellip;]<\/p>\n","protected":false},"author":1,"featured_media":0,"parent":807,"menu_order":0,"comment_status":"closed","ping_status":"closed","template":"","meta":{"footnotes":""},"class_list":["post-3325","page","type-page","status-publish","hentry"],"publishpress_future_action":{"enabled":false,"date":"2026-04-26 11:31:56","action":"change-status","newStatus":"draft","terms":[],"taxonomy":"","extraData":[]},"publishpress_future_workflow_manual_trigger":{"enabledWorkflows":[]},"_links":{"self":[{"href":"https:\/\/vg-mauern.de\/mauern\/wp-json\/wp\/v2\/pages\/3325","targetHints":{"allow":["GET"]}}],"collection":[{"href":"https:\/\/vg-mauern.de\/mauern\/wp-json\/wp\/v2\/pages"}],"about":[{"href":"https:\/\/vg-mauern.de\/mauern\/wp-json\/wp\/v2\/types\/page"}],"author":[{"embeddable":true,"href":"https:\/\/vg-mauern.de\/mauern\/wp-json\/wp\/v2\/users\/1"}],"replies":[{"embeddable":true,"href":"https:\/\/vg-mauern.de\/mauern\/wp-json\/wp\/v2\/comments?post=3325"}],"version-history":[{"count":10,"href":"https:\/\/vg-mauern.de\/mauern\/wp-json\/wp\/v2\/pages\/3325\/revisions"}],"predecessor-version":[{"id":3910,"href":"https:\/\/vg-mauern.de\/mauern\/wp-json\/wp\/v2\/pages\/3325\/revisions\/3910"}],"up":[{"embeddable":true,"href":"https:\/\/vg-mauern.de\/mauern\/wp-json\/wp\/v2\/pages\/807"}],"wp:attachment":[{"href":"https:\/\/vg-mauern.de\/mauern\/wp-json\/wp\/v2\/media?parent=3325"}],"curies":[{"name":"wp","href":"https:\/\/api.w.org\/{rel}","templated":true}]}}