{"id":408,"date":"2022-03-16T14:02:24","date_gmt":"2022-03-16T13:02:24","guid":{"rendered":"https:\/\/demo.vg-mauern.de\/mauern\/?page_id=408"},"modified":"2022-12-09T10:52:03","modified_gmt":"2022-12-09T09:52:03","slug":"gemeinderatsmitglieder","status":"publish","type":"page","link":"https:\/\/vg-mauern.de\/mauern\/gemeinde-mauern\/gemeinderatsmitglieder\/","title":{"rendered":"Gemeinderatsmitglieder"},"content":{"rendered":"<h1>Gemeinderatsmitglieder<\/h1>\n<h2>2020 \u2013 2026<\/h2>\n<ul>\n<li>\n<h3>Georg Krojer \u2013 1. B\u00fcrgermeister<\/h3>\n<p>Freie W\u00e4hler<\/p>\n<\/li>\n<li>\n<h3>Maria Scharlach \u2013 2. B\u00fcrgermeister<\/h3>\n<p>Freie W\u00e4hler<\/p>\n<\/li>\n<\/ul>\n<hr>\n<ul>\n<li>\n<h3>Harald Filipp<\/h3>\n<p>Freie W\u00e4hler<\/p>\n<\/li>\n<li>\n<h3>Siegfried Probst<\/h3>\n<p>Freie W\u00e4hler<\/p>\n<\/li>\n<li>\n<h3>Maximilian Heckel<\/h3>\n<p>Freie W\u00e4hler<\/p>\n<\/li>\n<li>\n<h3>Evelyn Schreiner<\/h3>\n<p>Freie W\u00e4hler<\/p>\n<\/li>\n<li>\n<h3>Markus Mayer<\/h3>\n<p>Freie W\u00e4hler<\/p>\n<\/li>\n<li>\n<h3>Christina G\u00f6tz<\/h3>\n<p>Freie W\u00e4hler<\/p>\n<\/li>\n<li>\n<h3>Werner Lingner<\/h3>\n<p>Freie W\u00e4hler<\/p>\n<\/li>\n<li>\n<h3>Johanna Vogl<\/h3>\n<p>CSU<\/p>\n<\/li>\n<li>\n<h3>Hans Igl<\/h3>\n<p>CSU<\/p>\n<\/li>\n<li>\n<h3>Georg Sixt<\/h3>\n<p>CSU<\/p>\n<\/li>\n<li>\n<h3>Jakob Felsl<\/h3>\n<p>CSU<\/p>\n<\/li>\n<li>\n<h3>Hans Bauer jun.<\/h3>\n<p>CSU<\/p>\n<\/li>\n<li>\n<h3>Thomas Stieglitz<\/h3>\n<p>CSU<\/p>\n<\/li>\n<li>\n<h3>Korbinian Pfl\u00fcgler<\/h3>\n<p>CSU<\/p>\n<\/li>\n<li>\n<h3>Thomas Mayer<\/h3>\n<p>CSU<\/p>\n<\/li>\n<\/ul>\n<h2>Gesch\u00e4ftsordnung<\/h2>\n<p>\n    <a href=\"\/mauern\/wp-content\/uploads\/sites\/2\/2022\/03\/geschftsordnung_mauern_2020_26.pdf\">Gesch\u00e4ftsordnung des Gemeinderates 2020 \u2013 2026<\/a>\n<\/p>\n<p><!--more--><br \/>\n<!-- {\"type\":\"layout\",\"children\":[{\"type\":\"section\",\"props\":{\"image_position\":\"center-center\",\"padding\":\"small\",\"padding_remove_bottom\":true,\"style\":\"default\",\"title_breakpoint\":\"xl\",\"title_position\":\"top-left\",\"title_rotation\":\"left\",\"vertical_align\":\"middle\",\"width\":\"default\"},\"children\":[{\"type\":\"row\",\"children\":[{\"type\":\"column\",\"props\":{\"image_position\":\"center-center\",\"media_overlay_gradient\":\"\",\"position_sticky_breakpoint\":\"m\"},\"children\":[{\"type\":\"breadcrumbs\",\"props\":{\"show_current\":true,\"show_home\":true}}]}]}]},{\"type\":\"section\",\"props\":{\"image_position\":\"center-center\",\"style\":\"default\",\"title_breakpoint\":\"xl\",\"title_position\":\"top-left\",\"title_rotation\":\"left\",\"vertical_align\":\"middle\",\"width\":\"default\"},\"children\":[{\"type\":\"row\",\"children\":[{\"type\":\"column\",\"props\":{\"image_position\":\"center-center\",\"media_overlay_gradient\":\"\",\"position_sticky_breakpoint\":\"m\"},\"children\":[{\"type\":\"headline\",\"props\":{\"content\":\"Gemeinderatsmitglieder\",\"margin_remove_bottom\":true,\"title_element\":\"h1\",\"title_style\":\"heading-small\"}},{\"type\":\"headline\",\"props\":{\"content\":\"2020 \\u2013 2026\",\"margin_remove_top\":true,\"title_color\":\"primary\",\"title_element\":\"h2\"}}]}]},{\"type\":\"row\",\"children\":[{\"type\":\"column\",\"props\":{\"image_position\":\"center-center\",\"media_overlay_gradient\":\"\",\"position_sticky_breakpoint\":\"m\"},\"children\":[{\"type\":\"grid\",\"props\":{\"content_column_breakpoint\":\"m\",\"filter_align\":\"left\",\"filter_all\":true,\"filter_grid_breakpoint\":\"m\",\"filter_grid_width\":\"auto\",\"filter_position\":\"top\",\"filter_style\":\"tab\",\"grid_column_gap\":\"small\",\"grid_default\":\"1\",\"grid_medium\":\"3\",\"grid_row_gap\":\"small\",\"grid_small\":\"2\",\"icon_width\":80,\"image_align\":\"top\",\"image_grid_breakpoint\":\"m\",\"image_grid_width\":\"1-2\",\"image_svg_color\":\"emphasis\",\"item_animation\":true,\"link_style\":\"default\",\"link_text\":\"Read more\",\"margin\":\"default\",\"meta_align\":\"below-title\",\"meta_element\":\"div\",\"meta_margin\":\"small\",\"meta_style\":\"h5\",\"panel_padding\":\"small\",\"panel_style\":\"card-default\",\"parallax_easing\":\"1\",\"show_content\":true,\"show_image\":true,\"show_link\":true,\"show_meta\":true,\"show_title\":true,\"title_align\":\"top\",\"title_element\":\"h3\",\"title_grid_breakpoint\":\"m\",\"title_grid_width\":\"1-2\",\"title_hover_style\":\"reset\",\"title_style\":\"h4\"},\"children\":[{\"type\":\"grid_item\",\"props\":{\"meta\":\"Freie W\\u00e4hler\",\"title\":\"Georg Krojer \\u2013 1. B\\u00fcrgermeister\"}},{\"type\":\"grid_item\",\"props\":{\"meta\":\"Freie W\\u00e4hler\",\"title\":\"Maria Scharlach \\u2013 2. B\\u00fcrgermeister\"}}]}]}]},{\"type\":\"row\",\"children\":[{\"type\":\"column\",\"props\":{\"image_position\":\"center-center\",\"media_overlay_gradient\":\"\",\"position_sticky_breakpoint\":\"m\"},\"children\":[{\"type\":\"divider\",\"props\":{\"divider_element\":\"hr\"}}]}]},{\"type\":\"row\",\"children\":[{\"type\":\"column\",\"props\":{\"image_position\":\"center-center\",\"media_overlay_gradient\":\"\",\"position_sticky_breakpoint\":\"m\"},\"children\":[{\"type\":\"grid\",\"props\":{\"content_column_breakpoint\":\"m\",\"filter_align\":\"left\",\"filter_all\":true,\"filter_grid_breakpoint\":\"m\",\"filter_grid_width\":\"auto\",\"filter_position\":\"top\",\"filter_style\":\"tab\",\"grid_column_gap\":\"small\",\"grid_default\":\"1\",\"grid_medium\":\"3\",\"grid_row_gap\":\"small\",\"grid_small\":\"2\",\"icon_width\":80,\"image_align\":\"top\",\"image_grid_breakpoint\":\"m\",\"image_grid_width\":\"1-2\",\"image_svg_color\":\"emphasis\",\"item_animation\":true,\"link_style\":\"default\",\"link_text\":\"Read more\",\"margin\":\"default\",\"meta_align\":\"below-title\",\"meta_element\":\"div\",\"meta_margin\":\"small\",\"meta_style\":\"h5\",\"panel_padding\":\"small\",\"panel_style\":\"card-default\",\"parallax_easing\":\"1\",\"show_content\":true,\"show_image\":true,\"show_link\":true,\"show_meta\":true,\"show_title\":true,\"title_align\":\"top\",\"title_element\":\"h3\",\"title_grid_breakpoint\":\"m\",\"title_grid_width\":\"1-2\",\"title_hover_style\":\"reset\",\"title_style\":\"h4\"},\"children\":[{\"type\":\"grid_item\",\"props\":{\"content\":\"\",\"meta\":\"Freie W\\u00e4hler\",\"title\":\"Harald Filipp\"}},{\"type\":\"grid_item\",\"props\":{\"meta\":\"Freie W\\u00e4hler\",\"title\":\"Siegfried Probst\"}},{\"type\":\"grid_item\",\"props\":{\"meta\":\"Freie W\\u00e4hler\",\"title\":\"Maximilian Heckel\"}},{\"type\":\"grid_item\",\"props\":{\"meta\":\"Freie W\\u00e4hler\",\"title\":\"Evelyn Schreiner\"}},{\"type\":\"grid_item\",\"props\":{\"meta\":\"Freie W\\u00e4hler\",\"title\":\"Markus Mayer\"}},{\"type\":\"grid_item\",\"props\":{\"meta\":\"Freie W\\u00e4hler\",\"title\":\"Christina G\\u00f6tz\"}},{\"type\":\"grid_item\",\"props\":{\"meta\":\"Freie W\\u00e4hler\",\"title\":\"Werner Lingner\"}},{\"type\":\"grid_item\",\"props\":{\"meta\":\"CSU\",\"title\":\"Johanna Vogl\"}},{\"type\":\"grid_item\",\"props\":{\"meta\":\"CSU\",\"title\":\"Hans Igl\"}},{\"type\":\"grid_item\",\"props\":{\"meta\":\"CSU\",\"title\":\"Georg Sixt\"}},{\"type\":\"grid_item\",\"props\":{\"meta\":\"CSU\",\"title\":\"Jakob Felsl\"}},{\"type\":\"grid_item\",\"props\":{\"meta\":\"CSU\",\"title\":\"Hans Bauer jun.\"}},{\"type\":\"grid_item\",\"props\":{\"meta\":\"CSU\",\"title\":\"Thomas Stieglitz\"}},{\"type\":\"grid_item\",\"props\":{\"meta\":\"CSU\",\"title\":\"Korbinian Pfl\\u00fcgler\"}},{\"type\":\"grid_item\",\"props\":{\"meta\":\"CSU\",\"title\":\"Thomas Mayer\"}}]}]}]}]},{\"type\":\"section\",\"props\":{\"image_position\":\"center-center\",\"style\":\"default\",\"title_breakpoint\":\"xl\",\"title_position\":\"top-left\",\"title_rotation\":\"left\",\"vertical_align\":\"middle\",\"width\":\"default\"},\"children\":[{\"type\":\"row\",\"children\":[{\"type\":\"column\",\"props\":{\"image_position\":\"center-center\",\"media_overlay_gradient\":\"\",\"position_sticky_breakpoint\":\"m\"},\"children\":[{\"type\":\"headline\",\"props\":{\"content\":\"Gesch\\u00e4ftsordnung\",\"margin_remove_bottom\":true,\"title_color\":\"primary\",\"title_element\":\"h2\",\"title_style\":\"h1\"}},{\"type\":\"button\",\"props\":{\"grid_column_gap\":\"small\",\"grid_row_gap\":\"small\",\"margin\":\"default\"},\"children\":[{\"type\":\"button_item\",\"props\":{\"button_style\":\"secondary\",\"content\":\"Gesch\\u00e4ftsordnung des Gemeinderates 2020 \\u2013 2026\",\"icon\":\"arrow-right\",\"icon_align\":\"left\",\"link\":\"wp-content\\\/uploads\\\/sites\\\/2\\\/2022\\\/03\\\/geschftsordnung_mauern_2020_26.pdf\"}}]}]}]}]}],\"version\":\"3.0.14\"} --><\/p>\n","protected":false},"excerpt":{"rendered":"<p>Gemeinderatsmitglieder 2020 \u2013 2026 Georg Krojer \u2013 1. B\u00fcrgermeister Freie W\u00e4hler Maria Scharlach \u2013 2. B\u00fcrgermeister Freie W\u00e4hler Harald Filipp Freie W\u00e4hler Siegfried Probst Freie W\u00e4hler Maximilian Heckel Freie W\u00e4hler Evelyn Schreiner Freie W\u00e4hler Markus Mayer Freie W\u00e4hler Christina G\u00f6tz Freie W\u00e4hler Werner Lingner Freie W\u00e4hler Johanna Vogl CSU Hans Igl CSU Georg Sixt CSU [&hellip;]<\/p>\n","protected":false},"author":1,"featured_media":0,"parent":807,"menu_order":0,"comment_status":"closed","ping_status":"closed","template":"","meta":{"footnotes":""},"class_list":["post-408","page","type-page","status-publish","hentry"],"publishpress_future_action":{"enabled":false,"date":"2026-04-23 22:36:11","action":"change-status","newStatus":"draft","terms":[],"taxonomy":"","extraData":[]},"publishpress_future_workflow_manual_trigger":{"enabledWorkflows":[]},"_links":{"self":[{"href":"https:\/\/vg-mauern.de\/mauern\/wp-json\/wp\/v2\/pages\/408","targetHints":{"allow":["GET"]}}],"collection":[{"href":"https:\/\/vg-mauern.de\/mauern\/wp-json\/wp\/v2\/pages"}],"about":[{"href":"https:\/\/vg-mauern.de\/mauern\/wp-json\/wp\/v2\/types\/page"}],"author":[{"embeddable":true,"href":"https:\/\/vg-mauern.de\/mauern\/wp-json\/wp\/v2\/users\/1"}],"replies":[{"embeddable":true,"href":"https:\/\/vg-mauern.de\/mauern\/wp-json\/wp\/v2\/comments?post=408"}],"version-history":[{"count":38,"href":"https:\/\/vg-mauern.de\/mauern\/wp-json\/wp\/v2\/pages\/408\/revisions"}],"predecessor-version":[{"id":1718,"href":"https:\/\/vg-mauern.de\/mauern\/wp-json\/wp\/v2\/pages\/408\/revisions\/1718"}],"up":[{"embeddable":true,"href":"https:\/\/vg-mauern.de\/mauern\/wp-json\/wp\/v2\/pages\/807"}],"wp:attachment":[{"href":"https:\/\/vg-mauern.de\/mauern\/wp-json\/wp\/v2\/media?parent=408"}],"curies":[{"name":"wp","href":"https:\/\/api.w.org\/{rel}","templated":true}]}}