{"id":484,"date":"2022-03-16T15:37:41","date_gmt":"2022-03-16T14:37:41","guid":{"rendered":"https:\/\/demo.vg-mauern.de\/mauern\/?page_id=484"},"modified":"2026-04-09T10:10:47","modified_gmt":"2026-04-09T08:10:47","slug":"satzungen","status":"publish","type":"page","link":"https:\/\/vg-mauern.de\/mauern\/gemeinde-mauern\/satzungen\/","title":{"rendered":"Satzungen"},"content":{"rendered":"<h1>Satzungen<\/h1>\n<ul>\n<li>\n<p><a href=\"\/mauern\/wp-content\/uploads\/sites\/2\/2026\/04\/Satzung-ueber-Einfriedungen-in-der-Gemeinde-Mauern.pdf\">Satzung \u00fcber die Einfriedung in der Gemeinde Mauern &#8211; g\u00fcltig ab 10.04.2026<\/a><\/p>\n<\/li>\n<li>\n<p><a href=\"\/mauern\/wp-content\/uploads\/sites\/2\/2026\/04\/Satzung-ueber-die-Pflicht-zur-Herstellung-von-Fahrradabstellplaetzen.pdf\">Satzung \u00fcber die Pflicht zur Herstellung von Fahrradabstellpl\u00e4tzen &#8211; g\u00fcltig ab 10.04.2026<\/a><\/p>\n<\/li>\n<li>\n<p><a href=\"\/mauern\/wp-content\/uploads\/sites\/2\/2025\/09\/Stellplatzsatzung-Mauern.pdf\">Stellplatzsatzung der Gemeinde Mauern &#8211; g\u00fcltig ab 01.10.2025<\/a><\/p>\n<\/li>\n<li>\n<p><a href=\"\/mauern\/wp-content\/uploads\/sites\/2\/2025\/09\/Ortsplatz-Gruenanlagen-und-Spielplatzsatzung-ab-September-2025.pdf\">Satzung \u00fcber die Benutzung der \u00f6ffentlichen Pl\u00e4tze, Gr\u00fcnanlagen und Kinderspielpl\u00e4tze der Gemeinde Mauern &#8211; g\u00fcltig ab September 2025<\/a><\/p>\n<\/li>\n<li>\n<p><a href=\"\/mauern\/wp-content\/uploads\/sites\/2\/2024\/11\/Grundsteuerhebesaetze-Gemeinde-Mauern-zum-01.01.2025.pdf\">Satzung \u00fcber die Festsetzung der Grundsteuerhebes\u00e4tze der Gemeinde Mauern &#8211; g\u00fcltig ab 01.01.2025<\/a><\/p>\n<\/li>\n<li>\n<p><a href=\"\/mauern\/wp-content\/uploads\/sites\/2\/2024\/07\/Kindertageseinrichtungssatzung-KiTaS-ab-01.09.2024.pdf\">Kindertageseinrichungssatzung (KiTaS) &#8222;Sonnenburg&#8220; &#8211; g\u00fcltig ab 01.09.2024<\/a><\/p>\n<\/li>\n<li>\n<p><a href=\"\/mauern\/wp-content\/uploads\/sites\/2\/2025\/05\/Kindertageseinrichtungs-Gebuehrensatzung-Sonnenburg-KiTaGebS-ab-01.09.25.pdf\">Kindertageseinrichungs-Geb\u00fchrensatzung (KiTaGebS) &#8222;Sonnenburg&#8220; &#8211; g\u00fcltig ab 01.09.2025<\/a><\/p>\n<\/li>\n<li>\n<p><a href=\"\/mauern\/wp-content\/uploads\/sites\/2\/2025\/05\/KiTaS-Wurzelzwerge-01.03.2022-Ausfertigung-vom-23.02.22.pdf\"><\/p>\n<p>Kindertageseinrichtungssatzung (KiTaS) &#8222;Wurzelzwerge&#8220;\u00a0 \u2013 g\u00fcltig ab 01.03.2022<\/p>\n<p><\/a><\/p>\n<\/li>\n<li>\n<p><a href=\"\/mauern\/wp-content\/uploads\/sites\/2\/2025\/05\/Kindertageseinrichtungs-Gebuehrensatzung-Wurzelzwerge-KiTaGebS-ab-01.09.2025.pdf\">Kindertageseinrichtungs-Geb\u00fchrensatzung (KiTaGebS) &#8222;Wurzelzwerge&#8220; &#8211; g\u00fcltig ab 01.09.2025<\/a><\/p>\n<\/li>\n<li>\n<p><a href=\"\/mauern\/wp-content\/uploads\/sites\/2\/2025\/06\/Mittagsbetreuungs-Benutzungssatzung-Mauern-2019-Ausfertigung.pdf\">Mittagsbetreuungs-Benutzungssatzung &#8211; g\u00fcltig ab 01.09.2019<\/a><\/p>\n<\/li>\n<li>\n<p><a href=\"\/mauern\/wp-content\/uploads\/sites\/2\/2025\/05\/Mittagsbetreuungsgebuehrensatzung-Mauern-ab-09.2025.pdf\">Mittagsbetreuungsgeb\u00fchrensatzung &#8211; g\u00fcltig ab 01.09.2025<\/a><\/p>\n<\/li>\n<li>\n<div>\n<p><a href=\"\/mauern\/wp-content\/uploads\/sites\/2\/2022\/03\/hundesteuersatzung_mauern.pdf\" target=\"_blanke\">Satzung der Gemeinde Mauern f\u00fcr die Erhebung einer Hundesteuer (Hundesteuersatzung)<\/a> &#8211; g\u00fcltig ab 01.01.2021<\/p>\n<\/div>\n<\/li>\n<li>\n<p><a href=\"\/mauern\/wp-content\/uploads\/sites\/2\/2025\/01\/Erschliessungsbeitragssatzung-Gemeinde-Mauern-gueltig-ab-01.12.2024.pdf\"><\/p>\n<p>Satzung \u00fcber die Erhebung von Erschlie\u00dfungsbeitr\u00e4gen (Erschlie\u00dfungsbeitragssatzung &#8211; EBS) &#8211; g\u00fcltig ab 01.12.2024<\/p>\n<p><\/a><\/p>\n<\/li>\n<li>\n<p><a href=\"\/mauern\/wp-content\/uploads\/sites\/2\/2022\/03\/kostenerstattungsbetragssatzung_mauern_oeko_flaechen.pdf\"><\/p>\n<p>Satzung der Gemeinde Mauern zur Erhebung von Kostenerstattungsbetr\u00e4gen nach \u00a7\u00a7 135a &#8211; 135c BauGB<\/p>\n<p><\/a><\/p>\n<\/li>\n<li>\n<p><a href=\"\/mauern\/wp-content\/uploads\/sites\/2\/2022\/03\/kostensatzung_mauern.pdf\"><\/p>\n<p>Satzung \u00fcber die Erhebung von Verwaltungskosten f\u00fcr Amtshandlungen im eigenen Wirkungskreis der Gemeinde Mauern (Kostensatzung)<\/p>\n<p><\/a><\/p>\n<\/li>\n<li>\n<div>\n<p><a href=\"\/mauern\/wp-content\/uploads\/sites\/2\/2022\/03\/bgs_ews_mauern.pdf\" target=\"_blanke\">Beitrags- und Geb\u00fchrensatzung zur Entw\u00e4sserungssatzung (BGS-EWS) der Gemeinde Mauern<\/a> \u2013 g\u00fcltig ab 01.01.2019<\/p>\n<\/div>\n<\/li>\n<li>\n<p><a href=\"\/mauern\/wp-content\/uploads\/sites\/2\/2023\/12\/BGS-EWS-Mauern-1.-Aenderung-ab-01.01.2024.pdf\"><\/p>\n<p>Erste Satzung zur \u00c4nderung der Beitrags- und Geb\u00fchrensatzung zur Entw\u00e4sserungssatzung (BGS-EWS) &#8211; g\u00fcltig ab 01.01.2024<\/p>\n<p><\/a><\/p>\n<\/li>\n<li>\n<div>\n<p><a href=\"\/mauern\/wp-content\/uploads\/sites\/2\/2022\/03\/ews_mauern.pdf\" target=\"_blanke\">Satzung f\u00fcr die \u00f6ffentliche Entw\u00e4sserungsanlage der Gemeinde Mauern (Entw\u00e4sserungssatzung \u2013 EWS)<\/a> \u2013 g\u00fcltig ab 01.01.2019<\/p>\n<\/div>\n<\/li>\n<li>\n<div>\n<p><a href=\"\/mauern\/wp-content\/uploads\/sites\/2\/2022\/03\/verordnung_ber_die_rum_und_streupflicht.pdf\" target=\"_blanke\">Verordnung \u00fcber die Reinhaltung und Reinigung der \u00f6ffentlichen Stra\u00dfen und die Sicherung der Gehbahnen im Winter<\/a> \u2013 g\u00fcltig ab M\u00e4rz 2021<\/p>\n<\/div>\n<\/li>\n<li>\n<div>\n<p><a href=\"\/mauern\/wp-content\/uploads\/sites\/2\/2022\/03\/gestaltungssatzung_mauern_.pdf\" target=\"_blanke\">Satzung der Gemeinde Mauern \u00fcber die Anforderungen an die \u00e4u\u00dfere Gestaltung der Stellpl\u00e4tze f\u00fcr Kraftfahrzeuge und Garagen im Gemeindegebiet Mauern<\/a> &#8211; g\u00fcltig ab 01.01.2021<\/p>\n<\/div>\n<\/li>\n<li>\n<p><a href=\"\/mauern\/wp-content\/uploads\/sites\/2\/2024\/03\/Satzung-ueber-die-Entsorgung-von-Bauschutt-und-Gruengut-Gemeinde-Mauern-Benutzungssatzung-ab-01.04.2024.pdf\"><\/p>\n<p>Satzung \u00fcber die Entsorgung von Bauschutt und Gr\u00fcngut in der Gemeinde Mauern (Benutzungssatzung) &#8211; g\u00fcltig ab 01.04.2024<\/p>\n<p><\/a><\/p>\n<\/li>\n<li>\n<p><a href=\"\/mauern\/wp-content\/uploads\/sites\/2\/2024\/02\/Gebuehrensatzung-Entsorgung-von-Bauschutt-und-Gruengut-Gemeinde-Mauern.pdf\"><\/p>\n<p>Geb\u00fchrensatzung zur Satzung \u00fcber die Entsorgung von Bauschutt und Gr\u00fcngut in der Gemeinde Mauern &#8211; g\u00fcltig ab 01.02.2024<\/p>\n<p><\/a><\/p>\n<\/li>\n<li>\n<p><a href=\"\/mauern\/wp-content\/uploads\/sites\/2\/2023\/02\/Satzung-ueber-die-Einfriedungen-in-der-Gemeinde-Mauern.pdf\"><\/p>\n<p>Satzung \u00fcber die Einfriedung in der Gemeinde Mauern<\/p>\n<p><\/a><\/p>\n<\/li>\n<li>\n<p><a href=\"\/mauern\/wp-content\/uploads\/sites\/2\/2024\/01\/Marktbuden-Mauern-Benutzungssatzung-gueltig-ab-01.01.2024.pdf\"><\/p>\n<p>Satzung der Gemeinde Mauern \u00fcber die Benutzung der Marktbuden &#8211; g\u00fcltig ab 01.01.2024<\/p>\n<p><\/a><\/p>\n<\/li>\n<li>\n<p><a href=\"\/mauern\/wp-content\/uploads\/sites\/2\/2024\/01\/Marktbuden-Mauern-Gebuehrensatzung-gueltig-ab-01.01.2024.pdf\"><\/p>\n<p>Satzung der Gemeinde Mauern \u00fcber die Erhebung von Geb\u00fchren f\u00fcr die Benutzung der Marktbuden &#8211; g\u00fcltig ab 01.01.2024<\/p>\n<p><\/a><\/p>\n<\/li>\n<li>\n<p><a href=\"\/mauern\/wp-content\/uploads\/sites\/2\/2024\/01\/Mehrzweckhalle-Mauern-Benutzungssatzung-gueltig-ab-01.01.2024.pdf\"><\/p>\n<p>Satzung der Gemeinde Mauern \u00fcber die Benutzung der Mehrzweckhalle &#8211; g\u00fcltig ab 01.01.2024<\/p>\n<p><\/a><\/p>\n<\/li>\n<li>\n<p><a href=\"\/mauern\/wp-content\/uploads\/sites\/2\/2024\/01\/Mehrzweckhalle-Mauern-Gebuehrensatzung-gueltig-ab-01.01.2024.pdf\"><\/p>\n<p>Satzung der Gemeinde Mauern \u00fcber die Erhebung von Geb\u00fchren f\u00fcr die Benutzung der Mehrzweckhalle &#8211; g\u00fcltig ab 01.01.2024<\/p>\n<p><\/a><\/p>\n<\/li>\n<\/ul>\n<p><!--more--><br \/>\n<!-- {\"type\":\"layout\",\"children\":[{\"type\":\"section\",\"props\":{\"image_position\":\"center-center\",\"padding\":\"small\",\"padding_remove_bottom\":true,\"style\":\"default\",\"title_breakpoint\":\"xl\",\"title_position\":\"top-left\",\"title_rotation\":\"left\",\"vertical_align\":\"\",\"width\":\"default\"},\"children\":[{\"type\":\"row\",\"children\":[{\"type\":\"column\",\"props\":{\"image_position\":\"center-center\",\"position_sticky_breakpoint\":\"m\"},\"children\":[{\"type\":\"breadcrumbs\",\"props\":{\"show_current\":true,\"show_home\":true}}]}]}]},{\"type\":\"section\",\"props\":{\"image_position\":\"center-center\",\"style\":\"default\",\"title_breakpoint\":\"xl\",\"title_position\":\"top-left\",\"title_rotation\":\"left\",\"vertical_align\":\"\",\"width\":\"default\"},\"children\":[{\"type\":\"row\",\"children\":[{\"type\":\"column\",\"props\":{\"image_position\":\"center-center\",\"position_sticky_breakpoint\":\"m\"},\"children\":[{\"type\":\"headline\",\"props\":{\"content\":\"Satzungen\",\"title_element\":\"h1\",\"title_style\":\"heading-small\"}}]}]},{\"type\":\"row\",\"children\":[{\"type\":\"column\",\"props\":{\"image_position\":\"center-center\",\"position_sticky_breakpoint\":\"m\"},\"children\":[{\"type\":\"list\",\"props\":{\"column_breakpoint\":\"m\",\"icon\":\"arrow-right\",\"icon_color\":\"primary\",\"image_align\":\"left\",\"image_svg_color\":\"emphasis\",\"image_vertical_align\":false,\"list_element\":\"ul\",\"list_horizontal_separator\":\", \",\"list_style\":\"divider\",\"list_type\":\"vertical\",\"show_image\":true,\"show_link\":true},\"children\":[{\"type\":\"list_item\",\"props\":{\"content\":\"Satzung \\u00fcber die Einfriedung in der Gemeinde Mauern - g\\u00fcltig ab 10.04.2026\",\"link\":\"wp-content\\\/uploads\\\/sites\\\/2\\\/2026\\\/04\\\/Satzung-ueber-Einfriedungen-in-der-Gemeinde-Mauern.pdf\",\"link_target\":true}},{\"type\":\"list_item\",\"props\":{\"content\":\"Satzung \\u00fcber die Pflicht zur Herstellung von Fahrradabstellpl\\u00e4tzen - g\\u00fcltig ab 10.04.2026\",\"link\":\"wp-content\\\/uploads\\\/sites\\\/2\\\/2026\\\/04\\\/Satzung-ueber-die-Pflicht-zur-Herstellung-von-Fahrradabstellplaetzen.pdf\",\"link_target\":true}},{\"type\":\"list_item\",\"props\":{\"content\":\"Stellplatzsatzung der Gemeinde Mauern - g\\u00fcltig ab 01.10.2025\",\"link\":\"wp-content\\\/uploads\\\/sites\\\/2\\\/2025\\\/09\\\/Stellplatzsatzung-Mauern.pdf\",\"link_target\":true}},{\"type\":\"list_item\",\"props\":{\"content\":\"Satzung \\u00fcber die Benutzung der \\u00f6ffentlichen Pl\\u00e4tze, Gr\\u00fcnanlagen und Kinderspielpl\\u00e4tze der Gemeinde Mauern - g\\u00fcltig ab September 2025\",\"link\":\"wp-content\\\/uploads\\\/sites\\\/2\\\/2025\\\/09\\\/Ortsplatz-Gruenanlagen-und-Spielplatzsatzung-ab-September-2025.pdf\",\"link_target\":true}},{\"type\":\"list_item\",\"props\":{\"content\":\"Satzung \\u00fcber die Festsetzung der Grundsteuerhebes\\u00e4tze der Gemeinde Mauern - g\\u00fcltig ab 01.01.2025\",\"link\":\"wp-content\\\/uploads\\\/sites\\\/2\\\/2024\\\/11\\\/Grundsteuerhebesaetze-Gemeinde-Mauern-zum-01.01.2025.pdf\"}},{\"type\":\"list_item\",\"props\":{\"content\":\"Kindertageseinrichungssatzung (KiTaS) \\\"Sonnenburg\\\" - g\\u00fcltig ab 01.09.2024\",\"link\":\"wp-content\\\/uploads\\\/sites\\\/2\\\/2024\\\/07\\\/Kindertageseinrichtungssatzung-KiTaS-ab-01.09.2024.pdf\",\"link_target\":true}},{\"type\":\"list_item\",\"props\":{\"content\":\"Kindertageseinrichungs-Geb\\u00fchrensatzung (KiTaGebS) \\\"Sonnenburg\\\" - g\\u00fcltig ab 01.09.2025\",\"link\":\"wp-content\\\/uploads\\\/sites\\\/2\\\/2025\\\/05\\\/Kindertageseinrichtungs-Gebuehrensatzung-Sonnenburg-KiTaGebS-ab-01.09.25.pdf\",\"link_target\":true}},{\"type\":\"list_item\",\"props\":{\"content\":\"\n\n<p>Kindertageseinrichtungssatzung (KiTaS) \\\"Wurzelzwerge\\\"\\u00a0 \\u2013 g\\u00fcltig ab 01.03.2022<\\\/p>\",\"link\":\"wp-content\\\/uploads\\\/sites\\\/2\\\/2025\\\/05\\\/KiTaS-Wurzelzwerge-01.03.2022-Ausfertigung-vom-23.02.22.pdf\",\"link_target\":true}},{\"type\":\"list_item\",\"props\":{\"content\":\"Kindertageseinrichtungs-Geb\\u00fchrensatzung (KiTaGebS) \\\"Wurzelzwerge\\\" - g\\u00fcltig ab 01.09.2025\",\"link\":\"wp-content\\\/uploads\\\/sites\\\/2\\\/2025\\\/05\\\/Kindertageseinrichtungs-Gebuehrensatzung-Wurzelzwerge-KiTaGebS-ab-01.09.2025.pdf\",\"link_target\":true}},{\"type\":\"list_item\",\"props\":{\"content\":\"Mittagsbetreuungs-Benutzungssatzung - g\\u00fcltig ab 01.09.2019\",\"link\":\"wp-content\\\/uploads\\\/sites\\\/2\\\/2025\\\/06\\\/Mittagsbetreuungs-Benutzungssatzung-Mauern-2019-Ausfertigung.pdf\",\"link_target\":true}},{\"type\":\"list_item\",\"props\":{\"content\":\"Mittagsbetreuungsgeb\\u00fchrensatzung - g\\u00fcltig ab 01.09.2025\",\"link\":\"wp-content\\\/uploads\\\/sites\\\/2\\\/2025\\\/05\\\/Mittagsbetreuungsgebuehrensatzung-Mauern-ab-09.2025.pdf\",\"link_target\":true}},{\"type\":\"list_item\",\"props\":{\"content\":\"\n\n<p><a href=\\\"wp-content\\\/uploads\\\/sites\\\/2\\\/2022\\\/03\\\/hundesteuersatzung_mauern.pdf\\\" target=\\\"_blanke\\\">Satzung der Gemeinde Mauern f\\u00fcr die Erhebung einer Hundesteuer (Hundesteuersatzung)<\\\/a> - g\\u00fcltig ab 01.01.2021<\\\/p>\",\"link_target\":true}},{\"type\":\"list_item\",\"props\":{\"content\":\"\n\n<p>Satzung \\u00fcber die Erhebung von Erschlie\\u00dfungsbeitr\\u00e4gen (Erschlie\\u00dfungsbeitragssatzung - EBS) - g\\u00fcltig ab 01.12.2024<\\\/p>\",\"link\":\"wp-content\\\/uploads\\\/sites\\\/2\\\/2025\\\/01\\\/Erschliessungsbeitragssatzung-Gemeinde-Mauern-gueltig-ab-01.12.2024.pdf\",\"link_target\":true}},{\"type\":\"list_item\",\"props\":{\"content\":\"\n\n<p>Satzung der Gemeinde Mauern zur Erhebung von Kostenerstattungsbetr\\u00e4gen nach \\u00a7\\u00a7 135a - 135c BauGB<\\\/p>\",\"link\":\"wp-content\\\/uploads\\\/sites\\\/2\\\/2022\\\/03\\\/kostenerstattungsbetragssatzung_mauern_oeko_flaechen.pdf\",\"link_target\":true}},{\"type\":\"list_item\",\"props\":{\"content\":\"\n\n<p>Satzung \\u00fcber die Erhebung von Verwaltungskosten f\\u00fcr Amtshandlungen im eigenen Wirkungskreis der Gemeinde Mauern (Kostensatzung)<\\\/p>\",\"link\":\"wp-content\\\/uploads\\\/sites\\\/2\\\/2022\\\/03\\\/kostensatzung_mauern.pdf\",\"link_target\":true}},{\"type\":\"list_item\",\"props\":{\"content\":\"\n\n<p><a href=\\\"wp-content\\\/uploads\\\/sites\\\/2\\\/2022\\\/03\\\/bgs_ews_mauern.pdf\\\" target=\\\"_blanke\\\">Beitrags- und Geb\\u00fchrensatzung zur Entw\\u00e4sserungssatzung (BGS-EWS) der Gemeinde Mauern<\\\/a> \\u2013 g\\u00fcltig ab 01.01.2019<\\\/p>\",\"link_target\":true}},{\"type\":\"list_item\",\"props\":{\"content\":\"\n\n<p>Erste Satzung zur \\u00c4nderung der Beitrags- und Geb\\u00fchrensatzung zur Entw\\u00e4sserungssatzung (BGS-EWS) - g\\u00fcltig ab 01.01.2024<\\\/p>\",\"link\":\"wp-content\\\/uploads\\\/sites\\\/2\\\/2023\\\/12\\\/BGS-EWS-Mauern-1.-Aenderung-ab-01.01.2024.pdf\",\"link_target\":true}},{\"type\":\"list_item\",\"props\":{\"content\":\"\n\n<p><a href=\\\"wp-content\\\/uploads\\\/sites\\\/2\\\/2022\\\/03\\\/ews_mauern.pdf\\\" target=\\\"_blanke\\\">Satzung f\\u00fcr die \\u00f6ffentliche Entw\\u00e4sserungsanlage der Gemeinde Mauern (Entw\\u00e4sserungssatzung \\u2013 EWS)<\\\/a> \\u2013 g\\u00fcltig ab 01.01.2019<\\\/p>\",\"link_target\":true}},{\"type\":\"list_item\",\"props\":{\"content\":\"\n\n<p><a href=\\\"wp-content\\\/uploads\\\/sites\\\/2\\\/2022\\\/03\\\/verordnung_ber_die_rum_und_streupflicht.pdf\\\" target=\\\"_blanke\\\">Verordnung \\u00fcber die Reinhaltung und Reinigung der \\u00f6ffentlichen Stra\\u00dfen und die Sicherung der Gehbahnen im Winter<\\\/a> \\u2013 g\\u00fcltig ab M\\u00e4rz 2021<\\\/p>\",\"link_target\":true}},{\"type\":\"list_item\",\"props\":{\"content\":\"\n\n<p><a href=\\\"wp-content\\\/uploads\\\/sites\\\/2\\\/2022\\\/03\\\/gestaltungssatzung_mauern_.pdf\\\" target=\\\"_blanke\\\">Satzung der Gemeinde Mauern \\u00fcber die Anforderungen an die \\u00e4u\\u00dfere Gestaltung der Stellpl\\u00e4tze f\\u00fcr Kraftfahrzeuge und Garagen im Gemeindegebiet Mauern<\\\/a> - g\\u00fcltig ab 01.01.2021<\\\/p>\",\"link_target\":true}},{\"type\":\"list_item\",\"props\":{\"content\":\"\n\n<p>Satzung \\u00fcber die Entsorgung von Bauschutt und Gr\\u00fcngut in der Gemeinde Mauern (Benutzungssatzung) - g\\u00fcltig ab 01.04.2024<\\\/p>\",\"link\":\"wp-content\\\/uploads\\\/sites\\\/2\\\/2024\\\/03\\\/Satzung-ueber-die-Entsorgung-von-Bauschutt-und-Gruengut-Gemeinde-Mauern-Benutzungssatzung-ab-01.04.2024.pdf\",\"link_target\":true}},{\"type\":\"list_item\",\"props\":{\"content\":\"\n\n<p>Geb\\u00fchrensatzung zur Satzung \\u00fcber die Entsorgung von Bauschutt und Gr\\u00fcngut in der Gemeinde Mauern - g\\u00fcltig ab 01.02.2024<\\\/p>\",\"link\":\"wp-content\\\/uploads\\\/sites\\\/2\\\/2024\\\/02\\\/Gebuehrensatzung-Entsorgung-von-Bauschutt-und-Gruengut-Gemeinde-Mauern.pdf\",\"link_target\":true}},{\"type\":\"list_item\",\"props\":{\"content\":\"\n\n<p>Satzung \\u00fcber die Einfriedung in der Gemeinde Mauern<\\\/p>\",\"link\":\"wp-content\\\/uploads\\\/sites\\\/2\\\/2023\\\/02\\\/Satzung-ueber-die-Einfriedungen-in-der-Gemeinde-Mauern.pdf\",\"link_target\":true}},{\"type\":\"list_item\",\"props\":{\"content\":\"\n\n<p>Satzung der Gemeinde Mauern \\u00fcber die Benutzung der Marktbuden - g\\u00fcltig ab 01.01.2024<\\\/p>\",\"link\":\"wp-content\\\/uploads\\\/sites\\\/2\\\/2024\\\/01\\\/Marktbuden-Mauern-Benutzungssatzung-gueltig-ab-01.01.2024.pdf\",\"link_target\":true}},{\"type\":\"list_item\",\"props\":{\"content\":\"\n\n<p>Satzung der Gemeinde Mauern \\u00fcber die Erhebung von Geb\\u00fchren f\\u00fcr die Benutzung der Marktbuden - g\\u00fcltig ab 01.01.2024<\\\/p>\",\"link\":\"wp-content\\\/uploads\\\/sites\\\/2\\\/2024\\\/01\\\/Marktbuden-Mauern-Gebuehrensatzung-gueltig-ab-01.01.2024.pdf\",\"link_target\":true}},{\"type\":\"list_item\",\"props\":{\"content\":\"\n\n<p>Satzung der Gemeinde Mauern \\u00fcber die Benutzung der Mehrzweckhalle - g\\u00fcltig ab 01.01.2024<\\\/p>\",\"link\":\"wp-content\\\/uploads\\\/sites\\\/2\\\/2024\\\/01\\\/Mehrzweckhalle-Mauern-Benutzungssatzung-gueltig-ab-01.01.2024.pdf\",\"link_target\":true}},{\"type\":\"list_item\",\"props\":{\"content\":\"\n\n<p>Satzung der Gemeinde Mauern \\u00fcber die Erhebung von Geb\\u00fchren f\\u00fcr die Benutzung der Mehrzweckhalle - g\\u00fcltig ab 01.01.2024<\\\/p>\",\"link\":\"wp-content\\\/uploads\\\/sites\\\/2\\\/2024\\\/01\\\/Mehrzweckhalle-Mauern-Gebuehrensatzung-gueltig-ab-01.01.2024.pdf\",\"link_target\":true}}]}]}]}]}],\"version\":\"4.4.16\"} --><\/p>\n","protected":false},"excerpt":{"rendered":"<p>Satzungen Satzung \u00fcber die Einfriedung in der Gemeinde Mauern &#8211; g\u00fcltig ab 10.04.2026 Satzung \u00fcber die Pflicht zur Herstellung von Fahrradabstellpl\u00e4tzen &#8211; g\u00fcltig ab 10.04.2026 Stellplatzsatzung der Gemeinde Mauern &#8211; g\u00fcltig ab 01.10.2025 Satzung \u00fcber die Benutzung der \u00f6ffentlichen Pl\u00e4tze, Gr\u00fcnanlagen und Kinderspielpl\u00e4tze der Gemeinde Mauern &#8211; g\u00fcltig ab September 2025 Satzung \u00fcber die Festsetzung [&hellip;]<\/p>\n","protected":false},"author":1,"featured_media":0,"parent":807,"menu_order":0,"comment_status":"closed","ping_status":"closed","template":"","meta":{"footnotes":""},"class_list":["post-484","page","type-page","status-publish","hentry"],"publishpress_future_action":{"enabled":false,"date":"2026-04-22 08:25:55","action":"change-status","newStatus":"draft","terms":[],"taxonomy":"","extraData":[]},"publishpress_future_workflow_manual_trigger":{"enabledWorkflows":[]},"_links":{"self":[{"href":"https:\/\/vg-mauern.de\/mauern\/wp-json\/wp\/v2\/pages\/484","targetHints":{"allow":["GET"]}}],"collection":[{"href":"https:\/\/vg-mauern.de\/mauern\/wp-json\/wp\/v2\/pages"}],"about":[{"href":"https:\/\/vg-mauern.de\/mauern\/wp-json\/wp\/v2\/types\/page"}],"author":[{"embeddable":true,"href":"https:\/\/vg-mauern.de\/mauern\/wp-json\/wp\/v2\/users\/1"}],"replies":[{"embeddable":true,"href":"https:\/\/vg-mauern.de\/mauern\/wp-json\/wp\/v2\/comments?post=484"}],"version-history":[{"count":10,"href":"https:\/\/vg-mauern.de\/mauern\/wp-json\/wp\/v2\/pages\/484\/revisions"}],"predecessor-version":[{"id":4471,"href":"https:\/\/vg-mauern.de\/mauern\/wp-json\/wp\/v2\/pages\/484\/revisions\/4471"}],"up":[{"embeddable":true,"href":"https:\/\/vg-mauern.de\/mauern\/wp-json\/wp\/v2\/pages\/807"}],"wp:attachment":[{"href":"https:\/\/vg-mauern.de\/mauern\/wp-json\/wp\/v2\/media?parent=484"}],"curies":[{"name":"wp","href":"https:\/\/api.w.org\/{rel}","templated":true}]}}