{"id":499,"date":"2022-03-16T15:52:16","date_gmt":"2022-03-16T14:52:16","guid":{"rendered":"https:\/\/demo.vg-mauern.de\/mauern\/?page_id=499"},"modified":"2022-03-18T13:00:06","modified_gmt":"2022-03-18T12:00:06","slug":"notrufnummern","status":"publish","type":"page","link":"https:\/\/vg-mauern.de\/mauern\/buergerservice\/notrufnummern\/","title":{"rendered":"Notrufnummern"},"content":{"rendered":"<h1>Notrufnummern<\/h1>\n<h3>Polizei<\/h3>\n<ul>\n<li>\n<div>\n<p>Tel. 110<\/p>\n<\/div>\n<\/li>\n<li>\n<div>\n<p>Vorsicht vor Wohnungseinbrechern!<br \/>Ihre Polizei m\u00f6chte Sie vor Schaden sch\u00fctzen<br \/><a href=\"https:\/\/www.vg-mauern.de\/images\/mauern\/pdfs\/sonstige\/polizei_erding_hoch.pdf\" target=\"_blanke\">weitere Infos erhalten Sie hier<\/a><\/p>\n<\/div>\n<\/li>\n<\/ul>\n<h3>Feuerwehr<\/h3>\n<div>\n<div>\n<p>Tel. 112<\/p>\n<\/div>\n<\/div>\n<hr>\n<h3>\u00c4rztlicher Bereitschaftsdienst<\/h3>\n<div>\n<div>Tel. 01805 191212<\/div>\n<\/div>\n<h3>Giftnotruf<\/h3>\n<div>\n<div>Tel. 089 19240<\/div>\n<\/div>\n<hr>\n<h3>Hotline bei Verbrennungen<\/h3>\n<div>\n<div>Tel. 040 28822998<\/div>\n<\/div>\n<h3>Klinikum Freising<\/h3>\n<ul>\n<li>\n<div>Tel. 08161 24-3000<\/div>\n<\/li>\n<li>\n<div>\n<p>Mainburger Stra\u00dfe 29<br \/>85356 Freising<\/p>\n<\/div>\n<\/li>\n<li>\n<p><a href=\"https:\/\/www.klinikum-freising.de\/\"><\/p>\n<p>www.klinikum-freising.de<\/p>\n<p><\/a><\/p>\n<\/li>\n<\/ul>\n<hr>\n<h3>Kinderkrankenhaus Landshut<\/h3>\n<ul>\n<li>\n<div>Tel. 0871 852-0<\/div>\n<\/li>\n<li>\n<div>\n<p>Grillparzerstr. 9<br \/>84036 Landshut<\/p>\n<\/div>\n<\/li>\n<li>\n<p><a href=\"https:\/\/www.kinderkrankenhaus-landshut.de\/\"><\/p>\n<p>www.kinderkrankenhaus-landshut.de<\/p>\n<p><\/a><\/p>\n<\/li>\n<\/ul>\n<h3>Kreiskrankenhaus Landshut-Achdorf<\/h3>\n<ul>\n<li>\n<div>Tel. 0871 404-0<\/div>\n<\/li>\n<li>\n<div>\n<p>Achdorfer Weg 3<br \/>84036 Landshut<\/p>\n<\/div>\n<\/li>\n<li>\n<p><a href=\"https:\/\/www.lakumed.de\/\"><\/p>\n<p>www.kh-landshut-achdorf.de<\/p>\n<p><\/a><\/p>\n<\/li>\n<\/ul>\n<hr>\n<h3>Familienpflegewerk<\/h3>\n<ul>\n<li>\n<div>Tel. 08161 2349622<\/div>\n<\/li>\n<li>\n<p><a href=\"https:\/\/familienpflegewerk.de\/\">www.familienpflegewerk.de<\/a><\/p>\n<\/li>\n<li>\n<div>\n<p>Beratung durch die Einsatzleitung f\u00fcr die Station Freising<\/p>\n<\/div>\n<\/li>\n<\/ul>\n<h3>Krisendienst Psychiatrie<\/h3>\n<ul>\n<li>\n<div>Tel. 0180 655-3000<\/div>\n<\/li>\n<li>\n<p><a href=\"https:\/\/www.krisendienste.bayern\/oberbayern\/\"><\/p>\n<p>www.krisendienst-psychiatrie.de<\/p>\n<p><\/a><\/p>\n<\/li>\n<li>\n<div>Pers\u00f6nliche Beratung oder Hausbesuche f\u00fcr Menschen in seelischer Not<\/div>\n<\/li>\n<\/ul>\n<p><!--more--><br \/>\n<!-- {\"type\":\"layout\",\"children\":[{\"type\":\"section\",\"props\":{\"style\":\"default\",\"width\":\"default\",\"vertical_align\":\"middle\",\"title_position\":\"top-left\",\"title_rotation\":\"left\",\"title_breakpoint\":\"xl\",\"image_position\":\"center-center\",\"padding\":\"small\",\"padding_remove_bottom\":true},\"children\":[{\"type\":\"row\",\"children\":[{\"type\":\"column\",\"props\":{\"position_sticky_breakpoint\":\"m\",\"image_position\":\"center-center\",\"media_overlay_gradient\":\"\"},\"children\":[{\"type\":\"breadcrumbs\",\"props\":{\"show_home\":true,\"show_current\":true}}]}]}]},{\"type\":\"section\",\"props\":{\"style\":\"default\",\"width\":\"default\",\"vertical_align\":\"middle\",\"title_position\":\"top-left\",\"title_rotation\":\"left\",\"title_breakpoint\":\"xl\",\"image_position\":\"center-center\"},\"children\":[{\"type\":\"row\",\"children\":[{\"type\":\"column\",\"props\":{\"position_sticky_breakpoint\":\"m\",\"image_position\":\"center-center\",\"media_overlay_gradient\":\"\"},\"children\":[{\"type\":\"headline\",\"props\":{\"title_element\":\"h1\",\"title_style\":\"heading-small\",\"content\":\"Notrufnummern\"}}]}]},{\"type\":\"row\",\"props\":{\"layout\":\"1-2,1-2\",\"divider\":true},\"children\":[{\"type\":\"column\",\"props\":{\"position_sticky_breakpoint\":\"m\",\"image_position\":\"center-center\",\"media_overlay_gradient\":\"\",\"width_medium\":\"1-2\"},\"children\":[{\"type\":\"headline\",\"props\":{\"title_element\":\"h3\",\"content\":\"Polizei\",\"title_color\":\"primary\"}},{\"type\":\"list\",\"props\":{\"show_image\":true,\"show_link\":true,\"list_type\":\"vertical\",\"list_element\":\"ul\",\"list_horizontal_separator\":\", \",\"column_breakpoint\":\"m\",\"image_svg_color\":\"emphasis\",\"image_align\":\"left\",\"image_vertical_align\":false,\"icon_color\":\"primary\"},\"children\":[{\"type\":\"list_item\",\"props\":{\"content\":\"\n\n<p>Tel. 110<\\\/p>\",\"icon\":\"receiver\",\"icon_color\":\"primary\",\"link\":\"\"}},{\"type\":\"list_item\",\"props\":{\"content\":\"\n\n<p>Vorsicht vor Wohnungseinbrechern!<br \\\/>Ihre Polizei m\\u00f6chte Sie vor Schaden sch\\u00fctzen<br \\\/><a href=\\\"https:\\\/\\\/www.vg-mauern.de\\\/images\\\/mauern\\\/pdfs\\\/sonstige\\\/polizei_erding_hoch.pdf\\\" target=\\\"_blanke\\\">weitere Infos erhalten Sie hier<\\\/a><\\\/p>\",\"icon\":\"info\"}}]}]},{\"type\":\"column\",\"props\":{\"position_sticky_breakpoint\":\"m\",\"image_position\":\"center-center\",\"media_overlay_gradient\":\"\",\"width_medium\":\"1-2\"},\"children\":[{\"type\":\"headline\",\"props\":{\"title_element\":\"h3\",\"content\":\"Feuerwehr\",\"title_color\":\"primary\"}},{\"type\":\"list\",\"props\":{\"show_image\":true,\"show_link\":true,\"list_type\":\"vertical\",\"list_element\":\"ul\",\"list_horizontal_separator\":\", \",\"column_breakpoint\":\"m\",\"image_svg_color\":\"emphasis\",\"image_align\":\"left\",\"image_vertical_align\":false,\"icon_color\":\"primary\"},\"children\":[{\"type\":\"list_item\",\"props\":{\"content\":\"\n\n<p>Tel. 112<\\\/p>\",\"icon\":\"receiver\",\"icon_color\":\"primary\",\"link\":\"\"}}]}]}]},{\"type\":\"row\",\"children\":[{\"type\":\"column\",\"props\":{\"position_sticky_breakpoint\":\"m\",\"image_position\":\"center-center\",\"media_overlay_gradient\":\"\"},\"children\":[{\"type\":\"divider\",\"props\":{\"divider_element\":\"hr\"}}]}]},{\"type\":\"row\",\"props\":{\"layout\":\"1-2,1-2\",\"divider\":true},\"children\":[{\"type\":\"column\",\"props\":{\"position_sticky_breakpoint\":\"m\",\"image_position\":\"center-center\",\"media_overlay_gradient\":\"\",\"width_medium\":\"1-2\"},\"children\":[{\"type\":\"headline\",\"props\":{\"title_element\":\"h3\",\"content\":\"\\u00c4rztlicher Bereitschaftsdienst\",\"title_color\":\"primary\"}},{\"type\":\"list\",\"props\":{\"show_image\":true,\"show_link\":true,\"list_type\":\"vertical\",\"list_element\":\"ul\",\"list_horizontal_separator\":\", \",\"column_breakpoint\":\"m\",\"image_svg_color\":\"emphasis\",\"image_align\":\"left\",\"image_vertical_align\":false,\"icon_color\":\"primary\"},\"children\":[{\"type\":\"list_item\",\"props\":{\"content\":\"Tel. 01805 191212\",\"icon\":\"receiver\",\"icon_color\":\"primary\",\"link\":\"\"}}]}]},{\"type\":\"column\",\"props\":{\"position_sticky_breakpoint\":\"m\",\"image_position\":\"center-center\",\"media_overlay_gradient\":\"\",\"width_medium\":\"1-2\"},\"children\":[{\"type\":\"headline\",\"props\":{\"title_element\":\"h3\",\"content\":\"Giftnotruf\",\"title_color\":\"primary\"}},{\"type\":\"list\",\"props\":{\"show_image\":true,\"show_link\":true,\"list_type\":\"vertical\",\"list_element\":\"ul\",\"list_horizontal_separator\":\", \",\"column_breakpoint\":\"m\",\"image_svg_color\":\"emphasis\",\"image_align\":\"left\",\"image_vertical_align\":false,\"icon_color\":\"primary\"},\"children\":[{\"type\":\"list_item\",\"props\":{\"content\":\"Tel. 089 19240\",\"icon\":\"receiver\",\"icon_color\":\"primary\",\"link\":\"\"}}]}]}]},{\"type\":\"row\",\"children\":[{\"type\":\"column\",\"props\":{\"position_sticky_breakpoint\":\"m\",\"image_position\":\"center-center\",\"media_overlay_gradient\":\"\"},\"children\":[{\"type\":\"divider\",\"props\":{\"divider_element\":\"hr\"}}]}]},{\"type\":\"row\",\"props\":{\"layout\":\"1-2,1-2\",\"divider\":true},\"children\":[{\"type\":\"column\",\"props\":{\"position_sticky_breakpoint\":\"m\",\"image_position\":\"center-center\",\"media_overlay_gradient\":\"\",\"width_medium\":\"1-2\"},\"children\":[{\"type\":\"headline\",\"props\":{\"title_element\":\"h3\",\"content\":\"Hotline bei Verbrennungen\",\"title_color\":\"primary\"}},{\"type\":\"list\",\"props\":{\"show_image\":true,\"show_link\":true,\"list_type\":\"vertical\",\"list_element\":\"ul\",\"list_horizontal_separator\":\", \",\"column_breakpoint\":\"m\",\"image_svg_color\":\"emphasis\",\"image_align\":\"left\",\"image_vertical_align\":false,\"icon_color\":\"primary\"},\"children\":[{\"type\":\"list_item\",\"props\":{\"content\":\"Tel. 040 28822998\",\"icon\":\"receiver\",\"icon_color\":\"primary\",\"link\":\"\"}}]}]},{\"type\":\"column\",\"props\":{\"position_sticky_breakpoint\":\"m\",\"image_position\":\"center-center\",\"media_overlay_gradient\":\"\",\"width_medium\":\"1-2\"},\"children\":[{\"type\":\"headline\",\"props\":{\"title_element\":\"h3\",\"content\":\"Klinikum Freising\",\"title_color\":\"primary\"}},{\"type\":\"list\",\"props\":{\"show_image\":true,\"show_link\":true,\"list_type\":\"vertical\",\"list_element\":\"ul\",\"list_horizontal_separator\":\", \",\"column_breakpoint\":\"m\",\"image_svg_color\":\"emphasis\",\"image_align\":\"left\",\"image_vertical_align\":false,\"icon_color\":\"primary\"},\"children\":[{\"type\":\"list_item\",\"props\":{\"content\":\"Tel. 08161 24-3000\",\"icon\":\"receiver\",\"icon_color\":\"primary\",\"link\":\"\"}},{\"type\":\"list_item\",\"props\":{\"content\":\"\n\n<p>Mainburger Stra\\u00dfe 29<br \\\/>85356 Freising<\\\/p>\",\"icon\":\"location\"}},{\"type\":\"list_item\",\"props\":{\"content\":\"\n\n<p>www.klinikum-freising.de<\\\/p>\",\"icon\":\"world\",\"link\":\"https:\\\/\\\/www.klinikum-freising.de\\\/\",\"link_target\":true}}]}]}]},{\"type\":\"row\",\"children\":[{\"type\":\"column\",\"props\":{\"position_sticky_breakpoint\":\"m\",\"image_position\":\"center-center\",\"media_overlay_gradient\":\"\"},\"children\":[{\"type\":\"divider\",\"props\":{\"divider_element\":\"hr\"}}]}]},{\"type\":\"row\",\"props\":{\"layout\":\"1-2,1-2\",\"divider\":true},\"children\":[{\"type\":\"column\",\"props\":{\"position_sticky_breakpoint\":\"m\",\"image_position\":\"center-center\",\"media_overlay_gradient\":\"\",\"width_medium\":\"1-2\"},\"children\":[{\"type\":\"headline\",\"props\":{\"title_element\":\"h3\",\"content\":\"Kinderkrankenhaus Landshut\",\"title_color\":\"primary\"}},{\"type\":\"list\",\"props\":{\"show_image\":true,\"show_link\":true,\"list_type\":\"vertical\",\"list_element\":\"ul\",\"list_horizontal_separator\":\", \",\"column_breakpoint\":\"m\",\"image_svg_color\":\"emphasis\",\"image_align\":\"left\",\"image_vertical_align\":false,\"icon_color\":\"primary\"},\"children\":[{\"type\":\"list_item\",\"props\":{\"content\":\"Tel. 0871 852-0\",\"icon\":\"receiver\",\"icon_color\":\"primary\",\"link\":\"\"}},{\"type\":\"list_item\",\"props\":{\"content\":\"\n\n<p>Grillparzerstr. 9<br \\\/>84036 Landshut<\\\/p>\",\"icon\":\"location\"}},{\"type\":\"list_item\",\"props\":{\"content\":\"\n\n<p>www.kinderkrankenhaus-landshut.de<\\\/p>\",\"link\":\"https:\\\/\\\/www.kinderkrankenhaus-landshut.de\\\/\",\"link_target\":true,\"icon\":\"world\"}}]}]},{\"type\":\"column\",\"props\":{\"position_sticky_breakpoint\":\"m\",\"image_position\":\"center-center\",\"media_overlay_gradient\":\"\",\"width_medium\":\"1-2\"},\"children\":[{\"type\":\"headline\",\"props\":{\"title_element\":\"h3\",\"content\":\"Kreiskrankenhaus Landshut-Achdorf\",\"title_color\":\"primary\"}},{\"type\":\"list\",\"props\":{\"show_image\":true,\"show_link\":true,\"list_type\":\"vertical\",\"list_element\":\"ul\",\"list_horizontal_separator\":\", \",\"column_breakpoint\":\"m\",\"image_svg_color\":\"emphasis\",\"image_align\":\"left\",\"image_vertical_align\":false,\"icon_color\":\"primary\"},\"children\":[{\"type\":\"list_item\",\"props\":{\"content\":\"Tel. 0871 404-0\",\"icon\":\"receiver\",\"icon_color\":\"primary\",\"link\":\"\"}},{\"type\":\"list_item\",\"props\":{\"content\":\"\n\n<p>Achdorfer Weg 3<br \\\/>84036 Landshut<\\\/p>\",\"icon\":\"location\"}},{\"type\":\"list_item\",\"props\":{\"content\":\"\n\n<p>www.kh-landshut-achdorf.de<\\\/p>\",\"icon\":\"world\",\"link\":\"https:\\\/\\\/www.lakumed.de\\\/\",\"link_target\":true}}]}]}]},{\"type\":\"row\",\"children\":[{\"type\":\"column\",\"props\":{\"position_sticky_breakpoint\":\"m\",\"image_position\":\"center-center\",\"media_overlay_gradient\":\"\"},\"children\":[{\"type\":\"divider\",\"props\":{\"divider_element\":\"hr\"}}]}]},{\"type\":\"row\",\"props\":{\"layout\":\"1-2,1-2\",\"divider\":true},\"children\":[{\"type\":\"column\",\"props\":{\"position_sticky_breakpoint\":\"m\",\"image_position\":\"center-center\",\"media_overlay_gradient\":\"\",\"width_medium\":\"1-2\"},\"children\":[{\"type\":\"headline\",\"props\":{\"title_element\":\"h3\",\"content\":\"Familienpflegewerk\",\"title_color\":\"primary\"}},{\"type\":\"list\",\"props\":{\"show_image\":true,\"show_link\":true,\"list_type\":\"vertical\",\"list_element\":\"ul\",\"list_horizontal_separator\":\", \",\"column_breakpoint\":\"m\",\"image_svg_color\":\"emphasis\",\"image_align\":\"left\",\"image_vertical_align\":false,\"icon_color\":\"primary\"},\"children\":[{\"type\":\"list_item\",\"props\":{\"content\":\"Tel. 08161 2349622\",\"icon\":\"receiver\",\"icon_color\":\"primary\",\"link\":\"\"}},{\"type\":\"list_item\",\"props\":{\"content\":\"www.familienpflegewerk.de\",\"link\":\"https:\\\/\\\/familienpflegewerk.de\\\/\",\"link_target\":true,\"icon\":\"world\"}},{\"type\":\"list_item\",\"props\":{\"content\":\"\n\n<p>Beratung durch die Einsatzleitung f\\u00fcr die Station Freising<\\\/p>\",\"icon\":\"info\"}}]}]},{\"type\":\"column\",\"props\":{\"position_sticky_breakpoint\":\"m\",\"image_position\":\"center-center\",\"media_overlay_gradient\":\"\",\"width_medium\":\"1-2\"},\"children\":[{\"type\":\"headline\",\"props\":{\"title_element\":\"h3\",\"content\":\"Krisendienst Psychiatrie\",\"title_color\":\"primary\"}},{\"type\":\"list\",\"props\":{\"show_image\":true,\"show_link\":true,\"list_type\":\"vertical\",\"list_element\":\"ul\",\"list_horizontal_separator\":\", \",\"column_breakpoint\":\"m\",\"image_svg_color\":\"emphasis\",\"image_align\":\"left\",\"image_vertical_align\":false,\"icon_color\":\"primary\"},\"children\":[{\"type\":\"list_item\",\"props\":{\"content\":\"Tel. 0180 655-3000\",\"icon\":\"receiver\",\"icon_color\":\"primary\",\"link\":\"\"}},{\"type\":\"list_item\",\"props\":{\"content\":\"\n\n<p>www.krisendienst-psychiatrie.de<\\\/p>\",\"link\":\"https:\\\/\\\/www.krisendienste.bayern\\\/oberbayern\\\/\",\"link_target\":true,\"icon\":\"world\"}},{\"type\":\"list_item\",\"props\":{\"content\":\"Pers\\u00f6nliche Beratung oder Hausbesuche f\\u00fcr Menschen in seelischer Not\",\"icon\":\"info\"}}]}]}]}]}],\"version\":\"2.7.20\"} --><\/p>\n","protected":false},"excerpt":{"rendered":"<p>Notrufnummern Polizei Tel. 110 Vorsicht vor Wohnungseinbrechern!Ihre Polizei m\u00f6chte Sie vor Schaden sch\u00fctzenweitere Infos erhalten Sie hier Feuerwehr Tel. 112 \u00c4rztlicher Bereitschaftsdienst Tel. 01805 191212 Giftnotruf Tel. 089 19240 Hotline bei Verbrennungen Tel. 040 28822998 Klinikum Freising Tel. 08161 24-3000 Mainburger Stra\u00dfe 2985356 Freising www.klinikum-freising.de Kinderkrankenhaus Landshut Tel. 0871 852-0 Grillparzerstr. 984036 Landshut www.kinderkrankenhaus-landshut.de Kreiskrankenhaus [&hellip;]<\/p>\n","protected":false},"author":1,"featured_media":0,"parent":489,"menu_order":0,"comment_status":"closed","ping_status":"closed","template":"","meta":{"footnotes":""},"class_list":["post-499","page","type-page","status-publish","hentry"],"publishpress_future_action":{"enabled":false,"date":"2026-04-15 13:42:35","action":"change-status","newStatus":"draft","terms":[],"taxonomy":"","extraData":[]},"publishpress_future_workflow_manual_trigger":{"enabledWorkflows":[]},"_links":{"self":[{"href":"https:\/\/vg-mauern.de\/mauern\/wp-json\/wp\/v2\/pages\/499","targetHints":{"allow":["GET"]}}],"collection":[{"href":"https:\/\/vg-mauern.de\/mauern\/wp-json\/wp\/v2\/pages"}],"about":[{"href":"https:\/\/vg-mauern.de\/mauern\/wp-json\/wp\/v2\/types\/page"}],"author":[{"embeddable":true,"href":"https:\/\/vg-mauern.de\/mauern\/wp-json\/wp\/v2\/users\/1"}],"replies":[{"embeddable":true,"href":"https:\/\/vg-mauern.de\/mauern\/wp-json\/wp\/v2\/comments?post=499"}],"version-history":[{"count":48,"href":"https:\/\/vg-mauern.de\/mauern\/wp-json\/wp\/v2\/pages\/499\/revisions"}],"predecessor-version":[{"id":1125,"href":"https:\/\/vg-mauern.de\/mauern\/wp-json\/wp\/v2\/pages\/499\/revisions\/1125"}],"up":[{"embeddable":true,"href":"https:\/\/vg-mauern.de\/mauern\/wp-json\/wp\/v2\/pages\/489"}],"wp:attachment":[{"href":"https:\/\/vg-mauern.de\/mauern\/wp-json\/wp\/v2\/media?parent=499"}],"curies":[{"name":"wp","href":"https:\/\/api.w.org\/{rel}","templated":true}]}}