{"id":555,"date":"2022-03-16T16:25:34","date_gmt":"2022-03-16T15:25:34","guid":{"rendered":"https:\/\/demo.vg-mauern.de\/mauern\/?page_id=555"},"modified":"2024-12-13T12:30:07","modified_gmt":"2024-12-13T11:30:07","slug":"strom-und-wasserversorgung","status":"publish","type":"page","link":"https:\/\/vg-mauern.de\/mauern\/buergerservice\/strom-und-wasserversorgung\/","title":{"rendered":"Strom- und Wasserversorgung"},"content":{"rendered":"<h1>Neuer Wasserpreis &#8211; Anpassung durch Geb\u00fchrenkalkulation<\/h1>\n<div>\n<p>Im Rahmen der alle drei Jahre stattfindenden Geb\u00fchrenkalkulation passt der Zweckverband zur Wasserversorgung der H\u00f6rgertshausener Gruppe den Wasserpreis an die aktuellen wirtschaftlichen und gesetzlichen Anforderungen an.<br \/>Dies wurde nach der Pr\u00e4sentation der Geb\u00fchrenkalkulation durch die Gesch\u00e4ftsleitung und den Verbandsvorsitzenden in der Verbandsversammlung am 9.12.2024 gemeinsam mit den Mitgliedern und dem Werkausschuss einstimmig beschlossen.<br \/>Ab dem 01.01.2025 betr\u00e4gt der Preis f\u00fcr einen Kubikmeter Wasser 2,37 Euro, anstelle der bisherigen 1,82 Euro.<br \/>Die Erh\u00f6hung ist notwendig, um die steigenden Kosten f\u00fcr den Betrieb und die Instandhaltung der Wasserversorgung zu decken. Dazu z\u00e4hlen unter anderem h\u00f6here Ausgaben f\u00fcr Energie, Material und Personal sowie die regelm\u00e4\u00dfige Wartung und Modernisierung der Infrastruktur. Zus\u00e4tzlich werden Mittel f\u00fcr langfristige Investitionen bereitgestellt, um veraltete Anlagen zu erneuern, Wasserverluste zu minimieren und den gesetzlichen Vorgaben zur Trinkwasserqualit\u00e4t gerecht zu werden.<br \/>Mit dieser Anpassung m\u00f6chten wir sicherstellen, dass die Wasserversorgung weiterhin nachhaltig, zuverl\u00e4ssig und zukunftssicher gestaltet werden kann. Wir danken allen B\u00fcrgerinnen und B\u00fcrgern f\u00fcr ihr Verst\u00e4ndnis und ihr Vertrauen in unsere Arbeit.<br \/>F\u00fcr weitere Informationen steht Ihnen der Zweckverband zur Wasserversorgung der H\u00f6rgertshausener Gruppe gerne zur Verf\u00fcgung.<\/p>\n<\/div>\n<h1>Strom- und Wasserversorgung<\/h1>\n<div>\n<p>Hier finden Sie die Liste der Ver- und Entsorger der Gemeinde Mauern.<\/p>\n<\/div>\n<p>\n    <a href=\"\/mauern\/wp-content\/uploads\/sites\/2\/2022\/03\/versorgerliste_mauern.pdf\">Ver- und Entsorgerliste Mauern<\/a>\n<\/p>\n<div>\n<div class=\"uk-overflow-auto\">\n<table table class=\"uk-table uk-table uk-table-divider\">\n<thead>\n<tr>\n<th class=\"uk-width-small\">Gemeindeteile<\/th>\n<th class=\"uk-width-small\">Abwasserbeseitigung<\/th>\n<th class=\"uk-width-small\">Wasserversorgung<\/th>\n<th class=\"uk-width-small\">Energieversorgung<\/th>\n<\/tr>\n<\/thead>\n<tbody>\n<tr>\n<td>Alpersdorf<\/td>\n<td>Trennsystem<br \/>\n                KA Mauern<\/td>\n<td>WZV H\u00f6rgertshausen<\/td>\n<td>Stadtwerke M\u00fcnchen<\/td>\n<\/tr>\n<tr>\n<td>Bergm\u00fchle<\/td>\n<td>Kleinkl\u00e4ranlage<\/td>\n<td>WZV Baumgarten<\/td>\n<td>Bayernwerk Pfaffenhofen<\/td>\n<\/tr>\n<tr>\n<td>Besenried<\/td>\n<td>Kleinkl\u00e4ranlage<\/td>\n<td>WZV H\u00f6rgertshausen<\/td>\n<td>Bayernwerk Altdorf<\/td>\n<\/tr>\n<tr>\n<td>Beselm\u00fchle<\/td>\n<td>Kleinkl\u00e4ranlage<\/td>\n<td>WZV H\u00f6rgertshausen<\/td>\n<td>Stadtwerke M\u00fcnchen<\/td>\n<\/tr>\n<tr>\n<td>D\u00fcrnseiboldsdorf<\/td>\n<td>Kleinkl\u00e4ranlage<\/td>\n<td>WZV H\u00f6rgertshausen<\/td>\n<td>Stadtwerke M\u00fcnchen<\/td>\n<\/tr>\n<tr>\n<td>Enghausen<\/td>\n<td>Kleinkl\u00e4ranlage<\/td>\n<td>WZV H\u00f6rgertshausen<\/td>\n<td>Bayernwerk Altdorf<\/td>\n<\/tr>\n<tr>\n<td>Freundsbach<\/td>\n<td>Kleinkl\u00e4ranlage<\/td>\n<td>WZV H\u00f6rgertshausen<\/td>\n<td>Stadtwerke M\u00fcnchen<\/td>\n<\/tr>\n<tr>\n<td>Gandorf<\/td>\n<td>Trennsystem<br \/>\n                KA Mauern<\/td>\n<td>WZV Baumgarten<\/td>\n<td>Bayernwerk Pfaffenhofen<\/td>\n<\/tr>\n<tr>\n<td>Geiting<\/td>\n<td>Kleinkl\u00e4ranlage<\/td>\n<td>WZV H\u00f6rgertshausen<\/td>\n<td>Bayernwerk Altdorf<\/td>\n<\/tr>\n<tr>\n<td>Grub<\/td>\n<td>Kleinkl\u00e4ranlage<\/td>\n<td>WZV H\u00f6rgertshausen<\/td>\n<td>Bayernwerk Altdorf<\/td>\n<\/tr>\n<tr>\n<td>Hanslm\u00fchle<\/td>\n<td>Kleinkl\u00e4ranlage<\/td>\n<td>WZV H\u00f6rgertshausen<\/td>\n<td>Stadtwerke M\u00fcnchen<\/td>\n<\/tr>\n<tr>\n<td>Hartshausen<\/td>\n<td>Kleinkl\u00e4ranlage<\/td>\n<td>WZV H\u00f6rgertshausen<\/td>\n<td>Stadtwerke M\u00fcnchen<\/td>\n<\/tr>\n<tr>\n<td>Hintermeier<\/td>\n<td>Kleinkl\u00e4ranlage<\/td>\n<td>WZV H\u00f6rgertshausen<\/td>\n<td>Bayernwerk Altdorf<\/td>\n<\/tr>\n<tr>\n<td>H\u00f6rgersdorf<\/td>\n<td>Trennsystem<br \/>\n                KA Mauern<\/td>\n<td>WZV Baumgarten<\/td>\n<td>Bayernwerk Pfaffenhofen<\/td>\n<\/tr>\n<tr>\n<td>Hufnagelreuth<\/td>\n<td>Kleinkl\u00e4ranlage<\/td>\n<td>WZV H\u00f6rgertshausen<\/td>\n<td>Bayernwerk Altdorf<\/td>\n<\/tr>\n<tr>\n<td>Kleidorf<\/td>\n<td>Trennsystem<br \/>\n                KA Mauern Hs Nr. 4,5,6<br \/>\n                Kleinkl\u00e4ranlage<\/td>\n<td>WZV Baumgarten<\/td>\n<td>Bayernwerk Pfaffenhofen<\/td>\n<\/tr>\n<tr>\n<td>Kronwinkl<\/td>\n<td>Kleinkl\u00e4ranlage<\/td>\n<td>WZV Baumgarten<\/td>\n<td>Bayernwerk Pfaffenhofen<\/td>\n<\/tr>\n<tr>\n<td>Mauern<\/td>\n<td>Misch- und Trennsystem<br \/>\n                KA Mauern<\/td>\n<td>WZV H\u00f6rgertshausen<\/td>\n<td>Stadtwerke M\u00fcnchen<\/td>\n<\/tr>\n<tr>\n<td>M\u00f6nchsberg<\/td>\n<td>Kleinkl\u00e4ranlage<\/td>\n<td>WZV Baumgarten<\/td>\n<td>Bayernwerk Pfaffenhofen<\/td>\n<\/tr>\n<tr>\n<td>Niederndorf<\/td>\n<td>Trennsystem<br \/>\n                KA Mauern Hs. Nr. 6<br \/>\n                Kleinkl\u00e4ranlage<\/td>\n<td>WZV H\u00f6rgertshausen<\/td>\n<td>Stadtwerke M\u00fcnchen<\/td>\n<\/tr>\n<tr>\n<td>Nu\u00dfberg<\/td>\n<td>Kleinkl\u00e4ranlage<\/td>\n<td>WZV H\u00f6rgertshausen<\/td>\n<td>Bayernwerk Altdorf<\/td>\n<\/tr>\n<tr>\n<td>Oberndorf<\/td>\n<td>Kleinkl\u00e4ranlage<\/td>\n<td>WZV H\u00f6rgertshausen<\/td>\n<td>Bayernwerk Altdorf<\/td>\n<\/tr>\n<tr>\n<td>Riedlm\u00fchle<\/td>\n<td>Kleinkl\u00e4ranlage<\/td>\n<td>WZV H\u00f6rgertshausen<\/td>\n<td>Stadtwerke M\u00fcnchen<\/td>\n<\/tr>\n<tr>\n<td>Scheckenhofen<\/td>\n<td>Trennsystem<br \/>\n                KA Mauern<\/td>\n<td>WZV Baumgarten<\/td>\n<td>Bayernwerk Pfaffenhofen<\/td>\n<\/tr>\n<tr>\n<td>Schwarzberg<\/td>\n<td>Kleinkl\u00e4ranlage<\/td>\n<td>WZV Baumgarten<\/td>\n<td>Bayernwerk Pfaffenhofen<\/td>\n<\/tr>\n<tr>\n<td>Schwarzersdorf<\/td>\n<td>Trennsystem<br \/>\n                KA Mauern<\/td>\n<td>WZV H\u00f6rgertshausen<\/td>\n<td>Stadtwerke M\u00fcnchen<\/td>\n<\/tr>\n<tr>\n<td>Thal<\/td>\n<td>Kleinkl\u00e4ranlage<\/td>\n<td>WZV Baumgarten<\/td>\n<td>Bayernwerk Pfaffenhofen<\/td>\n<\/tr>\n<tr>\n<td>Vordermeier<\/td>\n<td>Kleinkl\u00e4ranlage<\/td>\n<td>WZV H\u00f6rgertshausen<\/td>\n<td>Bayernwerk Altdorf<\/td>\n<\/tr>\n<tr>\n<td>Wildenreuth<\/td>\n<td>Kleinkl\u00e4ranlage<\/td>\n<td>WZV H\u00f6rgertshausen<\/td>\n<td>Bayernwerk Altdorf<\/td>\n<\/tr>\n<tr>\n<td>W\u00f6lflm\u00fchle<\/td>\n<td>Trennsystem<br \/>\n                KA Mauern<\/td>\n<td>WZV Baumgarten<\/td>\n<td>Stadtwerke M\u00fcnchen<\/td>\n<\/tr>\n<tr>\n<td>Wollersdorf<\/td>\n<td>Trennsystem<br \/>\n                KA Mauern Hs. Nr. 11<br \/>\n                Kleinkl\u00e4ranlage<\/td>\n<td>WZV Baumgarten<\/td>\n<td>Stadtwerke M\u00fcnchen<\/td>\n<\/tr>\n<tr>\n<td>Waldruh<\/td>\n<td>Trennsystem<br \/>\n                KA Mauern<\/td>\n<td>WZV H\u00f6rgertshausen<\/td>\n<td>Bayernwerk Pfaffenhofen<\/td>\n<\/tr>\n<\/tbody>\n<\/table>\n<\/div>\n<\/div>\n<div>\n<p>Bei Fragen zu diesem Thema k\u00f6nnen Sie sich gerne an das Tiefbauamt der Verwaltungsgemeinschaft Mauern wenden, Tel. 08764 89-98.<\/p>\n<\/div>\n<p><!--more--><br \/>\n<!-- {\"type\":\"layout\",\"children\":[{\"type\":\"section\",\"props\":{\"image_position\":\"center-center\",\"padding\":\"small\",\"padding_remove_bottom\":true,\"style\":\"default\",\"title_breakpoint\":\"xl\",\"title_position\":\"top-left\",\"title_rotation\":\"left\",\"vertical_align\":\"\",\"width\":\"default\"},\"children\":[{\"type\":\"row\",\"children\":[{\"type\":\"column\",\"props\":{\"image_position\":\"center-center\",\"position_sticky_breakpoint\":\"m\"},\"children\":[{\"type\":\"breadcrumbs\",\"props\":{\"show_current\":true,\"show_home\":true}}]}]}]},{\"type\":\"section\",\"props\":{\"image_position\":\"center-center\",\"style\":\"default\",\"title_breakpoint\":\"xl\",\"title_position\":\"top-left\",\"title_rotation\":\"left\",\"vertical_align\":\"\",\"width\":\"default\"},\"children\":[{\"type\":\"row\",\"children\":[{\"type\":\"column\",\"props\":{\"image_position\":\"center-center\",\"position_sticky_breakpoint\":\"m\"},\"children\":[{\"type\":\"headline\",\"props\":{\"content\":\"Neuer Wasserpreis - Anpassung durch Geb\\u00fchrenkalkulation\",\"title_element\":\"h1\",\"title_style\":\"heading-small\"}},{\"type\":\"text\",\"props\":{\"column_breakpoint\":\"m\",\"content\":\"\n\n<p>Im Rahmen der alle drei Jahre stattfindenden Geb\\u00fchrenkalkulation passt der Zweckverband zur Wasserversorgung der H\\u00f6rgertshausener Gruppe den Wasserpreis an die aktuellen wirtschaftlichen und gesetzlichen Anforderungen an.<br \\\/>Dies wurde nach der Pr\\u00e4sentation der Geb\\u00fchrenkalkulation durch die Gesch\\u00e4ftsleitung und den Verbandsvorsitzenden in der Verbandsversammlung am 9.12.2024 gemeinsam mit den Mitgliedern und dem Werkausschuss einstimmig beschlossen.<br \\\/>Ab dem 01.01.2025 betr\\u00e4gt der Preis f\\u00fcr einen Kubikmeter Wasser 2,37 Euro, anstelle der bisherigen 1,82 Euro.<br \\\/>Die Erh\\u00f6hung ist notwendig, um die steigenden Kosten f\\u00fcr den Betrieb und die Instandhaltung der Wasserversorgung zu decken. Dazu z\\u00e4hlen unter anderem h\\u00f6here Ausgaben f\\u00fcr Energie, Material und Personal sowie die regelm\\u00e4\\u00dfige Wartung und Modernisierung der Infrastruktur. Zus\\u00e4tzlich werden Mittel f\\u00fcr langfristige Investitionen bereitgestellt, um veraltete Anlagen zu erneuern, Wasserverluste zu minimieren und den gesetzlichen Vorgaben zur Trinkwasserqualit\\u00e4t gerecht zu werden.<br \\\/>Mit dieser Anpassung m\\u00f6chten wir sicherstellen, dass die Wasserversorgung weiterhin nachhaltig, zuverl\\u00e4ssig und zukunftssicher gestaltet werden kann. Wir danken allen B\\u00fcrgerinnen und B\\u00fcrgern f\\u00fcr ihr Verst\\u00e4ndnis und ihr Vertrauen in unsere Arbeit.<br \\\/>F\\u00fcr weitere Informationen steht Ihnen der Zweckverband zur Wasserversorgung der H\\u00f6rgertshausener Gruppe gerne zur Verf\\u00fcgung.<\\\/p>\",\"margin\":\"default\"}},{\"type\":\"headline\",\"props\":{\"content\":\"Strom- und Wasserversorgung\",\"title_element\":\"h1\",\"title_style\":\"heading-small\"}},{\"type\":\"text\",\"props\":{\"column_breakpoint\":\"m\",\"content\":\"\n\n<p>Hier finden Sie die Liste der Ver- und Entsorger der Gemeinde Mauern.<\\\/p>\",\"margin\":\"default\"}}]}]},{\"type\":\"row\",\"children\":[{\"type\":\"column\",\"props\":{\"image_position\":\"center-center\",\"position_sticky_breakpoint\":\"m\"},\"children\":[{\"type\":\"button\",\"props\":{\"grid_column_gap\":\"small\",\"grid_row_gap\":\"small\",\"margin\":\"default\"},\"children\":[{\"type\":\"button_item\",\"props\":{\"button_style\":\"secondary\",\"content\":\"Ver- und Entsorgerliste Mauern\",\"icon\":\"arrow-right\",\"icon_align\":\"left\",\"link\":\"wp-content\\\/uploads\\\/sites\\\/2\\\/2022\\\/03\\\/versorgerliste_mauern.pdf\",\"link_target\":\"blank\"}}]},{\"type\":\"html\",\"props\":{\"content\":\"\n\n<div class=\\\"uk-overflow-auto\\\">\n\n<table table class=\\\"uk-table uk-table uk-table-divider\\\">\\n    \n\n<thead>\\n        \n\n<tr>\\n            \n\n<th class=\\\"uk-width-small\\\">Gemeindeteile<\\\/th>\\n            \n\n<th class=\\\"uk-width-small\\\">Abwasserbeseitigung<\\\/th>\\n            \n\n<th class=\\\"uk-width-small\\\">Wasserversorgung<\\\/th>\\n            \n\n<th class=\\\"uk-width-small\\\">Energieversorgung<\\\/th>\\n        <\\\/tr>\\n    <\\\/thead>\\n    \n\n<tbody>\\n        \n\n<tr>\\n            \n\n<td>Alpersdorf<\\\/td>\\n            \n\n<td>Trennsystem<br \/>\\n                KA Mauern<\\\/td>\\n            \n\n<td>WZV H\\u00f6rgertshausen<\\\/td>\\n            \n\n<td>Stadtwerke M\\u00fcnchen<\\\/td>\\n        <\\\/tr>\\n        \n\n<tr>\\n            \n\n<td>Bergm\\u00fchle<\\\/td>\\n            \n\n<td>Kleinkl\\u00e4ranlage<\\\/td>\\n            \n\n<td>WZV Baumgarten<\\\/td>\\n            \n\n<td>Bayernwerk Pfaffenhofen<\\\/td>\\n        <\\\/tr>\\n        \n\n<tr>\\n            \n\n<td>Besenried<\\\/td>\\n            \n\n<td>Kleinkl\\u00e4ranlage<\\\/td>\\n            \n\n<td>WZV H\\u00f6rgertshausen<\\\/td>\\n            \n\n<td>Bayernwerk Altdorf<\\\/td>\\n        <\\\/tr>\\n        \n\n<tr>\\n            \n\n<td>Beselm\\u00fchle<\\\/td>\\n            \n\n<td>Kleinkl\\u00e4ranlage<\\\/td>\\n            \n\n<td>WZV H\\u00f6rgertshausen<\\\/td>\\n            \n\n<td>Stadtwerke M\\u00fcnchen<\\\/td>\\n        <\\\/tr>\\n        \n\n<tr>\\n            \n\n<td>D\\u00fcrnseiboldsdorf<\\\/td>\\n            \n\n<td>Kleinkl\\u00e4ranlage<\\\/td>\\n            \n\n<td>WZV H\\u00f6rgertshausen<\\\/td>\\n            \n\n<td>Stadtwerke M\\u00fcnchen<\\\/td>\\n        <\\\/tr>\\n        \n\n<tr>\\n            \n\n<td>Enghausen<\\\/td>\\n            \n\n<td>Kleinkl\\u00e4ranlage<\\\/td>\\n            \n\n<td>WZV H\\u00f6rgertshausen<\\\/td>\\n            \n\n<td>Bayernwerk Altdorf<\\\/td>\\n        <\\\/tr>\\n        \n\n<tr>\\n            \n\n<td>Freundsbach<\\\/td>\\n            \n\n<td>Kleinkl\\u00e4ranlage<\\\/td>\\n            \n\n<td>WZV H\\u00f6rgertshausen<\\\/td>\\n            \n\n<td>Stadtwerke M\\u00fcnchen<\\\/td>\\n        <\\\/tr>\\n        \n\n<tr>\\n            \n\n<td>Gandorf<\\\/td>\\n            \n\n<td>Trennsystem<br \/>\\n                KA Mauern<\\\/td>\\n            \n\n<td>WZV Baumgarten<\\\/td>\\n            \n\n<td>Bayernwerk Pfaffenhofen<\\\/td>\\n        <\\\/tr>\\n        \n\n<tr>\\n            \n\n<td>Geiting<\\\/td>\\n            \n\n<td>Kleinkl\\u00e4ranlage<\\\/td>\\n            \n\n<td>WZV H\\u00f6rgertshausen<\\\/td>\\n            \n\n<td>Bayernwerk Altdorf<\\\/td>\\n        <\\\/tr>\\n        \n\n<tr>\\n            \n\n<td>Grub<\\\/td>\\n            \n\n<td>Kleinkl\\u00e4ranlage<\\\/td>\\n            \n\n<td>WZV H\\u00f6rgertshausen<\\\/td>\\n            \n\n<td>Bayernwerk Altdorf<\\\/td>\\n        <\\\/tr>\\n        \n\n<tr>\\n            \n\n<td>Hanslm\\u00fchle<\\\/td>\\n            \n\n<td>Kleinkl\\u00e4ranlage<\\\/td>\\n            \n\n<td>WZV H\\u00f6rgertshausen<\\\/td>\\n            \n\n<td>Stadtwerke M\\u00fcnchen<\\\/td>\\n        <\\\/tr>\\n        \n\n<tr>\\n            \n\n<td>Hartshausen<\\\/td>\\n            \n\n<td>Kleinkl\\u00e4ranlage<\\\/td>\\n            \n\n<td>WZV H\\u00f6rgertshausen<\\\/td>\\n            \n\n<td>Stadtwerke M\\u00fcnchen<\\\/td>\\n        <\\\/tr>\\n        \n\n<tr>\\n            \n\n<td>Hintermeier<\\\/td>\\n            \n\n<td>Kleinkl\\u00e4ranlage<\\\/td>\\n            \n\n<td>WZV H\\u00f6rgertshausen<\\\/td>\\n            \n\n<td>Bayernwerk Altdorf<\\\/td>\\n        <\\\/tr>\\n        \n\n<tr>\\n            \n\n<td>H\\u00f6rgersdorf<\\\/td>\\n            \n\n<td>Trennsystem<br \/>\\n                KA Mauern<\\\/td>\\n            \n\n<td>WZV Baumgarten<\\\/td>\\n            \n\n<td>Bayernwerk Pfaffenhofen<\\\/td>\\n        <\\\/tr>\\n        \n\n<tr>\\n            \n\n<td>Hufnagelreuth<\\\/td>\\n            \n\n<td>Kleinkl\\u00e4ranlage<\\\/td>\\n            \n\n<td>WZV H\\u00f6rgertshausen<\\\/td>\\n            \n\n<td>Bayernwerk Altdorf<\\\/td>\\n        <\\\/tr>\\n        \n\n<tr>\\n            \n\n<td>Kleidorf<\\\/td>\\n            \n\n<td>Trennsystem<br \/>\\n                KA Mauern Hs Nr. 4,5,6<br \/>\\n                Kleinkl\\u00e4ranlage<\\\/td>\\n            \n\n<td>WZV Baumgarten<\\\/td>\\n            \n\n<td>Bayernwerk Pfaffenhofen<\\\/td>\\n        <\\\/tr>\\n        \n\n<tr>\\n            \n\n<td>Kronwinkl<\\\/td>\\n            \n\n<td>Kleinkl\\u00e4ranlage<\\\/td>\\n            \n\n<td>WZV Baumgarten<\\\/td>\\n            \n\n<td>Bayernwerk Pfaffenhofen<\\\/td>\\n        <\\\/tr>\\n        \n\n<tr>\\n            \n\n<td>Mauern<\\\/td>\\n            \n\n<td>Misch- und Trennsystem<br \/>\\n                KA Mauern<\\\/td>\\n            \n\n<td>WZV H\\u00f6rgertshausen<\\\/td>\\n            \n\n<td>Stadtwerke M\\u00fcnchen<\\\/td>\\n        <\\\/tr>\\n        \n\n<tr>\\n            \n\n<td>M\\u00f6nchsberg<\\\/td>\\n            \n\n<td>Kleinkl\\u00e4ranlage<\\\/td>\\n            \n\n<td>WZV Baumgarten<\\\/td>\\n            \n\n<td>Bayernwerk Pfaffenhofen<\\\/td>\\n        <\\\/tr>\\n        \n\n<tr>\\n            \n\n<td>Niederndorf<\\\/td>\\n            \n\n<td>Trennsystem<br \/>\\n                KA Mauern Hs. Nr. 6<br \/>\\n                Kleinkl\\u00e4ranlage<\\\/td>\\n            \n\n<td>WZV H\\u00f6rgertshausen<\\\/td>\\n            \n\n<td>Stadtwerke M\\u00fcnchen<\\\/td>\\n        <\\\/tr>\\n        \n\n<tr>\\n            \n\n<td>Nu\\u00dfberg<\\\/td>\\n            \n\n<td>Kleinkl\\u00e4ranlage<\\\/td>\\n            \n\n<td>WZV H\\u00f6rgertshausen<\\\/td>\\n            \n\n<td>Bayernwerk Altdorf<\\\/td>\\n        <\\\/tr>\\n        \n\n<tr>\\n            \n\n<td>Oberndorf<\\\/td>\\n            \n\n<td>Kleinkl\\u00e4ranlage<\\\/td>\\n            \n\n<td>WZV H\\u00f6rgertshausen<\\\/td>\\n            \n\n<td>Bayernwerk Altdorf<\\\/td>\\n        <\\\/tr>\\n        \n\n<tr>\\n            \n\n<td>Riedlm\\u00fchle<\\\/td>\\n            \n\n<td>Kleinkl\\u00e4ranlage<\\\/td>\\n            \n\n<td>WZV H\\u00f6rgertshausen<\\\/td>\\n            \n\n<td>Stadtwerke M\\u00fcnchen<\\\/td>\\n        <\\\/tr>\\n        \n\n<tr>\\n            \n\n<td>Scheckenhofen<\\\/td>\\n            \n\n<td>Trennsystem<br \/>\\n                KA Mauern<\\\/td>\\n            \n\n<td>WZV Baumgarten<\\\/td>\\n            \n\n<td>Bayernwerk Pfaffenhofen<\\\/td>\\n        <\\\/tr>\\n        \n\n<tr>\\n            \n\n<td>Schwarzberg<\\\/td>\\n            \n\n<td>Kleinkl\\u00e4ranlage<\\\/td>\\n            \n\n<td>WZV Baumgarten<\\\/td>\\n            \n\n<td>Bayernwerk Pfaffenhofen<\\\/td>\\n        <\\\/tr>\\n        \n\n<tr>\\n            \n\n<td>Schwarzersdorf<\\\/td>\\n            \n\n<td>Trennsystem<br \/>\\n                KA Mauern<\\\/td>\\n            \n\n<td>WZV H\\u00f6rgertshausen<\\\/td>\\n            \n\n<td>Stadtwerke M\\u00fcnchen<\\\/td>\\n        <\\\/tr>\\n        \n\n<tr>\\n            \n\n<td>Thal<\\\/td>\\n            \n\n<td>Kleinkl\\u00e4ranlage<\\\/td>\\n            \n\n<td>WZV Baumgarten<\\\/td>\\n            \n\n<td>Bayernwerk Pfaffenhofen<\\\/td>\\n        <\\\/tr>\\n        \n\n<tr>\\n            \n\n<td>Vordermeier<\\\/td>\\n            \n\n<td>Kleinkl\\u00e4ranlage<\\\/td>\\n            \n\n<td>WZV H\\u00f6rgertshausen<\\\/td>\\n            \n\n<td>Bayernwerk Altdorf<\\\/td>\\n        <\\\/tr>\\n        \n\n<tr>\\n            \n\n<td>Wildenreuth<\\\/td>\\n            \n\n<td>Kleinkl\\u00e4ranlage<\\\/td>\\n            \n\n<td>WZV H\\u00f6rgertshausen<\\\/td>\\n            \n\n<td>Bayernwerk Altdorf<\\\/td>\\n        <\\\/tr>\\n        \n\n<tr>\\n            \n\n<td>W\\u00f6lflm\\u00fchle<\\\/td>\\n            \n\n<td>Trennsystem<br \/>\\n                KA Mauern<\\\/td>\\n            \n\n<td>WZV Baumgarten<\\\/td>\\n            \n\n<td>Stadtwerke M\\u00fcnchen<\\\/td>\\n        <\\\/tr>\\n        \n\n<tr>\\n            \n\n<td>Wollersdorf<\\\/td>\\n            \n\n<td>Trennsystem<br \/>\\n                KA Mauern Hs. Nr. 11<br \/>\\n                Kleinkl\\u00e4ranlage<\\\/td>\\n            \n\n<td>WZV Baumgarten<\\\/td>\\n            \n\n<td>Stadtwerke M\\u00fcnchen<\\\/td>\\n        <\\\/tr>\\n        \n\n<tr>\\n            \n\n<td>Waldruh<\\\/td>\\n            \n\n<td>Trennsystem<br \/>\\n                KA Mauern<\\\/td>\\n            \n\n<td>WZV H\\u00f6rgertshausen<\\\/td>\\n            \n\n<td>Bayernwerk Pfaffenhofen<\\\/td>\\n        <\\\/tr>\\n    <\\\/tbody>\\n<\\\/table>\\n<\\\/div>\"}}]}]},{\"type\":\"row\",\"children\":[{\"type\":\"column\",\"props\":{\"image_position\":\"center-center\",\"position_sticky_breakpoint\":\"m\"},\"children\":[{\"type\":\"text\",\"props\":{\"column_breakpoint\":\"m\",\"content\":\"\n\n<p>Bei Fragen zu diesem Thema k\\u00f6nnen Sie sich gerne an das Tiefbauamt der Verwaltungsgemeinschaft Mauern wenden, Tel. 08764 89-98.<\\\/p>\",\"margin\":\"default\"}}]}]}]}],\"version\":\"4.4.16\"} --><\/p>\n","protected":false},"excerpt":{"rendered":"<p>Neuer Wasserpreis &#8211; Anpassung durch Geb\u00fchrenkalkulation Im Rahmen der alle drei Jahre stattfindenden Geb\u00fchrenkalkulation passt der Zweckverband zur Wasserversorgung der H\u00f6rgertshausener Gruppe den Wasserpreis an die aktuellen wirtschaftlichen und gesetzlichen Anforderungen an.Dies wurde nach der Pr\u00e4sentation der Geb\u00fchrenkalkulation durch die Gesch\u00e4ftsleitung und den Verbandsvorsitzenden in der Verbandsversammlung am 9.12.2024 gemeinsam mit den Mitgliedern und dem [&hellip;]<\/p>\n","protected":false},"author":1,"featured_media":0,"parent":489,"menu_order":0,"comment_status":"closed","ping_status":"closed","template":"","meta":{"footnotes":""},"class_list":["post-555","page","type-page","status-publish","hentry"],"publishpress_future_action":{"enabled":false,"date":"2026-04-23 04:36:05","action":"change-status","newStatus":"draft","terms":[],"taxonomy":"","extraData":[]},"publishpress_future_workflow_manual_trigger":{"enabledWorkflows":[]},"_links":{"self":[{"href":"https:\/\/vg-mauern.de\/mauern\/wp-json\/wp\/v2\/pages\/555","targetHints":{"allow":["GET"]}}],"collection":[{"href":"https:\/\/vg-mauern.de\/mauern\/wp-json\/wp\/v2\/pages"}],"about":[{"href":"https:\/\/vg-mauern.de\/mauern\/wp-json\/wp\/v2\/types\/page"}],"author":[{"embeddable":true,"href":"https:\/\/vg-mauern.de\/mauern\/wp-json\/wp\/v2\/users\/1"}],"replies":[{"embeddable":true,"href":"https:\/\/vg-mauern.de\/mauern\/wp-json\/wp\/v2\/comments?post=555"}],"version-history":[{"count":17,"href":"https:\/\/vg-mauern.de\/mauern\/wp-json\/wp\/v2\/pages\/555\/revisions"}],"predecessor-version":[{"id":3517,"href":"https:\/\/vg-mauern.de\/mauern\/wp-json\/wp\/v2\/pages\/555\/revisions\/3517"}],"up":[{"embeddable":true,"href":"https:\/\/vg-mauern.de\/mauern\/wp-json\/wp\/v2\/pages\/489"}],"wp:attachment":[{"href":"https:\/\/vg-mauern.de\/mauern\/wp-json\/wp\/v2\/media?parent=555"}],"curies":[{"name":"wp","href":"https:\/\/api.w.org\/{rel}","templated":true}]}}