{"id":585,"date":"2022-03-16T17:01:27","date_gmt":"2022-03-16T16:01:27","guid":{"rendered":"https:\/\/demo.vg-mauern.de\/mauern\/?page_id=585"},"modified":"2022-03-18T13:44:46","modified_gmt":"2022-03-18T12:44:46","slug":"kaminkehrer","status":"publish","type":"page","link":"https:\/\/vg-mauern.de\/mauern\/buergerservice\/kaminkehrer\/","title":{"rendered":"Kaminkehrer"},"content":{"rendered":"<h1>Kaminkehrer<\/h1>\n<div>\n<p>Die Gemeindeteile <strong>Besenried<\/strong>, <strong>Enghausen<\/strong>, <strong>Geiting<\/strong>, <strong>Grub<\/strong>, <strong>Hartshausen<\/strong>, <strong>Hintermeier<\/strong>, <strong>Hufnagelreuth<\/strong>, <strong>Nu\u00dfberg<\/strong>, <strong>Oberndorf<\/strong>, <strong>Schwarzersdorf<\/strong>, <strong>Vordermeier<\/strong> und <strong>Wildenreuth<\/strong> werden betreut von:<\/p>\n<\/div>\n<ul>\n<li>\n<div>\n<p>Bevollm\u00e4chtigter Bezirksschornsteinfeger<br \/>Herr J\u00fcrgen Schwaiger<\/p>\n<\/div>\n<\/li>\n<li>\n<div>\n<p>Roiderstra\u00dfe 27<br \/>85406 Zolling<\/p>\n<\/div>\n<\/li>\n<li>\n<div>\n<p>Tel. 08167 325075<\/p>\n<\/div>\n<\/li>\n<li>\n<div>\n<p>E-Mail: <a href=\"mailto:info@kaminkehrer-schwaiger.de\">info@kaminkehrer-schwaiger.de<\/a><\/p>\n<\/div>\n<\/li>\n<li>\n<p><a href=\"https:\/\/www.kaminkehrer-schwaiger.de\/\"><\/p>\n<p>www.kaminkehrer-schwaiger.de<\/p>\n<p><\/a><\/p>\n<\/li>\n<\/ul>\n<div>\n<p>Alle \u00fcbrigen Gemeindeteile und Mauern selbst betreut:<\/p>\n<\/div>\n<ul>\n<li>\n<div>\n<p>Bevollm\u00e4chtigter Bezirksschornsteinfeger<br \/>Herr Johann Igl<\/p>\n<\/div>\n<\/li>\n<li>\n<div>\n<p>Am Eichenberg 30<br \/>85419 Mauern<\/p>\n<\/div>\n<\/li>\n<li>\n<div>\n<p>Tel. 08764 949745<\/p>\n<\/div>\n<\/li>\n<li>\n<div>\n<p>Mobil: 0170 8244733<\/p>\n<\/div>\n<\/li>\n<li>\n<p><a href=\"mailto:fam.igl@web.de\">fam.igl@web.de<\/a><\/p>\n<\/li>\n<\/ul>\n<p><!--more--><br \/>\n<!-- {\"type\":\"layout\",\"children\":[{\"type\":\"section\",\"props\":{\"style\":\"default\",\"width\":\"default\",\"vertical_align\":\"middle\",\"title_position\":\"top-left\",\"title_rotation\":\"left\",\"title_breakpoint\":\"xl\",\"image_position\":\"center-center\",\"padding_remove_bottom\":true,\"padding\":\"small\"},\"children\":[{\"type\":\"row\",\"children\":[{\"type\":\"column\",\"props\":{\"position_sticky_breakpoint\":\"m\",\"image_position\":\"center-center\",\"media_overlay_gradient\":\"\"},\"children\":[{\"type\":\"breadcrumbs\",\"props\":{\"show_home\":true,\"show_current\":true}}]}]}]},{\"type\":\"section\",\"props\":{\"style\":\"default\",\"width\":\"default\",\"vertical_align\":\"middle\",\"title_position\":\"top-left\",\"title_rotation\":\"left\",\"title_breakpoint\":\"xl\",\"image_position\":\"center-center\"},\"children\":[{\"type\":\"row\",\"children\":[{\"type\":\"column\",\"props\":{\"position_sticky_breakpoint\":\"m\",\"image_position\":\"center-center\",\"media_overlay_gradient\":\"\",\"width_medium\":\"2-3\"},\"children\":[{\"type\":\"headline\",\"props\":{\"title_element\":\"h1\",\"content\":\"Kaminkehrer\",\"title_style\":\"heading-small\"}},{\"type\":\"text\",\"props\":{\"margin\":\"default\",\"column_breakpoint\":\"m\",\"content\":\"\n\n<p>Die Gemeindeteile <strong>Besenried<\\\/strong>, <strong>Enghausen<\\\/strong>, <strong>Geiting<\\\/strong>, <strong>Grub<\\\/strong>, <strong>Hartshausen<\\\/strong>, <strong>Hintermeier<\\\/strong>, <strong>Hufnagelreuth<\\\/strong>, <strong>Nu\\u00dfberg<\\\/strong>, <strong>Oberndorf<\\\/strong>, <strong>Schwarzersdorf<\\\/strong>, <strong>Vordermeier<\\\/strong> und <strong>Wildenreuth<\\\/strong> werden betreut von:<\\\/p>\"}},{\"type\":\"list\",\"props\":{\"show_image\":true,\"show_link\":true,\"list_type\":\"vertical\",\"list_element\":\"ul\",\"list_horizontal_separator\":\", \",\"column_breakpoint\":\"m\",\"image_svg_color\":\"emphasis\",\"image_align\":\"left\",\"image_vertical_align\":false,\"icon_color\":\"primary\"},\"children\":[{\"type\":\"list_item\",\"props\":{\"content\":\"\n\n<p>Bevollm\\u00e4chtigter Bezirksschornsteinfeger<br \\\/>Herr J\\u00fcrgen Schwaiger<\\\/p>\",\"icon\":\"user\"}},{\"type\":\"list_item\",\"props\":{\"content\":\"\n\n<p>Roiderstra\\u00dfe 27<br \\\/>85406 Zolling<\\\/p>\",\"icon\":\"location\"}},{\"type\":\"list_item\",\"props\":{\"content\":\"\n\n<p>Tel. 08167 325075<\\\/p>\",\"icon\":\"receiver\"}},{\"type\":\"list_item\",\"props\":{\"content\":\"\n\n<p>E-Mail: <a href=\\\"mailto:info@kaminkehrer-schwaiger.de\\\">info@kaminkehrer-schwaiger.de<\\\/a><\\\/p>\",\"icon\":\"mail\",\"link\":\"\"}},{\"type\":\"list_item\",\"props\":{\"content\":\"\n\n<p>www.kaminkehrer-schwaiger.de<\\\/p>\",\"icon\":\"world\",\"link\":\"https:\\\/\\\/www.kaminkehrer-schwaiger.de\\\/\",\"link_target\":true}}]}]},{\"type\":\"column\",\"props\":{\"position_sticky_breakpoint\":\"m\",\"image_position\":\"center-center\",\"media_overlay_gradient\":\"\",\"width_medium\":\"1-3\"},\"children\":[]}],\"props\":{\"layout\":\"2-3,1-3\"}},{\"type\":\"row\",\"props\":{\"layout\":\"2-3,1-3\"},\"children\":[{\"type\":\"column\",\"props\":{\"position_sticky_breakpoint\":\"m\",\"image_position\":\"center-center\",\"media_overlay_gradient\":\"\",\"width_medium\":\"2-3\"},\"children\":[{\"type\":\"text\",\"props\":{\"margin\":\"default\",\"column_breakpoint\":\"m\",\"content\":\"\n\n<p>Alle \\u00fcbrigen Gemeindeteile und Mauern selbst betreut:<\\\/p>\"}},{\"type\":\"list\",\"props\":{\"show_image\":true,\"show_link\":true,\"list_type\":\"vertical\",\"list_element\":\"ul\",\"list_horizontal_separator\":\", \",\"column_breakpoint\":\"m\",\"image_svg_color\":\"emphasis\",\"image_align\":\"left\",\"image_vertical_align\":false,\"icon_color\":\"primary\"},\"children\":[{\"type\":\"list_item\",\"props\":{\"content\":\"\n\n<p>Bevollm\\u00e4chtigter Bezirksschornsteinfeger<br \\\/>Herr Johann Igl<\\\/p>\",\"icon\":\"user\"}},{\"type\":\"list_item\",\"props\":{\"content\":\"\n\n<p>Am Eichenberg 30<br \\\/>85419 Mauern<\\\/p>\",\"icon\":\"location\"}},{\"type\":\"list_item\",\"props\":{\"content\":\"\n\n<p>Tel. 08764 949745<\\\/p>\",\"icon\":\"receiver\"}},{\"type\":\"list_item\",\"props\":{\"content\":\"\n\n<p>Mobil: 0170 8244733<\\\/p>\",\"icon\":\"receiver\"}},{\"type\":\"list_item\",\"props\":{\"content\":\"fam.igl@web.de\",\"icon\":\"mail\",\"link\":\"mailto:fam.igl@web.de\"}}]}]},{\"type\":\"column\",\"props\":{\"position_sticky_breakpoint\":\"m\",\"image_position\":\"center-center\",\"media_overlay_gradient\":\"\",\"width_medium\":\"1-3\"},\"children\":[]}]}]}],\"version\":\"2.7.20\"} --><\/p>\n","protected":false},"excerpt":{"rendered":"<p>Kaminkehrer Die Gemeindeteile Besenried, Enghausen, Geiting, Grub, Hartshausen, Hintermeier, Hufnagelreuth, Nu\u00dfberg, Oberndorf, Schwarzersdorf, Vordermeier und Wildenreuth werden betreut von: Bevollm\u00e4chtigter BezirksschornsteinfegerHerr J\u00fcrgen Schwaiger Roiderstra\u00dfe 2785406 Zolling Tel. 08167 325075 E-Mail: info@kaminkehrer-schwaiger.de www.kaminkehrer-schwaiger.de Alle \u00fcbrigen Gemeindeteile und Mauern selbst betreut: Bevollm\u00e4chtigter BezirksschornsteinfegerHerr Johann Igl Am Eichenberg 3085419 Mauern Tel. 08764 949745 Mobil: 0170 8244733 fam.igl@web.de<\/p>\n","protected":false},"author":1,"featured_media":0,"parent":489,"menu_order":0,"comment_status":"closed","ping_status":"closed","template":"","meta":{"footnotes":""},"class_list":["post-585","page","type-page","status-publish","hentry"],"publishpress_future_action":{"enabled":false,"date":"2026-04-20 17:00:02","action":"change-status","newStatus":"draft","terms":[],"taxonomy":"","extraData":[]},"publishpress_future_workflow_manual_trigger":{"enabledWorkflows":[]},"_links":{"self":[{"href":"https:\/\/vg-mauern.de\/mauern\/wp-json\/wp\/v2\/pages\/585","targetHints":{"allow":["GET"]}}],"collection":[{"href":"https:\/\/vg-mauern.de\/mauern\/wp-json\/wp\/v2\/pages"}],"about":[{"href":"https:\/\/vg-mauern.de\/mauern\/wp-json\/wp\/v2\/types\/page"}],"author":[{"embeddable":true,"href":"https:\/\/vg-mauern.de\/mauern\/wp-json\/wp\/v2\/users\/1"}],"replies":[{"embeddable":true,"href":"https:\/\/vg-mauern.de\/mauern\/wp-json\/wp\/v2\/comments?post=585"}],"version-history":[{"count":22,"href":"https:\/\/vg-mauern.de\/mauern\/wp-json\/wp\/v2\/pages\/585\/revisions"}],"predecessor-version":[{"id":1131,"href":"https:\/\/vg-mauern.de\/mauern\/wp-json\/wp\/v2\/pages\/585\/revisions\/1131"}],"up":[{"embeddable":true,"href":"https:\/\/vg-mauern.de\/mauern\/wp-json\/wp\/v2\/pages\/489"}],"wp:attachment":[{"href":"https:\/\/vg-mauern.de\/mauern\/wp-json\/wp\/v2\/media?parent=585"}],"curies":[{"name":"wp","href":"https:\/\/api.w.org\/{rel}","templated":true}]}}