{"id":712,"date":"2022-03-17T09:25:37","date_gmt":"2022-03-17T08:25:37","guid":{"rendered":"https:\/\/demo.vg-mauern.de\/mauern\/?page_id=712"},"modified":"2022-03-17T09:34:13","modified_gmt":"2022-03-17T08:34:13","slug":"buecherschrank","status":"publish","type":"page","link":"https:\/\/vg-mauern.de\/mauern\/freizeit-sport\/buecherschrank\/","title":{"rendered":"B\u00fccherschrank"},"content":{"rendered":"<h1>B\u00fccherschrank<\/h1>\n<p><img decoding=\"async\" src=\"\/mauern\/wp-content\/uploads\/sites\/2\/2022\/03\/buecherschrank.png\" alt=\"\"><\/p>\n<h2>Lesen \u2013 Leihen \u2013 Tauschen<\/h2>\n<div>\n<p>Dieser <strong>offene B\u00fccherschrank<\/strong> der Gemeinde Mauern steht allen und jederzeit zur Verf\u00fcgung &#8230; und so geht\u00b4s:<\/p>\n<ul><\/ul>\n<\/div>\n<ul>\n<li>\n<div>\n<p>Buch mitnehmen, lesen und wieder zur\u00fcckbringen, damit es auch andere lesen k\u00f6nnen<\/p>\n<\/div>\n<\/li>\n<li>\n<div>\n<p>Buch behalten, daf\u00fcr ein eigenes einstellen<\/p>\n<\/div>\n<\/li>\n<li>\n<div>Eigene B\u00fccher ins Regal stellen, aber nur so viele, wie im Regal Platz finden<\/div>\n<\/li>\n<li>\n<div>Die B\u00fccher sollen in gutem und sauberem Zustand sein, alles andere bitte selbst entsorgen<\/div>\n<\/li>\n<li>\n<div>Behandle die B\u00fccher wertsch\u00e4tzend, achte auf die Sortierung und hinterlasse den B\u00fccherschrank sauber. Eventuelle Besch\u00e4digungen bitte melden!<\/div>\n<\/li>\n<li>\n<div>Der B\u00fccherschrank ist Eigentum der Gemeinde Mauern<\/div>\n<\/li>\n<li>\n<div>\n<p>Bei Anregung oder R\u00fcckfragen gerne an die B\u00fccherschrankbetreuerin wenden: Doris D\u00f6rner, Tel. 0160 275505<\/p>\n<\/div>\n<\/li>\n<\/ul>\n<div>\n<p>Viel Spa\u00df beim Lesen!<\/p>\n<ul><\/ul>\n<\/div>\n<p><!--more--><br \/>\n<!-- {\"name\":\"breadcrumbs\",\"type\":\"layout\",\"children\":[{\"type\":\"section\",\"props\":{\"style\":\"default\",\"width\":\"default\",\"vertical_align\":\"middle\",\"title_position\":\"top-left\",\"title_rotation\":\"left\",\"title_breakpoint\":\"xl\",\"image_position\":\"center-center\",\"padding\":\"small\",\"padding_remove_bottom\":true},\"children\":[{\"type\":\"row\",\"children\":[{\"type\":\"column\",\"props\":{\"position_sticky_breakpoint\":\"m\",\"image_position\":\"center-center\",\"media_overlay_gradient\":\"\"},\"children\":[{\"type\":\"breadcrumbs\",\"props\":{\"show_home\":true,\"show_current\":true}}]}]}]},{\"type\":\"section\",\"props\":{\"style\":\"default\",\"width\":\"default\",\"vertical_align\":\"middle\",\"title_position\":\"top-left\",\"title_rotation\":\"left\",\"title_breakpoint\":\"xl\",\"image_position\":\"center-center\"},\"children\":[{\"type\":\"row\",\"children\":[{\"type\":\"column\",\"props\":{\"position_sticky_breakpoint\":\"m\",\"image_position\":\"center-center\",\"media_overlay_gradient\":\"\"},\"children\":[{\"type\":\"headline\",\"props\":{\"title_element\":\"h1\",\"content\":\"B\\u00fccherschrank\",\"title_style\":\"heading-small\"}}]}]},{\"type\":\"row\",\"props\":{\"layout\":\"1-4,3-4\"},\"children\":[{\"type\":\"column\",\"props\":{\"position_sticky_breakpoint\":\"m\",\"image_position\":\"center-center\",\"media_overlay_gradient\":\"\",\"width_medium\":\"1-4\"},\"children\":[{\"type\":\"image\",\"props\":{\"margin\":\"default\",\"image_svg_color\":\"emphasis\",\"image_width\":\"250\",\"image\":\"wp-content\\\/uploads\\\/sites\\\/2\\\/2022\\\/03\\\/buecherschrank.png\"}}]},{\"type\":\"column\",\"props\":{\"position_sticky_breakpoint\":\"m\",\"image_position\":\"center-center\",\"media_overlay_gradient\":\"\",\"width_medium\":\"3-4\",\"order_first\":\"m\"},\"children\":[{\"type\":\"headline\",\"props\":{\"title_element\":\"h2\",\"content\":\"Lesen \\u2013 Leihen \\u2013 Tauschen\",\"title_color\":\"primary\"}},{\"type\":\"text\",\"props\":{\"margin\":\"default\",\"column_breakpoint\":\"m\",\"content\":\"\n\n<p>Dieser <strong>offene B\\u00fccherschrank<\\\/strong> der Gemeinde Mauern steht allen und jederzeit zur Verf\\u00fcgung ... und so geht\\u00b4s:<\\\/p>\\n\n\n<ul><\\\/ul>\",\"margin_remove_bottom\":true}},{\"type\":\"list\",\"props\":{\"show_image\":true,\"show_link\":true,\"list_type\":\"vertical\",\"list_element\":\"ul\",\"list_horizontal_separator\":\", \",\"column_breakpoint\":\"m\",\"image_svg_color\":\"emphasis\",\"image_align\":\"left\",\"image_vertical_align\":false,\"icon\":\"check\",\"icon_color\":\"primary\",\"margin\":\"remove-vertical\"},\"children\":[{\"type\":\"list_item\",\"props\":{\"content\":\"\n\n<p>Buch mitnehmen, lesen und wieder zur\\u00fcckbringen, damit es auch andere lesen k\\u00f6nnen<\\\/p>\"}},{\"type\":\"list_item\",\"props\":{\"content\":\"\n\n<p>Buch behalten, daf\\u00fcr ein eigenes einstellen<\\\/p>\"}},{\"type\":\"list_item\",\"props\":{\"content\":\"Eigene B\\u00fccher ins Regal stellen, aber nur so viele, wie im Regal Platz finden\"}},{\"type\":\"list_item\",\"props\":{\"content\":\"Die B\\u00fccher sollen in gutem und sauberem Zustand sein, alles andere bitte selbst entsorgen\"}},{\"type\":\"list_item\",\"props\":{\"content\":\"Behandle die B\\u00fccher wertsch\\u00e4tzend, achte auf die Sortierung und hinterlasse den B\\u00fccherschrank sauber. Eventuelle Besch\\u00e4digungen bitte melden!\"}},{\"type\":\"list_item\",\"props\":{\"content\":\"Der B\\u00fccherschrank ist Eigentum der Gemeinde Mauern\"}},{\"type\":\"list_item\",\"props\":{\"content\":\"\n\n<p>Bei Anregung oder R\\u00fcckfragen gerne an die B\\u00fccherschrankbetreuerin wenden: Doris D\\u00f6rner, Tel. 0160 275505<\\\/p>\"}}]},{\"type\":\"text\",\"props\":{\"margin\":\"default\",\"column_breakpoint\":\"m\",\"content\":\"\n\n<p>Viel Spa\\u00df beim Lesen!<\\\/p>\\n\n\n<ul><\\\/ul>\"}}]}]}]}],\"version\":\"2.7.20\"} --><\/p>\n","protected":false},"excerpt":{"rendered":"<p>B\u00fccherschrank Lesen \u2013 Leihen \u2013 Tauschen Dieser offene B\u00fccherschrank der Gemeinde Mauern steht allen und jederzeit zur Verf\u00fcgung &#8230; und so geht\u00b4s: Buch mitnehmen, lesen und wieder zur\u00fcckbringen, damit es auch andere lesen k\u00f6nnen Buch behalten, daf\u00fcr ein eigenes einstellen Eigene B\u00fccher ins Regal stellen, aber nur so viele, wie im Regal Platz finden Die [&hellip;]<\/p>\n","protected":false},"author":1,"featured_media":0,"parent":340,"menu_order":0,"comment_status":"closed","ping_status":"closed","template":"","meta":{"footnotes":""},"class_list":["post-712","page","type-page","status-publish","hentry"],"publishpress_future_action":{"enabled":false,"date":"2026-04-21 10:18:37","action":"change-status","newStatus":"draft","terms":[],"taxonomy":"","extraData":[]},"publishpress_future_workflow_manual_trigger":{"enabledWorkflows":[]},"_links":{"self":[{"href":"https:\/\/vg-mauern.de\/mauern\/wp-json\/wp\/v2\/pages\/712","targetHints":{"allow":["GET"]}}],"collection":[{"href":"https:\/\/vg-mauern.de\/mauern\/wp-json\/wp\/v2\/pages"}],"about":[{"href":"https:\/\/vg-mauern.de\/mauern\/wp-json\/wp\/v2\/types\/page"}],"author":[{"embeddable":true,"href":"https:\/\/vg-mauern.de\/mauern\/wp-json\/wp\/v2\/users\/1"}],"replies":[{"embeddable":true,"href":"https:\/\/vg-mauern.de\/mauern\/wp-json\/wp\/v2\/comments?post=712"}],"version-history":[{"count":10,"href":"https:\/\/vg-mauern.de\/mauern\/wp-json\/wp\/v2\/pages\/712\/revisions"}],"predecessor-version":[{"id":725,"href":"https:\/\/vg-mauern.de\/mauern\/wp-json\/wp\/v2\/pages\/712\/revisions\/725"}],"up":[{"embeddable":true,"href":"https:\/\/vg-mauern.de\/mauern\/wp-json\/wp\/v2\/pages\/340"}],"wp:attachment":[{"href":"https:\/\/vg-mauern.de\/mauern\/wp-json\/wp\/v2\/media?parent=712"}],"curies":[{"name":"wp","href":"https:\/\/api.w.org\/{rel}","templated":true}]}}