{"id":726,"date":"2022-03-17T09:35:06","date_gmt":"2022-03-17T08:35:06","guid":{"rendered":"https:\/\/demo.vg-mauern.de\/mauern\/?page_id=726"},"modified":"2026-03-11T09:23:41","modified_gmt":"2026-03-11T08:23:41","slug":"jugend","status":"publish","type":"page","link":"https:\/\/vg-mauern.de\/mauern\/freizeit-sport\/jugend\/","title":{"rendered":"Jugend"},"content":{"rendered":"<h1>Ausflug ins Legoland<\/h1>\n<div>\n<p>am 9. April, ganztags, f\u00fcr Jugendliche von 12 &#8211; 17 Jahre.<\/p>\n<\/div>\n<p>\n    <a href=\"\/mauern\/wp-content\/uploads\/sites\/2\/2026\/03\/2026_04-Legoland-Flyer-A4.pdf\">N\u00e4heres dar\u00fcber erfahren Sie hier<\/a>\n<\/p>\n<h1>Mobile Elternbegleitung in der Verwaltungsgemeinschaft Mauern<\/h1>\n<div>\n<div class=\"uk-panel uk-margin\">\n<p>Elmo ist das Infomobil des Kreisbildungswerks, konkret des Zentrums der Familie, mit dem wir die Mobile Elternbegleitung im Landkreis Freising realisieren. Es ist eine Art fahrbares B\u00fcro. Hintergrund ist, dass die Elternbegleitung ganz niederschwellig arbeiten m\u00f6chte, sprich H\u00fcrden abbauen will, sodass M\u00fctter und V\u00e4ter einfach und unkompliziert mit uns in Kontakt treten k\u00f6nnen. Ziel ist es, den Familien Wege und M\u00f6glichkeiten aufzuzeigen, Kontakte zu vermitteln und Hilfestellung zu leisten, um den Kindern einen f\u00fcr sie optimalen Bildungsweg zu er\u00f6ffnen.<\/p>\n<p>Jeden Dienstag, 09:30 bis 11:30 Uhr, au\u00dfer in den Ferien und an Feiertagen<\/p>\n<\/div>\n<\/div>\n<p>\n    <a href=\"\/mauern\/wp-content\/uploads\/sites\/2\/2026\/01\/Mobile-Elternbegleitung-Januar-bis-April-2026.pdf\">Die genauen Termine finden Sie hier<\/a>\n<\/p>\n<h1>Jugend<\/h1>\n<div>\n<p>Jugendbeauftragter: Herr Korbinian Pfl\u00fcgler in Zusammenarbeit mit Frau Christine Lutz von der Verwaltungsgemeinschaft Mauern.<\/p>\n<\/div>\n<h2>Jugendtreff<\/h2>\n<div>\n<p>Die Jugendtreffs in Mauern sind eine Einrichtung der Gemeinde Mauern.<\/p>\n<p><strong>Wir haben nun 2 verschiedene Standorte!<\/strong><\/p>\n<p>Unser erster Standort ist ein wunderbarer neuer Jugendraum im Alten Rathaus (Hauptstra\u00dfe 2). Der\/die JugendpflegerIn \u00f6ffnet den Raum einmal w\u00f6chentlich jeweils montags oder dienstags (im Wechsel) von 16:30 bis 18:30 Uhr f\u00fcr alle Kinder und Jugendlichen zwischen 10 und 14 Jahren.<br \/>Dort k\u00f6nnen die Jugendlichen gemeinsam, reden, Musik h\u00f6ren, Brettspiele spielen, Konsolengame ausprobieren oder einfach nur Freunde treffen. Zus\u00e4tzlich gibt es auch einmal im Monat besondere Angebote wie Kochen oder kreatives Gestalten. Die Termine werden viertelj\u00e4hrlich \u00fcber ein Programm bekannt gegeben. Dieses findet sich an den Eing\u00e4ngen der Jugendtreffs sowie auch auf Facebook und Instagram.<\/p>\n<\/div>\n<ul>\n<li>\n<div>\n<p>Jugendpflegerin: N.N.<\/p>\n<\/div>\n<\/li>\n<li>\n<div>\n<p>Telefon folgt in K\u00fcrze<\/p>\n<\/div>\n<\/li>\n<li>\n<p><a href=\"mailto:lena.landenberger@kjr-freising.de\">E-Mail folgt in K\u00fcrze<\/a><\/p>\n<\/li>\n<\/ul>\n<ul>\n<li><a href=\"https:\/\/www.facebook.com\/gemeindejugendpflege.attenkirchenmauern\">facebook<\/a>\n<\/li>\n<li><a href=\"https:\/\/www.instagram.com\/jugend.attenkirchen.mauern\/\">instagram<\/a>\n<\/li>\n<\/ul>\n<div>\n<p>An unserem zweiten Standort befindet sich der Selbstverwaltete Jugendtreff. Der Selbstverwaltete Jugendtreff (ab 14 Jahren) befindet sich an der Mehrzweckhalle an der Schulstra\u00dfe 47, und wird durch Jugendleiter aus der Gemeinde gef\u00fchrt. Dort k\u00f6nnen Jugendliche gemeinsam kickern, Billard und Tischtennis spielen, Konsolengames und Brettspiele spielen oder einfach nur Freunde treffen. Die Jugendleiter sind f\u00fcr die Einhaltung der Hausordnung und Verhaltensregeln verantwortlich und haben die M\u00f6glichkeit, bei Nichtbeachtung ein Hausverbot auszusprechen.<br \/>Ein bis zweimal die Woche ist der\/die JugendpflegerIn vor Ort und kl\u00e4rt mit den Jugendlichen und vor allem mit den Jugendleitern aktuelle Themen. Sie steht auch den Rest der Woche per Telefon und Mail bei Problemen und Fragen als Ansprechpartnerin zur Verf\u00fcgung und stellt das Bindeglied in der Kommunikation zwischen Gemeinde und Jugend dar.<br \/>Die \u00d6ffnungszeiten des selbstverwalteten Jugendtreffs ab 14 Jahren sind aktuell nach R\u00fccksprache mit den Jugendleitern. Diese k\u00f6nnen t\u00e4glich am Nachmittag und Abend kontaktiert werden. <span id=\"cloak017dc64f21db11bd99b3c7fac4a21a11\"><a href=\"mailto:lena.landenberger@kjr-freising.de\"><\/a><\/span><\/p>\n<p><strong>Bis zur Neubesetzung der Stelle macht der Jugendtreff im Alten Rathaus Mauern, sowie der selbstverwaltete Jugendtreff an der Mehrzweckhalle derzeit Pause.<\/strong><\/p>\n<p>Bei Interesse als JugendleiterIn t\u00e4tig zu werden oder wenn Ihr Fragen zum Jugendtreff habt,<br \/>meldet euch gerne.<\/p>\n<\/div>\n<ul>\n<li>\n<div>\n<p>Jugendbeauftragter Korbinian Pfl\u00fcgler<\/p>\n<\/div>\n<\/li>\n<li>\n<div>\n<p>Telefon: 0151\/42092945<\/p>\n<\/div>\n<\/li>\n<\/ul>\n<p><!--more--><br \/>\n<!-- {\"children\":[{\"type\":\"section\",\"props\":{\"image_position\":\"center-center\",\"padding\":\"small\",\"padding_remove_bottom\":true,\"style\":\"default\",\"title_breakpoint\":\"xl\",\"title_position\":\"top-left\",\"title_rotation\":\"left\",\"vertical_align\":\"\",\"width\":\"default\"},\"children\":[{\"type\":\"row\",\"children\":[{\"type\":\"column\",\"props\":{\"image_position\":\"center-center\",\"position_sticky_breakpoint\":\"m\",\"width_medium\":\"1-1\"},\"children\":[{\"type\":\"breadcrumbs\",\"props\":{\"show_current\":true,\"show_home\":true}}]}]}]},{\"type\":\"section\",\"props\":{\"image_position\":\"center-center\",\"padding_remove_bottom\":true,\"style\":\"default\",\"title_breakpoint\":\"xl\",\"title_position\":\"top-left\",\"title_rotation\":\"left\",\"vertical_align\":\"\",\"width\":\"default\"},\"children\":[{\"type\":\"row\",\"children\":[{\"type\":\"column\",\"props\":{\"image_position\":\"center-center\",\"position_sticky_breakpoint\":\"m\"},\"children\":[{\"type\":\"headline\",\"props\":{\"content\":\"Ferienprogramm 2025\",\"status\":\"disabled\",\"title_element\":\"h1\",\"title_style\":\"heading-small\"}},{\"type\":\"text\",\"props\":{\"column_breakpoint\":\"m\",\"content\":\"\n\n<p>Das Ferienprogramm der Gemeinde Mauern bietet in den Sommerferien abwechslungsreiche Freizeitaktivit\\u00e4ten an. Das Angebot umfast sowohl Ausfl\\u00fcge als auch Kurse und es ist bestimmt f\\u00fcr jeden das Passende dabei.<\\\/p>\",\"margin\":\"default\",\"status\":\"disabled\"}},{\"type\":\"button\",\"props\":{\"grid_column_gap\":\"small\",\"grid_row_gap\":\"small\",\"margin\":\"default\",\"status\":\"disabled\"},\"children\":[{\"type\":\"button_item\",\"props\":{\"button_style\":\"default\",\"content\":\"Hier geht\\u00b4s zum Programm\",\"icon_align\":\"left\",\"link\":\"wp-content\\\/uploads\\\/sites\\\/2\\\/2025\\\/06\\\/Sommerferien-Mauern-2025-Programm.pdf\",\"link_target\":\"blank\"}}]},{\"type\":\"text\",\"props\":{\"column_breakpoint\":\"m\",\"content\":\"\n\n<p>Anmeldezeitraum: 25.06. - 06.07.2025<br \\\/>Restplatzbuchung: ab 21.07.2025<br \\\/><br \\\/><\\\/p>\",\"margin\":\"default\",\"status\":\"disabled\"}},{\"type\":\"button\",\"props\":{\"grid_column_gap\":\"small\",\"grid_row_gap\":\"small\",\"margin\":\"default\",\"status\":\"disabled\"},\"children\":[{\"type\":\"button_item\",\"props\":{\"button_style\":\"default\",\"content\":\"Das Titelbild der Ferienspiele 2025 finden Sie hier\",\"icon_align\":\"left\",\"link\":\"wp-content\\\/uploads\\\/sites\\\/2\\\/2025\\\/06\\\/Sommerferien-Mauern-2025-Poster.pdf\",\"link_target\":\"blank\"}}]},{\"type\":\"headline\",\"props\":{\"content\":\"Stille-Inseln im Familienalltag\",\"status\":\"disabled\",\"title_element\":\"h1\",\"title_style\":\"heading-small\"}},{\"type\":\"text\",\"props\":{\"column_breakpoint\":\"m\",\"content\":\"\n\n<p>Ein Verw\\u00f6hnnachmittag f\\u00fcr Eltern mit Kindern.<\\\/p>\",\"margin\":\"default\",\"status\":\"disabled\"}},{\"type\":\"button\",\"props\":{\"grid_column_gap\":\"small\",\"grid_row_gap\":\"small\",\"margin\":\"default\",\"status\":\"disabled\"},\"children\":[{\"type\":\"button_item\",\"props\":{\"button_style\":\"default\",\"content\":\"N\\u00e4heres dar\\u00fcber erfahren Sie hier\",\"icon_align\":\"left\",\"link\":\"wp-content\\\/uploads\\\/sites\\\/2\\\/2025\\\/03\\\/StilleInseln.pdf\",\"link_target\":\"blank\"}}]},{\"type\":\"headline\",\"props\":{\"content\":\"Ausflug ins Legoland\",\"title_element\":\"h1\",\"title_style\":\"heading-small\"}},{\"type\":\"text\",\"props\":{\"column_breakpoint\":\"m\",\"content\":\"\n\n<p>am 9. April, ganztags, f\\u00fcr Jugendliche von 12 - 17 Jahre.<\\\/p>\",\"margin\":\"default\"}},{\"type\":\"button\",\"props\":{\"grid_column_gap\":\"small\",\"grid_row_gap\":\"small\",\"margin\":\"default\"},\"children\":[{\"type\":\"button_item\",\"props\":{\"button_style\":\"default\",\"content\":\"N\\u00e4heres dar\\u00fcber erfahren Sie hier\",\"icon_align\":\"left\",\"link\":\"wp-content\\\/uploads\\\/sites\\\/2\\\/2026\\\/03\\\/2026_04-Legoland-Flyer-A4.pdf\",\"link_target\":\"blank\"}}]},{\"type\":\"headline\",\"props\":{\"content\":\"Mobile Elternbegleitung in der Verwaltungsgemeinschaft Mauern\",\"title_element\":\"h1\",\"title_style\":\"heading-small\"}},{\"type\":\"text\",\"props\":{\"column_breakpoint\":\"m\",\"content\":\"\n\n<div class=\\\"uk-panel uk-margin\\\">\\n\n\n<p>Elmo ist das Infomobil des Kreisbildungswerks, konkret des Zentrums der Familie, mit dem wir die Mobile Elternbegleitung im Landkreis Freising realisieren. Es ist eine Art fahrbares B\\u00fcro. Hintergrund ist, dass die Elternbegleitung ganz niederschwellig arbeiten m\\u00f6chte, sprich H\\u00fcrden abbauen will, sodass M\\u00fctter und V\\u00e4ter einfach und unkompliziert mit uns in Kontakt treten k\\u00f6nnen. Ziel ist es, den Familien Wege und M\\u00f6glichkeiten aufzuzeigen, Kontakte zu vermitteln und Hilfestellung zu leisten, um den Kindern einen f\\u00fcr sie optimalen Bildungsweg zu er\\u00f6ffnen.<\\\/p>\\n\n\n<p>Jeden Dienstag, 09:30 bis 11:30 Uhr, au\\u00dfer in den Ferien und an Feiertagen<\\\/p>\\n<\\\/div>\",\"margin\":\"default\"}},{\"type\":\"button\",\"props\":{\"grid_column_gap\":\"small\",\"grid_row_gap\":\"small\",\"margin\":\"default\"},\"children\":[{\"type\":\"button_item\",\"props\":{\"button_style\":\"default\",\"content\":\"Die genauen Termine finden Sie hier\",\"icon_align\":\"left\",\"link\":\"wp-content\\\/uploads\\\/sites\\\/2\\\/2026\\\/01\\\/Mobile-Elternbegleitung-Januar-bis-April-2026.pdf\",\"link_target\":\"blank\"}}]},{\"type\":\"headline\",\"props\":{\"content\":\"Jugend\",\"title_element\":\"h1\",\"title_style\":\"heading-small\"}},{\"type\":\"text\",\"props\":{\"column_breakpoint\":\"m\",\"content\":\"\n\n<p>Jugendbeauftragter: Herr Korbinian Pfl\\u00fcgler in Zusammenarbeit mit Frau Christine Lutz von der Verwaltungsgemeinschaft Mauern.<\\\/p>\",\"margin\":\"default\"}}]}]}]},{\"type\":\"section\",\"props\":{\"image_position\":\"center-center\",\"style\":\"default\",\"title_breakpoint\":\"xl\",\"title_position\":\"top-left\",\"title_rotation\":\"left\",\"vertical_align\":\"\",\"width\":\"default\"},\"children\":[{\"type\":\"row\",\"children\":[{\"type\":\"column\",\"props\":{\"image_position\":\"center-center\",\"position_sticky_breakpoint\":\"m\"}}]},{\"type\":\"row\",\"children\":[{\"type\":\"column\",\"props\":{\"image_position\":\"center-center\",\"position_sticky_breakpoint\":\"m\"},\"children\":[{\"type\":\"headline\",\"props\":{\"content\":\"Jugendtreff\",\"title_color\":\"primary\",\"title_element\":\"h2\",\"title_style\":\"h1\"}},{\"type\":\"text\",\"props\":{\"column_breakpoint\":\"m\",\"content\":\"\n\n<p>Die Jugendtreffs in Mauern sind eine Einrichtung der Gemeinde Mauern.<\\\/p>\\n\n\n<p><strong>Wir haben nun 2 verschiedene Standorte!<\\\/strong><\\\/p>\\n\n\n<p>Unser erster Standort ist ein wunderbarer neuer Jugendraum im Alten Rathaus (Hauptstra\\u00dfe 2). Der\\\/die JugendpflegerIn \\u00f6ffnet den Raum einmal w\\u00f6chentlich jeweils montags oder dienstags (im Wechsel) von 16:30 bis 18:30 Uhr f\\u00fcr alle Kinder und Jugendlichen zwischen 10 und 14 Jahren.<br \\\/>Dort k\\u00f6nnen die Jugendlichen gemeinsam, reden, Musik h\\u00f6ren, Brettspiele spielen, Konsolengame ausprobieren oder einfach nur Freunde treffen. Zus\\u00e4tzlich gibt es auch einmal im Monat besondere Angebote wie Kochen oder kreatives Gestalten. Die Termine werden viertelj\\u00e4hrlich \\u00fcber ein Programm bekannt gegeben. Dieses findet sich an den Eing\\u00e4ngen der Jugendtreffs sowie auch auf Facebook und Instagram.<\\\/p>\",\"margin\":\"default\"}},{\"type\":\"list\",\"props\":{\"column_breakpoint\":\"m\",\"icon_color\":\"primary\",\"image_align\":\"left\",\"image_svg_color\":\"emphasis\",\"image_vertical_align\":false,\"list_element\":\"ul\",\"list_horizontal_separator\":\", \",\"list_type\":\"vertical\",\"show_image\":true,\"show_link\":true},\"children\":[{\"type\":\"list_item\",\"props\":{\"content\":\"\n\n<p>Jugendpflegerin: N.N.<\\\/p>\",\"icon\":\"user\"}},{\"type\":\"list_item\",\"props\":{\"content\":\"\n\n<p>Telefon folgt in K\\u00fcrze<\\\/p>\",\"icon\":\"receiver\"}},{\"type\":\"list_item\",\"props\":{\"content\":\"E-Mail folgt in K\\u00fcrze\",\"icon\":\"mail\",\"link\":\"mailto:lena.landenberger@kjr-freising.de\",\"link_target\":true}}]},{\"type\":\"social\",\"props\":{\"grid\":\"horizontal\",\"grid_column_gap\":\"small\",\"grid_row_gap\":\"small\",\"image_svg_inline\":true,\"link_style\":\"button\",\"margin\":\"default\"},\"children\":[{\"type\":\"social_item\",\"props\":{\"link\":\"https:\\\/\\\/www.facebook.com\\\/gemeindejugendpflege.attenkirchenmauern\"}},{\"type\":\"social_item\",\"props\":{\"link\":\"https:\\\/\\\/www.instagram.com\\\/jugend.attenkirchen.mauern\\\/\"}}]}]}]},{\"type\":\"row\",\"children\":[{\"type\":\"column\",\"props\":{\"image_position\":\"center-center\",\"position_sticky_breakpoint\":\"m\"},\"children\":[{\"type\":\"text\",\"props\":{\"column_breakpoint\":\"m\",\"content\":\"\n\n<p>An unserem zweiten Standort befindet sich der Selbstverwaltete Jugendtreff. Der Selbstverwaltete Jugendtreff (ab 14 Jahren) befindet sich an der Mehrzweckhalle an der Schulstra\\u00dfe 47, und wird durch Jugendleiter aus der Gemeinde gef\\u00fchrt. Dort k\\u00f6nnen Jugendliche gemeinsam kickern, Billard und Tischtennis spielen, Konsolengames und Brettspiele spielen oder einfach nur Freunde treffen. Die Jugendleiter sind f\\u00fcr die Einhaltung der Hausordnung und Verhaltensregeln verantwortlich und haben die M\\u00f6glichkeit, bei Nichtbeachtung ein Hausverbot auszusprechen.<br \\\/>Ein bis zweimal die Woche ist der\\\/die JugendpflegerIn vor Ort und kl\\u00e4rt mit den Jugendlichen und vor allem mit den Jugendleitern aktuelle Themen. Sie steht auch den Rest der Woche per Telefon und Mail bei Problemen und Fragen als Ansprechpartnerin zur Verf\\u00fcgung und stellt das Bindeglied in der Kommunikation zwischen Gemeinde und Jugend dar.<br \\\/>Die \\u00d6ffnungszeiten des selbstverwalteten Jugendtreffs ab 14 Jahren sind aktuell nach R\\u00fccksprache mit den Jugendleitern. Diese k\\u00f6nnen t\\u00e4glich am Nachmittag und Abend kontaktiert werden. <span id=\\\"cloak017dc64f21db11bd99b3c7fac4a21a11\\\"><a href=\\\"mailto:lena.landenberger@kjr-freising.de\\\"><\\\/a><\\\/span><\\\/p>\\n\n\n<p><strong>Bis zur Neubesetzung der Stelle macht der Jugendtreff im Alten Rathaus Mauern, sowie der selbstverwaltete Jugendtreff an der Mehrzweckhalle derzeit Pause.<\\\/strong><\\\/p>\\n\n\n<p>Bei Interesse als JugendleiterIn t\\u00e4tig zu werden oder wenn Ihr Fragen zum Jugendtreff habt,<br \\\/>meldet euch gerne.<\\\/p>\",\"margin\":\"default\"}},{\"type\":\"list\",\"props\":{\"column_breakpoint\":\"m\",\"icon_color\":\"primary\",\"image_align\":\"left\",\"image_svg_color\":\"emphasis\",\"image_vertical_align\":false,\"list_element\":\"ul\",\"list_horizontal_separator\":\", \",\"list_type\":\"vertical\",\"show_image\":true,\"show_link\":true},\"children\":[{\"type\":\"list_item\",\"props\":{\"content\":\"\n\n<p>Jugendbeauftragter Korbinian Pfl\\u00fcgler<\\\/p>\",\"icon\":\"user\"}},{\"type\":\"list_item\",\"props\":{\"content\":\"\n\n<p>Telefon: 0151\\\/42092945<\\\/p>\",\"icon\":\"whatsapp\"}}]}]}]}],\"name\":\"Jugendtreff\"}],\"type\":\"layout\",\"version\":\"4.4.16\"} --><\/p>\n","protected":false},"excerpt":{"rendered":"<p>Ausflug ins Legoland am 9. April, ganztags, f\u00fcr Jugendliche von 12 &#8211; 17 Jahre. N\u00e4heres dar\u00fcber erfahren Sie hier Mobile Elternbegleitung in der Verwaltungsgemeinschaft Mauern Elmo ist das Infomobil des Kreisbildungswerks, konkret des Zentrums der Familie, mit dem wir die Mobile Elternbegleitung im Landkreis Freising realisieren. Es ist eine Art fahrbares B\u00fcro. Hintergrund ist, dass [&hellip;]<\/p>\n","protected":false},"author":1,"featured_media":0,"parent":340,"menu_order":0,"comment_status":"closed","ping_status":"closed","template":"","meta":{"footnotes":""},"class_list":["post-726","page","type-page","status-publish","hentry"],"publishpress_future_action":{"enabled":false,"date":"2026-04-22 05:25:41","action":"change-status","newStatus":"draft","terms":[],"taxonomy":"","extraData":[]},"publishpress_future_workflow_manual_trigger":{"enabledWorkflows":[]},"_links":{"self":[{"href":"https:\/\/vg-mauern.de\/mauern\/wp-json\/wp\/v2\/pages\/726","targetHints":{"allow":["GET"]}}],"collection":[{"href":"https:\/\/vg-mauern.de\/mauern\/wp-json\/wp\/v2\/pages"}],"about":[{"href":"https:\/\/vg-mauern.de\/mauern\/wp-json\/wp\/v2\/types\/page"}],"author":[{"embeddable":true,"href":"https:\/\/vg-mauern.de\/mauern\/wp-json\/wp\/v2\/users\/1"}],"replies":[{"embeddable":true,"href":"https:\/\/vg-mauern.de\/mauern\/wp-json\/wp\/v2\/comments?post=726"}],"version-history":[{"count":10,"href":"https:\/\/vg-mauern.de\/mauern\/wp-json\/wp\/v2\/pages\/726\/revisions"}],"predecessor-version":[{"id":4418,"href":"https:\/\/vg-mauern.de\/mauern\/wp-json\/wp\/v2\/pages\/726\/revisions\/4418"}],"up":[{"embeddable":true,"href":"https:\/\/vg-mauern.de\/mauern\/wp-json\/wp\/v2\/pages\/340"}],"wp:attachment":[{"href":"https:\/\/vg-mauern.de\/mauern\/wp-json\/wp\/v2\/media?parent=726"}],"curies":[{"name":"wp","href":"https:\/\/api.w.org\/{rel}","templated":true}]}}