{"id":919,"date":"2022-03-17T13:52:56","date_gmt":"2022-03-17T12:52:56","guid":{"rendered":"https:\/\/demo.vg-mauern.de\/mauern\/?page_id=919"},"modified":"2025-08-08T09:51:28","modified_gmt":"2025-08-08T07:51:28","slug":"grundschule","status":"publish","type":"page","link":"https:\/\/vg-mauern.de\/mauern\/bildung-und-kultur\/grundschule\/","title":{"rendered":"Grundschule"},"content":{"rendered":"<h1>Grundschule<\/h1>\n<ul>\n<li>\n<div>\n<p>Schulstra\u00dfe 45<br \/>85419 Mauern<\/p>\n<\/div>\n<\/li>\n<li>\n<div>\n<p>Tel. 08764 920705<\/p>\n<\/div>\n<\/li>\n<li>\n<p><a href=\"https:\/\/gs-mauern.de\/\"><\/p>\n<p>www.gs-mauern.de<\/p>\n<p><\/a><\/p>\n<\/li>\n<\/ul>\n<h3>Aktueller Busfahrplan<\/h3>\n<div>\n<p><a href=\"\/mauern\/wp-content\/uploads\/sites\/2\/2025\/08\/Busfahrplan-Schulbus-Gemeinde-Mauern-fuer-das-Schuljahr-2025-2026.pdf\"><\/p>\n<p>Busfahrplan f\u00fcr das Schuljahr 2025\/2026<\/p>\n<p><\/a><\/p>\n<\/div>\n<h3>Mittagsbetreuung<\/h3>\n<div>\n<p>Weitergehende Informationen zur Mittagsbetreuung erhalten Sie im Men\u00fcpunkt Kindergarten. <a href=\"https:\/\/vg-mauern.de\/mauern\/bildung-und-kultur\/kindergarten\/\">Bitte klicken Sie hier.<\/a><\/p>\n<\/div>\n<h3>Schulsprengel in Bayern<\/h3>\n<div>\n<p>In Zusammenarbeit mit dem Staatsministerium f\u00fcr Bildung und Kultus, Wissenschaft und Kunst hat die Bayerische Vermessungsverwaltung die Schulsprengel der Grund- und Mittelschulen in Bayern digitalisiert. Sie enthalten wichtige Informationen f\u00fcr Gemeinden, Schulverwaltungen und Eltern.<\/p>\n<p>Am 22.02.2016 wurden die digitalen Schulsprengeldaten durch Finanzstaatssekret\u00e4r Albert F\u00fcracker und Bildungsstaatssektet\u00e4r Georg Eisenreich freigeschaltet.<\/p>\n<\/div>\n<ul>\n<li>\n<p><a href=\"https:\/\/geoportal.bayern.de\/bayernatlas\/?zoom=7&#038;lang=de&#038;topic=ba&#038;bgLayer=atkis&#038;layers=WMS%7C%7CEinzugsbereich%20f%C3%BCr%20Mittelschulen%7C%7Chttp:%2F%2Frisby.bayern.de%2FRisGate%2Fservlet%2FSchulsprengel%7C%7CB81MS_XF_b,WMS%7C%7CGrundschulsprengel%7C%7Chttp:%2F%2Frisby.bayern.de%2FRisGate%2Fservlet%2FSchulsprengel%7C%7CB81GS_XF_b,WMS%7C%7CMittelschulsprengel%7C%7Chttp:%2F%2Frisby.bayern.de%2FRisGate%2Fservlet%2FSchulsprengel%7C%7CB81VS_XF_b,WMS%7C%7CStandort%20Grundschule%7C%7Chttp:%2F%2Frisby.bayern.de%2FRisGate%2Fservlet%2FSchulsprengel%7C%7CGS_Standort,WMS%7C%7CStandort%20Mittelschule%7C%7Chttp:%2F%2Frisby.bayern.de%2FRisGate%2Fservlet%2FSchulsprengel%7C%7CMS_Standort,WMS%7C%7CTexte%20Einzugsbereich%20f%C3%BCr%20Mittelschulen%7C%7Chttp:%2F%2Frisby.bayern.de%2FRisGate%2Fservlet%2FSchulsprengel%7C%7CB81MS_AN_b,WMS%7C%7CTexte%20Grundschulsprengel%7C%7Chttp:%2F%2Frisby.bayern.de%2FRisGate%2Fservlet%2FSchulsprengel%7C%7CB81GS_AN_b&#038;E=700965.67&#038;N=5365360.70\"><\/p>\n<p>BayernAtlas<\/p>\n<p><\/a><\/p>\n<\/li>\n<li>\n<p><a href=\"https:\/\/geoportal.bayern.de\/geoportalbayern\/suche\/suche?0&#038;q=Schulsprengel&#038;f=true\">weitere Informationen GeoportalBayern<\/a><\/p>\n<\/li>\n<\/ul>\n<p><!--more--><br \/>\n<!-- {\"children\":[{\"type\":\"section\",\"props\":{\"image_position\":\"center-center\",\"padding\":\"small\",\"padding_remove_bottom\":true,\"style\":\"default\",\"title_breakpoint\":\"xl\",\"title_position\":\"top-left\",\"title_rotation\":\"left\",\"vertical_align\":\"\",\"width\":\"default\"},\"children\":[{\"type\":\"row\",\"children\":[{\"type\":\"column\",\"props\":{\"image_position\":\"center-center\",\"position_sticky_breakpoint\":\"m\",\"width_medium\":\"1-1\"},\"children\":[{\"type\":\"breadcrumbs\",\"props\":{\"show_current\":true,\"show_home\":true}}]}]}]},{\"type\":\"section\",\"props\":{\"image_position\":\"center-center\",\"style\":\"default\",\"title_breakpoint\":\"xl\",\"title_position\":\"top-left\",\"title_rotation\":\"left\",\"vertical_align\":\"\",\"width\":\"default\"},\"children\":[{\"type\":\"row\",\"children\":[{\"type\":\"column\",\"props\":{\"image_position\":\"center-center\",\"position_sticky_breakpoint\":\"m\",\"width_medium\":\"1-1\"},\"children\":[{\"type\":\"headline\",\"props\":{\"content\":\"Grundschule\",\"title_element\":\"h1\",\"title_style\":\"heading-small\"}},{\"type\":\"list\",\"props\":{\"column_breakpoint\":\"m\",\"icon_color\":\"primary\",\"image_align\":\"left\",\"image_svg_color\":\"emphasis\",\"image_vertical_align\":false,\"list_element\":\"ul\",\"list_horizontal_separator\":\", \",\"list_type\":\"vertical\",\"show_image\":true,\"show_link\":true},\"children\":[{\"type\":\"list_item\",\"props\":{\"content\":\"\n\n<p>Schulstra\\u00dfe 45<br \\\/>85419 Mauern<\\\/p>\",\"icon\":\"location\"}},{\"type\":\"list_item\",\"props\":{\"content\":\"\n\n<p>Tel. 08764 920705<\\\/p>\",\"icon\":\"receiver\"}},{\"type\":\"list_item\",\"props\":{\"content\":\"\n\n<p>www.gs-mauern.de<\\\/p>\",\"icon\":\"world\",\"link\":\"https:\\\/\\\/gs-mauern.de\\\/\",\"link_target\":true}}]}]}]},{\"type\":\"row\",\"children\":[{\"type\":\"column\",\"props\":{\"image_position\":\"center-center\",\"position_sticky_breakpoint\":\"m\",\"width_medium\":\"1-1\"},\"children\":[{\"type\":\"headline\",\"props\":{\"content\":\"Aktueller Busfahrplan\",\"title_color\":\"primary\",\"title_element\":\"h3\"}},{\"type\":\"list\",\"props\":{\"column_breakpoint\":\"m\",\"icon\":\"arrow-right\",\"icon_color\":\"primary\",\"image_align\":\"left\",\"image_svg_color\":\"emphasis\",\"image_vertical_align\":false,\"list_element\":\"ul\",\"list_horizontal_separator\":\", \",\"list_type\":\"vertical\",\"show_image\":true,\"show_link\":true},\"children\":[{\"type\":\"list_item\",\"props\":{\"content\":\"\n\n<p>Busfahrplan f\\u00fcr das Schuljahr 2025\\\/2026<\\\/p>\",\"link\":\"wp-content\\\/uploads\\\/sites\\\/2\\\/2025\\\/08\\\/Busfahrplan-Schulbus-Gemeinde-Mauern-fuer-das-Schuljahr-2025-2026.pdf\",\"link_target\":true}}]}]}]},{\"type\":\"row\",\"children\":[{\"type\":\"column\",\"props\":{\"image_position\":\"center-center\",\"position_sticky_breakpoint\":\"m\",\"width_medium\":\"1-1\"},\"children\":[{\"type\":\"headline\",\"props\":{\"content\":\"Mittagsbetreuung\",\"title_color\":\"primary\",\"title_element\":\"h3\"}},{\"type\":\"text\",\"props\":{\"column_breakpoint\":\"m\",\"content\":\"\n\n<p>Weitergehende Informationen zur Mittagsbetreuung erhalten Sie im Men\\u00fcpunkt Kindergarten. <a href=\\\"https:\\\/\\\/vg-mauern.de\\\/mauern\\\/bildung-und-kultur\\\/kindergarten\\\/\\\">Bitte klicken Sie hier.<\\\/a><\\\/p>\",\"margin\":\"default\"}},{\"type\":\"headline\",\"props\":{\"content\":\"Schulsprengel in Bayern\",\"title_color\":\"primary\",\"title_element\":\"h3\"}},{\"type\":\"text\",\"props\":{\"column_breakpoint\":\"m\",\"content\":\"\n\n<p>In Zusammenarbeit mit dem Staatsministerium f\\u00fcr Bildung und Kultus, Wissenschaft und Kunst hat die Bayerische Vermessungsverwaltung die Schulsprengel der Grund- und Mittelschulen in Bayern digitalisiert. Sie enthalten wichtige Informationen f\\u00fcr Gemeinden, Schulverwaltungen und Eltern.<\\\/p>\\n\n\n<p>Am 22.02.2016 wurden die digitalen Schulsprengeldaten durch Finanzstaatssekret\\u00e4r Albert F\\u00fcracker und Bildungsstaatssektet\\u00e4r Georg Eisenreich freigeschaltet.<\\\/p>\",\"margin\":\"default\"}},{\"type\":\"list\",\"props\":{\"column_breakpoint\":\"m\",\"icon\":\"arrow-right\",\"icon_color\":\"primary\",\"image_align\":\"left\",\"image_svg_color\":\"emphasis\",\"image_vertical_align\":false,\"list_element\":\"ul\",\"list_horizontal_separator\":\", \",\"list_type\":\"vertical\",\"show_image\":true,\"show_link\":true},\"children\":[{\"type\":\"list_item\",\"props\":{\"content\":\"\n\n<p>BayernAtlas<\\\/p>\",\"link\":\"https:\\\/\\\/geoportal.bayern.de\\\/bayernatlas\\\/?zoom=7&lang=de&topic=ba&bgLayer=atkis&layers=WMS%7C%7CEinzugsbereich%20f%C3%BCr%20Mittelschulen%7C%7Chttp:%2F%2Frisby.bayern.de%2FRisGate%2Fservlet%2FSchulsprengel%7C%7CB81MS_XF_b,WMS%7C%7CGrundschulsprengel%7C%7Chttp:%2F%2Frisby.bayern.de%2FRisGate%2Fservlet%2FSchulsprengel%7C%7CB81GS_XF_b,WMS%7C%7CMittelschulsprengel%7C%7Chttp:%2F%2Frisby.bayern.de%2FRisGate%2Fservlet%2FSchulsprengel%7C%7CB81VS_XF_b,WMS%7C%7CStandort%20Grundschule%7C%7Chttp:%2F%2Frisby.bayern.de%2FRisGate%2Fservlet%2FSchulsprengel%7C%7CGS_Standort,WMS%7C%7CStandort%20Mittelschule%7C%7Chttp:%2F%2Frisby.bayern.de%2FRisGate%2Fservlet%2FSchulsprengel%7C%7CMS_Standort,WMS%7C%7CTexte%20Einzugsbereich%20f%C3%BCr%20Mittelschulen%7C%7Chttp:%2F%2Frisby.bayern.de%2FRisGate%2Fservlet%2FSchulsprengel%7C%7CB81MS_AN_b,WMS%7C%7CTexte%20Grundschulsprengel%7C%7Chttp:%2F%2Frisby.bayern.de%2FRisGate%2Fservlet%2FSchulsprengel%7C%7CB81GS_AN_b&E=700965.67&N=5365360.70\",\"link_target\":true}},{\"type\":\"list_item\",\"props\":{\"content\":\"weitere Informationen GeoportalBayern\",\"link\":\"https:\\\/\\\/geoportal.bayern.de\\\/geoportalbayern\\\/suche\\\/suche?0&q=Schulsprengel&f=true\",\"link_target\":true}}]}]}]}]}],\"type\":\"layout\",\"version\":\"4.4.16\"} --><\/p>\n","protected":false},"excerpt":{"rendered":"<p>Grundschule Schulstra\u00dfe 4585419 Mauern Tel. 08764 920705 www.gs-mauern.de Aktueller Busfahrplan Busfahrplan f\u00fcr das Schuljahr 2025\/2026 Mittagsbetreuung Weitergehende Informationen zur Mittagsbetreuung erhalten Sie im Men\u00fcpunkt Kindergarten. Bitte klicken Sie hier. Schulsprengel in Bayern In Zusammenarbeit mit dem Staatsministerium f\u00fcr Bildung und Kultus, Wissenschaft und Kunst hat die Bayerische Vermessungsverwaltung die Schulsprengel der Grund- und Mittelschulen in [&hellip;]<\/p>\n","protected":false},"author":1,"featured_media":0,"parent":633,"menu_order":0,"comment_status":"closed","ping_status":"closed","template":"","meta":{"footnotes":""},"class_list":["post-919","page","type-page","status-publish","hentry"],"publishpress_future_action":{"enabled":false,"date":"2026-05-12 04:22:56","action":"change-status","newStatus":"draft","terms":[],"taxonomy":"","extraData":[]},"publishpress_future_workflow_manual_trigger":{"enabledWorkflows":[]},"_links":{"self":[{"href":"https:\/\/vg-mauern.de\/mauern\/wp-json\/wp\/v2\/pages\/919","targetHints":{"allow":["GET"]}}],"collection":[{"href":"https:\/\/vg-mauern.de\/mauern\/wp-json\/wp\/v2\/pages"}],"about":[{"href":"https:\/\/vg-mauern.de\/mauern\/wp-json\/wp\/v2\/types\/page"}],"author":[{"embeddable":true,"href":"https:\/\/vg-mauern.de\/mauern\/wp-json\/wp\/v2\/users\/1"}],"replies":[{"embeddable":true,"href":"https:\/\/vg-mauern.de\/mauern\/wp-json\/wp\/v2\/comments?post=919"}],"version-history":[{"count":10,"href":"https:\/\/vg-mauern.de\/mauern\/wp-json\/wp\/v2\/pages\/919\/revisions"}],"predecessor-version":[{"id":3984,"href":"https:\/\/vg-mauern.de\/mauern\/wp-json\/wp\/v2\/pages\/919\/revisions\/3984"}],"up":[{"embeddable":true,"href":"https:\/\/vg-mauern.de\/mauern\/wp-json\/wp\/v2\/pages\/633"}],"wp:attachment":[{"href":"https:\/\/vg-mauern.de\/mauern\/wp-json\/wp\/v2\/media?parent=919"}],"curies":[{"name":"wp","href":"https:\/\/api.w.org\/{rel}","templated":true}]}}