{"id":1063,"date":"2022-12-01T12:58:12","date_gmt":"2022-12-01T11:58:12","guid":{"rendered":"https:\/\/demo.vg-mauern.de\/wang\/?page_id=1063"},"modified":"2023-12-18T12:50:41","modified_gmt":"2023-12-18T11:50:41","slug":"energieberatung","status":"publish","type":"page","link":"https:\/\/vg-mauern.de\/wang\/buergerservice\/energie-umwelt\/energieberatung\/","title":{"rendered":"Energieberatung"},"content":{"rendered":"<h1>\n<p class=\"uk-article-title\">Energieberatung<\/p>\n<\/h1>\n<ul>\n<li>\n<p><a href=\"https:\/\/www.verbraucherzentrale-energieberatung.de\/\"><\/p>\n<p>Verbraucherzentrale Bayern<\/p>\n<p><\/a><\/p>\n<\/li>\n<li>\n<p><a href=\"\/wang\/wp-content\/uploads\/sites\/3\/2022\/12\/Flyer_Orientierungsberatung_solarfreunde.pdf\"><\/p>\n<p>Solarfreunde Moosburg &#8211; Orientierungsberatung<\/p>\n<p><\/a><\/p>\n<\/li>\n<li>\n<p><a href=\"https:\/\/www.energie-effizienz-experten.de\/\"><\/p>\n<p>Energieberaterliste des Landkreises Freising<\/p>\n<p><\/a><\/p>\n<\/li>\n<li>\n<p><a href=\"http:\/\/www.bafa.de\/bafa\/de\/energie\/energiesparberatung\/index.html\"><\/p>\n<p>BAFA (Bundesamt f\u00fcr Wirtschaft und Ausfuhrkontrolle)<\/p>\n<p><\/a><\/p>\n<\/li>\n<\/ul>\n<h4>\n<p>Welche F\u00f6rderungen durch die KfW-Bank gibt es?<\/p>\n<\/h4>\n<div>\n<p><a href=\"https:\/\/www.kfw.de\/inlandsfoerderung\/Privatpersonen\/Bestandsimmobilien\/\"><\/p>\n<p>KfW Bank (Kreditanstalt f\u00fcr Wiederaufbau)<\/p>\n<p><\/a><\/p>\n<\/div>\n<p><!--more--><br \/>\n<!-- {\"type\":\"layout\",\"children\":[{\"type\":\"section\",\"props\":{\"image_position\":\"center-center\",\"style\":\"default\",\"title_breakpoint\":\"xl\",\"title_position\":\"top-left\",\"title_rotation\":\"left\",\"vertical_align\":\"middle\",\"width\":\"default\"},\"children\":[{\"type\":\"row\",\"children\":[{\"type\":\"column\",\"props\":{\"image_position\":\"center-center\",\"position_sticky_breakpoint\":\"m\"},\"children\":[{\"type\":\"headline\",\"props\":{\"content\":\"\n\n<p class=\\\"uk-article-title\\\">Energieberatung<\\\/p>\",\"title_element\":\"h1\"}},{\"type\":\"list\",\"props\":{\"column_breakpoint\":\"m\",\"image_align\":\"left\",\"image_svg_color\":\"emphasis\",\"image_vertical_align\":true,\"list_element\":\"ul\",\"list_horizontal_separator\":\", \",\"list_type\":\"vertical\",\"show_image\":true,\"show_link\":true},\"children\":[{\"type\":\"list_item\",\"props\":{\"content\":\"\n\n<p>Verbraucherzentrale Bayern<\\\/p>\",\"icon\":\"world\",\"link\":\"https:\\\/\\\/www.verbraucherzentrale-energieberatung.de\\\/\",\"link_target\":true}},{\"type\":\"list_item\",\"props\":{\"content\":\"\n\n<p>Solarfreunde Moosburg - Orientierungsberatung<\\\/p>\",\"icon\":\"file-pdf\",\"link\":\"wp-content\\\/uploads\\\/sites\\\/3\\\/2022\\\/12\\\/Flyer_Orientierungsberatung_solarfreunde.pdf\",\"link_target\":true}},{\"type\":\"list_item\",\"props\":{\"content\":\"\n\n<p>Energieberaterliste des Landkreises Freising<\\\/p>\",\"icon\":\"world\",\"link\":\"https:\\\/\\\/www.energie-effizienz-experten.de\\\/\",\"link_target\":true}},{\"type\":\"list_item\",\"props\":{\"content\":\"\n\n<p>BAFA (Bundesamt f\\u00fcr Wirtschaft und Ausfuhrkontrolle)<\\\/p>\",\"icon\":\"world\",\"link\":\"http:\\\/\\\/www.bafa.de\\\/bafa\\\/de\\\/energie\\\/energiesparberatung\\\/index.html\",\"link_target\":true}}]}]}]},{\"type\":\"row\",\"children\":[{\"type\":\"column\",\"props\":{\"image_position\":\"center-center\",\"position_sticky_breakpoint\":\"m\"},\"children\":[{\"type\":\"headline\",\"props\":{\"content\":\"\n\n<p>Welche F\\u00f6rderungen durch die KfW-Bank gibt es?<\\\/p>\",\"title_element\":\"h4\"}},{\"type\":\"list\",\"props\":{\"column_breakpoint\":\"m\",\"image_align\":\"left\",\"image_svg_color\":\"emphasis\",\"image_vertical_align\":true,\"list_element\":\"ul\",\"list_horizontal_separator\":\", \",\"list_type\":\"vertical\",\"show_image\":true,\"show_link\":true},\"children\":[{\"type\":\"list_item\",\"props\":{\"content\":\"\n\n<p>KfW Bank (Kreditanstalt f\\u00fcr Wiederaufbau)<\\\/p>\",\"icon\":\"world\",\"link\":\"https:\\\/\\\/www.kfw.de\\\/inlandsfoerderung\\\/Privatpersonen\\\/Bestandsimmobilien\\\/\",\"link_target\":true}}]}]}]}]}],\"version\":\"4.2.11\"} --><\/p>\n","protected":false},"excerpt":{"rendered":"<p>Energieberatung Verbraucherzentrale Bayern Solarfreunde Moosburg &#8211; Orientierungsberatung Energieberaterliste des Landkreises Freising BAFA (Bundesamt f\u00fcr Wirtschaft und Ausfuhrkontrolle) Welche F\u00f6rderungen durch die KfW-Bank gibt es? KfW Bank (Kreditanstalt f\u00fcr Wiederaufbau)<\/p>\n","protected":false},"author":1,"featured_media":0,"parent":1075,"menu_order":0,"comment_status":"closed","ping_status":"closed","template":"","meta":{"footnotes":""},"class_list":["post-1063","page","type-page","status-publish","hentry"],"publishpress_future_action":{"enabled":false,"date":"2026-04-29 15:00:37","action":"change-status","newStatus":"draft","terms":[],"taxonomy":"","extraData":[]},"publishpress_future_workflow_manual_trigger":{"enabledWorkflows":[]},"_links":{"self":[{"href":"https:\/\/vg-mauern.de\/wang\/wp-json\/wp\/v2\/pages\/1063","targetHints":{"allow":["GET"]}}],"collection":[{"href":"https:\/\/vg-mauern.de\/wang\/wp-json\/wp\/v2\/pages"}],"about":[{"href":"https:\/\/vg-mauern.de\/wang\/wp-json\/wp\/v2\/types\/page"}],"author":[{"embeddable":true,"href":"https:\/\/vg-mauern.de\/wang\/wp-json\/wp\/v2\/users\/1"}],"replies":[{"embeddable":true,"href":"https:\/\/vg-mauern.de\/wang\/wp-json\/wp\/v2\/comments?post=1063"}],"version-history":[{"count":10,"href":"https:\/\/vg-mauern.de\/wang\/wp-json\/wp\/v2\/pages\/1063\/revisions"}],"predecessor-version":[{"id":2415,"href":"https:\/\/vg-mauern.de\/wang\/wp-json\/wp\/v2\/pages\/1063\/revisions\/2415"}],"up":[{"embeddable":true,"href":"https:\/\/vg-mauern.de\/wang\/wp-json\/wp\/v2\/pages\/1075"}],"wp:attachment":[{"href":"https:\/\/vg-mauern.de\/wang\/wp-json\/wp\/v2\/media?parent=1063"}],"curies":[{"name":"wp","href":"https:\/\/api.w.org\/{rel}","templated":true}]}}