{"id":1145,"date":"2022-12-01T14:19:34","date_gmt":"2022-12-01T13:19:34","guid":{"rendered":"https:\/\/demo.vg-mauern.de\/wang\/?page_id=1145"},"modified":"2022-12-01T14:29:16","modified_gmt":"2022-12-01T13:29:16","slug":"photovoltaik","status":"publish","type":"page","link":"https:\/\/vg-mauern.de\/wang\/buergerservice\/energie-umwelt\/photovoltaik\/","title":{"rendered":"Photovoltaik"},"content":{"rendered":"<h1>Photovoltaik<\/h1>\n<div>\n<p>Informationen \u00fcber geeignete und nicht geeignete Fl\u00e4chen f\u00fcr Photovoltaik in der Gemeinde Wang als PDF Dateien zum herunterladen.<\/p>\n<\/div>\n<ul>\n<li>\n<p><a href=\"\/wang\/wp-content\/uploads\/sites\/3\/2022\/12\/technische_eignung.pdf\"><\/p>\n<p>Technisch geeignete Fl\u00e4chen <span class=\"link-black\"> <br \/><em>Dargestellt sind in gelb\/oliv auf der Schummerungskarte die Fl\u00e4chen die f\u00fcr die nach den Kriterien Neigung und Exposition geeignet sind f\u00fcr die Solarnutzung.<\/em><\/span><\/p>\n<p><\/a><\/p>\n<\/li>\n<li>\n<p><a href=\"\/wang\/wp-content\/uploads\/sites\/3\/2022\/12\/6_geeignete_flaechen.pdf\"><\/p>\n<p>Geeignete Fl\u00e4chen f\u00fcr Photovoltaikfreifl\u00e4chen<\/p>\n<p><\/a><\/p>\n<\/li>\n<li>\n<p><a href=\"\/wang\/wp-content\/uploads\/sites\/3\/2022\/12\/ausschlussflaechen.pdf\"><\/p>\n<p>Nicht geeignete Fl\u00e4chen f\u00fcr Photovoltaikfreifl\u00e4chen<br \/><em>Dargestellt sind in blau auf der Schummerungskarte die Fl\u00e4chen die f\u00fcr die Freifl\u00e4chensolarnutzung ausgeschlossen sind.<\/em><\/p>\n<p><\/a><\/p>\n<\/li>\n<li>\n<p><a href=\"\/wang\/wp-content\/uploads\/sites\/3\/2022\/12\/solarradiation.pdf\"><\/p>\n<p>Solarradiation<br \/><em>Karte der Jahreseinstrahlung durch die Sonne<\/em><\/p>\n<p><\/a><\/p>\n<\/li>\n<li>\n<p><a href=\"\/wang\/wp-content\/uploads\/sites\/3\/2022\/12\/gelaendemorphologie.pdf\"><\/p>\n<p>Gel\u00e4ndemorphologie<\/p>\n<p><\/a><\/p>\n<\/li>\n<\/ul>\n<p><!--more--><br \/>\n<!-- {\"type\":\"layout\",\"children\":[{\"type\":\"section\",\"props\":{\"image_position\":\"center-center\",\"style\":\"default\",\"title_breakpoint\":\"xl\",\"title_position\":\"top-left\",\"title_rotation\":\"left\",\"vertical_align\":\"middle\",\"width\":\"default\"},\"children\":[{\"type\":\"row\",\"children\":[{\"type\":\"column\",\"props\":{\"image_position\":\"center-center\",\"media_overlay_gradient\":\"\",\"position_sticky_breakpoint\":\"m\"},\"children\":[{\"type\":\"headline\",\"props\":{\"content\":\"Photovoltaik\",\"title_element\":\"h1\"}},{\"type\":\"text\",\"props\":{\"column_breakpoint\":\"m\",\"content\":\"\n\n<p>Informationen \\u00fcber geeignete und nicht geeignete Fl\\u00e4chen f\\u00fcr Photovoltaik in der Gemeinde Wang als PDF Dateien zum herunterladen.<\\\/p>\",\"margin\":\"default\"}},{\"type\":\"list\",\"props\":{\"column_breakpoint\":\"m\",\"icon\":\"file-pdf\",\"image_align\":\"left\",\"image_loading\":false,\"image_svg_color\":\"emphasis\",\"image_vertical_align\":false,\"list_element\":\"ul\",\"list_horizontal_separator\":\", \",\"list_type\":\"vertical\",\"show_image\":true,\"show_link\":true},\"children\":[{\"type\":\"list_item\",\"props\":{\"content\":\"\n\n<p>Technisch geeignete Fl\\u00e4chen <span class=\\\"link-black\\\"> <br \\\/><em>Dargestellt sind in gelb\\\/oliv auf der Schummerungskarte die Fl\\u00e4chen die f\\u00fcr die nach den Kriterien Neigung und Exposition geeignet sind f\\u00fcr die Solarnutzung.<\\\/em><\\\/span><\\\/p>\",\"icon\":\"\",\"link\":\"wp-content\\\/uploads\\\/sites\\\/3\\\/2022\\\/12\\\/technische_eignung.pdf\",\"link_target\":true}},{\"type\":\"list_item\",\"props\":{\"content\":\"\n\n<p>Geeignete Fl\\u00e4chen f\\u00fcr Photovoltaikfreifl\\u00e4chen<\\\/p>\",\"link\":\"wp-content\\\/uploads\\\/sites\\\/3\\\/2022\\\/12\\\/6_geeignete_flaechen.pdf\",\"link_target\":true}},{\"type\":\"list_item\",\"props\":{\"content\":\"\n\n<p>Nicht geeignete Fl\\u00e4chen f\\u00fcr Photovoltaikfreifl\\u00e4chen<br \\\/><em>Dargestellt sind in blau auf der Schummerungskarte die Fl\\u00e4chen die f\\u00fcr die Freifl\\u00e4chensolarnutzung ausgeschlossen sind.<\\\/em><\\\/p>\",\"link\":\"wp-content\\\/uploads\\\/sites\\\/3\\\/2022\\\/12\\\/ausschlussflaechen.pdf\"}},{\"type\":\"list_item\",\"props\":{\"content\":\"\n\n<p>Solarradiation<br \\\/><em>Karte der Jahreseinstrahlung durch die Sonne<\\\/em><\\\/p>\",\"link\":\"wp-content\\\/uploads\\\/sites\\\/3\\\/2022\\\/12\\\/solarradiation.pdf\",\"link_target\":true}},{\"type\":\"list_item\",\"props\":{\"content\":\"\n\n<p>Gel\\u00e4ndemorphologie<\\\/p>\",\"link\":\"wp-content\\\/uploads\\\/sites\\\/3\\\/2022\\\/12\\\/gelaendemorphologie.pdf\",\"link_target\":true}}]}]}]}],\"name\":\"Linklist\"}],\"version\":\"3.0.14\"} --><\/p>\n","protected":false},"excerpt":{"rendered":"<p>Photovoltaik Informationen \u00fcber geeignete und nicht geeignete Fl\u00e4chen f\u00fcr Photovoltaik in der Gemeinde Wang als PDF Dateien zum herunterladen. Technisch geeignete Fl\u00e4chen Dargestellt sind in gelb\/oliv auf der Schummerungskarte die Fl\u00e4chen die f\u00fcr die nach den Kriterien Neigung und Exposition geeignet sind f\u00fcr die Solarnutzung. Geeignete Fl\u00e4chen f\u00fcr Photovoltaikfreifl\u00e4chen Nicht geeignete Fl\u00e4chen f\u00fcr Photovoltaikfreifl\u00e4chenDargestellt sind [&hellip;]<\/p>\n","protected":false},"author":1,"featured_media":0,"parent":1075,"menu_order":0,"comment_status":"closed","ping_status":"closed","template":"","meta":{"footnotes":""},"class_list":["post-1145","page","type-page","status-publish","hentry"],"publishpress_future_action":{"enabled":false,"date":"2026-04-17 11:10:15","action":"change-status","newStatus":"draft","terms":[],"taxonomy":"","extraData":[]},"publishpress_future_workflow_manual_trigger":{"enabledWorkflows":[]},"_links":{"self":[{"href":"https:\/\/vg-mauern.de\/wang\/wp-json\/wp\/v2\/pages\/1145","targetHints":{"allow":["GET"]}}],"collection":[{"href":"https:\/\/vg-mauern.de\/wang\/wp-json\/wp\/v2\/pages"}],"about":[{"href":"https:\/\/vg-mauern.de\/wang\/wp-json\/wp\/v2\/types\/page"}],"author":[{"embeddable":true,"href":"https:\/\/vg-mauern.de\/wang\/wp-json\/wp\/v2\/users\/1"}],"replies":[{"embeddable":true,"href":"https:\/\/vg-mauern.de\/wang\/wp-json\/wp\/v2\/comments?post=1145"}],"version-history":[{"count":13,"href":"https:\/\/vg-mauern.de\/wang\/wp-json\/wp\/v2\/pages\/1145\/revisions"}],"predecessor-version":[{"id":1163,"href":"https:\/\/vg-mauern.de\/wang\/wp-json\/wp\/v2\/pages\/1145\/revisions\/1163"}],"up":[{"embeddable":true,"href":"https:\/\/vg-mauern.de\/wang\/wp-json\/wp\/v2\/pages\/1075"}],"wp:attachment":[{"href":"https:\/\/vg-mauern.de\/wang\/wp-json\/wp\/v2\/media?parent=1145"}],"curies":[{"name":"wp","href":"https:\/\/api.w.org\/{rel}","templated":true}]}}