{"id":1175,"date":"2022-12-01T14:31:23","date_gmt":"2022-12-01T13:31:23","guid":{"rendered":"https:\/\/demo.vg-mauern.de\/wang\/?page_id=1175"},"modified":"2025-02-17T10:48:43","modified_gmt":"2025-02-17T09:48:43","slug":"wasser-abwasser-hochwasser","status":"publish","type":"page","link":"https:\/\/vg-mauern.de\/wang\/buergerservice\/energie-umwelt\/wasser-abwasser-hochwasser\/","title":{"rendered":"Wasser, Abwasser, Hochwasser"},"content":{"rendered":"<h1> Wasser, Abwasser, Hochwasser <\/h1>\n<h4><strong>Hinweis zum Umgang mit Heiz\u00f6lverbraucheranlagen in \u00dcberschwemmungsgebieten &#8211; Umfang und Einteilung des \u00dcberschwemmungsgebietes\/Kennzeichnung der HW-Linie.<\/strong><\/h4>\n<div>\n<p>Die Grenzen des \u00dcberschwemmungsgebiet sind in den untenstehnden \u00dcbersichts- und Detailkarten eingetragen. F\u00fcr die genaue Grenzzeichnung sind die Detailkarten im Ma\u00dfstab 1:2.500 ma\u00dfgebend, die im Landratsamt Freising und in den Gemeinden Wand und mauern niedergelegt sind; sie k\u00f6nnen dort w\u00e4hrend der Dienstdtunden eingesehen werden. Die genaue Grenze verl\u00e4uft auf der jeweils gekennzeichneten Grundst\u00fcckgrenze oder, wenn die grenze ein Grundst\u00fcck schneidet auf dem Gew\u00e4sser n\u00e4heren Kante der gekennzeichneten Linie. G\u00e4nzlich im \u00dcberschwemungsgebiet liegende geb\u00e4ude sowie solchen gleichgestellte Geb\u00e4ude, die teilweise in \u00dcberschwemmungsgebiet liegen, sind in der Detailkarte ebenfalls farblich hervorgehoben. Das Gew\u00e4sser selbst und seine Ufer sind kein Bestandteil des \u00dcberschwemmungsgebietes.<\/p>\n<\/p>\n<p>Ver\u00e4nderungen der Grenze oder der Bezeichnung der im \u00dcberschwemmungsgebiet gelegenen Grundst\u00fccke ber\u00fchren die festlegsetzten Grenzen des \u00dcberschwemmungebiets nicht.<\/p>\n<\/p>\n<p>An jedem \u00f6ffentlichen Geb\u00e4ude und an \u00f6ffendlichen Anlagen (z.B. Stra\u00dfenbeleuchtungsmasten und Masten von Verkersschildern) ist die HW100- Linie als Anhaltspunkt f\u00fcr die Hochwassergefahr f\u00fcr jede Person gut sichtbar zu kennzeichnen. Auskunft \u00fcber die H\u00f6he der HW100-Linie (in Meter \u00fcber NN) erteilt das Wasserwirtschaftsamt M\u00fcnchen. <\/p>\n<\/div>\n<ul>\n<li>\n<p><a href=\"\/wang\/wp-content\/uploads\/sites\/3\/2025\/02\/Veroeffentlichung_Amtsblatt_Mauerner_Bach_UEberschwemmungsgebiet.pdf\">Ver\u00f6ffentlichung Amtsblatt Mauerner Bach \u00dcberschwemmungsgebiet<\/a><\/p>\n<\/li>\n<li>\n<p><a href=\"\/wang\/wp-content\/uploads\/sites\/3\/2025\/02\/Heizoelverbraucheranlagen_und_Jauche-Guelle-_und_Silagesickersaftanlagen.pdf\">Heiz\u00f6lverbraucheranlagen und Jauche-G\u00fclle- und Silagesickersaftanlagen<\/a><\/p>\n<\/li>\n<li>\n<p><a href=\"\/wang\/wp-content\/uploads\/sites\/3\/2025\/02\/Detailkarte_K1-Teil-1.pdf\">Detailkarte K1 Teil 1<\/a><\/p>\n<\/li>\n<li>\n<p><a href=\"\/wang\/wp-content\/uploads\/sites\/3\/2025\/02\/Detailkarte_K1-Teil-2.pdf\">Detailkarte K1 Teil 2<\/a><\/p>\n<\/li>\n<li>\n<p><a href=\"\/wang\/wp-content\/uploads\/sites\/3\/2025\/02\/Detailkarte_K2.pdf\">Detailkarte K2<\/a><\/p>\n<\/li>\n<\/ul>\n<h4>Hier finden Sie n\u00fctzliche Informationen zum Thema Regenwasser, Abwasser und Hochwasserprophylaxe.<\/h4>\n<div>\n<p><a href=\"\/wang\/wp-content\/uploads\/sites\/3\/2022\/12\/leitfaden-starkregen-dl.pdf\"><\/p>\n<p>Leitfaden bei Starkregenereignissen<\/p>\n<p><\/a><\/p>\n<\/div>\n<ul>\n<li>\n<p><a href=\"\/wang\/wp-content\/uploads\/sites\/3\/2022\/12\/leitfaden-starkregen-dl.pdf\"><\/p>\n<p>Hochwasserschutz &#8211; Aktionsprogramm 2020 vom Bayerischen Staatsministerium f\u00fcr Umwelt und Gesundheit<\/p>\n<p><\/a><\/p>\n<\/li>\n<li>\n<p><a href=\"\/wang\/wp-content\/uploads\/sites\/3\/2022\/12\/id4_32c_checkliste_hochwasser_20130308.pdf\"><\/p>\n<p>Checkliste Hochwasser &#8211; Bayerisches Staatsministerium f\u00fcr Umwelt und Gesundheit<\/p>\n<p><\/a><\/p>\n<\/li>\n<\/ul>\n<ul>\n<li>\n<p><a href=\"\/wang\/wp-content\/uploads\/sites\/3\/2022\/12\/Regenwasser_Entsiegelung_Versickerung.pdf\"><\/p>\n<p>Regenwasserversickerung, Umweltbundesamt<\/p>\n<p><\/a><\/p>\n<\/li>\n<li>\n<p><a href=\"\/wang\/wp-content\/uploads\/sites\/3\/2022\/12\/informationsflyer_frderinitiative_flchenentsiegelung.pdf\"><\/p>\n<p>F\u00f6rderung Fl\u00e4chenentsiegelung<\/p>\n<p><\/a><\/p>\n<\/li>\n<\/ul>\n<ul>\n<li>\n<p><a href=\"\/wang\/wp-content\/uploads\/sites\/3\/2022\/12\/uw_88_umgang_mit_regenwasser.pdf\"><\/p>\n<p>Naturnaher Umgang mit Regenwasser<\/p>\n<p><\/a><\/p>\n<\/li>\n<li>\n<p><a href=\"\/wang\/wp-content\/uploads\/sites\/3\/2022\/12\/Private_Abwasserleitungen_sanieren.pdf\"><\/p>\n<p>Private Abwasserleitungen pr\u00fcfen und sanieren<\/p>\n<p><\/a><\/p>\n<\/li>\n<li>\n<p><a href=\"\/wang\/wp-content\/uploads\/sites\/3\/2022\/12\/Leitfaden_Abwasserkanaele.pdf\"><\/p>\n<p>Leitfaden Abwasserkan\u00e4le<\/p>\n<p><\/a><\/p>\n<\/li>\n<li>\n<p><a href=\"\/wang\/wp-content\/uploads\/sites\/3\/2022\/12\/uw_123_heizoellagerung.pdf\"><\/p>\n<p>Heiz\u00f6llagerung in \u00dcberschwemmungsgebieten<\/p>\n<p><\/a><\/p>\n<\/li>\n<li>\n<p><a href=\"http:\/\/www.umweltbundesamt.de\/themen\/abfall-arzneien-alte-farben-was-darf-nicht-in-die\"><\/p>\n<p>Umweltbundesamt &#8211; was geh\u00f6rt nicht in die Toilette<\/p>\n<p><\/a><\/p>\n<\/li>\n<\/ul>\n<p><!--more--><br \/>\n<!-- {\"type\":\"layout\",\"children\":[{\"type\":\"section\",\"props\":{\"image_position\":\"center-center\",\"style\":\"default\",\"title_breakpoint\":\"xl\",\"title_position\":\"top-left\",\"title_rotation\":\"left\",\"vertical_align\":\"\",\"width\":\"default\"},\"children\":[{\"type\":\"row\",\"children\":[{\"type\":\"column\",\"props\":{\"image_position\":\"center-center\",\"position_sticky_breakpoint\":\"m\"},\"children\":[{\"type\":\"headline\",\"props\":{\"content\":\" Wasser, Abwasser, Hochwasser \",\"title_element\":\"h1\"}},{\"type\":\"headline\",\"props\":{\"content\":\"<strong>Hinweis zum Umgang mit Heiz\\u00f6lverbraucheranlagen in \\u00dcberschwemmungsgebieten - Umfang und Einteilung des \\u00dcberschwemmungsgebietes\\\/Kennzeichnung der HW-Linie.<\\\/strong>\",\"margin_remove_top\":true,\"title_element\":\"h4\"}},{\"type\":\"text\",\"props\":{\"column_breakpoint\":\"m\",\"content\":\"\n\n<p>Die Grenzen des \\u00dcberschwemmungsgebiet sind in den untenstehnden \\u00dcbersichts- und Detailkarten eingetragen. F\\u00fcr die genaue Grenzzeichnung sind die Detailkarten im Ma\\u00dfstab 1:2.500 ma\\u00dfgebend, die im Landratsamt Freising und in den Gemeinden Wand und mauern niedergelegt sind; sie k\\u00f6nnen dort w\\u00e4hrend der Dienstdtunden eingesehen werden. Die genaue Grenze verl\\u00e4uft auf der jeweils gekennzeichneten Grundst\\u00fcckgrenze oder, wenn die grenze ein Grundst\\u00fcck schneidet auf dem Gew\\u00e4sser n\\u00e4heren Kante der gekennzeichneten Linie. G\\u00e4nzlich im \\u00dcberschwemungsgebiet liegende geb\\u00e4ude sowie solchen gleichgestellte Geb\\u00e4ude, die teilweise in \\u00dcberschwemmungsgebiet liegen, sind in der Detailkarte ebenfalls farblich hervorgehoben. Das Gew\\u00e4sser selbst und seine Ufer sind kein Bestandteil des \\u00dcberschwemmungsgebietes.<\\\/p>\\n\n\n<p><\\\/p>\\n\n\n<p>Ver\\u00e4nderungen der Grenze oder der Bezeichnung der im \\u00dcberschwemmungsgebiet gelegenen Grundst\\u00fccke ber\\u00fchren die festlegsetzten Grenzen des \\u00dcberschwemmungebiets nicht.<\\\/p>\\n\n\n<p><\\\/p>\\n\n\n<p>An jedem \\u00f6ffentlichen Geb\\u00e4ude und an \\u00f6ffendlichen Anlagen (z.B. Stra\\u00dfenbeleuchtungsmasten und Masten von Verkersschildern) ist die HW100- Linie als Anhaltspunkt f\\u00fcr die Hochwassergefahr f\\u00fcr jede Person gut sichtbar zu kennzeichnen. Auskunft \\u00fcber die H\\u00f6he der HW100-Linie (in Meter \\u00fcber NN) erteilt das Wasserwirtschaftsamt M\\u00fcnchen. <\\\/p>\",\"margin\":\"default\"}},{\"type\":\"list\",\"props\":{\"column_breakpoint\":\"m\",\"image_align\":\"left\",\"image_svg_color\":\"emphasis\",\"image_vertical_align\":true,\"list_element\":\"ul\",\"list_horizontal_separator\":\", \",\"list_type\":\"vertical\",\"show_image\":true,\"show_link\":true},\"children\":[{\"type\":\"list_item\",\"props\":{\"content\":\"Ver\\u00f6ffentlichung Amtsblatt Mauerner Bach \\u00dcberschwemmungsgebiet\",\"link\":\"wp-content\\\/uploads\\\/sites\\\/3\\\/2025\\\/02\\\/Veroeffentlichung_Amtsblatt_Mauerner_Bach_UEberschwemmungsgebiet.pdf\",\"link_target\":true}},{\"type\":\"list_item\",\"props\":{\"content\":\"Heiz\\u00f6lverbraucheranlagen und Jauche-G\\u00fclle- und Silagesickersaftanlagen\",\"link\":\"wp-content\\\/uploads\\\/sites\\\/3\\\/2025\\\/02\\\/Heizoelverbraucheranlagen_und_Jauche-Guelle-_und_Silagesickersaftanlagen.pdf\",\"link_target\":true}},{\"type\":\"list_item\",\"props\":{\"content\":\"Detailkarte K1 Teil 1\",\"link\":\"wp-content\\\/uploads\\\/sites\\\/3\\\/2025\\\/02\\\/Detailkarte_K1-Teil-1.pdf\",\"link_target\":true}},{\"type\":\"list_item\",\"props\":{\"content\":\"Detailkarte K1 Teil 2\",\"link\":\"wp-content\\\/uploads\\\/sites\\\/3\\\/2025\\\/02\\\/Detailkarte_K1-Teil-2.pdf\",\"link_target\":true}},{\"type\":\"list_item\",\"props\":{\"content\":\"Detailkarte K2\",\"link\":\"wp-content\\\/uploads\\\/sites\\\/3\\\/2025\\\/02\\\/Detailkarte_K2.pdf\",\"link_target\":true}}]},{\"type\":\"headline\",\"props\":{\"content\":\"Hier finden Sie n\\u00fctzliche Informationen zum Thema Regenwasser, Abwasser und Hochwasserprophylaxe.\",\"margin_remove_top\":true,\"title_element\":\"h4\"}},{\"type\":\"list\",\"props\":{\"column_breakpoint\":\"m\",\"image_align\":\"left\",\"image_svg_color\":\"emphasis\",\"image_vertical_align\":true,\"list_element\":\"ul\",\"list_horizontal_separator\":\", \",\"list_type\":\"vertical\",\"show_image\":true,\"show_link\":true},\"children\":[{\"type\":\"list_item\",\"props\":{\"content\":\"\n\n<p>Leitfaden bei Starkregenereignissen<\\\/p>\",\"link\":\"wp-content\\\/uploads\\\/sites\\\/3\\\/2022\\\/12\\\/leitfaden-starkregen-dl.pdf\",\"link_target\":true}}]},{\"type\":\"list\",\"props\":{\"column_breakpoint\":\"m\",\"image_align\":\"left\",\"image_svg_color\":\"emphasis\",\"image_vertical_align\":true,\"list_element\":\"ul\",\"list_horizontal_separator\":\", \",\"list_type\":\"vertical\",\"show_image\":true,\"show_link\":true},\"children\":[{\"type\":\"list_item\",\"props\":{\"content\":\"\n\n<p>Hochwasserschutz - Aktionsprogramm 2020 vom Bayerischen Staatsministerium f\\u00fcr Umwelt und Gesundheit<\\\/p>\",\"icon\":\"world\",\"link\":\"wp-content\\\/uploads\\\/sites\\\/3\\\/2022\\\/12\\\/leitfaden-starkregen-dl.pdf\",\"link_target\":true}},{\"type\":\"list_item\",\"props\":{\"content\":\"\n\n<p>Checkliste Hochwasser - Bayerisches Staatsministerium f\\u00fcr Umwelt und Gesundheit<\\\/p>\",\"icon\":\"file-pdf\",\"link\":\"wp-content\\\/uploads\\\/sites\\\/3\\\/2022\\\/12\\\/id4_32c_checkliste_hochwasser_20130308.pdf\",\"link_target\":true}}]},{\"type\":\"list\",\"props\":{\"column_breakpoint\":\"m\",\"image_align\":\"left\",\"image_svg_color\":\"emphasis\",\"image_vertical_align\":true,\"list_element\":\"ul\",\"list_horizontal_separator\":\", \",\"list_type\":\"vertical\",\"show_image\":true,\"show_link\":true},\"children\":[{\"type\":\"list_item\",\"props\":{\"content\":\"\n\n<p>Regenwasserversickerung, Umweltbundesamt<\\\/p>\",\"icon\":\"\",\"link\":\"wp-content\\\/uploads\\\/sites\\\/3\\\/2022\\\/12\\\/Regenwasser_Entsiegelung_Versickerung.pdf\",\"link_target\":true}},{\"type\":\"list_item\",\"props\":{\"content\":\"\n\n<p>F\\u00f6rderung Fl\\u00e4chenentsiegelung<\\\/p>\",\"icon\":\"\",\"link\":\"wp-content\\\/uploads\\\/sites\\\/3\\\/2022\\\/12\\\/informationsflyer_frderinitiative_flchenentsiegelung.pdf\",\"link_target\":true}}]},{\"type\":\"list\",\"props\":{\"column_breakpoint\":\"m\",\"icon\":\"file-pdf\",\"image_align\":\"left\",\"image_svg_color\":\"emphasis\",\"image_vertical_align\":true,\"list_element\":\"ul\",\"list_horizontal_separator\":\", \",\"list_type\":\"vertical\",\"show_image\":true,\"show_link\":true},\"children\":[{\"type\":\"list_item\",\"props\":{\"content\":\"\n\n<p>Naturnaher Umgang mit Regenwasser<\\\/p>\",\"icon\":\"file-pdf\",\"link\":\"wp-content\\\/uploads\\\/sites\\\/3\\\/2022\\\/12\\\/uw_88_umgang_mit_regenwasser.pdf\",\"link_target\":true}},{\"type\":\"list_item\",\"props\":{\"content\":\"\n\n<p>Private Abwasserleitungen pr\\u00fcfen und sanieren<\\\/p>\",\"icon\":\"\",\"link\":\"wp-content\\\/uploads\\\/sites\\\/3\\\/2022\\\/12\\\/Private_Abwasserleitungen_sanieren.pdf\",\"link_target\":true}},{\"type\":\"list_item\",\"props\":{\"content\":\"\n\n<p>Leitfaden Abwasserkan\\u00e4le<\\\/p>\",\"link\":\"wp-content\\\/uploads\\\/sites\\\/3\\\/2022\\\/12\\\/Leitfaden_Abwasserkanaele.pdf\",\"link_target\":true}},{\"type\":\"list_item\",\"props\":{\"content\":\"\n\n<p>Heiz\\u00f6llagerung in \\u00dcberschwemmungsgebieten<\\\/p>\",\"link\":\"wp-content\\\/uploads\\\/sites\\\/3\\\/2022\\\/12\\\/uw_123_heizoellagerung.pdf\",\"link_target\":true}},{\"type\":\"list_item\",\"props\":{\"content\":\"\n\n<p>Umweltbundesamt - was geh\\u00f6rt nicht in die Toilette<\\\/p>\",\"icon\":\"world\",\"link\":\"http:\\\/\\\/www.umweltbundesamt.de\\\/themen\\\/abfall-arzneien-alte-farben-was-darf-nicht-in-die\",\"link_target\":true}}]}]}]}],\"name\":\"Linklist\"}],\"version\":\"4.4.16\"} --><\/p>\n","protected":false},"excerpt":{"rendered":"<p>Wasser, Abwasser, Hochwasser Hinweis zum Umgang mit Heiz\u00f6lverbraucheranlagen in \u00dcberschwemmungsgebieten &#8211; Umfang und Einteilung des \u00dcberschwemmungsgebietes\/Kennzeichnung der HW-Linie. Die Grenzen des \u00dcberschwemmungsgebiet sind in den untenstehnden \u00dcbersichts- und Detailkarten eingetragen. F\u00fcr die genaue Grenzzeichnung sind die Detailkarten im Ma\u00dfstab 1:2.500 ma\u00dfgebend, die im Landratsamt Freising und in den Gemeinden Wand und mauern niedergelegt sind; sie [&hellip;]<\/p>\n","protected":false},"author":1,"featured_media":0,"parent":1075,"menu_order":0,"comment_status":"closed","ping_status":"closed","template":"","meta":{"footnotes":""},"class_list":["post-1175","page","type-page","status-publish","hentry"],"publishpress_future_action":{"enabled":false,"date":"2026-04-26 12:47:20","action":"change-status","newStatus":"draft","terms":[],"taxonomy":"","extraData":[]},"publishpress_future_workflow_manual_trigger":{"enabledWorkflows":[]},"_links":{"self":[{"href":"https:\/\/vg-mauern.de\/wang\/wp-json\/wp\/v2\/pages\/1175","targetHints":{"allow":["GET"]}}],"collection":[{"href":"https:\/\/vg-mauern.de\/wang\/wp-json\/wp\/v2\/pages"}],"about":[{"href":"https:\/\/vg-mauern.de\/wang\/wp-json\/wp\/v2\/types\/page"}],"author":[{"embeddable":true,"href":"https:\/\/vg-mauern.de\/wang\/wp-json\/wp\/v2\/users\/1"}],"replies":[{"embeddable":true,"href":"https:\/\/vg-mauern.de\/wang\/wp-json\/wp\/v2\/comments?post=1175"}],"version-history":[{"count":10,"href":"https:\/\/vg-mauern.de\/wang\/wp-json\/wp\/v2\/pages\/1175\/revisions"}],"predecessor-version":[{"id":3104,"href":"https:\/\/vg-mauern.de\/wang\/wp-json\/wp\/v2\/pages\/1175\/revisions\/3104"}],"up":[{"embeddable":true,"href":"https:\/\/vg-mauern.de\/wang\/wp-json\/wp\/v2\/pages\/1075"}],"wp:attachment":[{"href":"https:\/\/vg-mauern.de\/wang\/wp-json\/wp\/v2\/media?parent=1175"}],"curies":[{"name":"wp","href":"https:\/\/api.w.org\/{rel}","templated":true}]}}