{"id":1238,"date":"2022-12-01T16:03:27","date_gmt":"2022-12-01T15:03:27","guid":{"rendered":"https:\/\/demo.vg-mauern.de\/wang\/?page_id=1238"},"modified":"2026-02-24T08:13:09","modified_gmt":"2026-02-24T07:13:09","slug":"baugebiete","status":"publish","type":"page","link":"https:\/\/vg-mauern.de\/wang\/bauland\/baugebiete\/","title":{"rendered":"Baugebiete"},"content":{"rendered":"<h1>Bodenrichtwerte<\/h1>\n<div>\n<p>Auskunft \u00fcber die aktuellen Bodenrichtwerte erteilt die Gesch\u00e4ftsstelle des Gutachterausschusses im Landratsamt Freising (Tel. 08161 60034400\u00a0oder per Mail: <a href=\"mailto:gutachterausschuss@kreis-fs.de\">gutachterausschuss@kreis-fs.de<\/a>).<\/p>\n<\/div>\n<h1>Bauparzellen im Baugebiet Sixthaselbach Nord &#8211; freih\u00e4ndige Vergabe<\/h1>\n<div>\n<p>Die Gemeinde Wang ist im Besitz von Baugrundst\u00fccken, welche durch die freih\u00e4ndige Vergabe ver\u00e4u\u00dfert werden.<\/p>\n<p>Konkrete Auflagen wie eine Bauverpflichtung und\/oder Selbstnutzungsverpflichtung werden nicht getroffen. Es besteht lediglich ein Weiterver\u00e4u\u00dferungsverbot von 5 Jahren ab Beurkundung.<\/p>\n<p>Der Verkaufspreis orientiert sich am derzeitigen Bodenrichtwert (480,00 \u20ac) zuz\u00fcglich 15,00 \u20ac f\u00fcr die bereits durch die Gemeinde verauslagten Herstellungsbeitr\u00e4ge der Abwasserentsorgung und Kosten f\u00fcr die Grundst\u00fccksentw\u00e4sserungsanlage; somit ergibt sich ein Verkaufspreis von 495,00 Euro. In diesem sind zudem die Erschlie\u00dfungskosten enthalten.<\/p>\n<p>Sollten Sie Interesse an einem Grundst\u00fcck haben, stehen Ihnen untenstehendes Formular sowie die \u00dcbersicht der verf\u00fcgbaren Grundst\u00fccke f\u00fcr eine Bewerbung zur Verf\u00fcgung.<\/p>\n<\/div>\n<ul>\n<li>\n<p><a href=\"\/wang\/wp-content\/uploads\/sites\/3\/2025\/02\/Bewerbungsformular.pdf\">Bewerbungsformular<\/a><\/p>\n<\/li>\n<li>\n<p><a href=\"\/wang\/wp-content\/uploads\/sites\/3\/2026\/02\/Verfuegbare-Baugrundstuecke-Stand-23.02.2026.pdf\">Verf\u00fcgbare Grundst\u00fccke<\/a><\/p>\n<\/li>\n<li>\n<p><a href=\"\/wang\/wp-content\/uploads\/sites\/3\/2025\/03\/Bebauungsplan-Sixthaselbach-Nord.pdf\">Bebauungsplan<\/a><\/p>\n<\/li>\n<\/ul>\n<h1>Baugebiete Wang<\/h1>\n<div>\n<p>Haben Sie Fragen zum Thema Baugrundvergabe? Falls ja, k\u00f6nnen Sie sich gerne mit Frau Engl in Verbindung setzen (Tel.: 08764\/89-67, <a href=\"mailto:engl@mauern-verwaltung.de\">engl@mauern-verwaltung.de<\/a>).<\/p>\n<\/div>\n<hr>\n<p><!--more--><br \/>\n<!-- {\"type\":\"layout\",\"children\":[{\"type\":\"section\",\"props\":{\"image_position\":\"center-center\",\"padding_remove_bottom\":true,\"padding_remove_top\":false,\"style\":\"default\",\"title_breakpoint\":\"xl\",\"title_position\":\"top-left\",\"title_rotation\":\"left\",\"vertical_align\":\"\",\"width\":\"default\"},\"children\":[{\"type\":\"row\",\"children\":[{\"type\":\"column\",\"props\":{\"image_position\":\"center-center\",\"position_sticky_breakpoint\":\"m\"},\"children\":[{\"type\":\"headline\",\"props\":{\"content\":\"Bodenrichtwerte\",\"title_element\":\"h1\",\"title_style\":\"heading-small\"}},{\"type\":\"text\",\"props\":{\"column_breakpoint\":\"m\",\"content\":\"\n\n<p>Auskunft \\u00fcber die aktuellen Bodenrichtwerte erteilt die Gesch\\u00e4ftsstelle des Gutachterausschusses im Landratsamt Freising (Tel. 08161 60034400\\u00a0oder per Mail: <a href=\\\"mailto:gutachterausschuss@kreis-fs.de\\\">gutachterausschuss@kreis-fs.de<\\\/a>).<\\\/p>\",\"margin\":\"default\"}},{\"type\":\"headline\",\"props\":{\"content\":\"Bauparzellen im Baugebiet Sixthaselbach Nord - freih\\u00e4ndige Vergabe\",\"title_element\":\"h1\",\"title_style\":\"heading-small\"}},{\"type\":\"text\",\"props\":{\"column_breakpoint\":\"m\",\"content\":\"\n\n<p>Die Gemeinde Wang ist im Besitz von Baugrundst\\u00fccken, welche durch die freih\\u00e4ndige Vergabe ver\\u00e4u\\u00dfert werden.<\\\/p>\\n\n\n<p>Konkrete Auflagen wie eine Bauverpflichtung und\\\/oder Selbstnutzungsverpflichtung werden nicht getroffen. Es besteht lediglich ein Weiterver\\u00e4u\\u00dferungsverbot von 5 Jahren ab Beurkundung.<\\\/p>\\n\n\n<p>Der Verkaufspreis orientiert sich am derzeitigen Bodenrichtwert (480,00 \\u20ac) zuz\\u00fcglich 15,00 \\u20ac f\\u00fcr die bereits durch die Gemeinde verauslagten Herstellungsbeitr\\u00e4ge der Abwasserentsorgung und Kosten f\\u00fcr die Grundst\\u00fccksentw\\u00e4sserungsanlage; somit ergibt sich ein Verkaufspreis von 495,00 Euro. In diesem sind zudem die Erschlie\\u00dfungskosten enthalten.<\\\/p>\\n\n\n<p>Sollten Sie Interesse an einem Grundst\\u00fcck haben, stehen Ihnen untenstehendes Formular sowie die \\u00dcbersicht der verf\\u00fcgbaren Grundst\\u00fccke f\\u00fcr eine Bewerbung zur Verf\\u00fcgung.<\\\/p>\",\"margin\":\"default\"}},{\"type\":\"list\",\"props\":{\"column_breakpoint\":\"m\",\"image_align\":\"left\",\"image_svg_color\":\"emphasis\",\"image_vertical_align\":true,\"list_element\":\"ul\",\"list_horizontal_separator\":\", \",\"list_type\":\"vertical\",\"show_image\":true,\"show_link\":true},\"children\":[{\"type\":\"list_item\",\"props\":{\"content\":\"Bewerbungsformular\",\"link\":\"wp-content\\\/uploads\\\/sites\\\/3\\\/2025\\\/02\\\/Bewerbungsformular.pdf\",\"link_target\":true}},{\"type\":\"list_item\",\"props\":{\"content\":\"Verf\\u00fcgbare Grundst\\u00fccke\",\"link\":\"wp-content\\\/uploads\\\/sites\\\/3\\\/2026\\\/02\\\/Verfuegbare-Baugrundstuecke-Stand-23.02.2026.pdf\",\"link_target\":true}},{\"type\":\"list_item\",\"props\":{\"content\":\"Bebauungsplan\",\"link\":\"wp-content\\\/uploads\\\/sites\\\/3\\\/2025\\\/03\\\/Bebauungsplan-Sixthaselbach-Nord.pdf\",\"link_target\":true}}]},{\"type\":\"headline\",\"props\":{\"content\":\"Baugebiete Wang\",\"title_element\":\"h1\",\"title_style\":\"heading-small\"}}]}]},{\"type\":\"row\",\"props\":{\"layout\":\"1-4,3-4\"},\"children\":[{\"type\":\"column\",\"props\":{\"image_position\":\"center-center\",\"position_sticky_breakpoint\":\"m\",\"width_medium\":\"1-4\"}},{\"type\":\"column\",\"props\":{\"image_position\":\"center-center\",\"order_first\":\"m\",\"position_sticky_breakpoint\":\"m\",\"width_medium\":\"3-4\"},\"children\":[{\"type\":\"text\",\"props\":{\"column_breakpoint\":\"m\",\"content\":\"\n\n<p>Haben Sie Fragen zum Thema Baugrundvergabe? Falls ja, k\\u00f6nnen Sie sich gerne mit Frau Engl in Verbindung setzen (Tel.: 08764\\\/89-67, <a href=\\\"mailto:engl@mauern-verwaltung.de\\\">engl@mauern-verwaltung.de<\\\/a>).<\\\/p>\",\"margin\":\"default\"}}]}]},{\"type\":\"row\",\"children\":[{\"type\":\"column\",\"props\":{\"image_position\":\"center-center\",\"position_sticky_breakpoint\":\"m\"},\"children\":[{\"type\":\"divider\",\"props\":{\"divider_element\":\"hr\"}}]}]}],\"name\":\"Baugebiet\"}],\"version\":\"4.4.16\"} --><\/p>\n","protected":false},"excerpt":{"rendered":"<p>Bodenrichtwerte Auskunft \u00fcber die aktuellen Bodenrichtwerte erteilt die Gesch\u00e4ftsstelle des Gutachterausschusses im Landratsamt Freising (Tel. 08161 60034400\u00a0oder per Mail: gutachterausschuss@kreis-fs.de). Bauparzellen im Baugebiet Sixthaselbach Nord &#8211; freih\u00e4ndige Vergabe Die Gemeinde Wang ist im Besitz von Baugrundst\u00fccken, welche durch die freih\u00e4ndige Vergabe ver\u00e4u\u00dfert werden. Konkrete Auflagen wie eine Bauverpflichtung und\/oder Selbstnutzungsverpflichtung werden nicht getroffen. Es besteht [&hellip;]<\/p>\n","protected":false},"author":1,"featured_media":0,"parent":76,"menu_order":0,"comment_status":"closed","ping_status":"closed","template":"","meta":{"footnotes":""},"class_list":["post-1238","page","type-page","status-publish","hentry"],"publishpress_future_action":{"enabled":false,"date":"2026-05-06 13:55:19","action":"change-status","newStatus":"draft","terms":[],"taxonomy":"","extraData":[]},"publishpress_future_workflow_manual_trigger":{"enabledWorkflows":[]},"_links":{"self":[{"href":"https:\/\/vg-mauern.de\/wang\/wp-json\/wp\/v2\/pages\/1238","targetHints":{"allow":["GET"]}}],"collection":[{"href":"https:\/\/vg-mauern.de\/wang\/wp-json\/wp\/v2\/pages"}],"about":[{"href":"https:\/\/vg-mauern.de\/wang\/wp-json\/wp\/v2\/types\/page"}],"author":[{"embeddable":true,"href":"https:\/\/vg-mauern.de\/wang\/wp-json\/wp\/v2\/users\/1"}],"replies":[{"embeddable":true,"href":"https:\/\/vg-mauern.de\/wang\/wp-json\/wp\/v2\/comments?post=1238"}],"version-history":[{"count":11,"href":"https:\/\/vg-mauern.de\/wang\/wp-json\/wp\/v2\/pages\/1238\/revisions"}],"predecessor-version":[{"id":3727,"href":"https:\/\/vg-mauern.de\/wang\/wp-json\/wp\/v2\/pages\/1238\/revisions\/3727"}],"up":[{"embeddable":true,"href":"https:\/\/vg-mauern.de\/wang\/wp-json\/wp\/v2\/pages\/76"}],"wp:attachment":[{"href":"https:\/\/vg-mauern.de\/wang\/wp-json\/wp\/v2\/media?parent=1238"}],"curies":[{"name":"wp","href":"https:\/\/api.w.org\/{rel}","templated":true}]}}