{"id":165,"date":"2022-03-23T16:31:24","date_gmt":"2022-03-23T15:31:24","guid":{"rendered":"https:\/\/demo.vg-mauern.de\/wang\/?page_id=165"},"modified":"2025-04-30T12:37:04","modified_gmt":"2025-04-30T10:37:04","slug":"gemeinderatsmitglieder","status":"publish","type":"page","link":"https:\/\/vg-mauern.de\/wang\/gemeinde\/gemeinderatsmitglieder\/","title":{"rendered":"Gemeinderatsmitglieder"},"content":{"rendered":"<h1>Gemeinderatsmitglieder<\/h1>\n<h2>2020 \u2013 2026<\/h2>\n<ul>\n<li>\n<h3>Markus St\u00f6ber \u2013 1. B\u00fcrgermeister<\/h3>\n<p>Ortsteil: Volkmannsdorf<\/p>\n<\/li>\n<li>\n<h3>Josef Schwaiger &#8211; 2. B\u00fcrgermeister<\/h3>\n<div>\n<p>Ortsteil: Burschlag<\/p>\n<\/div>\n<\/li>\n<\/ul>\n<hr>\n<ul>\n<li>\n<h3>Dr. Thomas Kerscher<\/h3>\n<p>Ortsteil: Sp\u00f6rerau<\/p>\n<\/li>\n<li>\n<h3>Heinz Forster<\/h3>\n<p>Ortsteil: Volkmannsdorf<\/p>\n<\/li>\n<li>\n<h3>Fritz Gandorfer<\/h3>\n<p>Ortsteil: Volkmannsdorferau<\/p>\n<\/li>\n<li>\n<h3>Michael Heigl<\/h3>\n<p>Ortsteil: Scheckenhofen<\/p>\n<\/li>\n<li>\n<h3>Ludwig Meixner<\/h3>\n<p>Ortsteil: Sixthaselbach<\/p>\n<\/li>\n<li>\n<h3>Michael M\u00fcller<\/h3>\n<p>Ortsteil: Volkmannsdorf<\/p>\n<\/li>\n<li>\n<h3>Dominik Sedlmeier<\/h3>\n<p>Ortsteil: Hagsdorf<\/p>\n<\/li>\n<li>\n<h3>Patrick Mengelkamp<\/h3>\n<p>Ortsteil: Volkmannsdorferau<\/p>\n<\/li>\n<li>\n<h3>Stefan Stangl<\/h3>\n<p>Ortsteil: Volkmannsdorferau<\/p>\n<\/li>\n<li>\n<h3>Dieter Wittmann<\/h3>\n<p>Ortsteil: Volkmannsdorf<\/p>\n<\/li>\n<li>\n<h3>Stefan Haas<\/h3>\n<p>Ortsteil: Wang<\/p>\n<\/li>\n<li>\n<h3>Josef G\u00f6tz<\/h3>\n<p>Ortsteil: Thulbach<\/p>\n<\/li>\n<li>\n<h3>Martin K\u00f6lnberger<\/h3>\n<p>Ortsteil: Thulbach<\/p>\n<\/li>\n<\/ul>\n<h2>Gesch\u00e4ftsordnung<\/h2>\n<p>\n    <a href=\"\/wang\/wp-content\/uploads\/sites\/3\/2022\/03\/geschftsordnung_wang_2020_26.pdf\">Gesch\u00e4ftsordnung des Gemeinderates 2020 \u2013 2026<\/a>\n<\/p>\n<p><!--more--><br \/>\n<!-- {\"name\":\"gemeinderatsmitglieder\",\"type\":\"layout\",\"children\":[{\"type\":\"section\",\"props\":{\"image_position\":\"center-center\",\"padding\":\"small\",\"padding_remove_bottom\":true,\"style\":\"default\",\"title_breakpoint\":\"xl\",\"title_position\":\"top-left\",\"title_rotation\":\"left\",\"vertical_align\":\"\",\"width\":\"default\"},\"children\":[{\"type\":\"row\",\"children\":[{\"type\":\"column\",\"props\":{\"image_position\":\"center-center\",\"position_sticky_breakpoint\":\"m\"},\"children\":[{\"type\":\"breadcrumbs\",\"props\":{\"show_current\":true,\"show_home\":true}}]}]}]},{\"type\":\"section\",\"props\":{\"image_position\":\"center-center\",\"style\":\"default\",\"title_breakpoint\":\"xl\",\"title_position\":\"top-left\",\"title_rotation\":\"left\",\"vertical_align\":\"\",\"width\":\"default\"},\"children\":[{\"type\":\"row\",\"children\":[{\"type\":\"column\",\"props\":{\"image_position\":\"center-center\",\"position_sticky_breakpoint\":\"m\"},\"children\":[{\"type\":\"headline\",\"props\":{\"content\":\"Gemeinderatsmitglieder\",\"margin_remove_bottom\":true,\"title_element\":\"h1\",\"title_style\":\"heading-small\"}},{\"type\":\"headline\",\"props\":{\"content\":\"2020 \\u2013 2026\",\"margin_remove_top\":true,\"title_color\":\"primary\",\"title_element\":\"h2\"}}]}]},{\"type\":\"row\",\"children\":[{\"type\":\"column\",\"props\":{\"image_position\":\"center-center\",\"position_sticky_breakpoint\":\"m\"},\"children\":[{\"type\":\"grid\",\"props\":{\"content_column_breakpoint\":\"m\",\"filter_align\":\"left\",\"filter_all\":true,\"filter_grid_breakpoint\":\"m\",\"filter_grid_width\":\"auto\",\"filter_position\":\"top\",\"filter_style\":\"tab\",\"grid_column_gap\":\"small\",\"grid_default\":\"1\",\"grid_medium\":\"3\",\"grid_row_gap\":\"small\",\"grid_small\":\"2\",\"icon_width\":80,\"image_align\":\"top\",\"image_grid_breakpoint\":\"m\",\"image_grid_width\":\"1-2\",\"image_svg_color\":\"emphasis\",\"item_animation\":true,\"link_style\":\"default\",\"link_text\":\"Read more\",\"margin\":\"default\",\"meta_align\":\"below-title\",\"meta_element\":\"div\",\"meta_margin\":\"small\",\"meta_style\":\"h5\",\"panel_padding\":\"small\",\"panel_style\":\"card-default\",\"parallax_easing\":\"1\",\"show_content\":true,\"show_image\":true,\"show_link\":true,\"show_meta\":true,\"show_title\":true,\"title_align\":\"top\",\"title_element\":\"h3\",\"title_grid_breakpoint\":\"m\",\"title_grid_width\":\"1-2\",\"title_hover_style\":\"reset\",\"title_style\":\"h4\"},\"children\":[{\"type\":\"grid_item\",\"props\":{\"meta\":\"Ortsteil: Volkmannsdorf\",\"title\":\"Markus St\\u00f6ber \\u2013 1. B\\u00fcrgermeister\"}},{\"type\":\"grid_item\",\"props\":{\"content\":\"\n\n<p>Ortsteil: Burschlag<\\\/p>\",\"meta\":\"\",\"title\":\"Josef Schwaiger - 2. B\\u00fcrgermeister\"}}]}]}]},{\"type\":\"row\",\"children\":[{\"type\":\"column\",\"props\":{\"image_position\":\"center-center\",\"position_sticky_breakpoint\":\"m\"},\"children\":[{\"type\":\"divider\",\"props\":{\"divider_element\":\"hr\"}}]}]},{\"type\":\"row\",\"children\":[{\"type\":\"column\",\"props\":{\"image_position\":\"center-center\",\"position_sticky_breakpoint\":\"m\"},\"children\":[{\"type\":\"grid\",\"props\":{\"content_column_breakpoint\":\"m\",\"filter_align\":\"left\",\"filter_all\":true,\"filter_grid_breakpoint\":\"m\",\"filter_grid_width\":\"auto\",\"filter_position\":\"top\",\"filter_style\":\"tab\",\"grid_column_gap\":\"small\",\"grid_default\":\"1\",\"grid_medium\":\"3\",\"grid_row_gap\":\"small\",\"grid_small\":\"2\",\"icon_width\":80,\"image_align\":\"top\",\"image_grid_breakpoint\":\"m\",\"image_grid_width\":\"1-2\",\"image_svg_color\":\"emphasis\",\"item_animation\":true,\"link_style\":\"default\",\"link_text\":\"Read more\",\"margin\":\"default\",\"meta_align\":\"below-title\",\"meta_element\":\"div\",\"meta_margin\":\"small\",\"meta_style\":\"h5\",\"panel_padding\":\"small\",\"panel_style\":\"card-default\",\"parallax_easing\":\"1\",\"show_content\":true,\"show_image\":true,\"show_link\":true,\"show_meta\":true,\"show_title\":true,\"title_align\":\"top\",\"title_element\":\"h3\",\"title_grid_breakpoint\":\"m\",\"title_grid_width\":\"1-2\",\"title_hover_style\":\"reset\",\"title_style\":\"h4\"},\"children\":[{\"type\":\"grid_item\",\"props\":{\"meta\":\"Ortsteil: Sp\\u00f6rerau\",\"title\":\"Dr. Thomas Kerscher\"}},{\"type\":\"grid_item\",\"props\":{\"meta\":\"Ortsteil: Volkmannsdorf\",\"title\":\"Heinz Forster\"}},{\"type\":\"grid_item\",\"props\":{\"content\":\"\",\"meta\":\"Ortsteil: Volkmannsdorferau\",\"title\":\"Fritz Gandorfer\"}},{\"type\":\"grid_item\",\"props\":{\"content\":\"\",\"meta\":\"Ortsteil: Scheckenhofen\",\"title\":\"Michael Heigl\"}},{\"type\":\"grid_item\",\"props\":{\"content\":\"\",\"meta\":\"Ortsteil: Sixthaselbach\",\"title\":\"Ludwig Meixner\"}},{\"type\":\"grid_item\",\"props\":{\"content\":\"\",\"meta\":\"Ortsteil: Volkmannsdorf\",\"title\":\"Michael M\\u00fcller\"}},{\"type\":\"grid_item\",\"props\":{\"content\":\"\",\"meta\":\"Ortsteil: Hagsdorf\",\"title\":\"Dominik Sedlmeier\"}},{\"type\":\"grid_item\",\"props\":{\"content\":\"\",\"meta\":\"Ortsteil: Volkmannsdorferau\",\"title\":\"Patrick Mengelkamp\"}},{\"type\":\"grid_item\",\"props\":{\"content\":\"\",\"meta\":\"Ortsteil: Volkmannsdorferau\",\"title\":\"Stefan Stangl\"}},{\"type\":\"grid_item\",\"props\":{\"content\":\"\",\"meta\":\"Ortsteil: Volkmannsdorf\",\"title\":\"Dieter Wittmann\"}},{\"type\":\"grid_item\",\"props\":{\"content\":\"\",\"meta\":\"Ortsteil: Wang\",\"title\":\"Stefan Haas\"}},{\"type\":\"grid_item\",\"props\":{\"content\":\"\",\"meta\":\"Ortsteil: Thulbach\",\"title\":\"Josef G\\u00f6tz\"}},{\"type\":\"grid_item\",\"props\":{\"content\":\"\",\"meta\":\"Ortsteil: Thulbach\",\"title\":\"Martin K\\u00f6lnberger\"}}]}]}]}]},{\"type\":\"section\",\"props\":{\"image_position\":\"center-center\",\"style\":\"default\",\"title_breakpoint\":\"xl\",\"title_position\":\"top-left\",\"title_rotation\":\"left\",\"vertical_align\":\"\",\"width\":\"default\"},\"children\":[{\"type\":\"row\",\"children\":[{\"type\":\"column\",\"props\":{\"image_position\":\"center-center\",\"position_sticky_breakpoint\":\"m\"},\"children\":[{\"type\":\"headline\",\"props\":{\"content\":\"Gesch\\u00e4ftsordnung\",\"margin_remove_bottom\":true,\"title_color\":\"primary\",\"title_element\":\"h2\",\"title_style\":\"h1\"}},{\"type\":\"button\",\"props\":{\"grid_column_gap\":\"small\",\"grid_row_gap\":\"small\",\"margin\":\"default\"},\"children\":[{\"type\":\"button_item\",\"props\":{\"button_style\":\"secondary\",\"content\":\"Gesch\\u00e4ftsordnung des Gemeinderates 2020 \\u2013 2026\",\"icon_align\":\"left\",\"link\":\"wp-content\\\/uploads\\\/sites\\\/3\\\/2022\\\/03\\\/geschftsordnung_wang_2020_26.pdf\"}}]}]}]}]}],\"version\":\"4.4.16\"} --><\/p>\n","protected":false},"excerpt":{"rendered":"<p>Gemeinderatsmitglieder 2020 \u2013 2026 Markus St\u00f6ber \u2013 1. B\u00fcrgermeister Ortsteil: Volkmannsdorf Josef Schwaiger &#8211; 2. B\u00fcrgermeister Ortsteil: Burschlag Dr. Thomas Kerscher Ortsteil: Sp\u00f6rerau Heinz Forster Ortsteil: Volkmannsdorf Fritz Gandorfer Ortsteil: Volkmannsdorferau Michael Heigl Ortsteil: Scheckenhofen Ludwig Meixner Ortsteil: Sixthaselbach Michael M\u00fcller Ortsteil: Volkmannsdorf Dominik Sedlmeier Ortsteil: Hagsdorf Patrick Mengelkamp Ortsteil: Volkmannsdorferau Stefan Stangl Ortsteil: Volkmannsdorferau [&hellip;]<\/p>\n","protected":false},"author":1,"featured_media":0,"parent":159,"menu_order":0,"comment_status":"closed","ping_status":"closed","template":"","meta":{"footnotes":""},"class_list":["post-165","page","type-page","status-publish","hentry"],"publishpress_future_action":{"enabled":false,"date":"2026-04-15 12:30:30","action":"change-status","newStatus":"draft","terms":[],"taxonomy":"","extraData":[]},"publishpress_future_workflow_manual_trigger":{"enabledWorkflows":[]},"_links":{"self":[{"href":"https:\/\/vg-mauern.de\/wang\/wp-json\/wp\/v2\/pages\/165","targetHints":{"allow":["GET"]}}],"collection":[{"href":"https:\/\/vg-mauern.de\/wang\/wp-json\/wp\/v2\/pages"}],"about":[{"href":"https:\/\/vg-mauern.de\/wang\/wp-json\/wp\/v2\/types\/page"}],"author":[{"embeddable":true,"href":"https:\/\/vg-mauern.de\/wang\/wp-json\/wp\/v2\/users\/1"}],"replies":[{"embeddable":true,"href":"https:\/\/vg-mauern.de\/wang\/wp-json\/wp\/v2\/comments?post=165"}],"version-history":[{"count":10,"href":"https:\/\/vg-mauern.de\/wang\/wp-json\/wp\/v2\/pages\/165\/revisions"}],"predecessor-version":[{"id":3193,"href":"https:\/\/vg-mauern.de\/wang\/wp-json\/wp\/v2\/pages\/165\/revisions\/3193"}],"up":[{"embeddable":true,"href":"https:\/\/vg-mauern.de\/wang\/wp-json\/wp\/v2\/pages\/159"}],"wp:attachment":[{"href":"https:\/\/vg-mauern.de\/wang\/wp-json\/wp\/v2\/media?parent=165"}],"curies":[{"name":"wp","href":"https:\/\/api.w.org\/{rel}","templated":true}]}}