{"id":167,"date":"2022-03-23T16:31:59","date_gmt":"2022-03-23T15:31:59","guid":{"rendered":"https:\/\/demo.vg-mauern.de\/wang\/?page_id=167"},"modified":"2025-04-30T12:46:04","modified_gmt":"2025-04-30T10:46:04","slug":"ausschuesse","status":"publish","type":"page","link":"https:\/\/vg-mauern.de\/wang\/gemeinde\/ausschuesse\/","title":{"rendered":"Aussch\u00fcsse"},"content":{"rendered":"<h1>Aussch\u00fcsse der Gemeinde Wang<\/h1>\n<ul>\n<li>\n<h4>Gemeinschaftsversammlung der VG Mauern<\/h4>\n<div>\n<p>1. B\u00fcrgermeister Markus St\u00f6ber<br \/>Stellvertreter: 2. B\u00fcrgermeister Josef Schwaiger<\/p>\n<p>2. B\u00fcrgermeister Josef Schwaiger<br \/>Stellvertreter: Dr. Thomas Kerscher<\/p>\n<p>Michael Heigl<br \/>Stellvertreter: Dominik Sedlmeier<\/p>\n<p>Michael M\u00fcller<br \/>Stellvertreter: Heinz Forster<\/p>\n<\/div>\n<\/li>\n<li>\n<h4>Wasserzweckverband H\u00f6rgertshausener Gruppe<\/h4>\n<div>\n<p>1. B\u00fcrgermeister Markus St\u00f6ber <br \/>Stellvertreter: 2. B\u00fcrgermeister Josef Schwaiger<\/p>\n<p>Josef G\u00f6tz<br \/>Stellvertreter: Martin K\u00f6lnberger<\/p>\n<p>Dieter Wittmann<br \/>Stellvertreter: Michael M\u00fcller<\/p>\n<p>Patrick Mengelkamp<br \/>Stellvertreter: Fritz Gandorfer<\/p>\n<\/div>\n<\/li>\n<li>\n<h4>Wasserzweckverband Baumgartner Gruppe<\/h4>\n<div>\n<p>1.B\u00fcrgermeister Markus St\u00f6ber<br \/>Stellvertreter: 2. B\u00fcrgermeister Josef Schwaiger<\/p>\n<p>Dominik Sedlmeier<br \/>Stellvertreter: Ludwig Meixner<\/p>\n<\/div>\n<\/li>\n<li>\n<h4>Wasserzweckverband Isar-Vils-Gruppe<\/h4>\n<div>\n<p>1.B\u00fcrgermeister Markus St\u00f6ber<br \/>Stellvertreter: Dr. Thomas Kerscher<\/p>\n<\/div>\n<\/li>\n<li>\n<h4>Schulverband Gammelsdorf<\/h4>\n<div>\n<p>1.B\u00fcrgermeister Markus St\u00f6ber<br \/>Stellvertreter: 2. B\u00fcrgermeister Josef Schwaiger<\/p>\n<\/div>\n<\/li>\n<li>\n<h4>Rechnungspr\u00fcfungsausschuss<\/h4>\n<div>\n<p>Vorsitzender 2. B\u00fcrgermeister Josef Schwaiger<br \/>Stellvertreter: Ludwig Meixner<\/p>\n<p>Stefan Stangl<br \/>Stellvertreter: Fritz Gandorfer<\/p>\n<p>Michael M\u00fcller<br \/>Stellvertreter: Stefan Haas<\/p>\n<\/div>\n<\/li>\n<\/ul>\n<p><!--more--><br \/>\n<!-- {\"name\":\"ausschuss\",\"type\":\"layout\",\"children\":[{\"type\":\"section\",\"props\":{\"image_position\":\"center-center\",\"padding\":\"small\",\"padding_remove_bottom\":true,\"style\":\"default\",\"title_breakpoint\":\"xl\",\"title_position\":\"top-left\",\"title_rotation\":\"left\",\"vertical_align\":\"\",\"width\":\"default\"},\"children\":[{\"type\":\"row\",\"children\":[{\"type\":\"column\",\"props\":{\"image_position\":\"center-center\",\"position_sticky_breakpoint\":\"m\"},\"children\":[{\"type\":\"breadcrumbs\",\"props\":{\"show_current\":true,\"show_home\":true}}]}]}]},{\"type\":\"section\",\"props\":{\"image_position\":\"center-center\",\"style\":\"default\",\"title_breakpoint\":\"xl\",\"title_position\":\"top-left\",\"title_rotation\":\"left\",\"vertical_align\":\"\",\"width\":\"default\"},\"children\":[{\"type\":\"row\",\"children\":[{\"type\":\"column\",\"props\":{\"image_position\":\"center-center\",\"position_sticky_breakpoint\":\"m\"},\"children\":[{\"type\":\"headline\",\"props\":{\"content\":\"Aussch\\u00fcsse der Gemeinde Wang\",\"title_element\":\"h1\",\"title_style\":\"heading-small\"}}]}]},{\"type\":\"row\",\"children\":[{\"type\":\"column\",\"props\":{\"image_position\":\"center-center\",\"position_sticky_breakpoint\":\"m\"},\"children\":[{\"type\":\"grid\",\"props\":{\"content_column_breakpoint\":\"m\",\"filter_align\":\"left\",\"filter_all\":true,\"filter_grid_breakpoint\":\"m\",\"filter_grid_width\":\"auto\",\"filter_position\":\"top\",\"filter_style\":\"tab\",\"grid_column_gap\":\"medium\",\"grid_default\":\"1\",\"grid_medium\":\"2\",\"grid_row_gap\":\"medium\",\"icon_width\":80,\"image_align\":\"top\",\"image_grid_breakpoint\":\"m\",\"image_grid_width\":\"1-2\",\"image_svg_color\":\"emphasis\",\"item_animation\":true,\"link_style\":\"default\",\"link_text\":\"Read more\",\"margin\":\"default\",\"meta_align\":\"below-title\",\"meta_element\":\"div\",\"meta_style\":\"text-meta\",\"panel_link\":true,\"panel_padding\":\"small\",\"panel_style\":\"card-default\",\"parallax_easing\":\"1\",\"show_content\":true,\"show_image\":true,\"show_link\":true,\"show_meta\":true,\"show_title\":true,\"title_align\":\"top\",\"title_color\":\"primary\",\"title_decoration\":\"divider\",\"title_element\":\"h4\",\"title_grid_breakpoint\":\"m\",\"title_grid_width\":\"1-2\",\"title_hover_style\":\"reset\",\"title_style\":\"h4\"},\"children\":[{\"type\":\"grid_item\",\"props\":{\"content\":\"\n\n<p>1. B\\u00fcrgermeister Markus St\\u00f6ber<br \\\/>Stellvertreter: 2. B\\u00fcrgermeister Josef Schwaiger<\\\/p>\\n\n\n<p>2. B\\u00fcrgermeister Josef Schwaiger<br \\\/>Stellvertreter: Dr. Thomas Kerscher<\\\/p>\\n\n\n<p>Michael Heigl<br \\\/>Stellvertreter: Dominik Sedlmeier<\\\/p>\\n\n\n<p>Michael M\\u00fcller<br \\\/>Stellvertreter: Heinz Forster<\\\/p>\",\"meta\":\"\",\"title\":\"Gemeinschaftsversammlung der VG Mauern\"}},{\"type\":\"grid_item\",\"props\":{\"content\":\"\n\n<p>1. B\\u00fcrgermeister Markus St\\u00f6ber <br \\\/>Stellvertreter: 2. B\\u00fcrgermeister Josef Schwaiger<\\\/p>\\n\n\n<p>Josef G\\u00f6tz<br \\\/>Stellvertreter: Martin K\\u00f6lnberger<\\\/p>\\n\n\n<p>Dieter Wittmann<br \\\/>Stellvertreter: Michael M\\u00fcller<\\\/p>\\n\n\n<p>Patrick Mengelkamp<br \\\/>Stellvertreter: Fritz Gandorfer<\\\/p>\",\"meta\":\"\",\"title\":\"Wasserzweckverband H\\u00f6rgertshausener Gruppe\"}},{\"type\":\"grid_item\",\"props\":{\"content\":\"\n\n<p>1.B\\u00fcrgermeister Markus St\\u00f6ber<br \\\/>Stellvertreter: 2. B\\u00fcrgermeister Josef Schwaiger<\\\/p>\\n\n\n<p>Dominik Sedlmeier<br \\\/>Stellvertreter: Ludwig Meixner<\\\/p>\",\"meta\":\"\",\"title\":\"Wasserzweckverband Baumgartner Gruppe\"}},{\"type\":\"grid_item\",\"props\":{\"content\":\"\n\n<p>1.B\\u00fcrgermeister Markus St\\u00f6ber<br \\\/>Stellvertreter: Dr. Thomas Kerscher<\\\/p>\",\"meta\":\"\",\"title\":\"Wasserzweckverband Isar-Vils-Gruppe\"}},{\"type\":\"grid_item\",\"props\":{\"content\":\"\n\n<p>1.B\\u00fcrgermeister Markus St\\u00f6ber<br \\\/>Stellvertreter: 2. B\\u00fcrgermeister Josef Schwaiger<\\\/p>\",\"meta\":\"\",\"title\":\"Schulverband Gammelsdorf\"}},{\"type\":\"grid_item\",\"props\":{\"content\":\"\n\n<p>Vorsitzender 2. B\\u00fcrgermeister Josef Schwaiger<br \\\/>Stellvertreter: Ludwig Meixner<\\\/p>\\n\n\n<p>Stefan Stangl<br \\\/>Stellvertreter: Fritz Gandorfer<\\\/p>\\n\n\n<p>Michael M\\u00fcller<br \\\/>Stellvertreter: Stefan Haas<\\\/p>\",\"title\":\"Rechnungspr\\u00fcfungsausschuss\"}}]}]}]}]}],\"version\":\"4.4.16\"} --><\/p>\n","protected":false},"excerpt":{"rendered":"<p>Aussch\u00fcsse der Gemeinde Wang Gemeinschaftsversammlung der VG Mauern 1. B\u00fcrgermeister Markus St\u00f6berStellvertreter: 2. B\u00fcrgermeister Josef Schwaiger 2. B\u00fcrgermeister Josef SchwaigerStellvertreter: Dr. Thomas Kerscher Michael HeiglStellvertreter: Dominik Sedlmeier Michael M\u00fcllerStellvertreter: Heinz Forster Wasserzweckverband H\u00f6rgertshausener Gruppe 1. B\u00fcrgermeister Markus St\u00f6ber Stellvertreter: 2. B\u00fcrgermeister Josef Schwaiger Josef G\u00f6tzStellvertreter: Martin K\u00f6lnberger Dieter WittmannStellvertreter: Michael M\u00fcller Patrick MengelkampStellvertreter: Fritz Gandorfer [&hellip;]<\/p>\n","protected":false},"author":1,"featured_media":0,"parent":159,"menu_order":0,"comment_status":"closed","ping_status":"closed","template":"","meta":{"footnotes":""},"class_list":["post-167","page","type-page","status-publish","hentry"],"publishpress_future_action":{"enabled":false,"date":"2026-04-17 11:38:50","action":"change-status","newStatus":"draft","terms":[],"taxonomy":"","extraData":[]},"publishpress_future_workflow_manual_trigger":{"enabledWorkflows":[]},"_links":{"self":[{"href":"https:\/\/vg-mauern.de\/wang\/wp-json\/wp\/v2\/pages\/167","targetHints":{"allow":["GET"]}}],"collection":[{"href":"https:\/\/vg-mauern.de\/wang\/wp-json\/wp\/v2\/pages"}],"about":[{"href":"https:\/\/vg-mauern.de\/wang\/wp-json\/wp\/v2\/types\/page"}],"author":[{"embeddable":true,"href":"https:\/\/vg-mauern.de\/wang\/wp-json\/wp\/v2\/users\/1"}],"replies":[{"embeddable":true,"href":"https:\/\/vg-mauern.de\/wang\/wp-json\/wp\/v2\/comments?post=167"}],"version-history":[{"count":10,"href":"https:\/\/vg-mauern.de\/wang\/wp-json\/wp\/v2\/pages\/167\/revisions"}],"predecessor-version":[{"id":3202,"href":"https:\/\/vg-mauern.de\/wang\/wp-json\/wp\/v2\/pages\/167\/revisions\/3202"}],"up":[{"embeddable":true,"href":"https:\/\/vg-mauern.de\/wang\/wp-json\/wp\/v2\/pages\/159"}],"wp:attachment":[{"href":"https:\/\/vg-mauern.de\/wang\/wp-json\/wp\/v2\/media?parent=167"}],"curies":[{"name":"wp","href":"https:\/\/api.w.org\/{rel}","templated":true}]}}