{"id":171,"date":"2022-03-23T16:33:27","date_gmt":"2022-03-23T15:33:27","guid":{"rendered":"https:\/\/demo.vg-mauern.de\/wang\/?page_id=171"},"modified":"2026-04-29T10:09:40","modified_gmt":"2026-04-29T08:09:40","slug":"aktuelles","status":"publish","type":"page","link":"https:\/\/vg-mauern.de\/wang\/gemeinde\/aktuelles\/","title":{"rendered":"Aktuelles"},"content":{"rendered":"<h1>Aktuelles aus dem Landratsamt<\/h1>\n<div>\n<p>Optimierung der Abfallwirtschaft: Landkreis verwaltet Rest- und Biom\u00fclltonnen wieder selbst &#8211; Sperrm\u00fcllgeb\u00fchr f\u00e4llt weg.<\/p>\n<p><a href=\"https:\/\/www.kreis-freising.de\/news-veranstaltungen\/news\/detail\/detail\/optimierung-der-abfallwirtschaft-landkreis-verwaltet-rest-und-biomuelltonnen-wieder-selbst-sperrmuellgebuehr-faellt-weg.html\">N\u00e4heres dar\u00fcber erfahren Sie hier<\/a><\/p>\n<\/div>\n<h1>Bauparzellen im Baugebiet Sixthaselbach Nord<\/h1>\n<div>\n<p>Die Gemeinde Wang ist im Besitz von Baugrundst\u00fccken, welche durch die freih\u00e4ndige Vergabe ver\u00e4u\u00dfert werden.<\/p>\n<p><a href=\"https:\/\/vg-mauern.de\/wang\/bauland\/baugebiete\/\">N\u00e4heres dar\u00fcber erfahren Sie hier<\/a><\/p>\n<\/div>\n<h1>Aktuelles<\/h1>\n<div>\n<p>Hier k\u00f6nnen Sie die Gemeinderundschreiben der Gemeinde Wang als PDF-Datei herunterladen.<\/p>\n<\/div>\n<ul>\n<li>\n<p><a href=\"\/wang\/wp-content\/uploads\/sites\/3\/2025\/12\/2025_Dezember_Gemeinderundschreiben_Wang.pdf\"><\/p>\n<p>Gemeinderundschreiben Dezember 2025<\/p>\n<p><\/a><\/p>\n<\/li>\n<li>\n<p><a href=\"\/wang\/wp-content\/uploads\/sites\/3\/2025\/05\/Buergerversammlung-Wang-2025-PPP.pdf\"><\/p>\n<p>B\u00fcrgerversammlung 2025 Powerpoint Pr\u00e4sentation<\/p>\n<p><\/a><\/p>\n<\/li>\n<li>\n<p><a href=\"\/wang\/wp-content\/uploads\/sites\/3\/2025\/05\/Buergerversammlung-2025-Wang-Infobroschuere.pdf\"><\/p>\n<p>B\u00fcrgerversammlung 2025 Infobrosch\u00fcre<\/p>\n<p><\/a><\/p>\n<\/li>\n<li>\n<p><a href=\"\/wang\/wp-content\/uploads\/sites\/3\/2025\/03\/2025-Februar-Seniorenblatt-Wang-1.pdf\"><\/p>\n<p>Seniorenblatt Ausgabe Februar 2025<\/p>\n<p><\/a><\/p>\n<\/li>\n<li>\n<p><a href=\"\/wang\/wp-content\/uploads\/sites\/3\/2025\/12\/2026_Veranstaltungskalender_Wang.pdf\"><\/p>\n<p>Veranstaltungskalender 2026<\/p>\n<p><\/a><\/p>\n<\/li>\n<\/ul>\n<p>\n    <a href=\"\/wang\/gemeinde\/aktuelles\/archiv-aktuelles\/\">Zu den Gemeinderundschreiben der letzten Jahre<\/a>\n<\/p>\n<p><!--more--><br \/>\n<!-- {\"type\":\"layout\",\"children\":[{\"type\":\"section\",\"props\":{\"image_position\":\"center-center\",\"padding\":\"small\",\"padding_remove_bottom\":true,\"style\":\"default\",\"title_breakpoint\":\"xl\",\"title_position\":\"top-left\",\"title_rotation\":\"left\",\"vertical_align\":\"\",\"width\":\"default\"},\"children\":[{\"type\":\"row\",\"children\":[{\"type\":\"column\",\"props\":{\"image_position\":\"center-center\",\"position_sticky_breakpoint\":\"m\"},\"children\":[{\"type\":\"breadcrumbs\",\"props\":{\"show_current\":true,\"show_home\":true}}]}]}]},{\"type\":\"section\",\"props\":{\"image_position\":\"center-center\",\"style\":\"default\",\"title_breakpoint\":\"xl\",\"title_position\":\"top-left\",\"title_rotation\":\"left\",\"vertical_align\":\"\",\"width\":\"default\"},\"children\":[{\"type\":\"row\",\"children\":[{\"type\":\"column\",\"props\":{\"image_position\":\"center-center\",\"position_sticky_breakpoint\":\"m\"},\"children\":[{\"type\":\"headline\",\"props\":{\"content\":\"Vergabe Grundst\\u00fccke im Gewerbegebiet \\\"Dobelfeld\\\"\",\"status\":\"disabled\",\"title_element\":\"h1\",\"title_style\":\"heading-small\"}},{\"type\":\"text\",\"props\":{\"column_breakpoint\":\"m\",\"content\":\"\n\n<p>Die Gemeinde Wang ver\\u00e4u\\u00dfert im Zeitraum vom 26. Januar bis 20. Februar 2026, 12 Uhr, die ersten Parzellen im aktuell entstehenden Gewerbegebiet \\\"Dobelfeld\\\".<\\\/p>\\n\n\n<p><a href=\\\"https:\\\/\\\/vg-mauern.de\\\/wang\\\/bauland\\\/gewerbeflaechen\\\/\\\">N\\u00e4heres dar\\u00fcber erfahren Sie hier<\\\/a><\\\/p>\",\"margin\":\"default\",\"status\":\"disabled\"}},{\"type\":\"headline\",\"props\":{\"content\":\"Aktuelles aus dem Landratsamt\",\"title_element\":\"h1\",\"title_style\":\"heading-small\"}},{\"type\":\"text\",\"props\":{\"column_breakpoint\":\"m\",\"content\":\"\n\n<p>Optimierung der Abfallwirtschaft: Landkreis verwaltet Rest- und Biom\\u00fclltonnen wieder selbst - Sperrm\\u00fcllgeb\\u00fchr f\\u00e4llt weg.<\\\/p>\\n\n\n<p><a href=\\\"https:\\\/\\\/www.kreis-freising.de\\\/news-veranstaltungen\\\/news\\\/detail\\\/detail\\\/optimierung-der-abfallwirtschaft-landkreis-verwaltet-rest-und-biomuelltonnen-wieder-selbst-sperrmuellgebuehr-faellt-weg.html\\\">N\\u00e4heres dar\\u00fcber erfahren Sie hier<\\\/a><\\\/p>\",\"margin\":\"default\"}},{\"type\":\"headline\",\"props\":{\"content\":\"Bauparzellen im Baugebiet Sixthaselbach Nord\",\"title_element\":\"h1\",\"title_style\":\"heading-small\"}},{\"type\":\"text\",\"props\":{\"column_breakpoint\":\"m\",\"content\":\"\n\n<p>Die Gemeinde Wang ist im Besitz von Baugrundst\\u00fccken, welche durch die freih\\u00e4ndige Vergabe ver\\u00e4u\\u00dfert werden.<\\\/p>\\n\n\n<p><a href=\\\"https:\\\/\\\/vg-mauern.de\\\/wang\\\/bauland\\\/baugebiete\\\/\\\">N\\u00e4heres dar\\u00fcber erfahren Sie hier<\\\/a><\\\/p>\",\"margin\":\"default\"}},{\"type\":\"headline\",\"props\":{\"content\":\"Aktuelles\",\"title_element\":\"h1\",\"title_style\":\"heading-small\"}},{\"type\":\"text\",\"props\":{\"column_breakpoint\":\"m\",\"content\":\"\n\n<p>Hier k\\u00f6nnen Sie die Gemeinderundschreiben der Gemeinde Wang als PDF-Datei herunterladen.<\\\/p>\",\"margin\":\"default\"}}]}]},{\"type\":\"row\",\"children\":[{\"type\":\"column\",\"props\":{\"image_position\":\"center-center\",\"position_sticky_breakpoint\":\"m\"},\"children\":[{\"type\":\"list\",\"props\":{\"column_breakpoint\":\"m\",\"icon\":\"arrow-right\",\"icon_color\":\"primary\",\"image_align\":\"left\",\"image_svg_color\":\"emphasis\",\"image_vertical_align\":false,\"list_element\":\"ul\",\"list_horizontal_separator\":\", \",\"list_style\":\"divider\",\"list_type\":\"vertical\",\"margin\":\"medium\",\"show_image\":true,\"show_link\":true},\"children\":[{\"type\":\"list_item\",\"props\":{\"content\":\"\n\n<p>Gemeinderundschreiben Dezember 2025<\\\/p>\",\"link\":\"wp-content\\\/uploads\\\/sites\\\/3\\\/2025\\\/12\\\/2025_Dezember_Gemeinderundschreiben_Wang.pdf\",\"link_target\":true}},{\"type\":\"list_item\",\"props\":{\"content\":\"\n\n<p>B\\u00fcrgerversammlung 2025 Powerpoint Pr\\u00e4sentation<\\\/p>\",\"link\":\"wp-content\\\/uploads\\\/sites\\\/3\\\/2025\\\/05\\\/Buergerversammlung-Wang-2025-PPP.pdf\",\"link_target\":true}},{\"type\":\"list_item\",\"props\":{\"content\":\"\n\n<p>B\\u00fcrgerversammlung 2025 Infobrosch\\u00fcre<\\\/p>\",\"link\":\"wp-content\\\/uploads\\\/sites\\\/3\\\/2025\\\/05\\\/Buergerversammlung-2025-Wang-Infobroschuere.pdf\",\"link_target\":true}},{\"type\":\"list_item\",\"props\":{\"content\":\"\n\n<p>Seniorenblatt Ausgabe Februar 2025<\\\/p>\",\"link\":\"wp-content\\\/uploads\\\/sites\\\/3\\\/2025\\\/03\\\/2025-Februar-Seniorenblatt-Wang-1.pdf\",\"link_target\":true}},{\"type\":\"list_item\",\"props\":{\"content\":\"\n\n<p>Veranstaltungskalender 2026<\\\/p>\",\"link\":\"wp-content\\\/uploads\\\/sites\\\/3\\\/2025\\\/12\\\/2026_Veranstaltungskalender_Wang.pdf\",\"link_target\":true}}]}]}]},{\"type\":\"row\",\"children\":[{\"type\":\"column\",\"props\":{\"image_position\":\"center-center\",\"position_sticky_breakpoint\":\"m\"},\"children\":[{\"type\":\"button\",\"props\":{\"grid_column_gap\":\"small\",\"grid_row_gap\":\"small\",\"margin\":\"default\"},\"children\":[{\"type\":\"button_item\",\"props\":{\"button_style\":\"primary\",\"content\":\"Zu den Gemeinderundschreiben der letzten Jahre\",\"icon\":\"arrow-right\",\"icon_align\":\"left\",\"link\":\"gemeinde\\\/aktuelles\\\/archiv-aktuelles\\\/\"}}]}]}]}]}],\"version\":\"4.4.16\"} --><\/p>\n","protected":false},"excerpt":{"rendered":"<p>Aktuelles aus dem Landratsamt Optimierung der Abfallwirtschaft: Landkreis verwaltet Rest- und Biom\u00fclltonnen wieder selbst &#8211; Sperrm\u00fcllgeb\u00fchr f\u00e4llt weg. N\u00e4heres dar\u00fcber erfahren Sie hier Bauparzellen im Baugebiet Sixthaselbach Nord Die Gemeinde Wang ist im Besitz von Baugrundst\u00fccken, welche durch die freih\u00e4ndige Vergabe ver\u00e4u\u00dfert werden. N\u00e4heres dar\u00fcber erfahren Sie hier Aktuelles Hier k\u00f6nnen Sie die Gemeinderundschreiben der [&hellip;]<\/p>\n","protected":false},"author":1,"featured_media":0,"parent":159,"menu_order":0,"comment_status":"closed","ping_status":"closed","template":"","meta":{"footnotes":""},"class_list":["post-171","page","type-page","status-publish","hentry"],"publishpress_future_action":{"enabled":false,"date":"2026-05-09 18:09:51","action":"change-status","newStatus":"draft","terms":[],"taxonomy":"","extraData":[]},"publishpress_future_workflow_manual_trigger":{"enabledWorkflows":[]},"_links":{"self":[{"href":"https:\/\/vg-mauern.de\/wang\/wp-json\/wp\/v2\/pages\/171","targetHints":{"allow":["GET"]}}],"collection":[{"href":"https:\/\/vg-mauern.de\/wang\/wp-json\/wp\/v2\/pages"}],"about":[{"href":"https:\/\/vg-mauern.de\/wang\/wp-json\/wp\/v2\/types\/page"}],"author":[{"embeddable":true,"href":"https:\/\/vg-mauern.de\/wang\/wp-json\/wp\/v2\/users\/1"}],"replies":[{"embeddable":true,"href":"https:\/\/vg-mauern.de\/wang\/wp-json\/wp\/v2\/comments?post=171"}],"version-history":[{"count":10,"href":"https:\/\/vg-mauern.de\/wang\/wp-json\/wp\/v2\/pages\/171\/revisions"}],"predecessor-version":[{"id":3784,"href":"https:\/\/vg-mauern.de\/wang\/wp-json\/wp\/v2\/pages\/171\/revisions\/3784"}],"up":[{"embeddable":true,"href":"https:\/\/vg-mauern.de\/wang\/wp-json\/wp\/v2\/pages\/159"}],"wp:attachment":[{"href":"https:\/\/vg-mauern.de\/wang\/wp-json\/wp\/v2\/media?parent=171"}],"curies":[{"name":"wp","href":"https:\/\/api.w.org\/{rel}","templated":true}]}}