{"id":175,"date":"2022-03-23T16:34:51","date_gmt":"2022-03-23T15:34:51","guid":{"rendered":"https:\/\/demo.vg-mauern.de\/wang\/?page_id=175"},"modified":"2025-10-17T11:09:57","modified_gmt":"2025-10-17T09:09:57","slug":"satzungen","status":"publish","type":"page","link":"https:\/\/vg-mauern.de\/wang\/gemeinde\/satzungen\/","title":{"rendered":"Satzungen"},"content":{"rendered":"<h1>Satzungen<\/h1>\n<ul>\n<li>\n<p><a href=\"\/wang\/wp-content\/uploads\/sites\/3\/2025\/09\/Stellplatzsatzung-Wang.pdf\">Stellplatzsatzung der Gemeinde Wang &#8211; g\u00fcltig ab 01.10.2025<\/a><\/p>\n<\/li>\n<li>\n<p><a href=\"\/wang\/wp-content\/uploads\/sites\/3\/2025\/06\/Gebuehrensatzung-KiTa-Wang-ab-01.09.2025.pdf\"><\/p>\n<p>Kindertageseinrichtungs-Geb\u00fchrensatzung \u2013 g\u00fcltig ab 01.09.2025<\/p>\n<p><\/a><\/p>\n<\/li>\n<li>\n<p><a href=\"\/wang\/wp-content\/uploads\/sites\/3\/2024\/08\/unterz.-Gestaltungssatzung.pdf\">Satzung der Gemeinde Wang \u00fcber die Anforderungen an die \u00e4u\u00dfere Gestaltung der Stellpl\u00e4tze f\u00fcr Kraftfahrzeuge und Garagen im Gemeindegebiet Wang &#8211; g\u00fcltig ab 01.08.2024<\/a><\/p>\n<\/li>\n<li>\n<p><a href=\"\/wang\/wp-content\/uploads\/sites\/3\/2024\/04\/Satzung-ueber-die-Entsorgung-von-Bauschutt-und-Gruengut-Gemeinde-Wang-Benutzungsstzung-ab-01.04.2024.pdf\"><\/p>\n<p>Satzung \u00fcber die Entsorgung von Bauschutt und Gr\u00fcngut in der Gemeinde Wang (Benutzungssatzung) &#8211; g\u00fcltig ab 01.04.2024<\/p>\n<p><\/a><\/p>\n<\/li>\n<li>\n<p><a href=\"\/wang\/wp-content\/uploads\/sites\/3\/2024\/04\/Gebuehrensatzung-zur-Stzung-ueber-die-Entsorgung-von-Bauschutt-und-Gruengut-Gemeinde-Wang-ab-01.04.2024.pdf\"><\/p>\n<p>Geb\u00fchrensatzung zur Satzung \u00fcber die Entsorgung von Bauschutt und Gr\u00fcngut in der Gemeinde Wang &#8211; g\u00fcltig ab 01.04.2024<\/p>\n<p><\/a><\/p>\n<\/li>\n<li>\n<p><a href=\"\/wang\/wp-content\/uploads\/sites\/3\/2023\/12\/BGS-EWS-Wang-1.-Aenderung-ab-01.01.2024.pdf\"><\/p>\n<p>Erste Satzung zur \u00c4nderung der Beitrags- und Geb\u00fchrensatzung zur Entw\u00e4sserungssatzung (BGS-EWS) &#8211; g\u00fcltig ab 01.01.2024<\/p>\n<p><\/a><\/p>\n<\/li>\n<li>\n<p><a href=\"\/wang\/wp-content\/uploads\/sites\/3\/2023\/04\/Kindertageseinrichtungssatzung-Wang-ab-01.09.23.pdf\"><\/p>\n<p><a href=\"\/wang\/wp-content\/uploads\/sites\/3\/2022\/03\/kita_einrichtungssatzung_2014.pdf\" target=\"_blanke\">Kindertageseinrichtungssatzung<\/a> \u2013 g\u00fcltig ab 01.09.2023<\/p>\n<p><\/a><\/p>\n<\/li>\n<li>\n<div>\n<p><a href=\"\/wang\/wp-content\/uploads\/sites\/3\/2022\/03\/verordnung_winterdienst.pdf\" target=\"_blanke\">Verordnung \u00fcber die Reinhaltung und Reinigung der \u00f6ffentlichen Stra\u00dfen und die Sicherung der Gehbahnen im Winter<\/a> \u2013 g\u00fcltig ab 01.03.2021<\/p>\n<\/div>\n<\/li>\n<li>\n<div>\n<p><a href=\"\/wang\/wp-content\/uploads\/sites\/3\/2022\/03\/hundesteuersatzung_wang_2021.pdf\" target=\"_blanke\">Hundesteuersatzung<\/a> \u2013 g\u00fcltig ab 01.01.2021<\/p>\n<\/div>\n<\/li>\n<li>\n<div>\n<p><a href=\"\/wp-content\/uploads\/sites\/3\/2022\/03\/ews_wang_2019.pdf\" target=\"_blanke\">Satzung f\u00fcr die \u00f6ffentliche Entw\u00e4sserungsanlage der Gemeinde Wang (Entw\u00e4sserungssatzung &#8211; EWS)<\/a> \u2013 g\u00fcltig ab 01.01.2019<\/p>\n<\/div>\n<\/li>\n<li>\n<div>\n<p><a href=\"\/wp-content\/uploads\/sites\/3\/2022\/03\/bgs_ews_wang_2019.pdf\" target=\"_blanke\">Beitrags- und Geb\u00fchrensatzung zur Entw\u00e4sserungssatzung (BGS-EWS) der Gemeinde Wang <\/a>\u2013 g\u00fcltig ab 01.01.2019<\/p>\n<\/div>\n<\/li>\n<li>\n<div>\n<p><a href=\"\/wang\/wp-content\/uploads\/sites\/3\/2022\/03\/waschanlagen.pdf\" target=\"_blank\" rel=\"noopener\">Rechtsverordnung \u00fcber Autowaschanlagen an Sonn- und Feiertagen<\/a> \u2013 g\u00fcltig ab 21.06.2006<\/p>\n<\/div>\n<\/li>\n<li>\n<div>\n<p><a href=\"\/wang\/wp-content\/uploads\/sites\/3\/2022\/03\/feuerwehreinsatz.pdf\" target=\"_blank\" rel=\"noopener\">Feuerwehraufwandssatzung<\/a> \u2013 g\u00fcltig ab 05.04.2005<\/p>\n<\/div>\n<\/li>\n<li>\n<div>\n<p><a href=\"\/wang\/wp-content\/uploads\/sites\/3\/2022\/03\/kostensatzung.pdf\" target=\"_blanke\">Kostensatzung \u00fcber Verwaltungskosten<\/a> \u2013 g\u00fcltig ab 01.01.2002<\/p>\n<\/div>\n<\/li>\n<\/ul>\n<p><!--more--><br \/>\n<!-- {\"type\":\"layout\",\"children\":[{\"type\":\"section\",\"props\":{\"image_position\":\"center-center\",\"padding\":\"small\",\"padding_remove_bottom\":true,\"style\":\"default\",\"title_breakpoint\":\"xl\",\"title_position\":\"top-left\",\"title_rotation\":\"left\",\"vertical_align\":\"\",\"width\":\"default\"},\"children\":[{\"type\":\"row\",\"children\":[{\"type\":\"column\",\"props\":{\"image_position\":\"center-center\",\"position_sticky_breakpoint\":\"m\"},\"children\":[{\"type\":\"breadcrumbs\",\"props\":{\"show_current\":true,\"show_home\":true}}]}]}]},{\"type\":\"section\",\"props\":{\"image_position\":\"center-center\",\"style\":\"default\",\"title_breakpoint\":\"xl\",\"title_position\":\"top-left\",\"title_rotation\":\"left\",\"vertical_align\":\"\",\"width\":\"default\"},\"children\":[{\"type\":\"row\",\"children\":[{\"type\":\"column\",\"props\":{\"image_position\":\"center-center\",\"position_sticky_breakpoint\":\"m\"},\"children\":[{\"type\":\"headline\",\"props\":{\"content\":\"Satzungen\",\"title_element\":\"h1\",\"title_style\":\"heading-small\"}}]}]},{\"type\":\"row\",\"children\":[{\"type\":\"column\",\"props\":{\"image_position\":\"center-center\",\"position_sticky_breakpoint\":\"m\"},\"children\":[{\"type\":\"list\",\"props\":{\"column_breakpoint\":\"m\",\"icon\":\"arrow-right\",\"icon_color\":\"primary\",\"image_align\":\"left\",\"image_svg_color\":\"emphasis\",\"image_vertical_align\":false,\"list_element\":\"ul\",\"list_horizontal_separator\":\", \",\"list_style\":\"divider\",\"list_type\":\"vertical\",\"show_image\":true,\"show_link\":true},\"children\":[{\"type\":\"list_item\",\"props\":{\"content\":\"Stellplatzsatzung der Gemeinde Wang - g\\u00fcltig ab 01.10.2025\",\"link\":\"wp-content\\\/uploads\\\/sites\\\/3\\\/2025\\\/09\\\/Stellplatzsatzung-Wang.pdf\",\"link_target\":true}},{\"type\":\"list_item\",\"props\":{\"content\":\"\n\n<p>Kindertageseinrichtungs-Geb\\u00fchrensatzung \\u2013 g\\u00fcltig ab 01.09.2025<\\\/p>\",\"link\":\"wp-content\\\/uploads\\\/sites\\\/3\\\/2025\\\/06\\\/Gebuehrensatzung-KiTa-Wang-ab-01.09.2025.pdf\",\"link_target\":true}},{\"type\":\"list_item\",\"props\":{\"content\":\"Satzung der Gemeinde Wang \\u00fcber die Anforderungen an die \\u00e4u\\u00dfere Gestaltung der Stellpl\\u00e4tze f\\u00fcr Kraftfahrzeuge und Garagen im Gemeindegebiet Wang - g\\u00fcltig ab 01.08.2024\",\"link\":\"wp-content\\\/uploads\\\/sites\\\/3\\\/2024\\\/08\\\/unterz.-Gestaltungssatzung.pdf\"}},{\"type\":\"list_item\",\"props\":{\"content\":\"\n\n<p>Satzung \\u00fcber die Entsorgung von Bauschutt und Gr\\u00fcngut in der Gemeinde Wang (Benutzungssatzung) - g\\u00fcltig ab 01.04.2024<\\\/p>\",\"link\":\"wp-content\\\/uploads\\\/sites\\\/3\\\/2024\\\/04\\\/Satzung-ueber-die-Entsorgung-von-Bauschutt-und-Gruengut-Gemeinde-Wang-Benutzungsstzung-ab-01.04.2024.pdf\",\"link_target\":true}},{\"type\":\"list_item\",\"props\":{\"content\":\"\n\n<p>Geb\\u00fchrensatzung zur Satzung \\u00fcber die Entsorgung von Bauschutt und Gr\\u00fcngut in der Gemeinde Wang - g\\u00fcltig ab 01.04.2024<\\\/p>\",\"link\":\"wp-content\\\/uploads\\\/sites\\\/3\\\/2024\\\/04\\\/Gebuehrensatzung-zur-Stzung-ueber-die-Entsorgung-von-Bauschutt-und-Gruengut-Gemeinde-Wang-ab-01.04.2024.pdf\",\"link_target\":true}},{\"type\":\"list_item\",\"props\":{\"content\":\"\n\n<p>Erste Satzung zur \\u00c4nderung der Beitrags- und Geb\\u00fchrensatzung zur Entw\\u00e4sserungssatzung (BGS-EWS) - g\\u00fcltig ab 01.01.2024<\\\/p>\",\"link\":\"wp-content\\\/uploads\\\/sites\\\/3\\\/2023\\\/12\\\/BGS-EWS-Wang-1.-Aenderung-ab-01.01.2024.pdf\",\"link_target\":true}},{\"type\":\"list_item\",\"props\":{\"content\":\"\n\n<p><a href=\\\"wp-content\\\/uploads\\\/sites\\\/3\\\/2022\\\/03\\\/kita_einrichtungssatzung_2014.pdf\\\" target=\\\"_blanke\\\">Kindertageseinrichtungssatzung<\\\/a> \\u2013 g\\u00fcltig ab 01.09.2023<\\\/p>\",\"link\":\"wp-content\\\/uploads\\\/sites\\\/3\\\/2023\\\/04\\\/Kindertageseinrichtungssatzung-Wang-ab-01.09.23.pdf\",\"link_target\":true}},{\"type\":\"list_item\",\"props\":{\"content\":\"\n\n<p><a href=\\\"wp-content\\\/uploads\\\/sites\\\/3\\\/2022\\\/03\\\/verordnung_winterdienst.pdf\\\" target=\\\"_blanke\\\">Verordnung \\u00fcber die Reinhaltung und Reinigung der \\u00f6ffentlichen Stra\\u00dfen und die Sicherung der Gehbahnen im Winter<\\\/a> \\u2013 g\\u00fcltig ab 01.03.2021<\\\/p>\"}},{\"type\":\"list_item\",\"props\":{\"content\":\"\n\n<p><a href=\\\"wp-content\\\/uploads\\\/sites\\\/3\\\/2022\\\/03\\\/hundesteuersatzung_wang_2021.pdf\\\" target=\\\"_blanke\\\">Hundesteuersatzung<\\\/a> \\u2013 g\\u00fcltig ab 01.01.2021<\\\/p>\"}},{\"type\":\"list_item\",\"props\":{\"content\":\"\n\n<p><a href=\\\"\\\/wp-content\\\/uploads\\\/sites\\\/3\\\/2022\\\/03\\\/ews_wang_2019.pdf\\\" target=\\\"_blanke\\\">Satzung f\\u00fcr die \\u00f6ffentliche Entw\\u00e4sserungsanlage der Gemeinde Wang (Entw\\u00e4sserungssatzung - EWS)<\\\/a> \\u2013 g\\u00fcltig ab 01.01.2019<\\\/p>\"}},{\"type\":\"list_item\",\"props\":{\"content\":\"\n\n<p><a href=\\\"\\\/wp-content\\\/uploads\\\/sites\\\/3\\\/2022\\\/03\\\/bgs_ews_wang_2019.pdf\\\" target=\\\"_blanke\\\">Beitrags- und Geb\\u00fchrensatzung zur Entw\\u00e4sserungssatzung (BGS-EWS) der Gemeinde Wang <\\\/a>\\u2013 g\\u00fcltig ab 01.01.2019<\\\/p>\"}},{\"type\":\"list_item\",\"props\":{\"content\":\"\n\n<p><a href=\\\"wp-content\\\/uploads\\\/sites\\\/3\\\/2022\\\/03\\\/waschanlagen.pdf\\\" target=\\\"_blank\\\" rel=\\\"noopener\\\">Rechtsverordnung \\u00fcber Autowaschanlagen an Sonn- und Feiertagen<\\\/a> \\u2013 g\\u00fcltig ab 21.06.2006<\\\/p>\"}},{\"type\":\"list_item\",\"props\":{\"content\":\"\n\n<p><a href=\\\"wp-content\\\/uploads\\\/sites\\\/3\\\/2022\\\/03\\\/feuerwehreinsatz.pdf\\\" target=\\\"_blank\\\" rel=\\\"noopener\\\">Feuerwehraufwandssatzung<\\\/a> \\u2013 g\\u00fcltig ab 05.04.2005<\\\/p>\"}},{\"type\":\"list_item\",\"props\":{\"content\":\"\n\n<p><a href=\\\"wp-content\\\/uploads\\\/sites\\\/3\\\/2022\\\/03\\\/kostensatzung.pdf\\\" target=\\\"_blanke\\\">Kostensatzung \\u00fcber Verwaltungskosten<\\\/a> \\u2013 g\\u00fcltig ab 01.01.2002<\\\/p>\"}}]}]}]}]}],\"version\":\"4.4.16\"} --><\/p>\n","protected":false},"excerpt":{"rendered":"<p>Satzungen Stellplatzsatzung der Gemeinde Wang &#8211; g\u00fcltig ab 01.10.2025 Kindertageseinrichtungs-Geb\u00fchrensatzung \u2013 g\u00fcltig ab 01.09.2025 Satzung der Gemeinde Wang \u00fcber die Anforderungen an die \u00e4u\u00dfere Gestaltung der Stellpl\u00e4tze f\u00fcr Kraftfahrzeuge und Garagen im Gemeindegebiet Wang &#8211; g\u00fcltig ab 01.08.2024 Satzung \u00fcber die Entsorgung von Bauschutt und Gr\u00fcngut in der Gemeinde Wang (Benutzungssatzung) &#8211; g\u00fcltig ab 01.04.2024 [&hellip;]<\/p>\n","protected":false},"author":1,"featured_media":0,"parent":159,"menu_order":0,"comment_status":"closed","ping_status":"closed","template":"","meta":{"footnotes":""},"class_list":["post-175","page","type-page","status-publish","hentry"],"publishpress_future_action":{"enabled":false,"date":"2026-04-19 13:24:00","action":"change-status","newStatus":"draft","terms":[],"taxonomy":"","extraData":[]},"publishpress_future_workflow_manual_trigger":{"enabledWorkflows":[]},"_links":{"self":[{"href":"https:\/\/vg-mauern.de\/wang\/wp-json\/wp\/v2\/pages\/175","targetHints":{"allow":["GET"]}}],"collection":[{"href":"https:\/\/vg-mauern.de\/wang\/wp-json\/wp\/v2\/pages"}],"about":[{"href":"https:\/\/vg-mauern.de\/wang\/wp-json\/wp\/v2\/types\/page"}],"author":[{"embeddable":true,"href":"https:\/\/vg-mauern.de\/wang\/wp-json\/wp\/v2\/users\/1"}],"replies":[{"embeddable":true,"href":"https:\/\/vg-mauern.de\/wang\/wp-json\/wp\/v2\/comments?post=175"}],"version-history":[{"count":10,"href":"https:\/\/vg-mauern.de\/wang\/wp-json\/wp\/v2\/pages\/175\/revisions"}],"predecessor-version":[{"id":3489,"href":"https:\/\/vg-mauern.de\/wang\/wp-json\/wp\/v2\/pages\/175\/revisions\/3489"}],"up":[{"embeddable":true,"href":"https:\/\/vg-mauern.de\/wang\/wp-json\/wp\/v2\/pages\/159"}],"wp:attachment":[{"href":"https:\/\/vg-mauern.de\/wang\/wp-json\/wp\/v2\/media?parent=175"}],"curies":[{"name":"wp","href":"https:\/\/api.w.org\/{rel}","templated":true}]}}