{"id":564,"date":"2022-03-24T14:25:30","date_gmt":"2022-03-24T13:25:30","guid":{"rendered":"https:\/\/demo.vg-mauern.de\/wang\/?page_id=564"},"modified":"2025-02-17T08:55:28","modified_gmt":"2025-02-17T07:55:28","slug":"breitbandinitiative","status":"publish","type":"page","link":"https:\/\/vg-mauern.de\/wang\/gemeinde\/breitbandinitiative\/","title":{"rendered":"Breitbandinitiative"},"content":{"rendered":"<h1>Breitbandausbau in der Gemeinde Wang im Rahmen der Bayerischen Gigabitrichtlinie (BayGibitR)<\/h1>\n<div>\n<p>Ansprechpartner:<br \/>Herr Markus St\u00f6ber, 1. B\u00fcrgermeister<br \/>Tel. 08761 8611<br \/>E-Mail: markus.stoeber@gemeinde-wang.de<\/p>\n<\/p>\n<\/div>\n<div>\n<p>Im Rahmen der Bayerischen Gigabitrichtlinie (BayGibitR) werden die Bereiche Wang, Volkmannsdorf, Wittibsm\u00fchle und Thalbach mit F\u00f6rdermitteln durch die Telekom Deuschland ausgebaut. Hierzu fand am 12. Februar eine Informationsveranstaltung statt.<\/p>\n<p>N\u00e4heres hierzu erfahren Sie \u00fcber den untenstehenden Button.<\/p>\n<\/div>\n<p>\n    <a href=\"\/wang\/wp-content\/uploads\/sites\/3\/2025\/02\/Informationsabend-Glasfaserausbau-am-12.02.2025.pdf\">Informationsveranstaltung vom 12.02.2025<\/a>\n<\/p>\n<h1>F\u00f6rderschritt 1: Beginn Bestandsaufnahme (ver\u00f6ffentlicht am 24.05.2023)<\/h1>\n<div>\n<p>Gem\u00e4\u00df der Bayerischen Gigabitrichtlinie (BayGibitR) ver\u00f6ffentlicht die Gemeinde Wang nachfolgende Dokumente zur \u00f6rtlichen Breitbandversorgung. Eine detaillierte Adressliste wird den am Markterkundungsverfahren teilnehmenden Netzbetreibern und Investoren auf Anfrage und nach Einreichung der unterschriebenen Verpflichtungserkl\u00e4rung Geodaten gerne zur Verf\u00fcgung gestellt.<\/p>\n<p>Bitte kontaktieren Sie hierzu den oben genannten Ansprechpartner.<\/p>\n<\/div>\n<ul>\n<li>\n<p><a href=\"\/wang\/wp-content\/uploads\/sites\/3\/2023\/05\/23-05-11-Wang-Karte-Markterkundung.pdf\"><\/p>\n<p>Download Karte vorl\u00e4ufiges Erschlie\u00dfungsgebiet<\/p>\n<p><\/a><\/p>\n<\/li>\n<li>\n<p><a href=\"\/wang\/wp-content\/uploads\/sites\/3\/2023\/05\/Nutzungsbedingungen-Geodaten.pdf\"><\/p>\n<p>Download Nutzungsbedingungen Geodaten<\/p>\n<p><\/a><\/p>\n<\/li>\n<li>\n<p><a href=\"\/wang\/wp-content\/uploads\/sites\/3\/2023\/05\/Verpflichtungserklaerung-Geodaten.pdf\"><\/p>\n<p>Download Verpflichtungserkl\u00e4rung Geodaten<\/p>\n<p><\/a><\/p>\n<\/li>\n<\/ul>\n<h1>F\u00f6rderschritt 2: Bekanntmachung der Markterkundung (ver\u00f6ffentlicht am 24.05.2023)<\/h1>\n<div>\n<p>Die Gemeinde Wang ermittelt im Rahmen der Markterkundung, ob Investoren einen eigenwirtschftlichen Ausbau in den kommenden drei Jahren planen und zu welchen buchbaren Bandbreiten (Download und Upload als zuverl\u00e4ssig erreichbare Mindest-Geschwindigkeiten) dieser f\u00fchrt. Die Gemeinde Wang bittet alle Netzbetreiber und Investoren, sich bis sp\u00e4testens <strong>07.07.2023, 11:00 Uhr<\/strong>, an der Markterkundung zu beteiligen.<\/p>\n<\/div>\n<div>\n<p><a href=\"\/wang\/wp-content\/uploads\/sites\/3\/2023\/05\/23-05-11-Wang-Markterkundung-Bekanntmachung-1.pdf\"><\/p>\n<p>Download Markterkundung Bekanntmachung<\/p>\n<p><\/a><\/p>\n<\/div>\n<h1>F\u00f6rderschritt 3: Bekanntmachung Markterkundung Ergebnis (ver\u00f6ffentlicht am 08.08.2023)<\/h1>\n<div>\n<p>Die Gemeinde Wang hat eine Markterkundung gem\u00e4\u00df Nr. 4.3 und 4.4 BayGibitR durchgef\u00fchrt.<\/p>\n<\/div>\n<div>\n<p><a href=\"\/wang\/wp-content\/uploads\/sites\/3\/2023\/08\/23-07-23-wang-markterkundung-ergebnis-mit-unterschrift.pdf\"><\/p>\n<p>Download Markterkundung Ergebnis<\/p>\n<p><\/a><\/p>\n<\/div>\n<h1>F\u00f6rderschritt 4: Bekanntmachung des Auswahlverfahrens &#8211; zweistufig (ver\u00f6ffentlicht am 08.08.2023)<\/h1>\n<div>\n<p>Die Gemeinde Wang f\u00fchrt zur Bestimmung eines Netzbetreibers, der mit einem \u00f6ffentlichen<br \/>Zuschuss den Aus-\/Aufbau und Betrieb eines ultraschnellen NGA-Netzes realisieren kann, ein<br \/>offenes, transparentes und diskriminierungsfreies zweistufiges Auswahlverfahren aufgrund<br \/>f\u00f6rderrechtlicher Vorgaben gem\u00e4\u00df Nr. 7 der Richtlinie des Aufbaus von gigabitf\u00e4higen<br \/>Breitbandnetzen im Freistaat Bayern (Bayerische Gigabitrichtlinie -BayGibitR) durch.<br \/>Die Details zum Auswahlverfahren und zur Angebotsabgabe finden Sie unter nachfolgendem Link:<br \/><a href=\"https:\/\/plattform.aumass.de:443\/Veroeffentlichung\/av1f4617\">https:\/\/plattform.aumass.de:443\/Veroeffentlichung\/av1f4617<\/a><br \/>Bitte beachten Sie hierzu folgenden Hinweis:<br \/>\u201eMit dem Download der Adressliste erkl\u00e4ren Sie sich mit den Regelungen der<br \/>Verpflichtungserkl\u00e4rung (bitte unterschreiben und einreichen) sowie den Nutzungsbedingungen der<br \/>Geodaten einverstanden.\u201c<br \/>Die Dokumente zum Auswahlverfahren sind bis zum <strong>17.11.2023, 11:00 Uhr<\/strong> gem\u00e4\u00df der<br \/>Ver\u00f6ffentlichung auf dem elektronischen Vergabeportal in elektronischer Form einzureichen.<\/p>\n<\/div>\n<h1>F\u00f6rderschritt 5: Bekanntmachung der Auswahlentscheidung (ver\u00f6ffentlicht am 15.01.2024)<\/h1>\n<div>\n<p>Die Gemeinde Wang hat im Rahmen des Auswahlverfahrens eine Entscheidung gem\u00e4\u00df der Richtlinie zur F\u00f6rderung des Aufbaus von gigabitf\u00e4higen Breitbandnetzen im Freistaat Bayern (Bayerische Gigabitrichtlinie &#8211; BayGibitR) getroffen und ver\u00f6ffentlicht diese nachfolgend entsprechend Nr. 7.15 BayGibitR.<br \/>Die Auswahlentscheidung kann nachfolgend eingesehen werden.<\/p>\n<\/div>\n<div>\n<p><a href=\"\/wang\/wp-content\/uploads\/sites\/3\/2024\/01\/Bekanntmachung-vorgesehene-Auswahlentscheidung-BayGibitR-Wang.pdf\"><\/p>\n<p>Download 24-01-11-wang-bekanntmachung_vorgesehene_auswahlentscheidung.pdf<\/p>\n<p><\/a><\/p>\n<\/div>\n<h1>F\u00f6rderschritt 7: Kooperationsvertrag<\/h1>\n<div>\n<p>Der Vertrag f\u00fcr den gef\u00f6rderten Gigabitausbau gem\u00e4\u00df der Bayerischen Gigabitrichtlinie wurde am 21.03.2024 zwischen der Gemeinde Wang und der Firma Telekom Deutschland GmbH unterzeichnet. Die Stellungnahme zum Abschuss des Kooperationsvertrages finden Sie im nachfolgenden Dokument.<\/p>\n<\/div>\n<div>\n<p><a href=\"\/wang\/wp-content\/uploads\/sites\/3\/2024\/05\/24-04-30-wang_bestaetigung_kooperationsvertrag-mit-Unterschrift.pdf\"><\/p>\n<p>Erkl\u00e4rung der Gemeinde Wang zur \u00dcbermittlung des Kooperationsvertrags (Wirtschaftlichkeitsl\u00fccke) bzw. des Pacht- und Betreibervertrags an die Bundesnetzagentur im Rahmen der Richtlinie zur F\u00f6rderung des Aufbaus von gigabitf\u00e4higen Breitbandnetzen im Freistaag Bayern<\/p>\n<p><\/a><\/p>\n<\/div>\n<h1>Breitbandinitiative<\/h1>\n<h3>&#8222;Verfahren zur F\u00f6rderung von Hochgeschwindigkeitsnetzen im Freistaat Bayern gem\u00e4\u00df Breitbandrichtlinie vom 09. Juli 2014&#8220;<\/h3>\n<h4>F\u00f6rderschritt 7: Kooperationsvertrag<\/h4>\n<div>\n<\/div>\n<p><!--more--><br \/>\n<!-- {\"name\":\"breitband\",\"type\":\"layout\",\"children\":[{\"type\":\"section\",\"props\":{\"image_position\":\"center-center\",\"padding\":\"small\",\"padding_remove_bottom\":true,\"style\":\"default\",\"title_breakpoint\":\"xl\",\"title_position\":\"top-left\",\"title_rotation\":\"left\",\"vertical_align\":\"\",\"width\":\"default\"},\"children\":[{\"type\":\"row\",\"children\":[{\"type\":\"column\",\"props\":{\"image_position\":\"center-center\",\"position_sticky_breakpoint\":\"m\"},\"children\":[{\"type\":\"breadcrumbs\",\"props\":{\"show_current\":true,\"show_home\":true}}]}]}]},{\"type\":\"section\",\"props\":{\"image_position\":\"center-center\",\"style\":\"default\",\"title_breakpoint\":\"xl\",\"title_position\":\"top-left\",\"title_rotation\":\"left\",\"vertical_align\":\"\",\"width\":\"default\"},\"children\":[{\"type\":\"row\",\"children\":[{\"type\":\"column\",\"props\":{\"image_position\":\"center-center\",\"position_sticky_breakpoint\":\"m\"},\"children\":[{\"type\":\"headline\",\"props\":{\"content\":\"Breitbandausbau in der Gemeinde Wang im Rahmen der Bayerischen Gigabitrichtlinie (BayGibitR)\",\"title_element\":\"h1\",\"title_style\":\"heading-medium\"}},{\"type\":\"text\",\"props\":{\"column_breakpoint\":\"m\",\"content\":\"\n\n<p>Ansprechpartner:<br \\\/>Herr Markus St\\u00f6ber, 1. B\\u00fcrgermeister<br \\\/>Tel. 08761 8611<br \\\/>E-Mail: markus.stoeber@gemeinde-wang.de<\\\/p>\\n\n\n<p><\\\/p>\",\"margin\":\"default\"}},{\"type\":\"text\",\"props\":{\"column_breakpoint\":\"m\",\"content\":\"\n\n<p>Im Rahmen der Bayerischen Gigabitrichtlinie (BayGibitR) werden die Bereiche Wang, Volkmannsdorf, Wittibsm\\u00fchle und Thalbach mit F\\u00f6rdermitteln durch die Telekom Deuschland ausgebaut. Hierzu fand am 12. Februar eine Informationsveranstaltung statt.<\\\/p>\\n\n\n<p>N\\u00e4heres hierzu erfahren Sie \\u00fcber den untenstehenden Button.<\\\/p>\",\"margin\":\"default\"}},{\"type\":\"button\",\"props\":{\"grid_column_gap\":\"small\",\"grid_row_gap\":\"small\",\"margin\":\"default\"},\"children\":[{\"type\":\"button_item\",\"props\":{\"button_style\":\"default\",\"content\":\"Informationsveranstaltung vom 12.02.2025\",\"icon_align\":\"left\",\"link\":\"wp-content\\\/uploads\\\/sites\\\/3\\\/2025\\\/02\\\/Informationsabend-Glasfaserausbau-am-12.02.2025.pdf\",\"link_target\":\"blank\"}}]},{\"type\":\"headline\",\"props\":{\"content\":\"F\\u00f6rderschritt 1: Beginn Bestandsaufnahme (ver\\u00f6ffentlicht am 24.05.2023)\",\"title_element\":\"h1\"}},{\"type\":\"text\",\"props\":{\"column_breakpoint\":\"m\",\"content\":\"\n\n<p>Gem\\u00e4\\u00df der Bayerischen Gigabitrichtlinie (BayGibitR) ver\\u00f6ffentlicht die Gemeinde Wang nachfolgende Dokumente zur \\u00f6rtlichen Breitbandversorgung. Eine detaillierte Adressliste wird den am Markterkundungsverfahren teilnehmenden Netzbetreibern und Investoren auf Anfrage und nach Einreichung der unterschriebenen Verpflichtungserkl\\u00e4rung Geodaten gerne zur Verf\\u00fcgung gestellt.<\\\/p>\\n\n\n<p>Bitte kontaktieren Sie hierzu den oben genannten Ansprechpartner.<\\\/p>\",\"margin\":\"default\"}},{\"type\":\"list\",\"props\":{\"column_breakpoint\":\"m\",\"image_align\":\"left\",\"image_svg_color\":\"emphasis\",\"image_vertical_align\":true,\"list_element\":\"ul\",\"list_horizontal_separator\":\", \",\"list_type\":\"vertical\",\"show_image\":true,\"show_link\":true},\"children\":[{\"type\":\"list_item\",\"props\":{\"content\":\"\n\n<p>Download Karte vorl\\u00e4ufiges Erschlie\\u00dfungsgebiet<\\\/p>\",\"link\":\"wp-content\\\/uploads\\\/sites\\\/3\\\/2023\\\/05\\\/23-05-11-Wang-Karte-Markterkundung.pdf\",\"link_target\":true}},{\"type\":\"list_item\",\"props\":{\"content\":\"\n\n<p>Download Nutzungsbedingungen Geodaten<\\\/p>\",\"link\":\"wp-content\\\/uploads\\\/sites\\\/3\\\/2023\\\/05\\\/Nutzungsbedingungen-Geodaten.pdf\",\"link_target\":true}},{\"type\":\"list_item\",\"props\":{\"content\":\"\n\n<p>Download Verpflichtungserkl\\u00e4rung Geodaten<\\\/p>\",\"link\":\"wp-content\\\/uploads\\\/sites\\\/3\\\/2023\\\/05\\\/Verpflichtungserklaerung-Geodaten.pdf\",\"link_target\":true}}]},{\"type\":\"headline\",\"props\":{\"content\":\"F\\u00f6rderschritt 2: Bekanntmachung der Markterkundung (ver\\u00f6ffentlicht am 24.05.2023)\",\"title_element\":\"h1\"}},{\"type\":\"text\",\"props\":{\"column_breakpoint\":\"m\",\"content\":\"\n\n<p>Die Gemeinde Wang ermittelt im Rahmen der Markterkundung, ob Investoren einen eigenwirtschftlichen Ausbau in den kommenden drei Jahren planen und zu welchen buchbaren Bandbreiten (Download und Upload als zuverl\\u00e4ssig erreichbare Mindest-Geschwindigkeiten) dieser f\\u00fchrt. Die Gemeinde Wang bittet alle Netzbetreiber und Investoren, sich bis sp\\u00e4testens <strong>07.07.2023, 11:00 Uhr<\\\/strong>, an der Markterkundung zu beteiligen.<\\\/p>\",\"margin\":\"default\"}},{\"type\":\"list\",\"props\":{\"column_breakpoint\":\"m\",\"image_align\":\"left\",\"image_svg_color\":\"emphasis\",\"image_vertical_align\":true,\"list_element\":\"ul\",\"list_horizontal_separator\":\", \",\"list_type\":\"vertical\",\"show_image\":true,\"show_link\":true},\"children\":[{\"type\":\"list_item\",\"props\":{\"content\":\"\n\n<p>Download Markterkundung Bekanntmachung<\\\/p>\",\"link\":\"wp-content\\\/uploads\\\/sites\\\/3\\\/2023\\\/05\\\/23-05-11-Wang-Markterkundung-Bekanntmachung-1.pdf\",\"link_target\":true}}]},{\"type\":\"headline\",\"props\":{\"content\":\"F\\u00f6rderschritt 3: Bekanntmachung Markterkundung Ergebnis (ver\\u00f6ffentlicht am 08.08.2023)\",\"title_element\":\"h1\"}},{\"type\":\"text\",\"props\":{\"column_breakpoint\":\"m\",\"content\":\"\n\n<p>Die Gemeinde Wang hat eine Markterkundung gem\\u00e4\\u00df Nr. 4.3 und 4.4 BayGibitR durchgef\\u00fchrt.<\\\/p>\",\"margin\":\"default\"}},{\"type\":\"list\",\"props\":{\"column_breakpoint\":\"m\",\"image_align\":\"left\",\"image_svg_color\":\"emphasis\",\"image_vertical_align\":true,\"list_element\":\"ul\",\"list_horizontal_separator\":\", \",\"list_type\":\"vertical\",\"show_image\":true,\"show_link\":true},\"children\":[{\"type\":\"list_item\",\"props\":{\"content\":\"\n\n<p>Download Markterkundung Ergebnis<\\\/p>\",\"link\":\"wp-content\\\/uploads\\\/sites\\\/3\\\/2023\\\/08\\\/23-07-23-wang-markterkundung-ergebnis-mit-unterschrift.pdf\",\"link_target\":true}}]},{\"type\":\"headline\",\"props\":{\"content\":\"F\\u00f6rderschritt 4: Bekanntmachung des Auswahlverfahrens - zweistufig (ver\\u00f6ffentlicht am 08.08.2023)\",\"title_element\":\"h1\"}},{\"type\":\"text\",\"props\":{\"column_breakpoint\":\"m\",\"content\":\"\n\n<p>Die Gemeinde Wang f\\u00fchrt zur Bestimmung eines Netzbetreibers, der mit einem \\u00f6ffentlichen<br \\\/>Zuschuss den Aus-\\\/Aufbau und Betrieb eines ultraschnellen NGA-Netzes realisieren kann, ein<br \\\/>offenes, transparentes und diskriminierungsfreies zweistufiges Auswahlverfahren aufgrund<br \\\/>f\\u00f6rderrechtlicher Vorgaben gem\\u00e4\\u00df Nr. 7 der Richtlinie des Aufbaus von gigabitf\\u00e4higen<br \\\/>Breitbandnetzen im Freistaat Bayern (Bayerische Gigabitrichtlinie -BayGibitR) durch.<br \\\/>Die Details zum Auswahlverfahren und zur Angebotsabgabe finden Sie unter nachfolgendem Link:<br \\\/><a href=\\\"https:\\\/\\\/plattform.aumass.de:443\\\/Veroeffentlichung\\\/av1f4617\\\">https:\\\/\\\/plattform.aumass.de:443\\\/Veroeffentlichung\\\/av1f4617<\\\/a><br \\\/>Bitte beachten Sie hierzu folgenden Hinweis:<br \\\/>\\u201eMit dem Download der Adressliste erkl\\u00e4ren Sie sich mit den Regelungen der<br \\\/>Verpflichtungserkl\\u00e4rung (bitte unterschreiben und einreichen) sowie den Nutzungsbedingungen der<br \\\/>Geodaten einverstanden.\\u201c<br \\\/>Die Dokumente zum Auswahlverfahren sind bis zum <strong>17.11.2023, 11:00 Uhr<\\\/strong> gem\\u00e4\\u00df der<br \\\/>Ver\\u00f6ffentlichung auf dem elektronischen Vergabeportal in elektronischer Form einzureichen.<\\\/p>\",\"margin\":\"default\"}},{\"type\":\"headline\",\"props\":{\"content\":\"F\\u00f6rderschritt 5: Bekanntmachung der Auswahlentscheidung (ver\\u00f6ffentlicht am 15.01.2024)\",\"title_element\":\"h1\"}},{\"type\":\"text\",\"props\":{\"column_breakpoint\":\"m\",\"content\":\"\n\n<p>Die Gemeinde Wang hat im Rahmen des Auswahlverfahrens eine Entscheidung gem\\u00e4\\u00df der Richtlinie zur F\\u00f6rderung des Aufbaus von gigabitf\\u00e4higen Breitbandnetzen im Freistaat Bayern (Bayerische Gigabitrichtlinie - BayGibitR) getroffen und ver\\u00f6ffentlicht diese nachfolgend entsprechend Nr. 7.15 BayGibitR.<br \\\/>Die Auswahlentscheidung kann nachfolgend eingesehen werden.<\\\/p>\",\"margin\":\"default\"}},{\"type\":\"list\",\"props\":{\"column_breakpoint\":\"m\",\"image_align\":\"left\",\"image_svg_color\":\"emphasis\",\"image_vertical_align\":true,\"list_element\":\"ul\",\"list_horizontal_separator\":\", \",\"list_type\":\"vertical\",\"show_image\":true,\"show_link\":true},\"children\":[{\"type\":\"list_item\",\"props\":{\"content\":\"\n\n<p>Download 24-01-11-wang-bekanntmachung_vorgesehene_auswahlentscheidung.pdf<\\\/p>\",\"link\":\"wp-content\\\/uploads\\\/sites\\\/3\\\/2024\\\/01\\\/Bekanntmachung-vorgesehene-Auswahlentscheidung-BayGibitR-Wang.pdf\",\"link_target\":true}}]},{\"type\":\"headline\",\"props\":{\"content\":\"F\\u00f6rderschritt 7: Kooperationsvertrag\",\"title_element\":\"h1\"}},{\"type\":\"text\",\"props\":{\"column_breakpoint\":\"m\",\"content\":\"\n\n<p>Der Vertrag f\\u00fcr den gef\\u00f6rderten Gigabitausbau gem\\u00e4\\u00df der Bayerischen Gigabitrichtlinie wurde am 21.03.2024 zwischen der Gemeinde Wang und der Firma Telekom Deutschland GmbH unterzeichnet. Die Stellungnahme zum Abschuss des Kooperationsvertrages finden Sie im nachfolgenden Dokument.<\\\/p>\",\"margin\":\"default\"}},{\"type\":\"list\",\"props\":{\"column_breakpoint\":\"m\",\"image_align\":\"left\",\"image_svg_color\":\"emphasis\",\"image_vertical_align\":true,\"list_element\":\"ul\",\"list_horizontal_separator\":\", \",\"list_type\":\"vertical\",\"show_image\":true,\"show_link\":true},\"children\":[{\"type\":\"list_item\",\"props\":{\"content\":\"\n\n<p>Erkl\\u00e4rung der Gemeinde Wang zur \\u00dcbermittlung des Kooperationsvertrags (Wirtschaftlichkeitsl\\u00fccke) bzw. des Pacht- und Betreibervertrags an die Bundesnetzagentur im Rahmen der Richtlinie zur F\\u00f6rderung des Aufbaus von gigabitf\\u00e4higen Breitbandnetzen im Freistaag Bayern<\\\/p>\",\"link\":\"wp-content\\\/uploads\\\/sites\\\/3\\\/2024\\\/05\\\/24-04-30-wang_bestaetigung_kooperationsvertrag-mit-Unterschrift.pdf\",\"link_target\":true}}]},{\"type\":\"headline\",\"props\":{\"content\":\"Breitbandinitiative\",\"title_element\":\"h1\",\"title_style\":\"heading-medium\"}}]}]},{\"type\":\"row\",\"children\":[{\"type\":\"column\",\"props\":{\"image_position\":\"center-center\",\"position_sticky_breakpoint\":\"m\"},\"children\":[{\"type\":\"headline\",\"props\":{\"content\":\"\\\"Verfahren zur F\\u00f6rderung von Hochgeschwindigkeitsnetzen im Freistaat Bayern gem\\u00e4\\u00df Breitbandrichtlinie vom 09. Juli 2014\\\"\",\"margin_remove_bottom\":true,\"title_element\":\"h3\"}},{\"type\":\"headline\",\"props\":{\"content\":\"F\\u00f6rderschritt 7: Kooperationsvertrag\",\"margin_remove_top\":true,\"title_element\":\"h4\"}}]}]},{\"type\":\"row\",\"children\":[{\"type\":\"column\",\"props\":{\"image_position\":\"center-center\",\"position_sticky_breakpoint\":\"m\"},\"children\":[{\"type\":\"grid\",\"props\":{\"content_column_breakpoint\":\"m\",\"filter_align\":\"left\",\"filter_all\":true,\"filter_grid_breakpoint\":\"m\",\"filter_grid_width\":\"auto\",\"filter_position\":\"top\",\"filter_style\":\"tab\",\"grid_default\":\"1\",\"grid_divider\":true,\"grid_medium\":\"\",\"icon_width\":80,\"image_align\":\"top\",\"image_grid_breakpoint\":\"m\",\"image_grid_width\":\"1-2\",\"image_svg_color\":\"emphasis\",\"item_animation\":true,\"link_style\":\"default\",\"link_text\":\"Read more\",\"margin\":\"default\",\"meta_align\":\"below-title\",\"meta_element\":\"div\",\"meta_style\":\"text-meta\",\"parallax_easing\":\"1\",\"show_content\":true,\"show_image\":true,\"show_link\":true,\"show_meta\":true,\"show_title\":true,\"title_align\":\"top\",\"title_element\":\"h3\",\"title_grid_breakpoint\":\"m\",\"title_grid_width\":\"1-2\",\"title_hover_style\":\"reset\"},\"children\":[{\"type\":\"grid_item\",\"source\":{\"query\":{\"name\":\"posts.customPosts\",\"arguments\":{\"terms\":[9],\"category_operator\":\"IN\",\"post_tag_operator\":\"IN\",\"users\":[],\"users_operator\":\"IN\",\"offset\":0,\"limit\":10,\"order\":\"date\",\"order_direction\":\"DESC\"}},\"props\":{\"title\":{\"filters\":{\"search\":\"\"},\"name\":\"title\"},\"content\":{\"filters\":{\"search\":\"\"},\"arguments\":{\"show_intro_text\":true},\"name\":\"content\"}}}}]}]}]}]}],\"version\":\"4.4.16\"} --><\/p>\n","protected":false},"excerpt":{"rendered":"<p>Breitbandausbau in der Gemeinde Wang im Rahmen der Bayerischen Gigabitrichtlinie (BayGibitR) Ansprechpartner:Herr Markus St\u00f6ber, 1. B\u00fcrgermeisterTel. 08761 8611E-Mail: markus.stoeber@gemeinde-wang.de Im Rahmen der Bayerischen Gigabitrichtlinie (BayGibitR) werden die Bereiche Wang, Volkmannsdorf, Wittibsm\u00fchle und Thalbach mit F\u00f6rdermitteln durch die Telekom Deuschland ausgebaut. Hierzu fand am 12. Februar eine Informationsveranstaltung statt. N\u00e4heres hierzu erfahren Sie \u00fcber den untenstehenden [&hellip;]<\/p>\n","protected":false},"author":1,"featured_media":0,"parent":159,"menu_order":0,"comment_status":"closed","ping_status":"closed","template":"","meta":{"footnotes":""},"class_list":["post-564","page","type-page","status-publish","hentry"],"publishpress_future_action":{"enabled":false,"date":"2026-05-05 10:43:41","action":"change-status","newStatus":"draft","terms":[],"taxonomy":"","extraData":[]},"publishpress_future_workflow_manual_trigger":{"enabledWorkflows":[]},"_links":{"self":[{"href":"https:\/\/vg-mauern.de\/wang\/wp-json\/wp\/v2\/pages\/564","targetHints":{"allow":["GET"]}}],"collection":[{"href":"https:\/\/vg-mauern.de\/wang\/wp-json\/wp\/v2\/pages"}],"about":[{"href":"https:\/\/vg-mauern.de\/wang\/wp-json\/wp\/v2\/types\/page"}],"author":[{"embeddable":true,"href":"https:\/\/vg-mauern.de\/wang\/wp-json\/wp\/v2\/users\/1"}],"replies":[{"embeddable":true,"href":"https:\/\/vg-mauern.de\/wang\/wp-json\/wp\/v2\/comments?post=564"}],"version-history":[{"count":10,"href":"https:\/\/vg-mauern.de\/wang\/wp-json\/wp\/v2\/pages\/564\/revisions"}],"predecessor-version":[{"id":3091,"href":"https:\/\/vg-mauern.de\/wang\/wp-json\/wp\/v2\/pages\/564\/revisions\/3091"}],"up":[{"embeddable":true,"href":"https:\/\/vg-mauern.de\/wang\/wp-json\/wp\/v2\/pages\/159"}],"wp:attachment":[{"href":"https:\/\/vg-mauern.de\/wang\/wp-json\/wp\/v2\/media?parent=564"}],"curies":[{"name":"wp","href":"https:\/\/api.w.org\/{rel}","templated":true}]}}