{"id":628,"date":"2022-03-24T15:37:04","date_gmt":"2022-03-24T14:37:04","guid":{"rendered":"https:\/\/demo.vg-mauern.de\/wang\/?page_id=628"},"modified":"2026-01-08T11:33:25","modified_gmt":"2026-01-08T10:33:25","slug":"entsorgung","status":"publish","type":"page","link":"https:\/\/vg-mauern.de\/wang\/buergerservice\/entsorgung\/","title":{"rendered":"Entsorgung"},"content":{"rendered":"<h1>Entsorgung<\/h1>\n<h2>Abfallwirtschaft &#8211; wichtige \u00c4nderungen ab 01.01.2026<\/h2>\n<div>\n<p>Mit Beginn des neuen Jahres holt der Landkreis Freising die Bewirtschaftung der Restm\u00fcll- und Biotonnen in die Landkreisverwaltung zur\u00fcck.<\/p>\n<\/div>\n<p>\n    <a href=\"\/wang\/wp-content\/uploads\/sites\/3\/2025\/12\/01.01.2026-Abfallinfo-Buerger.pdf\">Das \u00e4ndert sich f\u00fcr Sie<\/a>\n<\/p>\n<h2>Aktuelles aus dem Landratsamt<\/h2>\n<div>\n<p>Optimierung der Abfallwirtschaft: Landkreis verwaltet Rest- und Biom\u00fclltonnen wieder selbst &#8211; Sperrm\u00fcllgeb\u00fchr f\u00e4llt weg.<\/p>\n<p><a href=\"https:\/\/www.kreis-freising.de\/news-veranstaltungen\/news\/detail\/detail\/optimierung-der-abfallwirtschaft-landkreis-verwaltet-rest-und-biomuelltonnen-wieder-selbst-sperrmuellgebuehr-faellt-weg.html\">N\u00e4heres dar\u00fcber erfahren Sie hier<\/a><\/p>\n<\/div>\n<h2>Kommunale Abfallwirtschaft<\/h2>\n<div>\n<p>Die neue Online-Brosch\u00fcre des Landratsamtes Freising mit hilfreichen Informationen rund um das Thema Abfallwirtschaft finden Sie <a href=\"https:\/\/www.unserebroschuere.de\/LFA_\/WebView\/\">hier<\/a><\/p>\n<\/div>\n<h2>Entsorgungskalender<\/h2>\n<div>Der Entsorgungskalender liegt sowohl im Rathaus als auch im Wertstoffhof aus und kann dort mitgenommen werden.<\/div>\n<p>\n    <a href=\"http:\/\/www.entsorgungskalender.com\/index.php?lkid=2&#038;gemid=41\">www.entsorgungskalender.com<\/a>\n<\/p>\n<hr>\n<h2>Problemabf\u00e4lle<\/h2>\n<div>\n<p>Im Landkreis Freising k\u00f6nnen kostenlos w\u00e4hrend des Jahres Problemabf\u00e4lle aus Haushaltungen bei den Problemm\u00fcllaktionen in den Gemeinden abgegeben werden k\u00f6nnen, wobei es jedem B\u00fcrger gestattet ist, in jeder Gemeinde seinen Problemm\u00fcll anzuliefern. Problemabf\u00e4lle sind Abf\u00e4lle, die in besonderem Ma\u00dfe gesundheits- oder umweltgef\u00e4hrdend sein k\u00f6nnen und deshalb nicht in die M\u00fclltonne d\u00fcrfen. Dies sind z.B. Beizen, L\u00f6sungsmittel, Batterien, S\u00e4uren, Laugen, \u00f6lhaltige Produkte, Unkraut- und Sch\u00e4dlingsbek\u00e4mpfungsmittel, Gifte, Chemikalien und \u00e4hnliche Abf\u00e4lle.<\/p>\n<p>Alt\u00f6l bitte an der Verkaufsstelle zur\u00fcckgeben \u2013 R\u00fccknahmepflicht des Handels!<\/p>\n<p>Feuerl\u00f6scher werden nicht mehr angenommen \u2013 sie sind \u00fcber den Fachhandel zu entsorgen.<\/p>\n<p>Autobatterien werden nicht mehr angenommen \u2013 sie k\u00f6nnen derzeit an folgenden Wertstoffh\u00f6fen kostenlos abgegeben werden: Eching, Fahrenzhausen, Freising, Hallbergmoos, Mauern, Moosburg, Nandlstadt und Neufahrn!\u00a0<\/p>\n<p>Die genauen Termine f\u00fcr die Problemm\u00fcllsammlungen finden Sie auf dem Entsorgungskalender oder zum Download \u00fcber den untenstehenden Button .<\/p>\n<\/div>\n<p>\n    <a href=\"\/wang\/wp-content\/uploads\/sites\/3\/2025\/10\/2026-Problemmuell-Terminplan.pdf\">Problemm\u00fcllsammlung Termine 2026<\/a>\n<\/p>\n<h4>Bitte beachten Sie:<\/h4>\n<div>\n<p>Dispersions- und Wandfarben bitte eintrocknen lassen und \u00fcber die Restm\u00fclltonne entsorgen. Eingetrocknete Farb- und Lackreste sind ebenfalls \u00fcber die Restm\u00fclltonne zu entsorgen. Die genannten Abf\u00e4lle werden nicht mehr bei der Problemm\u00fcllaktion angenommen.<\/p>\n<p>Feuerl\u00f6scher und Autobatterien werden nicht mehr angenommen. Sie sind \u00fcber den Fachhandel zu entsorgen. Alt\u00f6l bitte an der Verkaufsstelle zur\u00fcckgeben &#8211; R\u00fccknahmepflicht des Handels!<\/p>\n<\/div>\n<hr>\n<h2>Papiertonne<\/h2>\n<div>\n<p>F\u00fcr die Papiertermine erscheint ein eigener Kalender der Fa. Heinz.<br \/>Tel. 08761 68023<\/p>\n<\/div>\n<p>\n    <a href=\"https:\/\/www.heinz-entsorgung.de\/leistungen\/haushalte\/entsorgungskalender\/entsorgungskalender-freising\/\">www.heinz-entsorgung.de<\/a>\n<\/p>\n<p><!--more--><br \/>\n<!-- {\"name\":\"entsorgung\",\"type\":\"layout\",\"children\":[{\"type\":\"section\",\"props\":{\"image_position\":\"center-center\",\"padding\":\"small\",\"padding_remove_bottom\":true,\"style\":\"default\",\"title_breakpoint\":\"xl\",\"title_position\":\"top-left\",\"title_rotation\":\"left\",\"vertical_align\":\"\",\"width\":\"default\"},\"children\":[{\"type\":\"row\",\"children\":[{\"type\":\"column\",\"props\":{\"image_position\":\"center-center\",\"position_sticky_breakpoint\":\"m\"},\"children\":[{\"type\":\"breadcrumbs\",\"props\":{\"show_current\":true,\"show_home\":true}}]}]}]},{\"type\":\"section\",\"props\":{\"image_position\":\"center-center\",\"padding_remove_bottom\":true,\"style\":\"default\",\"title_breakpoint\":\"xl\",\"title_position\":\"top-left\",\"title_rotation\":\"left\",\"vertical_align\":\"\",\"width\":\"default\"},\"children\":[{\"type\":\"row\",\"children\":[{\"type\":\"column\",\"props\":{\"image_position\":\"center-center\",\"position_sticky_breakpoint\":\"m\"},\"children\":[{\"type\":\"headline\",\"props\":{\"content\":\"Entsorgung\",\"title_element\":\"h1\",\"title_style\":\"heading-small\"}}]}]}]},{\"type\":\"section\",\"props\":{\"id\":\"Entsorgungskalender\",\"image_position\":\"center-center\",\"padding_remove_bottom\":true,\"style\":\"default\",\"title_breakpoint\":\"xl\",\"title_position\":\"top-left\",\"title_rotation\":\"left\",\"vertical_align\":\"\",\"width\":\"default\"},\"children\":[{\"type\":\"row\",\"children\":[{\"type\":\"column\",\"props\":{\"image_position\":\"center-center\",\"position_sticky_breakpoint\":\"m\"},\"children\":[{\"type\":\"headline\",\"props\":{\"content\":\"Abfallwirtschaft - wichtige \\u00c4nderungen ab 01.01.2026\",\"title_color\":\"primary\",\"title_element\":\"h2\"}},{\"type\":\"text\",\"props\":{\"column_breakpoint\":\"m\",\"content\":\"\n\n<p>Mit Beginn des neuen Jahres holt der Landkreis Freising die Bewirtschaftung der Restm\\u00fcll- und Biotonnen in die Landkreisverwaltung zur\\u00fcck.<\\\/p>\",\"margin\":\"default\"}},{\"type\":\"button\",\"props\":{\"grid_column_gap\":\"small\",\"grid_row_gap\":\"small\",\"margin\":\"default\"},\"children\":[{\"type\":\"button_item\",\"props\":{\"button_style\":\"default\",\"content\":\"Das \\u00e4ndert sich f\\u00fcr Sie\",\"icon_align\":\"left\",\"link\":\"wp-content\\\/uploads\\\/sites\\\/3\\\/2025\\\/12\\\/01.01.2026-Abfallinfo-Buerger.pdf\",\"link_target\":\"blank\"}}]},{\"type\":\"headline\",\"props\":{\"content\":\"Aktuelles aus dem Landratsamt\",\"title_color\":\"primary\",\"title_element\":\"h2\"}},{\"type\":\"text\",\"props\":{\"column_breakpoint\":\"m\",\"content\":\"\n\n<p>Optimierung der Abfallwirtschaft: Landkreis verwaltet Rest- und Biom\\u00fclltonnen wieder selbst - Sperrm\\u00fcllgeb\\u00fchr f\\u00e4llt weg.<\\\/p>\\n\n\n<p><a href=\\\"https:\\\/\\\/www.kreis-freising.de\\\/news-veranstaltungen\\\/news\\\/detail\\\/detail\\\/optimierung-der-abfallwirtschaft-landkreis-verwaltet-rest-und-biomuelltonnen-wieder-selbst-sperrmuellgebuehr-faellt-weg.html\\\">N\\u00e4heres dar\\u00fcber erfahren Sie hier<\\\/a><\\\/p>\",\"margin\":\"default\"}},{\"type\":\"headline\",\"props\":{\"content\":\"Kommunale Abfallwirtschaft\",\"title_color\":\"primary\",\"title_element\":\"h2\"}},{\"type\":\"text\",\"props\":{\"column_breakpoint\":\"m\",\"content\":\"\n\n<p>Die neue Online-Brosch\\u00fcre des Landratsamtes Freising mit hilfreichen Informationen rund um das Thema Abfallwirtschaft finden Sie <a href=\\\"https:\\\/\\\/www.unserebroschuere.de\\\/LFA_\\\/WebView\\\/\\\">hier<\\\/a><\\\/p>\",\"margin\":\"default\"}},{\"type\":\"headline\",\"props\":{\"content\":\"Entsorgungskalender\",\"title_color\":\"primary\",\"title_element\":\"h2\"}},{\"type\":\"text\",\"props\":{\"column_breakpoint\":\"m\",\"content\":\"Der Entsorgungskalender liegt sowohl im Rathaus als auch im Wertstoffhof aus und kann dort mitgenommen werden.\",\"margin\":\"default\"}},{\"type\":\"button\",\"props\":{\"grid_column_gap\":\"small\",\"grid_row_gap\":\"small\",\"margin\":\"default\"},\"children\":[{\"type\":\"button_item\",\"props\":{\"button_style\":\"secondary\",\"content\":\"www.entsorgungskalender.com\",\"icon\":\"arrow-right\",\"icon_align\":\"left\",\"link\":\"http:\\\/\\\/www.entsorgungskalender.com\\\/index.php?lkid=2&gemid=41\"}}]}]}]},{\"type\":\"row\",\"children\":[{\"type\":\"column\",\"props\":{\"image_position\":\"center-center\",\"position_sticky_breakpoint\":\"m\"},\"children\":[{\"type\":\"divider\",\"props\":{\"divider_element\":\"hr\"}}]}]}],\"name\":\"Entsorgungskalender\"},{\"type\":\"section\",\"props\":{\"image_position\":\"center-center\",\"padding_remove_bottom\":true,\"style\":\"default\",\"title_breakpoint\":\"xl\",\"title_position\":\"top-left\",\"title_rotation\":\"left\",\"vertical_align\":\"\",\"width\":\"default\"},\"children\":[{\"type\":\"row\",\"children\":[{\"type\":\"column\",\"props\":{\"image_position\":\"center-center\",\"position_sticky_breakpoint\":\"m\"},\"children\":[{\"type\":\"headline\",\"props\":{\"content\":\"Problemabf\\u00e4lle\",\"title_color\":\"primary\",\"title_element\":\"h2\"}},{\"type\":\"text\",\"props\":{\"column_breakpoint\":\"m\",\"content\":\"\n\n<p>Im Landkreis Freising k\\u00f6nnen kostenlos w\\u00e4hrend des Jahres Problemabf\\u00e4lle aus Haushaltungen bei den Problemm\\u00fcllaktionen in den Gemeinden abgegeben werden k\\u00f6nnen, wobei es jedem B\\u00fcrger gestattet ist, in jeder Gemeinde seinen Problemm\\u00fcll anzuliefern. Problemabf\\u00e4lle sind Abf\\u00e4lle, die in besonderem Ma\\u00dfe gesundheits- oder umweltgef\\u00e4hrdend sein k\\u00f6nnen und deshalb nicht in die M\\u00fclltonne d\\u00fcrfen. Dies sind z.B. Beizen, L\\u00f6sungsmittel, Batterien, S\\u00e4uren, Laugen, \\u00f6lhaltige Produkte, Unkraut- und Sch\\u00e4dlingsbek\\u00e4mpfungsmittel, Gifte, Chemikalien und \\u00e4hnliche Abf\\u00e4lle.<\\\/p>\\n\n\n<p>Alt\\u00f6l bitte an der Verkaufsstelle zur\\u00fcckgeben \\u2013 R\\u00fccknahmepflicht des Handels!<\\\/p>\\n\n\n<p>Feuerl\\u00f6scher werden nicht mehr angenommen \\u2013 sie sind \\u00fcber den Fachhandel zu entsorgen.<\\\/p>\\n\n\n<p>Autobatterien werden nicht mehr angenommen \\u2013 sie k\\u00f6nnen derzeit an folgenden Wertstoffh\\u00f6fen kostenlos abgegeben werden: Eching, Fahrenzhausen, Freising, Hallbergmoos, Mauern, Moosburg, Nandlstadt und Neufahrn!\\u00a0<\\\/p>\\n\n\n<p>Die genauen Termine f\\u00fcr die Problemm\\u00fcllsammlungen finden Sie auf dem Entsorgungskalender oder zum Download \\u00fcber den untenstehenden Button .<\\\/p>\",\"margin\":\"default\"}},{\"type\":\"button\",\"props\":{\"grid_column_gap\":\"small\",\"grid_row_gap\":\"small\",\"margin\":\"default\"},\"children\":[{\"type\":\"button_item\",\"props\":{\"button_style\":\"secondary\",\"content\":\"Problemm\\u00fcllsammlung Termine 2026\",\"icon\":\"arrow-right\",\"icon_align\":\"left\",\"link\":\"wp-content\\\/uploads\\\/sites\\\/3\\\/2025\\\/10\\\/2026-Problemmuell-Terminplan.pdf\",\"link_target\":\"blank\"}}]}]}]},{\"type\":\"row\",\"children\":[{\"type\":\"column\",\"props\":{\"image_position\":\"center-center\",\"position_sticky_breakpoint\":\"m\"},\"children\":[{\"type\":\"headline\",\"props\":{\"content\":\"Bitte beachten Sie:\",\"title_element\":\"h4\"}},{\"type\":\"text\",\"props\":{\"column_breakpoint\":\"m\",\"content\":\"\n\n<p>Dispersions- und Wandfarben bitte eintrocknen lassen und \\u00fcber die Restm\\u00fclltonne entsorgen. Eingetrocknete Farb- und Lackreste sind ebenfalls \\u00fcber die Restm\\u00fclltonne zu entsorgen. Die genannten Abf\\u00e4lle werden nicht mehr bei der Problemm\\u00fcllaktion angenommen.<\\\/p>\\n\n\n<p>Feuerl\\u00f6scher und Autobatterien werden nicht mehr angenommen. Sie sind \\u00fcber den Fachhandel zu entsorgen. Alt\\u00f6l bitte an der Verkaufsstelle zur\\u00fcckgeben - R\\u00fccknahmepflicht des Handels!<\\\/p>\",\"margin\":\"default\"}}]}]},{\"type\":\"row\",\"children\":[{\"type\":\"column\",\"props\":{\"image_position\":\"center-center\",\"position_sticky_breakpoint\":\"m\"},\"children\":[{\"type\":\"divider\",\"props\":{\"divider_element\":\"hr\"}}]}]}],\"name\":\"Problemabf\\u00e4lle\"},{\"type\":\"section\",\"props\":{\"image_position\":\"center-center\",\"style\":\"default\",\"title_breakpoint\":\"xl\",\"title_position\":\"top-left\",\"title_rotation\":\"left\",\"vertical_align\":\"\",\"width\":\"default\"},\"children\":[{\"type\":\"row\",\"children\":[{\"type\":\"column\",\"props\":{\"image_position\":\"center-center\",\"position_sticky_breakpoint\":\"m\"},\"children\":[{\"type\":\"headline\",\"props\":{\"content\":\"Papiertonne\",\"title_color\":\"primary\",\"title_element\":\"h2\"}},{\"type\":\"text\",\"props\":{\"column_breakpoint\":\"m\",\"content\":\"\n\n<p>F\\u00fcr die Papiertermine erscheint ein eigener Kalender der Fa. Heinz.<br \\\/>Tel. 08761 68023<\\\/p>\",\"margin\":\"default\"}},{\"type\":\"button\",\"props\":{\"grid_column_gap\":\"small\",\"grid_row_gap\":\"small\",\"margin\":\"default\"},\"children\":[{\"type\":\"button_item\",\"props\":{\"button_style\":\"secondary\",\"content\":\"www.heinz-entsorgung.de\",\"icon\":\"arrow-right\",\"icon_align\":\"left\",\"link\":\"https:\\\/\\\/www.heinz-entsorgung.de\\\/leistungen\\\/haushalte\\\/entsorgungskalender\\\/entsorgungskalender-freising\\\/\"}}]}]}]}],\"name\":\"Papiertonne\"}],\"version\":\"4.4.16\"} --><\/p>\n","protected":false},"excerpt":{"rendered":"<p>Entsorgung Abfallwirtschaft &#8211; wichtige \u00c4nderungen ab 01.01.2026 Mit Beginn des neuen Jahres holt der Landkreis Freising die Bewirtschaftung der Restm\u00fcll- und Biotonnen in die Landkreisverwaltung zur\u00fcck. Das \u00e4ndert sich f\u00fcr Sie Aktuelles aus dem Landratsamt Optimierung der Abfallwirtschaft: Landkreis verwaltet Rest- und Biom\u00fclltonnen wieder selbst &#8211; Sperrm\u00fcllgeb\u00fchr f\u00e4llt weg. N\u00e4heres dar\u00fcber erfahren Sie hier Kommunale [&hellip;]<\/p>\n","protected":false},"author":1,"featured_media":0,"parent":622,"menu_order":0,"comment_status":"closed","ping_status":"closed","template":"","meta":{"footnotes":""},"class_list":["post-628","page","type-page","status-publish","hentry"],"publishpress_future_action":{"enabled":false,"date":"2026-04-17 11:08:48","action":"change-status","newStatus":"draft","terms":[],"taxonomy":"","extraData":[]},"publishpress_future_workflow_manual_trigger":{"enabledWorkflows":[]},"_links":{"self":[{"href":"https:\/\/vg-mauern.de\/wang\/wp-json\/wp\/v2\/pages\/628","targetHints":{"allow":["GET"]}}],"collection":[{"href":"https:\/\/vg-mauern.de\/wang\/wp-json\/wp\/v2\/pages"}],"about":[{"href":"https:\/\/vg-mauern.de\/wang\/wp-json\/wp\/v2\/types\/page"}],"author":[{"embeddable":true,"href":"https:\/\/vg-mauern.de\/wang\/wp-json\/wp\/v2\/users\/1"}],"replies":[{"embeddable":true,"href":"https:\/\/vg-mauern.de\/wang\/wp-json\/wp\/v2\/comments?post=628"}],"version-history":[{"count":10,"href":"https:\/\/vg-mauern.de\/wang\/wp-json\/wp\/v2\/pages\/628\/revisions"}],"predecessor-version":[{"id":3632,"href":"https:\/\/vg-mauern.de\/wang\/wp-json\/wp\/v2\/pages\/628\/revisions\/3632"}],"up":[{"embeddable":true,"href":"https:\/\/vg-mauern.de\/wang\/wp-json\/wp\/v2\/pages\/622"}],"wp:attachment":[{"href":"https:\/\/vg-mauern.de\/wang\/wp-json\/wp\/v2\/media?parent=628"}],"curies":[{"name":"wp","href":"https:\/\/api.w.org\/{rel}","templated":true}]}}