{"id":630,"date":"2022-03-24T15:37:25","date_gmt":"2022-03-24T14:37:25","guid":{"rendered":"https:\/\/demo.vg-mauern.de\/wang\/?page_id=630"},"modified":"2026-01-08T11:34:14","modified_gmt":"2026-01-08T10:34:14","slug":"wertstoffhof","status":"publish","type":"page","link":"https:\/\/vg-mauern.de\/wang\/buergerservice\/wertstoffhof\/","title":{"rendered":"Wertstoffhof"},"content":{"rendered":"<h1>Wertstoffhof der Gemeinde Wang<\/h1>\n<h4>\u00d6ffnungszeiten:<\/h4>\n<ul>\n<li>\n<div>\n<p>Untere Hauptstrasse 17<br \/>85368 Wang<\/p>\n<\/div>\n<\/li>\n<li>\n<div>\n<p><strong>Freitag:<\/strong> 15:00 Uhr bis 18:00 Uhr<br \/><strong>Samstag:<\/strong> 09:00 Uhr bis 12:00 Uhr<\/p>\n<\/div>\n<\/li>\n<\/ul>\n<hr>\n<h2>Entsorgungskalender<\/h2>\n<div>Der Entsorgungskalender liegt sowohl im Rathaus als auch im Wertstoffhof aus und kann dort mitgenommen werden.<\/div>\n<p>\n    <a href=\"https:\/\/www.heinz-entsorgung.de\/leistungen\/haushalte\/entsorgungskalender\/entsorgungskalender-freising\/\">www.entsorgungskalender.com<\/a>\n<\/p>\n<hr>\n<h2>Altholzannahme am Wertstoffhof<\/h2>\n<div>\n<p>Altholz ist nicht gleich Altholz.<\/p>\n<p>Nach den gesetzlichen Bestimmungen der Altholzverordnung ist das Altholz in 4 verschiedene Gruppen eingeteilt. <br \/>Die <strong>Kategorien I \u2013 III<\/strong> sind f\u00fcr die Umwelt weitgehend unsch\u00e4dlich \u2013 dies sind in der Regel die <strong>H\u00f6lzer aus dem Innenbereich<\/strong>, wie z.B. naturbelassenes, verleimtes oder beschichtetes Holz, aber <strong>ohne Holzschutzmittel<\/strong>.<\/p>\n<p><strong>Au\u00dfenbereichsh\u00f6lzer<\/strong> wie Gartenz\u00e4une, -h\u00e4user und -m\u00f6bel, Fensterst\u00f6cke, impr\u00e4gnierte H\u00f6lzer etc. geh\u00f6ren jedoch zum Altholz der <strong>Kategorie IV<\/strong> und werden nach der Abfallwirtschaftssatzung des Landkreises nicht an den \u00f6rtlichen Wertstoffh\u00f6fen angenommen. Diese H\u00f6lzer gelten wegen der Schadstoffbelastung als gef\u00e4hrliche Abf\u00e4lle und brauchen einen besonderen Entsorgungsweg. Sie d\u00fcrfen auch nicht mit dem sonstigen Restm\u00fcll in der M\u00fcllverbrennungsanlage verbrannt werden.<\/p>\n<p>Der B\u00fcrger kann, wie z.B. auch Sperrm\u00fcll in gr\u00f6\u00dferen Mengen, Au\u00dfenbereichsholz bei der Firma Wurzer in Eitting, Am Kompostwerk 1, entsorgen.<\/p>\n<\/div>\n<p>\n    <a href=\"\/wang\/wp-content\/uploads\/sites\/3\/2022\/03\/uebersicht_altholzkategorien.pdf\">\u00dcbersicht Altholzkategorien<\/a>\n<\/p>\n<hr>\n<h2>Entsorgung von K\u00fchlger\u00e4ten<\/h2>\n<div>\n<p>Innerhalb der VG Mauern k\u00f6nnen die K\u00fchlger\u00e4te ab sofort nur noch im Wertstoffhof <strong>Mauern<\/strong> entsorgt werden. M\u00f6glich ist dies jedoch auch in den Wertstoffh\u00f6fen in Moosburg und Nandlstadt, Freising.<\/p>\n<\/div>\n<hr>\n<h2>Entsorgung von Altreifen<\/h2>\n<div>\n<p>Ab sofort d\u00fcrfen im Wertstoffhof Wang, auf Weisung des Landratsamtes, Altreifen nicht mehr angenommen werden! Die Erfassung der Altreifen erfolgt am effektivsten an den sogenannten Anfallstellen. Die meisten Altreifen fallen bei Reifen- und Autoh\u00e4ndlern, Kraftfahrzeugwerkst\u00e4tten, Abschleppdiensten, Tankstellen oder bei Reifenieferanten an. Dort k\u00f6nnen die Altreifen in der Regel von den Privathaushalten (gegen Entgelt) \u00fcberlassen werden. Alternativ ist die Entsorgung bei der Fa. Wurzer in Eitting m\u00f6glich!<\/p>\n<\/div>\n<hr>\n<h2>Glascontainer<\/h2>\n<ul>\n<li>\n<div>\n<p>beim Bauhof in Volkmannsdorf<\/p>\n<\/div>\n<\/li>\n<li>\n<div>\n<p>beim Sch\u00fctzenheim Auer Elch in der Volkmannsdorferau<\/p>\n<\/div>\n<\/li>\n<li>\n<div>bei der ehemaligen Gemeindekanzlei in Sixthaselbach<\/div>\n<\/li>\n<li>\n<div>beim Vereinsheim in Bergen<\/div>\n<\/li>\n<\/ul>\n<hr>\n<div>\n<p><strong>Informationen\/Hinweise f\u00fcr die ordnungsgem\u00e4\u00dfe Entsorgung von Bauschutt am Wertstoffhof:<\/strong><\/p>\n<p>Was ist Bauschutt?<br \/>Bauschutt besteht nur aus mineralischen Materialien, die bei Bauma\u00dfnahmen anfallen.<\/p>\n<\/div>\n<div>\n<p><strong>Was kann nicht als Bauschutt entsorgt werden?<\/strong><\/p>\n<\/div>\n<ul>\n<li>\n<div>Plastikfolien und Kunststoffteile<\/div>\n<\/li>\n<li>\n<div>Holzst\u00fccke<\/div>\n<\/li>\n<li>\n<div> Kartons und Pappe<\/div>\n<\/li>\n<li>\n<div>Metallteile<\/div>\n<\/li>\n<li>\n<div>Dachpappe bzw. Materialien mit Teeranteilen<\/div>\n<\/li>\n<li>\n<div>Asbest bzw. Eternit<\/div>\n<\/li>\n<li>\n<div>W\u00e4rmed\u00e4mmung (z. B. Styropor oder Mineralwolle)<\/div>\n<\/li>\n<li>\n<div>\n<p>Ytong und Gasbeton<\/p>\n<\/div>\n<\/li>\n<\/ul>\n<div>\n<p><strong>Was kann als Bauschutt am Wertstoffhof entsorgt werden?<\/strong><\/p>\n<\/div>\n<ul>\n<li>\n<div>\n<p>Ziegelschutt<\/p>\n<\/div>\n<\/li>\n<li>\n<div>Mauerwerk<\/div>\n<\/li>\n<li>\n<div>Beton, M\u00f6rtel- und Gesteinsbrocken<\/div>\n<\/li>\n<li>\n<div>Keramik und Porzellanmaterialien<\/div>\n<\/li>\n<li>\n<div>Fliesen<\/div>\n<\/li>\n<li>\n<div>unbelastetes Erdreich<\/div>\n<\/li>\n<\/ul>\n<hr>\n<h2>Preisliste<\/h2>\n<ul>\n<li>\n<\/li>\n<li>\n<div>\n<p><strong>Sperrm\u00fcll<\/strong> pro angefangenem 1\/4 Kubik 7,00 \u20ac<\/p>\n<\/div>\n<\/li>\n<li>\n<div>\n<p><strong>Gr\u00fcngut<br \/><\/strong>a) 10-l-Eimer 1,00 \u20ac<br \/>b) pro angefangene 0,5 m\u00b3 5,00 <small><br \/><\/small><\/p>\n<\/div>\n<\/li>\n<li>\n<div>\n<p><strong>Bauschutt<br \/><\/strong>a) pro 10-L-Eimer 1,00 \u20ac<br \/>b) pro angefangene 0,5 m\u00b3 15,00 \u20ac<\/p>\n<\/div>\n<\/li>\n<li>\n<div>\n<p><strong>Restm\u00fclls\u00e4cke<\/strong> f\u00fcr die Abfallentsorgungen (Heinz-S\u00e4cke &#8211; 70 l) &#8211; 5,00 \u20ac f\u00fcr jeden Sack<\/p>\n<\/div>\n<\/li>\n<\/ul>\n<p>\n    <a href=\"\/wang\/wp-content\/uploads\/sites\/3\/2023\/12\/Abfall-ABC-NEU-2023.pdf\">Abfall ABC des Landkreis Freising<\/a>\n<\/p>\n<hr>\n<p><!--more--><br \/>\n<!-- {\"name\":\"wertstoffhof\",\"type\":\"layout\",\"children\":[{\"type\":\"section\",\"props\":{\"image_position\":\"center-center\",\"padding\":\"small\",\"padding_remove_bottom\":true,\"style\":\"default\",\"title_breakpoint\":\"xl\",\"title_position\":\"top-left\",\"title_rotation\":\"left\",\"vertical_align\":\"\",\"width\":\"default\"},\"children\":[{\"type\":\"row\",\"children\":[{\"type\":\"column\",\"props\":{\"image_position\":\"center-center\",\"position_sticky_breakpoint\":\"m\"},\"children\":[{\"type\":\"breadcrumbs\",\"props\":{\"show_current\":true,\"show_home\":true}}]}]}]},{\"type\":\"section\",\"props\":{\"image_position\":\"center-center\",\"padding_remove_bottom\":true,\"style\":\"default\",\"title_breakpoint\":\"xl\",\"title_position\":\"top-left\",\"title_rotation\":\"left\",\"vertical_align\":\"\",\"width\":\"default\"},\"children\":[{\"type\":\"row\",\"children\":[{\"type\":\"column\",\"props\":{\"image_position\":\"center-center\",\"position_sticky_breakpoint\":\"m\"},\"children\":[{\"type\":\"headline\",\"props\":{\"content\":\"Wertstoffhof der Gemeinde Wang\",\"title_element\":\"h1\",\"title_style\":\"heading-small\"}}]}]},{\"type\":\"row\",\"children\":[{\"type\":\"column\",\"props\":{\"image_position\":\"center-center\",\"position_sticky_breakpoint\":\"m\"},\"children\":[{\"type\":\"headline\",\"props\":{\"content\":\"\\u00d6ffnungszeiten:\",\"margin_remove_bottom\":true,\"title_element\":\"h4\"}},{\"type\":\"list\",\"props\":{\"column_breakpoint\":\"m\",\"icon_color\":\"primary\",\"image_align\":\"left\",\"image_svg_color\":\"emphasis\",\"image_vertical_align\":false,\"list_element\":\"ul\",\"list_horizontal_separator\":\", \",\"list_type\":\"vertical\",\"margin\":\"small\",\"margin_remove_top\":false,\"show_image\":true,\"show_link\":true},\"children\":[{\"type\":\"list_item\",\"props\":{\"content\":\"\n\n<p>Untere Hauptstrasse 17<br \\\/>85368 Wang<\\\/p>\",\"icon\":\"location\"}},{\"type\":\"list_item\",\"props\":{\"content\":\"\n\n<p><strong>Freitag:<\\\/strong> 15:00 Uhr bis 18:00 Uhr<br \\\/><strong>Samstag:<\\\/strong> 09:00 Uhr bis 12:00 Uhr<\\\/p>\",\"icon\":\"clock\"}}]}]}]},{\"type\":\"row\",\"children\":[{\"type\":\"column\",\"props\":{\"image_position\":\"center-center\",\"position_sticky_breakpoint\":\"m\"}}]},{\"type\":\"row\",\"children\":[{\"type\":\"column\",\"props\":{\"image_position\":\"center-center\",\"position_sticky_breakpoint\":\"m\"},\"children\":[{\"type\":\"divider\",\"props\":{\"divider_element\":\"hr\"}}]}]}]},{\"type\":\"section\",\"props\":{\"id\":\"Entsorgungskalender\",\"image_position\":\"center-center\",\"padding_remove_bottom\":true,\"style\":\"default\",\"title_breakpoint\":\"xl\",\"title_position\":\"top-left\",\"title_rotation\":\"left\",\"vertical_align\":\"\",\"width\":\"default\"},\"children\":[{\"type\":\"row\",\"children\":[{\"type\":\"column\",\"props\":{\"image_position\":\"center-center\",\"position_sticky_breakpoint\":\"m\"},\"children\":[{\"type\":\"headline\",\"props\":{\"content\":\"Entsorgungskalender\",\"title_color\":\"primary\",\"title_element\":\"h2\"}},{\"type\":\"text\",\"props\":{\"column_breakpoint\":\"m\",\"content\":\"Der Entsorgungskalender liegt sowohl im Rathaus als auch im Wertstoffhof aus und kann dort mitgenommen werden.\",\"margin\":\"default\"}},{\"type\":\"button\",\"props\":{\"grid_column_gap\":\"small\",\"grid_row_gap\":\"small\",\"margin\":\"default\"},\"children\":[{\"type\":\"button_item\",\"props\":{\"button_style\":\"secondary\",\"content\":\"www.entsorgungskalender.com\",\"icon\":\"arrow-right\",\"icon_align\":\"left\",\"link\":\"https:\\\/\\\/www.heinz-entsorgung.de\\\/leistungen\\\/haushalte\\\/entsorgungskalender\\\/entsorgungskalender-freising\\\/\",\"link_target\":\"blank\"}}]}]}]},{\"type\":\"row\",\"children\":[{\"type\":\"column\",\"props\":{\"image_position\":\"center-center\",\"position_sticky_breakpoint\":\"m\"},\"children\":[{\"type\":\"divider\",\"props\":{\"divider_element\":\"hr\"}}]}]}],\"name\":\"Entsorgungskalender\"},{\"type\":\"section\",\"props\":{\"image_position\":\"center-center\",\"padding_remove_bottom\":true,\"style\":\"default\",\"title_breakpoint\":\"xl\",\"title_position\":\"top-left\",\"title_rotation\":\"left\",\"vertical_align\":\"\",\"width\":\"default\"},\"children\":[{\"type\":\"row\",\"children\":[{\"type\":\"column\",\"props\":{\"image_position\":\"center-center\",\"position_sticky_breakpoint\":\"m\"},\"children\":[{\"type\":\"headline\",\"props\":{\"content\":\"Altholzannahme am Wertstoffhof\",\"title_color\":\"primary\",\"title_element\":\"h2\"}},{\"type\":\"text\",\"props\":{\"column_breakpoint\":\"m\",\"content\":\"\n\n<p>Altholz ist nicht gleich Altholz.<\\\/p>\\n\n\n<p>Nach den gesetzlichen Bestimmungen der Altholzverordnung ist das Altholz in 4 verschiedene Gruppen eingeteilt. <br \\\/>Die <strong>Kategorien I \\u2013 III<\\\/strong> sind f\\u00fcr die Umwelt weitgehend unsch\\u00e4dlich \\u2013 dies sind in der Regel die <strong>H\\u00f6lzer aus dem Innenbereich<\\\/strong>, wie z.B. naturbelassenes, verleimtes oder beschichtetes Holz, aber <strong>ohne Holzschutzmittel<\\\/strong>.<\\\/p>\\n\n\n<p><strong>Au\\u00dfenbereichsh\\u00f6lzer<\\\/strong> wie Gartenz\\u00e4une, -h\\u00e4user und -m\\u00f6bel, Fensterst\\u00f6cke, impr\\u00e4gnierte H\\u00f6lzer etc. geh\\u00f6ren jedoch zum Altholz der <strong>Kategorie IV<\\\/strong> und werden nach der Abfallwirtschaftssatzung des Landkreises nicht an den \\u00f6rtlichen Wertstoffh\\u00f6fen angenommen. Diese H\\u00f6lzer gelten wegen der Schadstoffbelastung als gef\\u00e4hrliche Abf\\u00e4lle und brauchen einen besonderen Entsorgungsweg. Sie d\\u00fcrfen auch nicht mit dem sonstigen Restm\\u00fcll in der M\\u00fcllverbrennungsanlage verbrannt werden.<\\\/p>\\n\n\n<p>Der B\\u00fcrger kann, wie z.B. auch Sperrm\\u00fcll in gr\\u00f6\\u00dferen Mengen, Au\\u00dfenbereichsholz bei der Firma Wurzer in Eitting, Am Kompostwerk 1, entsorgen.<\\\/p>\",\"margin\":\"default\"}},{\"type\":\"button\",\"props\":{\"grid_column_gap\":\"small\",\"grid_row_gap\":\"small\",\"margin\":\"default\"},\"children\":[{\"type\":\"button_item\",\"props\":{\"button_style\":\"secondary\",\"content\":\"\\u00dcbersicht Altholzkategorien\",\"icon\":\"arrow-right\",\"icon_align\":\"left\",\"link\":\"wp-content\\\/uploads\\\/sites\\\/3\\\/2022\\\/03\\\/uebersicht_altholzkategorien.pdf\"}}]}]}]},{\"type\":\"row\",\"children\":[{\"type\":\"column\",\"props\":{\"image_position\":\"center-center\",\"position_sticky_breakpoint\":\"m\"},\"children\":[{\"type\":\"divider\",\"props\":{\"divider_element\":\"hr\"}}]}]}],\"name\":\"Altholzannahme\"},{\"type\":\"section\",\"props\":{\"image_position\":\"center-center\",\"padding_remove_bottom\":true,\"style\":\"default\",\"title_breakpoint\":\"xl\",\"title_position\":\"top-left\",\"title_rotation\":\"left\",\"vertical_align\":\"\",\"width\":\"default\"},\"children\":[{\"type\":\"row\",\"children\":[{\"type\":\"column\",\"props\":{\"image_position\":\"center-center\",\"position_sticky_breakpoint\":\"m\"},\"children\":[{\"type\":\"headline\",\"props\":{\"content\":\"Entsorgung von K\\u00fchlger\\u00e4ten\",\"title_color\":\"primary\",\"title_element\":\"h2\"}},{\"type\":\"text\",\"props\":{\"column_breakpoint\":\"m\",\"content\":\"\n\n<p>Innerhalb der VG Mauern k\\u00f6nnen die K\\u00fchlger\\u00e4te ab sofort nur noch im Wertstoffhof <strong>Mauern<\\\/strong> entsorgt werden. M\\u00f6glich ist dies jedoch auch in den Wertstoffh\\u00f6fen in Moosburg und Nandlstadt, Freising.<\\\/p>\",\"margin\":\"default\"}}]}]},{\"type\":\"row\",\"children\":[{\"type\":\"column\",\"props\":{\"image_position\":\"center-center\",\"position_sticky_breakpoint\":\"m\"},\"children\":[{\"type\":\"divider\",\"props\":{\"divider_element\":\"hr\"}}]}]}],\"name\":\"K\\u00fchlger\\u00e4ten\"},{\"type\":\"section\",\"props\":{\"image_position\":\"center-center\",\"padding_remove_bottom\":true,\"style\":\"default\",\"title_breakpoint\":\"xl\",\"title_position\":\"top-left\",\"title_rotation\":\"left\",\"vertical_align\":\"\",\"width\":\"default\"},\"children\":[{\"type\":\"row\",\"children\":[{\"type\":\"column\",\"props\":{\"image_position\":\"center-center\",\"position_sticky_breakpoint\":\"m\"},\"children\":[{\"type\":\"headline\",\"props\":{\"content\":\"Entsorgung von Altreifen\",\"title_color\":\"primary\",\"title_element\":\"h2\"}},{\"type\":\"text\",\"props\":{\"column_breakpoint\":\"m\",\"content\":\"\n\n<p>Ab sofort d\\u00fcrfen im Wertstoffhof Wang, auf Weisung des Landratsamtes, Altreifen nicht mehr angenommen werden! Die Erfassung der Altreifen erfolgt am effektivsten an den sogenannten Anfallstellen. Die meisten Altreifen fallen bei Reifen- und Autoh\\u00e4ndlern, Kraftfahrzeugwerkst\\u00e4tten, Abschleppdiensten, Tankstellen oder bei Reifenieferanten an. Dort k\\u00f6nnen die Altreifen in der Regel von den Privathaushalten (gegen Entgelt) \\u00fcberlassen werden. Alternativ ist die Entsorgung bei der Fa. Wurzer in Eitting m\\u00f6glich!<\\\/p>\",\"margin\":\"default\"}}]}]},{\"type\":\"row\",\"children\":[{\"type\":\"column\",\"props\":{\"image_position\":\"center-center\",\"position_sticky_breakpoint\":\"m\"},\"children\":[{\"type\":\"divider\",\"props\":{\"divider_element\":\"hr\"}}]}]}],\"name\":\"K\\u00fchlger\\u00e4ten\"},{\"type\":\"section\",\"props\":{\"image_position\":\"center-center\",\"padding_remove_bottom\":true,\"style\":\"default\",\"title_breakpoint\":\"xl\",\"title_position\":\"top-left\",\"title_rotation\":\"left\",\"vertical_align\":\"\",\"width\":\"default\"},\"children\":[{\"type\":\"row\",\"children\":[{\"type\":\"column\",\"props\":{\"image_position\":\"center-center\",\"position_sticky_breakpoint\":\"m\"},\"children\":[{\"type\":\"headline\",\"props\":{\"content\":\"Glascontainer\",\"title_color\":\"primary\",\"title_element\":\"h2\"}},{\"type\":\"list\",\"props\":{\"column_breakpoint\":\"m\",\"icon\":\"check\",\"icon_color\":\"primary\",\"image_align\":\"left\",\"image_svg_color\":\"emphasis\",\"image_vertical_align\":false,\"list_element\":\"ul\",\"list_horizontal_separator\":\", \",\"list_type\":\"vertical\",\"margin_remove_top\":true,\"show_image\":true,\"show_link\":true},\"children\":[{\"type\":\"list_item\",\"props\":{\"content\":\"\n\n<p>beim Bauhof in Volkmannsdorf<\\\/p>\"}},{\"type\":\"list_item\",\"props\":{\"content\":\"\n\n<p>beim Sch\\u00fctzenheim Auer Elch in der Volkmannsdorferau<\\\/p>\"}},{\"type\":\"list_item\",\"props\":{\"content\":\"bei der ehemaligen Gemeindekanzlei in Sixthaselbach\"}},{\"type\":\"list_item\",\"props\":{\"content\":\"beim Vereinsheim in Bergen\"}}]}]}]},{\"type\":\"row\",\"children\":[{\"type\":\"column\",\"props\":{\"image_position\":\"center-center\",\"position_sticky_breakpoint\":\"m\"},\"children\":[{\"type\":\"divider\",\"props\":{\"divider_element\":\"hr\"}}]}]}],\"name\":\"Papier- und Glascontainer\"},{\"type\":\"section\",\"props\":{\"image_position\":\"center-center\",\"padding_remove_bottom\":true,\"style\":\"default\",\"title_breakpoint\":\"xl\",\"title_position\":\"top-left\",\"title_rotation\":\"left\",\"vertical_align\":\"\",\"width\":\"default\"},\"children\":[{\"type\":\"row\",\"children\":[{\"type\":\"column\",\"props\":{\"image_position\":\"center-center\",\"position_sticky_breakpoint\":\"m\"},\"children\":[{\"type\":\"text\",\"props\":{\"column_breakpoint\":\"m\",\"content\":\"\n\n<p><strong>Informationen\\\/Hinweise f\\u00fcr die ordnungsgem\\u00e4\\u00dfe Entsorgung von Bauschutt am Wertstoffhof:<\\\/strong><\\\/p>\\n\n\n<p>Was ist Bauschutt?<br \\\/>Bauschutt besteht nur aus mineralischen Materialien, die bei Bauma\\u00dfnahmen anfallen.<\\\/p>\",\"margin\":\"default\",\"margin_remove_bottom\":true}}]}]},{\"type\":\"row\",\"props\":{\"layout\":\"1-2,1-2\"},\"children\":[{\"type\":\"column\",\"props\":{\"image_position\":\"center-center\",\"position_sticky_breakpoint\":\"m\",\"width_medium\":\"1-2\"},\"children\":[{\"type\":\"text\",\"props\":{\"column_breakpoint\":\"m\",\"content\":\"\n\n<p><strong>Was kann nicht als Bauschutt entsorgt werden?<\\\/strong><\\\/p>\",\"margin\":\"small\",\"margin_remove_bottom\":false}},{\"type\":\"list\",\"props\":{\"column_breakpoint\":\"m\",\"icon\":\"check\",\"icon_color\":\"primary\",\"image_align\":\"left\",\"image_svg_color\":\"emphasis\",\"image_vertical_align\":false,\"list_element\":\"ul\",\"list_horizontal_separator\":\", \",\"list_type\":\"vertical\",\"margin_remove_top\":true,\"show_image\":true,\"show_link\":true},\"children\":[{\"type\":\"list_item\",\"props\":{\"content\":\"Plastikfolien und Kunststoffteile\"}},{\"type\":\"list_item\",\"props\":{\"content\":\"Holzst\\u00fccke\"}},{\"type\":\"list_item\",\"props\":{\"content\":\" Kartons und Pappe\"}},{\"type\":\"list_item\",\"props\":{\"content\":\"Metallteile\"}},{\"type\":\"list_item\",\"props\":{\"content\":\"Dachpappe bzw. Materialien mit Teeranteilen\"}},{\"type\":\"list_item\",\"props\":{\"content\":\"Asbest bzw. Eternit\"}},{\"type\":\"list_item\",\"props\":{\"content\":\"W\\u00e4rmed\\u00e4mmung (z. B. Styropor oder Mineralwolle)\"}},{\"type\":\"list_item\",\"props\":{\"content\":\"\n\n<p>Ytong und Gasbeton<\\\/p>\"}}]}]},{\"type\":\"column\",\"props\":{\"image_position\":\"center-center\",\"position_sticky_breakpoint\":\"m\",\"width_medium\":\"1-2\"},\"children\":[{\"type\":\"text\",\"props\":{\"column_breakpoint\":\"m\",\"content\":\"\n\n<p><strong>Was kann als Bauschutt am Wertstoffhof entsorgt werden?<\\\/strong><\\\/p>\",\"margin\":\"small\",\"margin_remove_bottom\":false}},{\"type\":\"list\",\"props\":{\"column_breakpoint\":\"m\",\"icon\":\"check\",\"icon_color\":\"primary\",\"image_align\":\"left\",\"image_svg_color\":\"emphasis\",\"image_vertical_align\":false,\"list_element\":\"ul\",\"list_horizontal_separator\":\", \",\"list_type\":\"vertical\",\"margin_remove_top\":true,\"show_image\":true,\"show_link\":true},\"children\":[{\"type\":\"list_item\",\"props\":{\"content\":\"\n\n<p>Ziegelschutt<\\\/p>\"}},{\"type\":\"list_item\",\"props\":{\"content\":\"Mauerwerk\"}},{\"type\":\"list_item\",\"props\":{\"content\":\"Beton, M\\u00f6rtel- und Gesteinsbrocken\"}},{\"type\":\"list_item\",\"props\":{\"content\":\"Keramik und Porzellanmaterialien\"}},{\"type\":\"list_item\",\"props\":{\"content\":\"Fliesen\"}},{\"type\":\"list_item\",\"props\":{\"content\":\"unbelastetes Erdreich\"}}]}]}]},{\"type\":\"row\",\"children\":[{\"type\":\"column\",\"props\":{\"image_position\":\"center-center\",\"position_sticky_breakpoint\":\"m\"},\"children\":[{\"type\":\"divider\",\"props\":{\"divider_element\":\"hr\"}}]}]}],\"name\":\"Bauschutt\"},{\"type\":\"section\",\"props\":{\"image_position\":\"center-center\",\"padding_remove_bottom\":true,\"style\":\"default\",\"title_breakpoint\":\"xl\",\"title_position\":\"top-left\",\"title_rotation\":\"left\",\"vertical_align\":\"\",\"width\":\"default\"},\"children\":[{\"type\":\"row\",\"children\":[{\"type\":\"column\",\"props\":{\"image_position\":\"center-center\",\"position_sticky_breakpoint\":\"m\"},\"children\":[{\"type\":\"headline\",\"props\":{\"content\":\"Preisliste\",\"title_color\":\"primary\",\"title_element\":\"h2\"}},{\"type\":\"list\",\"props\":{\"column_breakpoint\":\"m\",\"icon\":\"check\",\"icon_color\":\"primary\",\"image_align\":\"left\",\"image_svg_color\":\"emphasis\",\"image_vertical_align\":false,\"list_element\":\"ul\",\"list_horizontal_separator\":\", \",\"list_type\":\"vertical\",\"margin_remove_top\":true,\"show_image\":true,\"show_link\":true},\"children\":[{\"type\":\"list_item\",\"props\":{\"content\":\"\"}},{\"type\":\"list_item\",\"props\":{\"content\":\"\n\n<p><strong>Sperrm\\u00fcll<\\\/strong> pro angefangenem 1\\\/4 Kubik 7,00 \\u20ac<\\\/p>\"}},{\"type\":\"list_item\",\"props\":{\"content\":\"\n\n<p><strong>Gr\\u00fcngut<br \\\/><\\\/strong>a) 10-l-Eimer 1,00 \\u20ac<br \\\/>b) pro angefangene 0,5 m\\u00b3 5,00 <small><br \\\/><\\\/small><\\\/p>\"}},{\"type\":\"list_item\",\"props\":{\"content\":\"\n\n<p><strong>Bauschutt<br \\\/><\\\/strong>a) pro 10-L-Eimer 1,00 \\u20ac<br \\\/>b) pro angefangene 0,5 m\\u00b3 15,00 \\u20ac<\\\/p>\"}},{\"type\":\"list_item\",\"props\":{\"content\":\"\n\n<p><strong>Restm\\u00fclls\\u00e4cke<\\\/strong> f\\u00fcr die Abfallentsorgungen (Heinz-S\\u00e4cke - 70 l) - 5,00 \\u20ac f\\u00fcr jeden Sack<\\\/p>\"}}]},{\"type\":\"button\",\"props\":{\"grid_column_gap\":\"small\",\"grid_row_gap\":\"small\",\"margin\":\"default\"},\"children\":[{\"type\":\"button_item\",\"props\":{\"button_style\":\"secondary\",\"content\":\"Abfall ABC des Landkreis Freising\",\"icon\":\"arrow-right\",\"icon_align\":\"left\",\"link\":\"wp-content\\\/uploads\\\/sites\\\/3\\\/2023\\\/12\\\/Abfall-ABC-NEU-2023.pdf\",\"link_target\":\"blank\"}}]}]}]},{\"type\":\"row\",\"children\":[{\"type\":\"column\",\"props\":{\"image_position\":\"center-center\",\"position_sticky_breakpoint\":\"m\"},\"children\":[{\"type\":\"divider\",\"props\":{\"divider_element\":\"hr\"}}]}]}],\"name\":\"Preisliste\"}],\"version\":\"4.4.16\"} --><\/p>\n","protected":false},"excerpt":{"rendered":"<p>Wertstoffhof der Gemeinde Wang \u00d6ffnungszeiten: Untere Hauptstrasse 1785368 Wang Freitag: 15:00 Uhr bis 18:00 UhrSamstag: 09:00 Uhr bis 12:00 Uhr Entsorgungskalender Der Entsorgungskalender liegt sowohl im Rathaus als auch im Wertstoffhof aus und kann dort mitgenommen werden. www.entsorgungskalender.com Altholzannahme am Wertstoffhof Altholz ist nicht gleich Altholz. Nach den gesetzlichen Bestimmungen der Altholzverordnung ist das Altholz [&hellip;]<\/p>\n","protected":false},"author":1,"featured_media":0,"parent":622,"menu_order":0,"comment_status":"closed","ping_status":"closed","template":"","meta":{"footnotes":""},"class_list":["post-630","page","type-page","status-publish","hentry"],"publishpress_future_action":{"enabled":false,"date":"2026-05-01 15:14:50","action":"change-status","newStatus":"draft","terms":[],"taxonomy":"","extraData":[]},"publishpress_future_workflow_manual_trigger":{"enabledWorkflows":[]},"_links":{"self":[{"href":"https:\/\/vg-mauern.de\/wang\/wp-json\/wp\/v2\/pages\/630","targetHints":{"allow":["GET"]}}],"collection":[{"href":"https:\/\/vg-mauern.de\/wang\/wp-json\/wp\/v2\/pages"}],"about":[{"href":"https:\/\/vg-mauern.de\/wang\/wp-json\/wp\/v2\/types\/page"}],"author":[{"embeddable":true,"href":"https:\/\/vg-mauern.de\/wang\/wp-json\/wp\/v2\/users\/1"}],"replies":[{"embeddable":true,"href":"https:\/\/vg-mauern.de\/wang\/wp-json\/wp\/v2\/comments?post=630"}],"version-history":[{"count":10,"href":"https:\/\/vg-mauern.de\/wang\/wp-json\/wp\/v2\/pages\/630\/revisions"}],"predecessor-version":[{"id":3633,"href":"https:\/\/vg-mauern.de\/wang\/wp-json\/wp\/v2\/pages\/630\/revisions\/3633"}],"up":[{"embeddable":true,"href":"https:\/\/vg-mauern.de\/wang\/wp-json\/wp\/v2\/pages\/622"}],"wp:attachment":[{"href":"https:\/\/vg-mauern.de\/wang\/wp-json\/wp\/v2\/media?parent=630"}],"curies":[{"name":"wp","href":"https:\/\/api.w.org\/{rel}","templated":true}]}}