{"id":632,"date":"2022-03-24T15:38:03","date_gmt":"2022-03-24T14:38:03","guid":{"rendered":"https:\/\/demo.vg-mauern.de\/wang\/?page_id=632"},"modified":"2022-03-24T16:13:10","modified_gmt":"2022-03-24T15:13:10","slug":"kaminkehrer","status":"publish","type":"page","link":"https:\/\/vg-mauern.de\/wang\/buergerservice\/kaminkehrer\/","title":{"rendered":"Kaminkehrer"},"content":{"rendered":"<h1>Kaminkehrer<\/h1>\n<div>F\u00fcr alle Ortschaften in der Gemeinde Wang mit Ausnahme von Volkmannsdorferau und Sp\u00f6rerau ist zust\u00e4ndig:<\/div>\n<ul>\n<li>\n<div>\n<p>Bevollm\u00e4chtigter Bezirksschornsteinfeger<br \/>Herr Johann Igl<\/p>\n<\/div>\n<\/li>\n<li>\n<div>\n<p>Am Eichenberg 30<br \/>85419 Mauern<\/p>\n<\/div>\n<\/li>\n<li>\n<div>\n<p>Tel. 08764 949745<\/p>\n<\/div>\n<\/li>\n<li>\n<div>\n<p>Mobil: 0170 8244733<\/p>\n<\/div>\n<\/li>\n<li>\n<p><a href=\"mailto:fam.igl@web.de\"><\/p>\n<p>fam.igl@web.de<\/p>\n<p><\/a><\/p>\n<\/li>\n<\/ul>\n<div>\n<p>Zust\u00e4ndigkeit f\u00fcr Volkmannsdorferau und Sp\u00f6rerau<\/p>\n<\/div>\n<ul>\n<li>\n<div>\n<p>Bevollm\u00e4chtigter Bezirksschornsteinfeger<br \/>Herr Stefan Klein<\/p>\n<\/div>\n<\/li>\n<li>\n<div>\n<p>Gutenbergstra\u00dfe 7<br \/>85368 Moosburg<\/p>\n<\/div>\n<\/li>\n<li>\n<div>\n<p>Tel. 08761 66407<\/p>\n<\/div>\n<\/li>\n<\/ul>\n<p><!--more--><br \/>\n<!-- {\"type\":\"layout\",\"children\":[{\"type\":\"section\",\"props\":{\"style\":\"default\",\"width\":\"default\",\"vertical_align\":\"middle\",\"title_position\":\"top-left\",\"title_rotation\":\"left\",\"title_breakpoint\":\"xl\",\"image_position\":\"center-center\",\"padding\":\"small\",\"padding_remove_bottom\":true},\"children\":[{\"type\":\"row\",\"children\":[{\"type\":\"column\",\"props\":{\"position_sticky_breakpoint\":\"m\",\"image_position\":\"center-center\",\"media_overlay_gradient\":\"\"},\"children\":[{\"type\":\"breadcrumbs\",\"props\":{\"show_home\":true,\"show_current\":true}}]}]}]},{\"type\":\"section\",\"props\":{\"style\":\"default\",\"width\":\"default\",\"vertical_align\":\"middle\",\"title_position\":\"top-left\",\"title_rotation\":\"left\",\"title_breakpoint\":\"xl\",\"image_position\":\"center-center\"},\"children\":[{\"type\":\"row\",\"props\":{\"layout\":\"2-3,1-3\"},\"children\":[{\"type\":\"column\",\"props\":{\"position_sticky_breakpoint\":\"m\",\"image_position\":\"center-center\",\"media_overlay_gradient\":\"\",\"width_medium\":\"2-3\"},\"children\":[{\"type\":\"headline\",\"props\":{\"title_element\":\"h1\",\"content\":\"Kaminkehrer\",\"title_style\":\"heading-small\"}},{\"type\":\"text\",\"props\":{\"margin\":\"default\",\"column_breakpoint\":\"m\",\"content\":\"F\\u00fcr alle Ortschaften in der Gemeinde Wang mit Ausnahme von Volkmannsdorferau und Sp\\u00f6rerau ist zust\\u00e4ndig:\"}},{\"type\":\"list\",\"props\":{\"show_image\":true,\"show_link\":true,\"list_type\":\"vertical\",\"list_element\":\"ul\",\"list_horizontal_separator\":\", \",\"column_breakpoint\":\"m\",\"image_svg_color\":\"emphasis\",\"image_align\":\"left\",\"image_vertical_align\":false,\"icon_color\":\"primary\"},\"children\":[{\"type\":\"list_item\",\"props\":{\"content\":\"\n\n<p>Bevollm\\u00e4chtigter Bezirksschornsteinfeger<br \\\/>Herr Johann Igl<\\\/p>\",\"icon\":\"user\"}},{\"type\":\"list_item\",\"props\":{\"content\":\"\n\n<p>Am Eichenberg 30<br \\\/>85419 Mauern<\\\/p>\",\"icon\":\"location\"}},{\"type\":\"list_item\",\"props\":{\"content\":\"\n\n<p>Tel. 08764 949745<\\\/p>\",\"icon\":\"receiver\"}},{\"type\":\"list_item\",\"props\":{\"content\":\"\n\n<p>Mobil: 0170 8244733<\\\/p>\",\"icon\":\"receiver\"}},{\"type\":\"list_item\",\"props\":{\"content\":\"\n\n<p>fam.igl@web.de<\\\/p>\",\"link\":\"mailto:fam.igl@web.de\",\"link_target\":true,\"icon\":\"mail\"}}]}]},{\"type\":\"column\",\"props\":{\"position_sticky_breakpoint\":\"m\",\"image_position\":\"center-center\",\"media_overlay_gradient\":\"\",\"width_medium\":\"1-3\"},\"children\":[]}]},{\"type\":\"row\",\"props\":{\"layout\":\"2-3,1-3\"},\"children\":[{\"type\":\"column\",\"props\":{\"position_sticky_breakpoint\":\"m\",\"image_position\":\"center-center\",\"media_overlay_gradient\":\"\",\"width_medium\":\"2-3\"},\"children\":[{\"type\":\"text\",\"props\":{\"margin\":\"default\",\"column_breakpoint\":\"m\",\"content\":\"\n\n<p>Zust\\u00e4ndigkeit f\\u00fcr Volkmannsdorferau und Sp\\u00f6rerau<\\\/p>\"}},{\"type\":\"list\",\"props\":{\"show_image\":true,\"show_link\":true,\"list_type\":\"vertical\",\"list_element\":\"ul\",\"list_horizontal_separator\":\", \",\"column_breakpoint\":\"m\",\"image_svg_color\":\"emphasis\",\"image_align\":\"left\",\"image_vertical_align\":false,\"icon_color\":\"primary\"},\"children\":[{\"type\":\"list_item\",\"props\":{\"content\":\"\n\n<p>Bevollm\\u00e4chtigter Bezirksschornsteinfeger<br \\\/>Herr Stefan Klein<\\\/p>\",\"icon\":\"user\"}},{\"type\":\"list_item\",\"props\":{\"content\":\"\n\n<p>Gutenbergstra\\u00dfe 7<br \\\/>85368 Moosburg<\\\/p>\",\"icon\":\"location\"}},{\"type\":\"list_item\",\"props\":{\"content\":\"\n\n<p>Tel. 08761 66407<\\\/p>\",\"icon\":\"receiver\"}}]}]},{\"type\":\"column\",\"props\":{\"position_sticky_breakpoint\":\"m\",\"image_position\":\"center-center\",\"media_overlay_gradient\":\"\",\"width_medium\":\"1-3\"},\"children\":[]}]}]}],\"version\":\"2.7.20\"} --><\/p>\n","protected":false},"excerpt":{"rendered":"<p>Kaminkehrer F\u00fcr alle Ortschaften in der Gemeinde Wang mit Ausnahme von Volkmannsdorferau und Sp\u00f6rerau ist zust\u00e4ndig: Bevollm\u00e4chtigter BezirksschornsteinfegerHerr Johann Igl Am Eichenberg 3085419 Mauern Tel. 08764 949745 Mobil: 0170 8244733 fam.igl@web.de Zust\u00e4ndigkeit f\u00fcr Volkmannsdorferau und Sp\u00f6rerau Bevollm\u00e4chtigter BezirksschornsteinfegerHerr Stefan Klein Gutenbergstra\u00dfe 785368 Moosburg Tel. 08761 66407<\/p>\n","protected":false},"author":1,"featured_media":0,"parent":622,"menu_order":0,"comment_status":"closed","ping_status":"closed","template":"","meta":{"footnotes":""},"class_list":["post-632","page","type-page","status-publish","hentry"],"publishpress_future_action":{"enabled":false,"date":"2026-04-19 11:57:35","action":"change-status","newStatus":"draft","terms":[],"taxonomy":"","extraData":[]},"publishpress_future_workflow_manual_trigger":{"enabledWorkflows":[]},"_links":{"self":[{"href":"https:\/\/vg-mauern.de\/wang\/wp-json\/wp\/v2\/pages\/632","targetHints":{"allow":["GET"]}}],"collection":[{"href":"https:\/\/vg-mauern.de\/wang\/wp-json\/wp\/v2\/pages"}],"about":[{"href":"https:\/\/vg-mauern.de\/wang\/wp-json\/wp\/v2\/types\/page"}],"author":[{"embeddable":true,"href":"https:\/\/vg-mauern.de\/wang\/wp-json\/wp\/v2\/users\/1"}],"replies":[{"embeddable":true,"href":"https:\/\/vg-mauern.de\/wang\/wp-json\/wp\/v2\/comments?post=632"}],"version-history":[{"count":8,"href":"https:\/\/vg-mauern.de\/wang\/wp-json\/wp\/v2\/pages\/632\/revisions"}],"predecessor-version":[{"id":657,"href":"https:\/\/vg-mauern.de\/wang\/wp-json\/wp\/v2\/pages\/632\/revisions\/657"}],"up":[{"embeddable":true,"href":"https:\/\/vg-mauern.de\/wang\/wp-json\/wp\/v2\/pages\/622"}],"wp:attachment":[{"href":"https:\/\/vg-mauern.de\/wang\/wp-json\/wp\/v2\/media?parent=632"}],"curies":[{"name":"wp","href":"https:\/\/api.w.org\/{rel}","templated":true}]}}