{"id":660,"date":"2022-03-24T16:15:04","date_gmt":"2022-03-24T15:15:04","guid":{"rendered":"https:\/\/demo.vg-mauern.de\/wang\/?page_id=660"},"modified":"2025-11-24T11:32:39","modified_gmt":"2025-11-24T10:32:39","slug":"kindergarten","status":"publish","type":"page","link":"https:\/\/vg-mauern.de\/wang\/bildung-und-kultur\/kindergarten\/","title":{"rendered":"Kindergarten"},"content":{"rendered":"<h1>Kindergarten<\/h1>\n<div>\n<h4>Kinderhaus Burg Drachenfels<\/h4>\n<div>\n<p>Schlossbreiten 4<br \/>85368 Wang<\/p>\n<p>Tel. 08761 725510<br \/>E-Mail: <a href=\"mailto:info@burgdrachenfels.de\">info@burgdrachenfels.de<\/a><br \/><a href=\"http:\/\/www.burgdrachenfels.de\/\" target=\"_blanke\">www.burgdrachenfels.de<\/a><\/p>\n<\/div>\n<\/div>\n<div>\n<p>Kindergartenf\u00f6rderverein<br \/>Kontakt: <a href=\"mailto:foerderverein@burgdrachenfels.de\">foerderverein@burgdrachenfels.de<\/a><\/p>\n<\/p>\n<\/div>\n<p>\n    <a href=\"\/wang\/wp-content\/uploads\/sites\/3\/2025\/11\/Beitrittserklaerung_KiGaFoeV_Wang_2025-1.pdf\">Beitrittserkl\u00e4rung Kindergartenf\u00f6rderverein Wang<\/a>\n<\/p>\n<p><!--more--><br \/>\n<!-- {\"name\":\"schulen\",\"type\":\"layout\",\"children\":[{\"type\":\"section\",\"props\":{\"image_position\":\"center-center\",\"padding\":\"small\",\"padding_remove_bottom\":true,\"style\":\"default\",\"title_breakpoint\":\"xl\",\"title_position\":\"top-left\",\"title_rotation\":\"left\",\"vertical_align\":\"\",\"width\":\"default\"},\"children\":[{\"type\":\"row\",\"children\":[{\"type\":\"column\",\"props\":{\"image_position\":\"center-center\",\"position_sticky_breakpoint\":\"m\",\"width_medium\":\"1-1\"},\"children\":[{\"type\":\"breadcrumbs\",\"props\":{\"show_current\":true,\"show_home\":true}}]}]}]},{\"type\":\"section\",\"props\":{\"image_position\":\"center-center\",\"padding_remove_bottom\":false,\"style\":\"default\",\"title_breakpoint\":\"xl\",\"title_position\":\"top-left\",\"title_rotation\":\"left\",\"vertical_align\":\"\",\"width\":\"default\"},\"children\":[{\"type\":\"row\",\"children\":[{\"type\":\"column\",\"props\":{\"image_position\":\"center-center\",\"position_sticky_breakpoint\":\"m\",\"width_medium\":\"1-1\"},\"children\":[{\"type\":\"headline\",\"props\":{\"content\":\"Kindergarten\",\"title_element\":\"h1\",\"title_style\":\"heading-small\"}}]}]},{\"type\":\"row\",\"children\":[{\"type\":\"column\",\"props\":{\"image_position\":\"center-center\",\"position_sticky_breakpoint\":\"m\"},\"children\":[{\"type\":\"grid\",\"props\":{\"animation\":true,\"content_column_breakpoint\":\"m\",\"filter_align\":\"left\",\"filter_all\":true,\"filter_grid_breakpoint\":\"m\",\"filter_grid_width\":\"auto\",\"filter_position\":\"top\",\"filter_style\":\"tab\",\"grid_default\":\"1\",\"grid_divider\":true,\"grid_medium\":\"2\",\"icon_width\":80,\"image_align\":\"top\",\"image_grid_breakpoint\":\"m\",\"image_grid_width\":\"1-2\",\"image_svg_color\":\"emphasis\",\"item_animation\":true,\"link_style\":\"default\",\"link_text\":\"Read more\",\"margin\":\"default\",\"meta_align\":\"below-title\",\"meta_element\":\"div\",\"meta_style\":\"text-meta\",\"parallax_easing\":\"1\",\"show_content\":true,\"show_image\":true,\"show_link\":true,\"show_meta\":true,\"show_title\":true,\"title_align\":\"top\",\"title_element\":\"h4\",\"title_grid_breakpoint\":\"m\",\"title_grid_width\":\"1-2\",\"title_hover_style\":\"reset\"},\"children\":[{\"type\":\"grid_item\",\"props\":{\"content\":\"\n\n<p>Schlossbreiten 4<br \\\/>85368 Wang<\\\/p>\\n\n\n<p>Tel. 08761 725510<br \\\/>E-Mail: <a href=\\\"mailto:info@burgdrachenfels.de\\\">info@burgdrachenfels.de<\\\/a><br \\\/><a href=\\\"http:\\\/\\\/www.burgdrachenfels.de\\\/\\\" target=\\\"_blanke\\\">www.burgdrachenfels.de<\\\/a><\\\/p>\",\"title\":\"Kinderhaus Burg Drachenfels\"}}]},{\"type\":\"text\",\"props\":{\"column_breakpoint\":\"m\",\"content\":\"\n\n<p>Kindergartenf\\u00f6rderverein<br \\\/>Kontakt: <a href=\\\"mailto:foerderverein@burgdrachenfels.de\\\">foerderverein@burgdrachenfels.de<\\\/a><\\\/p>\\n\n\n<p><\\\/p>\",\"margin\":\"default\"}},{\"type\":\"button\",\"props\":{\"grid_column_gap\":\"small\",\"grid_row_gap\":\"small\",\"margin\":\"default\"},\"children\":[{\"type\":\"button_item\",\"props\":{\"button_style\":\"default\",\"content\":\"Beitrittserkl\\u00e4rung Kindergartenf\\u00f6rderverein Wang\",\"icon_align\":\"left\",\"link\":\"wp-content\\\/uploads\\\/sites\\\/3\\\/2025\\\/11\\\/Beitrittserklaerung_KiGaFoeV_Wang_2025-1.pdf\",\"link_target\":\"blank\"}}]}]}]}]}],\"version\":\"4.4.16\"} --><\/p>\n","protected":false},"excerpt":{"rendered":"<p>Kindergarten Kinderhaus Burg Drachenfels Schlossbreiten 485368 Wang Tel. 08761 725510E-Mail: info@burgdrachenfels.dewww.burgdrachenfels.de Kindergartenf\u00f6rdervereinKontakt: foerderverein@burgdrachenfels.de Beitrittserkl\u00e4rung Kindergartenf\u00f6rderverein Wang<\/p>\n","protected":false},"author":1,"featured_media":0,"parent":658,"menu_order":0,"comment_status":"closed","ping_status":"closed","template":"","meta":{"footnotes":""},"class_list":["post-660","page","type-page","status-publish","hentry"],"publishpress_future_action":{"enabled":false,"date":"2026-04-19 11:52:31","action":"change-status","newStatus":"draft","terms":[],"taxonomy":"","extraData":[]},"publishpress_future_workflow_manual_trigger":{"enabledWorkflows":[]},"_links":{"self":[{"href":"https:\/\/vg-mauern.de\/wang\/wp-json\/wp\/v2\/pages\/660","targetHints":{"allow":["GET"]}}],"collection":[{"href":"https:\/\/vg-mauern.de\/wang\/wp-json\/wp\/v2\/pages"}],"about":[{"href":"https:\/\/vg-mauern.de\/wang\/wp-json\/wp\/v2\/types\/page"}],"author":[{"embeddable":true,"href":"https:\/\/vg-mauern.de\/wang\/wp-json\/wp\/v2\/users\/1"}],"replies":[{"embeddable":true,"href":"https:\/\/vg-mauern.de\/wang\/wp-json\/wp\/v2\/comments?post=660"}],"version-history":[{"count":7,"href":"https:\/\/vg-mauern.de\/wang\/wp-json\/wp\/v2\/pages\/660\/revisions"}],"predecessor-version":[{"id":3553,"href":"https:\/\/vg-mauern.de\/wang\/wp-json\/wp\/v2\/pages\/660\/revisions\/3553"}],"up":[{"embeddable":true,"href":"https:\/\/vg-mauern.de\/wang\/wp-json\/wp\/v2\/pages\/658"}],"wp:attachment":[{"href":"https:\/\/vg-mauern.de\/wang\/wp-json\/wp\/v2\/media?parent=660"}],"curies":[{"name":"wp","href":"https:\/\/api.w.org\/{rel}","templated":true}]}}