{"id":702,"date":"2022-03-24T16:58:51","date_gmt":"2022-03-24T15:58:51","guid":{"rendered":"https:\/\/demo.vg-mauern.de\/wang\/?page_id=702"},"modified":"2025-12-03T11:17:52","modified_gmt":"2025-12-03T10:17:52","slug":"vereine","status":"publish","type":"page","link":"https:\/\/vg-mauern.de\/wang\/freizeit-und-sport\/vereine\/","title":{"rendered":"Vereine"},"content":{"rendered":"<h1><a href=\"\/wang\/wp-content\/uploads\/sites\/3\/2024\/01\/Leitfaden-fuer-Vereinsfeiern-2024.pdf\">Leitfaden f\u00fcr Vereinsfeiern<\/a><\/h1>\n<h1>GEMA-Gratisticket f\u00fcr Vereine<\/h1>\n<div>\n<p>Der Freistaat Bayern \u00fcbernimmt k\u00fcnftig die GEMA-Geb\u00fchren f\u00fcr zwei Veranstaltungen pro Verein und pro Jahr.<\/p>\n<\/div>\n<p>\n    <a href=\"\/wang\/wp-content\/uploads\/sites\/3\/2023\/05\/GEMA-Gratisticket-fuer-Vereine.pdf\">N\u00e4heres dar\u00fcber erfahren Sie hier<\/a>\n<\/p>\n<h1>Vereine<\/h1>\n<ul>\n<li>\n<p><a href=\"https:\/\/kreis-freising.de\/buergerservice\/themen\/ehrenamt.html\"><\/p>\n<p>Ehrenamtskoordination im Landratsamt Freising<\/p>\n<p><\/a><\/p>\n<\/li>\n<li>\n<p><a href=\"\/wang\/wp-content\/uploads\/sites\/3\/2025\/12\/2025_November_Vereinsliste.pdf\"><\/p>\n<p>Vereinsliste der Gemeinde Wang \u2013 Stand November 2025<\/p>\n<p><\/a><\/p>\n<\/li>\n<li>\n<p><a href=\"\/wang\/wp-content\/uploads\/sites\/3\/2025\/12\/2025_November_Vereinswegweiser.pdf\"><\/p>\n<p>Vereinswegweiser der Gemeinde Wang mit wichtigen Kontakten &#8211; Stand November 2025<\/p>\n<p><\/a><\/p>\n<\/li>\n<\/ul>\n<p><!--more--><br \/>\n<!-- {\"type\":\"layout\",\"children\":[{\"type\":\"section\",\"props\":{\"image_position\":\"center-center\",\"padding\":\"small\",\"padding_remove_bottom\":true,\"style\":\"default\",\"title_breakpoint\":\"xl\",\"title_position\":\"top-left\",\"title_rotation\":\"left\",\"vertical_align\":\"\",\"width\":\"default\"},\"children\":[{\"type\":\"row\",\"children\":[{\"type\":\"column\",\"props\":{\"image_position\":\"center-center\",\"position_sticky_breakpoint\":\"m\"},\"children\":[{\"type\":\"breadcrumbs\",\"props\":{\"show_current\":true,\"show_home\":true}}]}]}]},{\"type\":\"section\",\"props\":{\"image_position\":\"center-center\",\"style\":\"default\",\"title_breakpoint\":\"xl\",\"title_position\":\"top-left\",\"title_rotation\":\"left\",\"vertical_align\":\"\",\"width\":\"default\"},\"children\":[{\"type\":\"row\",\"children\":[{\"type\":\"column\",\"props\":{\"image_position\":\"center-center\",\"position_sticky_breakpoint\":\"m\"},\"children\":[{\"type\":\"headline\",\"props\":{\"content\":\"Leitfaden f\\u00fcr Vereinsfeiern\",\"link\":\"wp-content\\\/uploads\\\/sites\\\/3\\\/2024\\\/01\\\/Leitfaden-fuer-Vereinsfeiern-2024.pdf\",\"link_target\":true,\"title_element\":\"h1\",\"title_style\":\"heading-small\"}},{\"type\":\"headline\",\"props\":{\"content\":\"GEMA-Gratisticket f\\u00fcr Vereine\",\"title_element\":\"h1\",\"title_style\":\"heading-small\"}},{\"type\":\"text\",\"props\":{\"column_breakpoint\":\"m\",\"content\":\"\n\n<p>Der Freistaat Bayern \\u00fcbernimmt k\\u00fcnftig die GEMA-Geb\\u00fchren f\\u00fcr zwei Veranstaltungen pro Verein und pro Jahr.<\\\/p>\",\"margin\":\"default\"}},{\"type\":\"button\",\"props\":{\"grid_column_gap\":\"small\",\"grid_row_gap\":\"small\",\"margin\":\"default\"},\"children\":[{\"type\":\"button_item\",\"props\":{\"button_style\":\"default\",\"content\":\"N\\u00e4heres dar\\u00fcber erfahren Sie hier\",\"icon_align\":\"left\",\"link\":\"wp-content\\\/uploads\\\/sites\\\/3\\\/2023\\\/05\\\/GEMA-Gratisticket-fuer-Vereine.pdf\",\"link_target\":\"blank\"}}]},{\"type\":\"headline\",\"props\":{\"content\":\"Vereine\",\"title_element\":\"h1\",\"title_style\":\"heading-small\"}},{\"type\":\"list\",\"props\":{\"column_breakpoint\":\"m\",\"icon\":\"arrow-right\",\"icon_color\":\"primary\",\"image_align\":\"left\",\"image_svg_color\":\"emphasis\",\"image_vertical_align\":false,\"list_element\":\"ul\",\"list_horizontal_separator\":\", \",\"list_style\":\"divider\",\"list_type\":\"vertical\",\"show_image\":true,\"show_link\":true},\"children\":[{\"type\":\"list_item\",\"props\":{\"content\":\"\n\n<p>Ehrenamtskoordination im Landratsamt Freising<\\\/p>\",\"link\":\"https:\\\/\\\/kreis-freising.de\\\/buergerservice\\\/themen\\\/ehrenamt.html\",\"link_target\":true}},{\"type\":\"list_item\",\"props\":{\"content\":\"\n\n<p>Vereinsliste der Gemeinde Wang \\u2013 Stand November 2025<\\\/p>\",\"link\":\"wp-content\\\/uploads\\\/sites\\\/3\\\/2025\\\/12\\\/2025_November_Vereinsliste.pdf\",\"link_target\":true}},{\"type\":\"list_item\",\"props\":{\"content\":\"\n\n<p>Vereinswegweiser der Gemeinde Wang mit wichtigen Kontakten - Stand November 2025<\\\/p>\",\"link\":\"wp-content\\\/uploads\\\/sites\\\/3\\\/2025\\\/12\\\/2025_November_Vereinswegweiser.pdf\",\"link_target\":true}}]}]}]}]}],\"version\":\"4.4.16\"} --><\/p>\n","protected":false},"excerpt":{"rendered":"<p>Leitfaden f\u00fcr Vereinsfeiern GEMA-Gratisticket f\u00fcr Vereine Der Freistaat Bayern \u00fcbernimmt k\u00fcnftig die GEMA-Geb\u00fchren f\u00fcr zwei Veranstaltungen pro Verein und pro Jahr. N\u00e4heres dar\u00fcber erfahren Sie hier Vereine Ehrenamtskoordination im Landratsamt Freising Vereinsliste der Gemeinde Wang \u2013 Stand November 2025 Vereinswegweiser der Gemeinde Wang mit wichtigen Kontakten &#8211; Stand November 2025<\/p>\n","protected":false},"author":1,"featured_media":0,"parent":698,"menu_order":0,"comment_status":"closed","ping_status":"closed","template":"","meta":{"footnotes":""},"class_list":["post-702","page","type-page","status-publish","hentry"],"publishpress_future_action":{"enabled":false,"date":"2026-05-22 11:10:04","action":"change-status","newStatus":"draft","terms":[],"taxonomy":"","extraData":[]},"publishpress_future_workflow_manual_trigger":{"enabledWorkflows":[]},"_links":{"self":[{"href":"https:\/\/vg-mauern.de\/wang\/wp-json\/wp\/v2\/pages\/702","targetHints":{"allow":["GET"]}}],"collection":[{"href":"https:\/\/vg-mauern.de\/wang\/wp-json\/wp\/v2\/pages"}],"about":[{"href":"https:\/\/vg-mauern.de\/wang\/wp-json\/wp\/v2\/types\/page"}],"author":[{"embeddable":true,"href":"https:\/\/vg-mauern.de\/wang\/wp-json\/wp\/v2\/users\/1"}],"replies":[{"embeddable":true,"href":"https:\/\/vg-mauern.de\/wang\/wp-json\/wp\/v2\/comments?post=702"}],"version-history":[{"count":10,"href":"https:\/\/vg-mauern.de\/wang\/wp-json\/wp\/v2\/pages\/702\/revisions"}],"predecessor-version":[{"id":3572,"href":"https:\/\/vg-mauern.de\/wang\/wp-json\/wp\/v2\/pages\/702\/revisions\/3572"}],"up":[{"embeddable":true,"href":"https:\/\/vg-mauern.de\/wang\/wp-json\/wp\/v2\/pages\/698"}],"wp:attachment":[{"href":"https:\/\/vg-mauern.de\/wang\/wp-json\/wp\/v2\/media?parent=702"}],"curies":[{"name":"wp","href":"https:\/\/api.w.org\/{rel}","templated":true}]}}