{"id":80,"date":"2022-03-23T15:24:03","date_gmt":"2022-03-23T14:24:03","guid":{"rendered":"https:\/\/demo.vg-mauern.de\/wang\/?page_id=80"},"modified":"2024-02-27T09:16:34","modified_gmt":"2024-02-27T08:16:34","slug":"bauantragsunterlagen","status":"publish","type":"page","link":"https:\/\/vg-mauern.de\/wang\/bauland\/bauantragsunterlagen\/","title":{"rendered":"Bauantragsunterlagen"},"content":{"rendered":"<h1>Bauantragsunterlagen<\/h1>\n<div>\n<p><strong>Digitaler Bauantrag startet am 1. M\u00e4rz 2024<\/strong><\/p>\n<p>Zum 1. M\u00e4rz 2024 f\u00fchrt der Landkreis Freising den Digitalen Bauantrag ein. Bisher wenden sich Bauwerber an ihre Gemeinde und geben dort ihren Bauantrag in Papierform ab. Alle ab 1. M\u00e4rz abzugebenden Unterlagen k\u00f6nnen auch online eingereicht werden und landen zun\u00e4chst direkt in der Bauverwaltung des Landratsamts Freising. Auch wenn es weiterhin m\u00f6glich ist, Bauantr\u00e4ge klassisch auf Papier abzugeben: \u201eZiel ist ein kompletter elektronischer Workflow \u2013 vom Eingang \u00fcber die Bearbeitung bis hin zum Ausgang\u201c, betont Landrat Helmut Petz.<\/p>\n<p>Ob auf Papier oder online:<\/p>\n<p><strong>Ab 1. M\u00e4rz ist zwingend die Bauaufsichtsbeh\u00f6rde, also das Landratsamt, der erste Empf\u00e4nger und nicht mehr die Gemeinde<\/strong>.<\/p>\n<p><strong>Antragstellung \u00fcber das Bayernportal<\/strong><\/p>\n<p>F\u00fcr die digitale Einreichung stellt der Freistaat Bayern \u00fcber das sog. Bayernportal digitale Formulare, sogenannte \u201eOnline-Assistenten\u201c, zur Verf\u00fcgung. Diese ersetzen (weitgehend) die bei Einreichung in Papierform zwingend zu verwendenden, \u00f6ffentlich bekannt gemachten Formulare. Planvorlageberechtigte wie Architekten oder Bauplaner k\u00f6nnen sich im Bayernportal registrieren. Bauvorlagen werden mithilfe der Online-Assistenten als Dateien im PDF-Format hochgeladen. \u201eDas System ist baurechtsintelligent\u201c, sagt Hildenbrand. \u201eEs f\u00fchrt einen durch die Fragen, abh\u00e4ngig von den vorherigen Antworten.\u201c Zur Vermeidung von Medienbr\u00fcchen entfallen bei den meisten Bauvorlagen zudem die sonst notwendigen Unterschriften. So k\u00f6nnen gerade gro\u00dfformatige Pl\u00e4ne direkt aus dem CAD-Programm extrahiert und eingereicht werden, statt diese wie bisher aufw\u00e4ndig auszuplotten und zu falten.<\/p>\n<p>Anhand der Flurnummer des zu bebauenden Grundst\u00fccks wird der Bauantrag automatisch an die richtige Bauaufsichtsbeh\u00f6rde geschickt. Antr\u00e4ge aus dem Stadtgebiet Freising gehen weiterhin an die Stadtverwaltung, da diese selbst Bauaufsichtsbeh\u00f6rde ist. Handelt es sich um einen Bauantrag aus einer der anderen 23 Gemeinden, dann geht am Landratsamt eine Meldung ein, dass ein Antrag angekommen ist. \u201eIntern leiten wir diesen dann an den zust\u00e4ndigen Mitarbeiter oder die zust\u00e4ndige Mitarbeiterin weiter \u2013 je nach Gemeinde.\u201c<\/p>\n<p>Sollten noch Dokumente fehlen, dann k\u00fcmmert sich das Landratsamt darum, diese nachzufordern und den Antrag zu vervollst\u00e4ndigen. Erst dann gehen die Unterlagen an die Gemeindeverwaltung, die dann \u00fcber ihr ggf. notwendiges Einvernehmen entscheidet.\u00a0<\/p>\n<\/div>\n<p><!--more--><br \/>\n<!-- {\"type\":\"layout\",\"children\":[{\"type\":\"section\",\"props\":{\"image_position\":\"center-center\",\"padding\":\"small\",\"padding_remove_bottom\":true,\"style\":\"default\",\"title_breakpoint\":\"xl\",\"title_position\":\"top-left\",\"title_rotation\":\"left\",\"vertical_align\":\"middle\",\"width\":\"default\"},\"children\":[{\"type\":\"row\",\"children\":[{\"type\":\"column\",\"props\":{\"image_position\":\"center-center\",\"position_sticky_breakpoint\":\"m\"},\"children\":[{\"type\":\"breadcrumbs\",\"props\":{\"show_current\":true,\"show_home\":true}}]}]}]},{\"type\":\"section\",\"props\":{\"image_position\":\"center-center\",\"style\":\"default\",\"title_breakpoint\":\"xl\",\"title_position\":\"top-left\",\"title_rotation\":\"left\",\"vertical_align\":\"middle\",\"width\":\"default\"},\"children\":[{\"type\":\"row\",\"children\":[{\"type\":\"column\",\"props\":{\"image_position\":\"center-center\",\"position_sticky_breakpoint\":\"m\"},\"children\":[{\"type\":\"headline\",\"props\":{\"content\":\"Bauantragsunterlagen\",\"title_element\":\"h1\",\"title_style\":\"heading-small\"}}]}]},{\"type\":\"row\",\"children\":[{\"type\":\"column\",\"props\":{\"image_position\":\"center-center\",\"position_sticky_breakpoint\":\"m\"},\"children\":[{\"type\":\"text\",\"props\":{\"column_breakpoint\":\"m\",\"content\":\"\n\n<p><strong>Digitaler Bauantrag startet am 1. M\\u00e4rz 2024<\\\/strong><\\\/p>\\n\n\n<p>Zum 1. M\\u00e4rz 2024 f\\u00fchrt der Landkreis Freising den Digitalen Bauantrag ein. Bisher wenden sich Bauwerber an ihre Gemeinde und geben dort ihren Bauantrag in Papierform ab. Alle ab 1. M\\u00e4rz abzugebenden Unterlagen k\\u00f6nnen auch online eingereicht werden und landen zun\\u00e4chst direkt in der Bauverwaltung des Landratsamts Freising. Auch wenn es weiterhin m\\u00f6glich ist, Bauantr\\u00e4ge klassisch auf Papier abzugeben: \\u201eZiel ist ein kompletter elektronischer Workflow \\u2013 vom Eingang \\u00fcber die Bearbeitung bis hin zum Ausgang\\u201c, betont Landrat Helmut Petz.<\\\/p>\\n\n\n<p>Ob auf Papier oder online:<\\\/p>\\n\n\n<p><strong>Ab 1. M\\u00e4rz ist zwingend die Bauaufsichtsbeh\\u00f6rde, also das Landratsamt, der erste Empf\\u00e4nger und nicht mehr die Gemeinde<\\\/strong>.<\\\/p>\\n\n\n<p><strong>Antragstellung \\u00fcber das Bayernportal<\\\/strong><\\\/p>\\n\n\n<p>F\\u00fcr die digitale Einreichung stellt der Freistaat Bayern \\u00fcber das sog. Bayernportal digitale Formulare, sogenannte \\u201eOnline-Assistenten\\u201c, zur Verf\\u00fcgung. Diese ersetzen (weitgehend) die bei Einreichung in Papierform zwingend zu verwendenden, \\u00f6ffentlich bekannt gemachten Formulare. Planvorlageberechtigte wie Architekten oder Bauplaner k\\u00f6nnen sich im Bayernportal registrieren. Bauvorlagen werden mithilfe der Online-Assistenten als Dateien im PDF-Format hochgeladen. \\u201eDas System ist baurechtsintelligent\\u201c, sagt Hildenbrand. \\u201eEs f\\u00fchrt einen durch die Fragen, abh\\u00e4ngig von den vorherigen Antworten.\\u201c Zur Vermeidung von Medienbr\\u00fcchen entfallen bei den meisten Bauvorlagen zudem die sonst notwendigen Unterschriften. So k\\u00f6nnen gerade gro\\u00dfformatige Pl\\u00e4ne direkt aus dem CAD-Programm extrahiert und eingereicht werden, statt diese wie bisher aufw\\u00e4ndig auszuplotten und zu falten.<\\\/p>\\n\n\n<p>Anhand der Flurnummer des zu bebauenden Grundst\\u00fccks wird der Bauantrag automatisch an die richtige Bauaufsichtsbeh\\u00f6rde geschickt. Antr\\u00e4ge aus dem Stadtgebiet Freising gehen weiterhin an die Stadtverwaltung, da diese selbst Bauaufsichtsbeh\\u00f6rde ist. Handelt es sich um einen Bauantrag aus einer der anderen 23 Gemeinden, dann geht am Landratsamt eine Meldung ein, dass ein Antrag angekommen ist. \\u201eIntern leiten wir diesen dann an den zust\\u00e4ndigen Mitarbeiter oder die zust\\u00e4ndige Mitarbeiterin weiter \\u2013 je nach Gemeinde.\\u201c<\\\/p>\\n\n\n<p>Sollten noch Dokumente fehlen, dann k\\u00fcmmert sich das Landratsamt darum, diese nachzufordern und den Antrag zu vervollst\\u00e4ndigen. Erst dann gehen die Unterlagen an die Gemeindeverwaltung, die dann \\u00fcber ihr ggf. notwendiges Einvernehmen entscheidet.\\u00a0<\\\/p>\",\"margin\":\"default\"}}]}]}]}],\"version\":\"4.3.4\"} --><\/p>\n","protected":false},"excerpt":{"rendered":"<p>Bauantragsunterlagen Digitaler Bauantrag startet am 1. M\u00e4rz 2024 Zum 1. M\u00e4rz 2024 f\u00fchrt der Landkreis Freising den Digitalen Bauantrag ein. Bisher wenden sich Bauwerber an ihre Gemeinde und geben dort ihren Bauantrag in Papierform ab. Alle ab 1. M\u00e4rz abzugebenden Unterlagen k\u00f6nnen auch online eingereicht werden und landen zun\u00e4chst direkt in der Bauverwaltung des Landratsamts [&hellip;]<\/p>\n","protected":false},"author":1,"featured_media":0,"parent":76,"menu_order":0,"comment_status":"closed","ping_status":"closed","template":"","meta":{"footnotes":""},"class_list":["post-80","page","type-page","status-publish","hentry"],"publishpress_future_action":{"enabled":false,"date":"2026-04-19 14:49:12","action":"change-status","newStatus":"draft","terms":[],"taxonomy":"","extraData":[]},"publishpress_future_workflow_manual_trigger":{"enabledWorkflows":[]},"_links":{"self":[{"href":"https:\/\/vg-mauern.de\/wang\/wp-json\/wp\/v2\/pages\/80","targetHints":{"allow":["GET"]}}],"collection":[{"href":"https:\/\/vg-mauern.de\/wang\/wp-json\/wp\/v2\/pages"}],"about":[{"href":"https:\/\/vg-mauern.de\/wang\/wp-json\/wp\/v2\/types\/page"}],"author":[{"embeddable":true,"href":"https:\/\/vg-mauern.de\/wang\/wp-json\/wp\/v2\/users\/1"}],"replies":[{"embeddable":true,"href":"https:\/\/vg-mauern.de\/wang\/wp-json\/wp\/v2\/comments?post=80"}],"version-history":[{"count":6,"href":"https:\/\/vg-mauern.de\/wang\/wp-json\/wp\/v2\/pages\/80\/revisions"}],"predecessor-version":[{"id":2535,"href":"https:\/\/vg-mauern.de\/wang\/wp-json\/wp\/v2\/pages\/80\/revisions\/2535"}],"up":[{"embeddable":true,"href":"https:\/\/vg-mauern.de\/wang\/wp-json\/wp\/v2\/pages\/76"}],"wp:attachment":[{"href":"https:\/\/vg-mauern.de\/wang\/wp-json\/wp\/v2\/media?parent=80"}],"curies":[{"name":"wp","href":"https:\/\/api.w.org\/{rel}","templated":true}]}}