{"id":997,"date":"2022-04-12T10:31:33","date_gmt":"2022-04-12T08:31:33","guid":{"rendered":"https:\/\/demo.vg-mauern.de\/wang\/?page_id=997"},"modified":"2024-01-30T09:50:05","modified_gmt":"2024-01-30T08:50:05","slug":"leitfaden-vereinsfeiern","status":"publish","type":"page","link":"https:\/\/vg-mauern.de\/wang\/freizeit-und-sport\/leitfaden-vereinsfeiern\/","title":{"rendered":"Leitfaden Vereinsfeiern"},"content":{"rendered":"<h1>Leitfaden Vereinsfeiern<\/h1>\n<div>\n<p>In Bayern geh\u00f6ren der Einsatz f\u00fcr die Gemeinschaft und die Verantwortung f\u00fcr sich und die anderen zur Lebensphilosophie. Fast jeder Zweite in Bayern ist ehrenamtlich aktiv und engagiert sich in der Vereinsarbeit. Wo kr\u00e4ftig angepackt wird, darf das Feiern nicht zu kurz kommen. Feuerwehr-, Sch\u00fctzen-, Burschenvereins- und Sportfeste, Trachtenumz\u00fcge, wohlt\u00e4tige Veranstaltungen, Pfarrfeiern und unz\u00e4hlige andere Feierlichkeiten sind wesentlicher Bestandteil unseres bayerischen Lebensgef\u00fchls. Wer eine Feier organisiert, muss Vorschriften beachten. Der praxisorientierte Leitfaden mit den wichtigsten Themen, wie Vereinsfeiern gelingen und welche Vorschriften zu beachten sind, hilft bei der Durchf\u00fchrung von Vereinsfeiern weiter.<\/p>\n<\/div>\n<p>\n    <a href=\"\/wang\/wp-content\/uploads\/sites\/3\/2024\/01\/Leitfaden-fuer-Vereinsfeiern-2024.pdf\">Leitfaden Vereinsfeiern<\/a>\n<\/p>\n<p><!--more--><br \/>\n<!-- {\"name\":\"Leidfaden_verein\",\"type\":\"layout\",\"children\":[{\"type\":\"section\",\"props\":{\"image_position\":\"center-center\",\"padding\":\"small\",\"padding_remove_bottom\":true,\"style\":\"default\",\"title_breakpoint\":\"xl\",\"title_position\":\"top-left\",\"title_rotation\":\"left\",\"vertical_align\":\"middle\",\"width\":\"default\"},\"children\":[{\"type\":\"row\",\"children\":[{\"type\":\"column\",\"props\":{\"image_position\":\"center-center\",\"position_sticky_breakpoint\":\"m\",\"width_medium\":\"1-1\"},\"children\":[{\"type\":\"breadcrumbs\",\"props\":{\"show_current\":true,\"show_home\":true}}]}]}]},{\"type\":\"section\",\"props\":{\"image_position\":\"center-center\",\"style\":\"default\",\"title_breakpoint\":\"xl\",\"title_position\":\"top-left\",\"title_rotation\":\"left\",\"vertical_align\":\"middle\",\"width\":\"default\"},\"children\":[{\"type\":\"row\",\"children\":[{\"type\":\"column\",\"props\":{\"image_position\":\"center-center\",\"position_sticky_breakpoint\":\"m\",\"width_medium\":\"1-1\"},\"children\":[{\"type\":\"headline\",\"props\":{\"content\":\"Leitfaden Vereinsfeiern\",\"title_element\":\"h1\",\"title_style\":\"heading-small\"}}]}]},{\"type\":\"row\",\"children\":[{\"type\":\"column\",\"props\":{\"image_position\":\"center-center\",\"position_sticky_breakpoint\":\"m\",\"width_medium\":\"1-1\"},\"children\":[{\"type\":\"text\",\"props\":{\"column_breakpoint\":\"m\",\"content\":\"\n\n<p>In Bayern geh\\u00f6ren der Einsatz f\\u00fcr die Gemeinschaft und die Verantwortung f\\u00fcr sich und die anderen zur Lebensphilosophie. Fast jeder Zweite in Bayern ist ehrenamtlich aktiv und engagiert sich in der Vereinsarbeit. Wo kr\\u00e4ftig angepackt wird, darf das Feiern nicht zu kurz kommen. Feuerwehr-, Sch\\u00fctzen-, Burschenvereins- und Sportfeste, Trachtenumz\\u00fcge, wohlt\\u00e4tige Veranstaltungen, Pfarrfeiern und unz\\u00e4hlige andere Feierlichkeiten sind wesentlicher Bestandteil unseres bayerischen Lebensgef\\u00fchls. Wer eine Feier organisiert, muss Vorschriften beachten. Der praxisorientierte Leitfaden mit den wichtigsten Themen, wie Vereinsfeiern gelingen und welche Vorschriften zu beachten sind, hilft bei der Durchf\\u00fchrung von Vereinsfeiern weiter.<\\\/p>\",\"margin\":\"default\"}},{\"type\":\"button\",\"props\":{\"grid_column_gap\":\"small\",\"grid_row_gap\":\"small\",\"margin\":\"default\"},\"children\":[{\"type\":\"button_item\",\"props\":{\"button_style\":\"secondary\",\"content\":\"Leitfaden Vereinsfeiern\",\"icon\":\"arrow-right\",\"icon_align\":\"left\",\"link\":\"wp-content\\\/uploads\\\/sites\\\/3\\\/2024\\\/01\\\/Leitfaden-fuer-Vereinsfeiern-2024.pdf\",\"link_target\":\"blank\"}}]}]}]}]}],\"version\":\"4.2.12\"} --><\/p>\n","protected":false},"excerpt":{"rendered":"<p>Leitfaden Vereinsfeiern In Bayern geh\u00f6ren der Einsatz f\u00fcr die Gemeinschaft und die Verantwortung f\u00fcr sich und die anderen zur Lebensphilosophie. Fast jeder Zweite in Bayern ist ehrenamtlich aktiv und engagiert sich in der Vereinsarbeit. Wo kr\u00e4ftig angepackt wird, darf das Feiern nicht zu kurz kommen. Feuerwehr-, Sch\u00fctzen-, Burschenvereins- und Sportfeste, Trachtenumz\u00fcge, wohlt\u00e4tige Veranstaltungen, Pfarrfeiern und [&hellip;]<\/p>\n","protected":false},"author":1,"featured_media":0,"parent":698,"menu_order":0,"comment_status":"closed","ping_status":"closed","template":"","meta":{"footnotes":""},"class_list":["post-997","page","type-page","status-publish","hentry"],"publishpress_future_action":{"enabled":false,"date":"2026-04-17 12:42:53","action":"change-status","newStatus":"draft","terms":[],"taxonomy":"","extraData":[]},"publishpress_future_workflow_manual_trigger":{"enabledWorkflows":[]},"_links":{"self":[{"href":"https:\/\/vg-mauern.de\/wang\/wp-json\/wp\/v2\/pages\/997","targetHints":{"allow":["GET"]}}],"collection":[{"href":"https:\/\/vg-mauern.de\/wang\/wp-json\/wp\/v2\/pages"}],"about":[{"href":"https:\/\/vg-mauern.de\/wang\/wp-json\/wp\/v2\/types\/page"}],"author":[{"embeddable":true,"href":"https:\/\/vg-mauern.de\/wang\/wp-json\/wp\/v2\/users\/1"}],"replies":[{"embeddable":true,"href":"https:\/\/vg-mauern.de\/wang\/wp-json\/wp\/v2\/comments?post=997"}],"version-history":[{"count":3,"href":"https:\/\/vg-mauern.de\/wang\/wp-json\/wp\/v2\/pages\/997\/revisions"}],"predecessor-version":[{"id":2502,"href":"https:\/\/vg-mauern.de\/wang\/wp-json\/wp\/v2\/pages\/997\/revisions\/2502"}],"up":[{"embeddable":true,"href":"https:\/\/vg-mauern.de\/wang\/wp-json\/wp\/v2\/pages\/698"}],"wp:attachment":[{"href":"https:\/\/vg-mauern.de\/wang\/wp-json\/wp\/v2\/media?parent=997"}],"curies":[{"name":"wp","href":"https:\/\/api.w.org\/{rel}","templated":true}]}}